{"id":975,"date":"2025-01-17T12:20:50","date_gmt":"2025-01-17T12:20:50","guid":{"rendered":"https:\/\/www.bluelakechem.com\/?post_type=product&#038;p=975"},"modified":"2025-01-17T12:20:52","modified_gmt":"2025-01-17T12:20:52","slug":"scouring-agent-in-textile","status":"publish","type":"product","link":"https:\/\/www.bluelakechem.com\/tr\/product\/scouring-agent-in-textile\/","title":{"rendered":"Tekstilde Pamuk \u00d6n \u0130\u015flemi i\u00e7in D\u00fc\u015f\u00fck K\u00f6p\u00fckl\u00fc Ovma Maddesi"},"content":{"rendered":"<div class=\"wp-block-columns is-layout-flex wp-container-core-columns-is-layout-9d6595d7 wp-block-columns-is-layout-flex\">\n<div class=\"wp-block-column is-layout-flow wp-block-column-is-layout-flow\" style=\"flex-basis:50%\">\n<h2 class=\"wp-block-heading\">Tekstilde Ovma Maddesinin \u00d6zellikleri:<\/h2>\n\n\n\n<p><strong>Y\u00fcksek y\u0131kama verimlili\u011fi: <\/strong>Bu ovma maddesi m\u00fckemmel temizleme performans\u0131na sahiptir ve pamuklu kuma\u015flardan ve pamuk kar\u0131\u015f\u0131mlar\u0131ndan kirleri ve vakslar\u0131 etkili bir \u015fekilde \u00e7\u0131karmak ve bunlar\u0131 sonraki i\u015flemlere haz\u0131rlamak i\u00e7in sadece az miktarda tekstile ihtiya\u00e7 vard\u0131r.<\/p>\n\n\n\n<p><strong>Geli\u015ftirilmi\u015f k\u0131lcal damar etkisi: <\/strong>K\u0131lcal etki testinde, k\u00fc\u00e7\u00fck bir dozajla 15 cm'den fazla bir y\u00fcksekli\u011fe ula\u015farak, boyama ve terbiye i\u00e7in gerekli olan m\u00fckemmel nem emilimini ve da\u011f\u0131l\u0131m\u0131n\u0131 sa\u011flar.<\/p>\n\n\n\n<p><strong>D\u00fc\u015f\u00fck k\u00f6p\u00fcrme \u00f6zelli\u011fi: <\/strong>K\u00f6p\u00fckle ilgili sorunlar\u0131 azalt\u0131r ve y\u0131kama s\u0131ras\u0131nda \u00e7al\u0131\u015fma verimlili\u011fini art\u0131r\u0131r.<\/p>\n\n\n\n<p><strong>Pamuk ve pamuk kar\u0131\u015f\u0131mlar\u0131 i\u00e7in uygundur: <\/strong>100% pamuklu kuma\u015flar\u0131n ve pamuk-polyester kar\u0131\u015f\u0131mlar\u0131n\u0131n y\u0131kama i\u015flemini geli\u015ftirmek i\u00e7in \u00f6zel olarak form\u00fcle edilmi\u015ftir ve tekstil \u00f6n i\u015flemlerinde \u00e7ok y\u00f6nl\u00fcl\u00fck sa\u011flar.<\/p>\n\n\n\n<p><strong>Beyazl\u0131\u011f\u0131 ve emilimi art\u0131r\u0131r:<\/strong> Pamuk beyazl\u0131\u011f\u0131n\u0131 iyile\u015ftirir ve kuma\u015f emilimini art\u0131rarak canl\u0131 ve e\u015fit boyama sonu\u00e7lar\u0131 elde edilmesine yard\u0131mc\u0131 olur<\/p>\n\n\n\n<p><strong>\u00c7evre dostu:<\/strong> Y\u0131kama i\u015flemini basitle\u015ftirerek su ve enerji t\u00fcketimini azaltan, s\u00fcrd\u00fcr\u00fclebilirlik g\u00f6z \u00f6n\u00fcnde bulundurularak tasarlanm\u0131\u015ft\u0131r.<\/p>\n<\/div>\n\n\n\n<div class=\"wp-block-column is-layout-flow wp-block-column-is-layout-flow\" style=\"flex-basis:50%\">\n<figure class=\"wp-block-embed is-type-video is-provider-youtube wp-block-embed-youtube wp-embed-aspect-16-9 wp-has-aspect-ratio\"><div class=\"wp-block-embed__wrapper\">\n<iframe title=\"Tekstil Kimyasallar\u0131 Ovma Maddesi, M\u00fckemmel Islatma Performans\u0131 ve Temizleme Etkisi#pretreatment\" width=\"500\" height=\"281\" src=\"https:\/\/www.youtube.com\/embed\/_gubMDDS-WQ?feature=oembed\" frameborder=\"0\" allow=\"accelerometer; autoplay; clipboard-write; encrypted-media; gyroscope; picture-in-picture; web-share\" referrerpolicy=\"strict-origin-when-cross-origin\" allowfullscreen><\/iframe>\n<\/div><\/figure>\n<\/div>\n<\/div>\n\n\n\n<div class=\"wp-block-columns is-layout-flex wp-container-core-columns-is-layout-9d6595d7 wp-block-columns-is-layout-flex\">\n<div class=\"wp-block-column is-layout-flow wp-block-column-is-layout-flow\">\n<figure class=\"wp-block-image size-full\"><img decoding=\"async\" width=\"1200\" height=\"900\" src=\"https:\/\/www.bluelakechem.com\/wp-content\/uploads\/2025\/01\/Cotton-Scouring-Agent-in-Textile.webp\" alt=\"Tekstilde Pamuk Ovma Maddesi\" class=\"wp-image-1399\" srcset=\"https:\/\/www.bluelakechem.com\/wp-content\/uploads\/2025\/01\/Cotton-Scouring-Agent-in-Textile.webp 1200w, https:\/\/www.bluelakechem.com\/wp-content\/uploads\/2025\/01\/Cotton-Scouring-Agent-in-Textile-300x225.webp 300w, https:\/\/www.bluelakechem.com\/wp-content\/uploads\/2025\/01\/Cotton-Scouring-Agent-in-Textile-768x576.webp 768w, https:\/\/www.bluelakechem.com\/wp-content\/uploads\/2025\/01\/Cotton-Scouring-Agent-in-Textile-16x12.webp 16w, https:\/\/www.bluelakechem.com\/wp-content\/uploads\/2025\/01\/Cotton-Scouring-Agent-in-Textile-600x450.webp 600w\" sizes=\"(max-width: 1200px) 100vw, 1200px\" \/><\/figure>\n<\/div>\n\n\n\n<div class=\"wp-block-column is-vertically-aligned-center is-layout-flow wp-block-column-is-layout-flow\">\n<h2 class=\"wp-block-heading\">Tekstil Uygulamalar\u0131nda Ovma Maddesi:<\/h2>\n\n\n\n<p><strong>Pamuklu Kuma\u015f\u0131n \u00d6n \u0130\u015flemi:<\/strong> Ya\u011flar, mumlar ve do\u011fal kal\u0131nt\u0131lar gibi kirleri gidermek i\u00e7in ovma a\u015famas\u0131nda kullan\u0131l\u0131r.<\/p>\n\n\n\n<p><strong>Tekstil End\u00fcstrisi: <\/strong>Y\u0131kama ve boyama haz\u0131rl\u0131\u011f\u0131 dahil olmak \u00fczere \u00e7e\u015fitli tekstil i\u015flemlerinde uygulan\u0131r.<\/p>\n\n\n\n<p><strong>Boyama Sonu\u00e7lar\u0131n\u0131n \u0130yile\u015ftirilmesi: <\/strong>Boyan\u0131n daha iyi emilmesini sa\u011flayarak kuma\u015flarda daha canl\u0131 ve e\u015fit renkler elde edilmesine yard\u0131mc\u0131 olur.<\/p>\n\n\n\n<p><strong>Tekstil Y\u00fczeylerinin Temizlenmesi:<\/strong> \u0130leri i\u015flemlerden \u00f6nce kuma\u015f y\u00fczeylerinin kirletici maddelerden ar\u0131nd\u0131r\u0131lmas\u0131n\u0131 sa\u011flar.<\/p>\n\n\n\n<p><strong>Tekstil Kar\u0131\u015f\u0131mlar\u0131 \u0130\u015fleme: <\/strong>Tekstilde pamuk kar\u0131\u015f\u0131mlar\u0131 ile kullan\u0131ma uygun, zarar vermeden ovma sonu\u00e7lar\u0131n\u0131 art\u0131ran ovma maddesi.<\/p>\n\n\n\n<p><strong>\u00d6zel uygulamalar:<\/strong> Tekstilde kullan\u0131lan ovma maddeleri pamuklu ti\u015f\u00f6rtler, kotlar, nevresimler, spor giysiler, i\u015f giysileri ve bebek giysilerindeki yabanc\u0131 maddeleri gidererek yumu\u015fakl\u0131k, temizlik ve renklerini art\u0131r\u0131r ve daha sonraki i\u015flemler i\u00e7in haz\u0131r hale getirir.<\/p>\n<\/div>\n<\/div>\n\n\n\n<p><\/p>","protected":false},"excerpt":{"rendered":"<p>Tekstilde kullan\u0131lan bu y\u00fcksek verimli ovma maddesi pamuklu kuma\u015flar i\u00e7in m\u00fckemmeldir. K\u00fc\u00e7\u00fck bir dozaj, k\u0131lcal etki testinde 15 cm'nin \u00fczerinde sonu\u00e7 elde ederek pamuk ve pamuk kar\u0131\u015f\u0131mlar\u0131 i\u00e7in ovma i\u015flemini iyile\u015ftirebilir. Temizleme verimlili\u011fini art\u0131r\u0131r ve tekstil \u00f6n i\u015flem performans\u0131n\u0131 geli\u015ftirir.<\/p>\n<p><strong>Model No.<\/strong>11050<\/p>","protected":false},"featured_media":1443,"comment_status":"closed","ping_status":"closed","template":"","meta":{"_acf_changed":false},"material":[26],"process":[17,19],"product_brand":[],"product_cat":[15],"product_tag":[],"class_list":{"0":"post-975","1":"product","2":"type-product","3":"status-publish","4":"has-post-thumbnail","6":"material-cotton-agent","7":"process-pretreatment-auxiliaries","8":"process-scouring-agent","9":"product_cat-uncategorized","11":"first","12":"instock","13":"shipping-taxable","14":"product-type-simple"},"acf":[],"_links":{"self":[{"href":"https:\/\/www.bluelakechem.com\/tr\/wp-json\/wp\/v2\/product\/975","targetHints":{"allow":["GET"]}}],"collection":[{"href":"https:\/\/www.bluelakechem.com\/tr\/wp-json\/wp\/v2\/product"}],"about":[{"href":"https:\/\/www.bluelakechem.com\/tr\/wp-json\/wp\/v2\/types\/product"}],"replies":[{"embeddable":true,"href":"https:\/\/www.bluelakechem.com\/tr\/wp-json\/wp\/v2\/comments?post=975"}],"wp:featuredmedia":[{"embeddable":true,"href":"https:\/\/www.bluelakechem.com\/tr\/wp-json\/wp\/v2\/media\/1443"}],"wp:attachment":[{"href":"https:\/\/www.bluelakechem.com\/tr\/wp-json\/wp\/v2\/media?parent=975"}],"wp:term":[{"taxonomy":"material","embeddable":true,"href":"https:\/\/www.bluelakechem.com\/tr\/wp-json\/wp\/v2\/material?post=975"},{"taxonomy":"process","embeddable":true,"href":"https:\/\/www.bluelakechem.com\/tr\/wp-json\/wp\/v2\/process?post=975"},{"taxonomy":"product_brand","embeddable":true,"href":"https:\/\/www.bluelakechem.com\/tr\/wp-json\/wp\/v2\/product_brand?post=975"},{"taxonomy":"product_cat","embeddable":true,"href":"https:\/\/www.bluelakechem.com\/tr\/wp-json\/wp\/v2\/product_cat?post=975"},{"taxonomy":"product_tag","embeddable":true,"href":"https:\/\/www.bluelakechem.com\/tr\/wp-json\/wp\/v2\/product_tag?post=975"}],"curies":[{"name":"wp","href":"https:\/\/api.w.org\/{rel}","templated":true}]}}