{"id":981,"date":"2024-12-17T08:48:38","date_gmt":"2024-12-17T08:48:38","guid":{"rendered":"https:\/\/www.bluelakechem.com\/?post_type=product&#038;p=981"},"modified":"2025-01-17T12:47:10","modified_gmt":"2025-01-17T12:47:10","slug":"degreasing-agents","status":"publish","type":"product","link":"https:\/\/www.bluelakechem.com\/tr\/product\/degreasing-agents\/","title":{"rendered":"Ya\u011f Alma Maddeleri Naylon-Polyester, Spandex \u00d6n \u0130\u015flemleri i\u00e7in Kuma\u015f Kimyasallar\u0131"},"content":{"rendered":"<div class=\"wp-block-columns is-layout-flex wp-container-core-columns-is-layout-9d6595d7 wp-block-columns-is-layout-flex\">\n<div class=\"wp-block-column is-layout-flow wp-block-column-is-layout-flow\" style=\"flex-basis:50%\">\n<h2 class=\"wp-block-heading\">Ya\u011f Alma Maddeleri \u00d6zellikler:<\/h2>\n\n\n\n<p><strong>Naylon ve kar\u0131\u015f\u0131mlar\u0131 \u00fczerinde etkilidir: <\/strong>Naylon, naylon\/spandeks ve polyester\/spandeks kuma\u015flar\u0131n ya\u011fdan ar\u0131nd\u0131r\u0131lmas\u0131 i\u00e7in form\u00fcle edilmi\u015ftir, temiz ve sonraki i\u015flemlere haz\u0131r olmalar\u0131n\u0131 sa\u011flar.<\/p>\n\n\n\n<p><strong>Etkili Ya\u011f Giderme: <\/strong>Naylon ve kar\u0131\u015f\u0131ml\u0131 kuma\u015flardaki ya\u011f ve di\u011fer kirleticileri gidererek malzemenin temiz ve boyama, bask\u0131 veya terbiye i\u00e7in haz\u0131r olmas\u0131n\u0131 sa\u011flar.<\/p>\n\n\n\n<p><strong>Kuma\u015f Kalitesini Art\u0131r\u0131r:<\/strong> Lifleri derinlemesine temizleyerek kuma\u015f dokusunu ve boyanabilirli\u011fini geli\u015ftirir, sonraki i\u015flemlerde daha p\u00fcr\u00fczs\u00fcz, daha e\u015fit sonu\u00e7lar elde edilmesini sa\u011flar.<\/p>\n\n\n\n<p><strong>Boya Al\u0131m\u0131n\u0131 \u0130yile\u015ftirir: <\/strong>Boya emilimini engelleyebilecek kirleri gidererek naylon ve kar\u0131\u015f\u0131ml\u0131 kuma\u015flar\u0131 boyamaya haz\u0131rlar, e\u015fit, canl\u0131 renklenme sa\u011flar.<\/p>\n\n\n\n<h2 class=\"wp-block-heading\">Ya\u011f \u00c7\u00f6z\u00fcc\u00fc Ajanlar Uygulamalar:<\/h2>\n\n\n\n<p><strong>Naylon ve Naylon Kar\u0131\u015f\u0131mlar\u0131:<\/strong> Ya\u011f giderici maddeler, naylon elyaflar\u0131n ve naylon\/spandeks kar\u0131\u015f\u0131mlar\u0131n\u0131n \u00f6n i\u015flemi i\u00e7in vazge\u00e7ilmez temizlik maddeleridir.<br><br><strong>Polyester\/spandeks i\u015fleme: <\/strong>\u00d6zellikle polyester\/spandeks kar\u0131\u015f\u0131ml\u0131 spor giysiler ve fonksiyonel giysiler gibi performans kuma\u015flar\u0131n\u0131n \u00f6n terbiyesi i\u00e7in uygundur.<br><br><strong>Boyama ve terbiye i\u015flemleri: <\/strong>Temiz kuma\u015flar sa\u011flamak ve boyama kalitesini ve homojenli\u011fini art\u0131rmak i\u00e7in e\u015fzamanl\u0131 ya\u011f giderme ve boyamay\u0131 destekler.<br><br><strong>End\u00fcstriyel \u00fcretim uygulamalar\u0131:<\/strong> Haz\u0131r giyim, ev tekstili ve \u00fcst d\u00fczey fonksiyonel tekstil i\u015flemede yayg\u0131n olarak kullan\u0131l\u0131r, b\u00fcy\u00fck \u00f6l\u00e7ekli \u00fcretim ihtiya\u00e7lar\u0131 i\u00e7in uygundur.<\/p>\n<\/div>\n\n\n\n<div class=\"wp-block-column is-layout-flow wp-block-column-is-layout-flow\" style=\"flex-basis:50%\">\n<figure class=\"wp-block-image size-full\"><img decoding=\"async\" width=\"800\" height=\"800\" src=\"https:\/\/www.bluelakechem.com\/wp-content\/uploads\/2024\/12\/Degreasing-Agents-1.webp\" alt=\"Ya\u011f Alma Maddeleri\" class=\"wp-image-1457\" srcset=\"https:\/\/www.bluelakechem.com\/wp-content\/uploads\/2024\/12\/Degreasing-Agents-1.webp 800w, https:\/\/www.bluelakechem.com\/wp-content\/uploads\/2024\/12\/Degreasing-Agents-1-300x300.webp 300w, https:\/\/www.bluelakechem.com\/wp-content\/uploads\/2024\/12\/Degreasing-Agents-1-150x150.webp 150w, https:\/\/www.bluelakechem.com\/wp-content\/uploads\/2024\/12\/Degreasing-Agents-1-768x768.webp 768w, https:\/\/www.bluelakechem.com\/wp-content\/uploads\/2024\/12\/Degreasing-Agents-1-12x12.webp 12w, https:\/\/www.bluelakechem.com\/wp-content\/uploads\/2024\/12\/Degreasing-Agents-1-600x600.webp 600w, https:\/\/www.bluelakechem.com\/wp-content\/uploads\/2024\/12\/Degreasing-Agents-1-100x100.webp 100w\" sizes=\"(max-width: 800px) 100vw, 800px\" \/><\/figure>\n<\/div>\n<\/div>\n\n\n\n<div class=\"wp-block-columns is-layout-flex wp-container-core-columns-is-layout-9d6595d7 wp-block-columns-is-layout-flex\">\n<div class=\"wp-block-column is-vertically-aligned-center is-layout-flow wp-block-column-is-layout-flow\"><\/div>\n<\/div>\n\n\n\n<p><\/p>","protected":false},"excerpt":{"rendered":"<p>Ya\u011f alma maddeleri naylon, naylon\/spandeks ve polyester\/spandeks kuma\u015flar i\u00e7in tasarlanm\u0131\u015ft\u0131r ve \u00e7e\u015fitli naylon kar\u0131\u015f\u0131mlar\u0131 i\u00e7in ola\u011fan\u00fcst\u00fc ya\u011f giderme sa\u011flar. Bu maddeler, kapsaml\u0131 bir ya\u011f giderme i\u015flemi sa\u011flayarak kuma\u015f temizli\u011fini art\u0131r\u0131r ve boyama performans\u0131n\u0131 iyile\u015ftirir.<\/p>\n<p><strong>Model No.<\/strong>10072<\/p>","protected":false},"featured_media":1457,"comment_status":"closed","ping_status":"closed","template":"","meta":{"_acf_changed":false},"material":[27,28,34],"process":[17,35],"product_brand":[],"product_cat":[15],"product_tag":[],"class_list":{"0":"post-981","1":"product","2":"type-product","3":"status-publish","4":"has-post-thumbnail","6":"material-polyester-chemicals","7":"material-nylon-agent","8":"material-fabric-chemicals","9":"process-pretreatment-auxiliaries","10":"process-degreasing-agent","11":"product_cat-uncategorized","13":"first","14":"instock","15":"shipping-taxable","16":"product-type-simple"},"acf":[],"_links":{"self":[{"href":"https:\/\/www.bluelakechem.com\/tr\/wp-json\/wp\/v2\/product\/981","targetHints":{"allow":["GET"]}}],"collection":[{"href":"https:\/\/www.bluelakechem.com\/tr\/wp-json\/wp\/v2\/product"}],"about":[{"href":"https:\/\/www.bluelakechem.com\/tr\/wp-json\/wp\/v2\/types\/product"}],"replies":[{"embeddable":true,"href":"https:\/\/www.bluelakechem.com\/tr\/wp-json\/wp\/v2\/comments?post=981"}],"wp:featuredmedia":[{"embeddable":true,"href":"https:\/\/www.bluelakechem.com\/tr\/wp-json\/wp\/v2\/media\/1457"}],"wp:attachment":[{"href":"https:\/\/www.bluelakechem.com\/tr\/wp-json\/wp\/v2\/media?parent=981"}],"wp:term":[{"taxonomy":"material","embeddable":true,"href":"https:\/\/www.bluelakechem.com\/tr\/wp-json\/wp\/v2\/material?post=981"},{"taxonomy":"process","embeddable":true,"href":"https:\/\/www.bluelakechem.com\/tr\/wp-json\/wp\/v2\/process?post=981"},{"taxonomy":"product_brand","embeddable":true,"href":"https:\/\/www.bluelakechem.com\/tr\/wp-json\/wp\/v2\/product_brand?post=981"},{"taxonomy":"product_cat","embeddable":true,"href":"https:\/\/www.bluelakechem.com\/tr\/wp-json\/wp\/v2\/product_cat?post=981"},{"taxonomy":"product_tag","embeddable":true,"href":"https:\/\/www.bluelakechem.com\/tr\/wp-json\/wp\/v2\/product_tag?post=981"}],"curies":[{"name":"wp","href":"https:\/\/api.w.org\/{rel}","templated":true}]}}