{"id":983,"date":"2024-12-17T08:47:34","date_gmt":"2024-12-17T08:47:34","guid":{"rendered":"https:\/\/www.bluelakechem.com\/?post_type=product&#038;p=983"},"modified":"2025-06-17T08:25:58","modified_gmt":"2025-06-17T08:25:58","slug":"sequestering-agents","status":"publish","type":"product","link":"https:\/\/www.bluelakechem.com\/tr\/product\/sequestering-agents\/","title":{"rendered":"Pamuk, T\u00fcm Kuma\u015flar i\u00e7in Fosfor \u0130\u00e7ermeyen Boyama Yard\u0131mc\u0131lar\u0131"},"content":{"rendered":"<div class=\"wp-block-columns is-layout-flex wp-container-core-columns-is-layout-9d6595d7 wp-block-columns-is-layout-flex\">\n<div class=\"wp-block-column is-layout-flow wp-block-column-is-layout-flow\" style=\"flex-basis:50%\">\n<h2 class=\"wp-block-heading\">Tutucu Ajanlar \u00d6zellikler:<\/h2>\n\n\n\n<p><strong>Metal iyonlar\u0131n\u0131 etkili bir \u015fekilde \u015felatlar:<\/strong> Y\u0131kama, a\u011fartma, boyama ve bask\u0131 gibi tekstil i\u015flemlerine m\u00fcdahale etmelerini \u00f6nlemek i\u00e7in \u00e7e\u015fitli yayg\u0131n metal iyonlar\u0131n\u0131 (kalsiyum, magnezyum, demir ve bak\u0131r gibi) etkili bir \u015fekilde \u015felatlar.<\/p>\n\n\n\n<p><strong>Boyalar \u00fczerinde dispersiyon etkisi:<\/strong> Daha iyi boya da\u011f\u0131l\u0131m\u0131 sa\u011flamak ve d\u00fczensiz renklendirme veya \u00e7izgilenme gibi sorunlar\u0131 azaltmak i\u00e7in boyalar i\u00e7in bir da\u011f\u0131t\u0131c\u0131 g\u00f6revi g\u00f6r\u00fcr.<\/p>\n\n\n\n<p><strong>\u00c7evre dostu ve biyolojik olarak par\u00e7alanabilir: <\/strong>\u015eelatlama maddeleri \u00e7evre dostu ve biyolojik olarak par\u00e7alanabilir, s\u00fcrd\u00fcr\u00fclebilir tekstil \u00fcretim s\u00fcre\u00e7leri i\u00e7in uygundur ve \u00e7evre standartlar\u0131n\u0131 kar\u015f\u0131lar.<\/p>\n\n\n\n<p><strong>Boya emilimini ve renk hasl\u0131\u011f\u0131n\u0131 art\u0131r\u0131r: <\/strong>Metal iyonlar\u0131n\u0131n boyalarla reaksiyona girmesini \u00f6nleyerek, boya emilimini art\u0131rabilir, daha d\u00fczg\u00fcn ve canl\u0131 renkler sa\u011flayabilir ve renk hasl\u0131\u011f\u0131n\u0131 art\u0131rabilir.<\/p>\n\n\n\n<p><strong>Geni\u015f kullan\u0131m alan\u0131:<\/strong> Pamuk, polyester, kar\u0131\u015f\u0131mlar, ipek, y\u00fcn vb. dahil olmak \u00fczere \u00e7e\u015fitli kuma\u015flar i\u00e7in uygundur.<\/p>\n\n\n\n<h2 class=\"wp-block-heading\">Ar\u0131nd\u0131r\u0131c\u0131 Ajan Uygulamalar\u0131:<\/h2>\n\n\n\n<p><strong>Boyama ve Bask\u0131 \u0130\u015flemleri:<\/strong> Metal iyonlar\u0131n\u0131n boya emilimini engellemesini \u00f6nler, \u00f6zellikle pamuklu ve polyester kuma\u015flarda tek tip ve canl\u0131 renkler sa\u011flar.<\/p>\n\n\n\n<p><strong>Y\u0131kama ve A\u011fartma:<\/strong> Sequestering ajanlar\u0131 sudaki metal iyonlar\u0131n\u0131 izole ederek y\u0131kama ve a\u011fartma i\u015flemlerinin su sertli\u011fi nedeniyle engellenmemesini sa\u011flar ve daha temiz, daha parlak kuma\u015flar elde edilir.<\/p>\n\n\n\n<p><strong>Tekstil Terbiyesi:<\/strong> \u0130stenmeyen metal iyonu etkile\u015fimlerini \u00f6nleyerek yumu\u015fat\u0131c\u0131lar, su iticiler veya k\u0131r\u0131\u015f\u0131kl\u0131k \u00f6nleyici maddeler gibi son kat i\u015flemlerinin daha etkili olmas\u0131n\u0131 sa\u011flayarak son kat i\u015flemlerinin performans\u0131n\u0131 art\u0131r\u0131r.<\/p>\n\n\n\n<p><strong>Sabunlama \u0130\u015flemleri: <\/strong>Sabun deterjanlar\u0131yla etkile\u015fime giren metal iyonlar\u0131n\u0131 tutmaya yard\u0131mc\u0131 olarak kuma\u015flar\u0131n genel temizli\u011fini ve kalitesini art\u0131r\u0131r.<\/p>\n\n\n\n<p><strong>Su Kalitesi Y\u00f6netimi:<\/strong> Metal iyonlar\u0131n\u0131n tekstil i\u015fleme \u00fczerindeki olumsuz etkilerini azaltt\u0131\u011f\u0131 ve \u00fcretim sorunlar\u0131n\u0131 azaltt\u0131\u011f\u0131 i\u00e7in sert su alanlar\u0131nda kullan\u0131m i\u00e7in idealdir.<\/p>\n\n\n\n<p><strong>S\u00fcrd\u00fcr\u00fclebilir Tekstil \u00dcretimi:<\/strong> Fosfat i\u00e7ermeyen Sequestering ajanlar\u0131, fosfat bazl\u0131 i\u015flemlere olan ihtiyac\u0131 azaltmaya yard\u0131mc\u0131 olur, \u00e7evresel ve d\u00fczenleyici standartlar\u0131 kar\u015f\u0131lar ve s\u00fcrd\u00fcr\u00fclebilir uygulamalara odaklanan \u00fcreticiler i\u00e7in uygundur<\/p>\n<\/div>\n\n\n\n<div class=\"wp-block-column is-layout-flow wp-block-column-is-layout-flow\" style=\"flex-basis:50%\">\n<figure class=\"wp-block-image size-full\"><img decoding=\"async\" width=\"1363\" height=\"1701\" src=\"https:\/\/www.bluelakechem.com\/wp-content\/uploads\/2024\/12\/Sequestering-Agents-Phosphorus-free-Dyeing-Auxiliaries-11035.webp\" alt=\"Tutucu Maddeler Fosfor i\u00e7ermeyen Boyama Yard\u0131mc\u0131lar\u0131\" class=\"wp-image-2416\" srcset=\"https:\/\/www.bluelakechem.com\/wp-content\/uploads\/2024\/12\/Sequestering-Agents-Phosphorus-free-Dyeing-Auxiliaries-11035.webp 1363w, https:\/\/www.bluelakechem.com\/wp-content\/uploads\/2024\/12\/Sequestering-Agents-Phosphorus-free-Dyeing-Auxiliaries-11035-240x300.webp 240w, https:\/\/www.bluelakechem.com\/wp-content\/uploads\/2024\/12\/Sequestering-Agents-Phosphorus-free-Dyeing-Auxiliaries-11035-768x958.webp 768w, https:\/\/www.bluelakechem.com\/wp-content\/uploads\/2024\/12\/Sequestering-Agents-Phosphorus-free-Dyeing-Auxiliaries-11035-10x12.webp 10w, https:\/\/www.bluelakechem.com\/wp-content\/uploads\/2024\/12\/Sequestering-Agents-Phosphorus-free-Dyeing-Auxiliaries-11035-1200x1498.webp 1200w, https:\/\/www.bluelakechem.com\/wp-content\/uploads\/2024\/12\/Sequestering-Agents-Phosphorus-free-Dyeing-Auxiliaries-11035-600x749.webp 600w\" sizes=\"(max-width: 1363px) 100vw, 1363px\" \/><\/figure>\n<\/div>\n<\/div>\n\n\n\n<div class=\"wp-block-columns is-layout-flex wp-container-core-columns-is-layout-9d6595d7 wp-block-columns-is-layout-flex\">\n<div class=\"wp-block-column is-vertically-aligned-center is-layout-flow wp-block-column-is-layout-flow\"><\/div>\n<\/div>\n\n\n\n<p><\/p>","protected":false},"excerpt":{"rendered":"<p>Fosfat i\u00e7ermeyen tutucu maddeler yayg\u0131n metal iyonlar\u0131n\u0131 etkili bir \u015fekilde \u015felatlayarak ovma, a\u011fartma, boyama, bask\u0131, sabunlama ve terbiye i\u015flemlerinde su kalitesi \u00fczerindeki etkileri azalt\u0131r. Boya da\u011f\u0131l\u0131m\u0131n\u0131 geli\u015ftirir, homojen renklendirme sa\u011flar ve \u00e7evre dostudur, biyolojik olarak par\u00e7alanabilir ve fosfat k\u0131s\u0131tlamalar\u0131 olan alanlar i\u00e7in idealdir.<\/p>\n<p><strong>Model No.<\/strong>11035<\/p>","protected":false},"featured_media":1458,"comment_status":"closed","ping_status":"closed","template":"","meta":{"_acf_changed":false},"material":[26,27,28,29,30,31,32,33,34],"process":[20,21],"product_brand":[],"product_cat":[15],"product_tag":[],"class_list":{"0":"post-983","1":"product","2":"type-product","3":"status-publish","4":"has-post-thumbnail","6":"material-cotton-agent","7":"material-polyester-chemicals","8":"material-nylon-agent","9":"material-acrylic-chemicals","10":"material-viscose-chemicals","11":"material-wool-auxiliary","12":"material-linen-chemicals","13":"material-silk-chemicals","14":"material-fabric-chemicals","15":"process-dyeing-auxiliaries","16":"process-sequestering-agent","17":"product_cat-uncategorized","19":"first","20":"instock","21":"shipping-taxable","22":"product-type-simple"},"acf":[],"_links":{"self":[{"href":"https:\/\/www.bluelakechem.com\/tr\/wp-json\/wp\/v2\/product\/983","targetHints":{"allow":["GET"]}}],"collection":[{"href":"https:\/\/www.bluelakechem.com\/tr\/wp-json\/wp\/v2\/product"}],"about":[{"href":"https:\/\/www.bluelakechem.com\/tr\/wp-json\/wp\/v2\/types\/product"}],"replies":[{"embeddable":true,"href":"https:\/\/www.bluelakechem.com\/tr\/wp-json\/wp\/v2\/comments?post=983"}],"wp:featuredmedia":[{"embeddable":true,"href":"https:\/\/www.bluelakechem.com\/tr\/wp-json\/wp\/v2\/media\/1458"}],"wp:attachment":[{"href":"https:\/\/www.bluelakechem.com\/tr\/wp-json\/wp\/v2\/media?parent=983"}],"wp:term":[{"taxonomy":"material","embeddable":true,"href":"https:\/\/www.bluelakechem.com\/tr\/wp-json\/wp\/v2\/material?post=983"},{"taxonomy":"process","embeddable":true,"href":"https:\/\/www.bluelakechem.com\/tr\/wp-json\/wp\/v2\/process?post=983"},{"taxonomy":"product_brand","embeddable":true,"href":"https:\/\/www.bluelakechem.com\/tr\/wp-json\/wp\/v2\/product_brand?post=983"},{"taxonomy":"product_cat","embeddable":true,"href":"https:\/\/www.bluelakechem.com\/tr\/wp-json\/wp\/v2\/product_cat?post=983"},{"taxonomy":"product_tag","embeddable":true,"href":"https:\/\/www.bluelakechem.com\/tr\/wp-json\/wp\/v2\/product_tag?post=983"}],"curies":[{"name":"wp","href":"https:\/\/api.w.org\/{rel}","templated":true}]}}