{"id":985,"date":"2024-12-17T08:41:03","date_gmt":"2024-12-17T08:41:03","guid":{"rendered":"https:\/\/www.bluelakechem.com\/?post_type=product&#038;p=985"},"modified":"2024-12-24T02:51:19","modified_gmt":"2024-12-24T02:51:19","slug":"leveling-agent-dyeing","status":"publish","type":"product","link":"https:\/\/www.bluelakechem.com\/tr\/product\/leveling-agent-dyeing\/","title":{"rendered":"Pamuk i\u00e7in Dispersiyon Etkili Tesviye Maddesi Boyama Tozu"},"content":{"rendered":"<div class=\"wp-block-columns is-layout-flex wp-container-core-columns-is-layout-9d6595d7 wp-block-columns-is-layout-flex\">\n<div class=\"wp-block-column is-layout-flow wp-block-column-is-layout-flow\" style=\"flex-basis:50%\">\n<h2 class=\"wp-block-heading\">Tesviye Maddesi Boyama \u00d6zellikleri:<\/h2>\n\n\n\n<p><strong>Etkili Boya Da\u011f\u0131labilirli\u011fi:<\/strong> Egalizat\u00f6r boyama, boyalar\u0131n \u00e7\u00f6z\u00fcn\u00fcrl\u00fc\u011f\u00fcn\u00fc ve da\u011f\u0131labilirli\u011fini art\u0131r\u0131r, b\u00f6ylece kuma\u015flara e\u015fit bir \u015fekilde uygulanmas\u0131na neden olur.<br><strong>Direkt ve Reaktif Boyalar i\u00e7in uygundur:<\/strong> Renk sabitli\u011fini sa\u011flamak i\u00e7in \u00e7e\u015fitli boya t\u00fcrleriyle, \u00f6zellikle direkt ve reaktif boyalarla \u00e7al\u0131\u015f\u0131r.<br><strong>Boyama D\u00fczg\u00fcnl\u00fc\u011f\u00fcn\u00fc Geli\u015ftirir:<\/strong> Herhangi bir spor veya renk de\u011fi\u015fikli\u011fi olmadan boyamada homojenlik sa\u011flar.<br><strong>Pamuk ve Kar\u0131\u015f\u0131mlar\u0131 i\u00e7in G\u00fcvenlidir: <\/strong>Dengeleyici Boyama Maddesi, boyama s\u0131ras\u0131nda kuma\u015f\u0131n b\u00fct\u00fcnl\u00fc\u011f\u00fcn\u00fc etkilemeden pamuk ve pamuk kar\u0131\u015f\u0131mlar\u0131n\u0131 korumak i\u00e7in tasarlanm\u0131\u015ft\u0131r.<br><strong>Boyama Kusurlar\u0131n\u0131 \u00d6nler:<\/strong> \u00c7izgiler, lekeler ve boyamada d\u00fczensizlik gibi yayg\u0131n sorunlar\u0131 azaltmaya yard\u0131mc\u0131 olur.<\/p>\n\n\n\n<h2 class=\"wp-block-heading\">Tesviye Maddesi Boyama Uygulamalar\u0131:<\/h2>\n\n\n\n<p><strong>Pamuklu Kuma\u015f Boyama: <\/strong>Bu, pamuklu kuma\u015flar\u0131 do\u011frudan veya reaktif boyalarla boyarken e\u015fit, y\u00fcksek kaliteli sonu\u00e7lar elde etmek i\u00e7in en iyi y\u00f6ntemdir.<br><strong>Kar\u0131\u015f\u0131ml\u0131 Kuma\u015flar:<\/strong> Pamu\u011fun di\u011fer elyaflarla kar\u0131\u015f\u0131mlar\u0131n\u0131n boyanmas\u0131 i\u00e7in \u00e7ok uygundur, farkl\u0131 malzemeler aras\u0131nda e\u015fit renk sa\u011flar.<br><strong>Tekstil End\u00fcstrisi: <\/strong>Renk tutarl\u0131l\u0131\u011f\u0131n\u0131n korunmas\u0131n\u0131n bir gereklilik oldu\u011fu giyim, ev tekstili ve kuma\u015flar\u0131n seri \u00fcretiminde uygulan\u0131r.<br><strong>Kuma\u015f Renk Ayar\u0131: <\/strong>Proses genellikle boyaman\u0131n son a\u015famalar\u0131nda ince renk ayar\u0131nda, her zaman homojenlik i\u00e7in kullan\u0131l\u0131r.<br><strong>\u00c7evre dostu boyama:<\/strong> \u0130yi renkler \u00fcretirken \u00e7evre dostu olmaya odaklanan s\u00fcrd\u00fcr\u00fclebilir boyama uygulamalar\u0131n\u0131 ifade eder.<\/p>\n<\/div>\n\n\n\n<div class=\"wp-block-column is-layout-flow wp-block-column-is-layout-flow\" style=\"flex-basis:50%\">\n<figure class=\"wp-block-image size-full\"><img decoding=\"async\" width=\"1000\" height=\"1000\" src=\"https:\/\/www.bluelakechem.com\/wp-content\/uploads\/2024\/12\/Leveling-Agent-Dyeing-Solution.webp\" alt=\"Tesviye Maddesi Boyama Sol\u00fcsyonu\" class=\"wp-image-986\" srcset=\"https:\/\/www.bluelakechem.com\/wp-content\/uploads\/2024\/12\/Leveling-Agent-Dyeing-Solution.webp 1000w, https:\/\/www.bluelakechem.com\/wp-content\/uploads\/2024\/12\/Leveling-Agent-Dyeing-Solution-300x300.webp 300w, https:\/\/www.bluelakechem.com\/wp-content\/uploads\/2024\/12\/Leveling-Agent-Dyeing-Solution-150x150.webp 150w, https:\/\/www.bluelakechem.com\/wp-content\/uploads\/2024\/12\/Leveling-Agent-Dyeing-Solution-768x768.webp 768w, https:\/\/www.bluelakechem.com\/wp-content\/uploads\/2024\/12\/Leveling-Agent-Dyeing-Solution-600x600.webp 600w, https:\/\/www.bluelakechem.com\/wp-content\/uploads\/2024\/12\/Leveling-Agent-Dyeing-Solution-100x100.webp 100w\" sizes=\"(max-width: 1000px) 100vw, 1000px\" \/><\/figure>\n<\/div>\n<\/div>","protected":false},"excerpt":{"rendered":"<p>Pamuk i\u00e7in tesviye maddesi boyama \u00e7\u00f6zeltisi, boya da\u011f\u0131labilirli\u011fini art\u0131rarak direkt ve reaktif boyalar\u0131n ba\u015far\u0131l\u0131 bir \u015fekilde boyanmas\u0131n\u0131 sa\u011flar. Kuma\u015f kalitesini artt\u0131rarak e\u015fit boyama elde edilmesine yard\u0131mc\u0131 olur.<\/p>\n<p><strong>Model No.<\/strong>10069<\/p>","protected":false},"featured_media":986,"comment_status":"closed","ping_status":"closed","template":"","meta":{"_acf_changed":false},"material":[26],"process":[20,38],"product_brand":[],"product_cat":[15],"product_tag":[],"class_list":{"0":"post-985","1":"product","2":"type-product","3":"status-publish","4":"has-post-thumbnail","6":"material-cotton-agent","7":"process-dyeing-auxiliaries","8":"process-disperse-leveling-agent","9":"product_cat-uncategorized","11":"first","12":"instock","13":"shipping-taxable","14":"product-type-simple"},"acf":[],"_links":{"self":[{"href":"https:\/\/www.bluelakechem.com\/tr\/wp-json\/wp\/v2\/product\/985","targetHints":{"allow":["GET"]}}],"collection":[{"href":"https:\/\/www.bluelakechem.com\/tr\/wp-json\/wp\/v2\/product"}],"about":[{"href":"https:\/\/www.bluelakechem.com\/tr\/wp-json\/wp\/v2\/types\/product"}],"replies":[{"embeddable":true,"href":"https:\/\/www.bluelakechem.com\/tr\/wp-json\/wp\/v2\/comments?post=985"}],"wp:featuredmedia":[{"embeddable":true,"href":"https:\/\/www.bluelakechem.com\/tr\/wp-json\/wp\/v2\/media\/986"}],"wp:attachment":[{"href":"https:\/\/www.bluelakechem.com\/tr\/wp-json\/wp\/v2\/media?parent=985"}],"wp:term":[{"taxonomy":"material","embeddable":true,"href":"https:\/\/www.bluelakechem.com\/tr\/wp-json\/wp\/v2\/material?post=985"},{"taxonomy":"process","embeddable":true,"href":"https:\/\/www.bluelakechem.com\/tr\/wp-json\/wp\/v2\/process?post=985"},{"taxonomy":"product_brand","embeddable":true,"href":"https:\/\/www.bluelakechem.com\/tr\/wp-json\/wp\/v2\/product_brand?post=985"},{"taxonomy":"product_cat","embeddable":true,"href":"https:\/\/www.bluelakechem.com\/tr\/wp-json\/wp\/v2\/product_cat?post=985"},{"taxonomy":"product_tag","embeddable":true,"href":"https:\/\/www.bluelakechem.com\/tr\/wp-json\/wp\/v2\/product_tag?post=985"}],"curies":[{"name":"wp","href":"https:\/\/api.w.org\/{rel}","templated":true}]}}