{"id":987,"date":"2025-01-06T12:02:01","date_gmt":"2025-01-06T12:02:01","guid":{"rendered":"https:\/\/www.bluelakechem.com\/?post_type=product&#038;p=987"},"modified":"2025-03-26T01:24:30","modified_gmt":"2025-03-26T01:24:30","slug":"dye-carrier","status":"publish","type":"product","link":"https:\/\/www.bluelakechem.com\/tr\/product\/dye-carrier\/","title":{"rendered":"Polyester Kuma\u015f D\u00fc\u015f\u00fck S\u0131cakl\u0131k Ta\u015f\u0131y\u0131c\u0131 Boyama i\u00e7in Boya Ta\u015f\u0131y\u0131c\u0131"},"content":{"rendered":"<div class=\"wp-block-columns is-layout-flex wp-container-core-columns-is-layout-9d6595d7 wp-block-columns-is-layout-flex\">\n<div class=\"wp-block-column is-layout-flow wp-block-column-is-layout-flow\" style=\"flex-basis:50%\">\n<h2 class=\"wp-block-heading\">Boya Ta\u015f\u0131y\u0131c\u0131 \u00d6zellikler:<\/h2>\n\n\n\n<p><strong>Y\u00fcksek Konsantrasyon:<\/strong> Boya Ta\u015f\u0131y\u0131c\u0131, d\u00fc\u015f\u00fck s\u0131cakl\u0131klarda bile g\u00fc\u00e7l\u00fc renk emilimi sa\u011flayarak boyamada verimlili\u011fi garanti eder.<br><strong>Polyester i\u00e7in etkilidir: <\/strong>Polyester kuma\u015flarda boyalar\u0131n penetrasyonunu ve emilimini artt\u0131rmak i\u00e7in \u00f6zel olarak form\u00fcle edilmi\u015ftir.<br><strong>D\u00fc\u015f\u00fck S\u0131cakl\u0131k Uygulamas\u0131:<\/strong> Boya ta\u015f\u0131y\u0131c\u0131lar d\u00fc\u015f\u00fck s\u0131cakl\u0131ktaki boyama proseslerinde kullan\u0131labilir, b\u00f6ylece enerji tasarrufu sa\u011flan\u0131r ve proses kontrol\u00fc iyile\u015ftirilir.<br><strong>Boyama Kusurlar\u0131n\u0131n Onar\u0131lmas\u0131: <\/strong>Boyama s\u0131ras\u0131ndaki renk e\u015fitsizlikleri, \u00e7izgiler veya kusurlar e\u015fit sonu\u00e7lar elde etmek i\u00e7in d\u00fczeltilir.<br><strong>Geli\u015ftirilmi\u015f Boya Ge\u00e7i\u015fi:<\/strong> Daha homojen bir renk uygulamas\u0131 i\u00e7in boya molek\u00fcllerinin hareketini artt\u0131r\u0131r.<\/p>\n<\/div>\n\n\n\n<div class=\"wp-block-column is-layout-flow wp-block-column-is-layout-flow\" style=\"flex-basis:50%\">\n<figure class=\"wp-block-embed is-type-video is-provider-youtube wp-block-embed-youtube wp-embed-aspect-16-9 wp-has-aspect-ratio\"><div class=\"wp-block-embed__wrapper\">\n<iframe title=\"Polyester Boyama i\u00e7in gereklidir!#PolyesterBoyama #Cariyer #Mending #PrenkLekelerini\u00d6nleme\" width=\"500\" height=\"281\" src=\"https:\/\/www.youtube.com\/embed\/bcUAld6nNb8?feature=oembed\" frameborder=\"0\" allow=\"accelerometer; autoplay; clipboard-write; encrypted-media; gyroscope; picture-in-picture; web-share\" referrerpolicy=\"strict-origin-when-cross-origin\" allowfullscreen><\/iframe>\n<\/div><\/figure>\n<\/div>\n<\/div>\n\n\n\n<div class=\"wp-block-columns is-layout-flex wp-container-core-columns-is-layout-9d6595d7 wp-block-columns-is-layout-flex\">\n<div class=\"wp-block-column is-layout-flow wp-block-column-is-layout-flow\">\n<figure class=\"wp-block-image size-full\"><img decoding=\"async\" width=\"800\" height=\"800\" src=\"https:\/\/www.bluelakechem.com\/wp-content\/uploads\/2025\/01\/Polyester-dyeing-carrier-2.webp\" alt=\"Polyester boyama ta\u015f\u0131y\u0131c\u0131\" class=\"wp-image-1734\" srcset=\"https:\/\/www.bluelakechem.com\/wp-content\/uploads\/2025\/01\/Polyester-dyeing-carrier-2.webp 800w, https:\/\/www.bluelakechem.com\/wp-content\/uploads\/2025\/01\/Polyester-dyeing-carrier-2-300x300.webp 300w, https:\/\/www.bluelakechem.com\/wp-content\/uploads\/2025\/01\/Polyester-dyeing-carrier-2-150x150.webp 150w, https:\/\/www.bluelakechem.com\/wp-content\/uploads\/2025\/01\/Polyester-dyeing-carrier-2-768x768.webp 768w, https:\/\/www.bluelakechem.com\/wp-content\/uploads\/2025\/01\/Polyester-dyeing-carrier-2-12x12.webp 12w, https:\/\/www.bluelakechem.com\/wp-content\/uploads\/2025\/01\/Polyester-dyeing-carrier-2-600x600.webp 600w, https:\/\/www.bluelakechem.com\/wp-content\/uploads\/2025\/01\/Polyester-dyeing-carrier-2-100x100.webp 100w\" sizes=\"(max-width: 800px) 100vw, 800px\" \/><\/figure>\n<\/div>\n\n\n\n<div class=\"wp-block-column is-layout-flow wp-block-column-is-layout-flow\">\n<h2 class=\"wp-block-heading\">K\u00fc\u00e7\u00fck dozlarda Boya Ta\u015f\u0131y\u0131c\u0131lar\u0131 A\u015fa\u011f\u0131daki Faydalar\u0131 Sa\u011flayabilir:<\/h2>\n\n\n\n<p>Polyester ve polyester kar\u0131\u015f\u0131ml\u0131 kuma\u015flar ve iplikler i\u00e7in idealdir.<\/p>\n\n\n\n<p>1. <strong>D\u00fc\u015f\u00fck s\u0131cakl\u0131klarda boya al\u0131m\u0131n\u0131 art\u0131r\u0131r.<br>D\u00fc\u015f\u00fck s\u0131cakl\u0131kta koyu renk boyayabilir.<\/strong><br>Orta ve a\u00e7\u0131k renk: 1~3 g\/L<br>Koyu renk: 3~6 g\/L<\/p>\n\n\n\n<p>2.<strong>Boyama kusurlar\u0131n\u0131 onarmak ve renkleri \u00e7izmek i\u00e7in m\u00fckemmel etkiler.<\/strong><\/p>\n\n\n\n<h2 class=\"wp-block-heading\">Boya Ta\u015f\u0131y\u0131c\u0131 Uygulamalar\u0131:<\/h2>\n\n\n\n<p><strong>Polyester Kuma\u015f Boyama: <\/strong>Polyester kuma\u015flar\u0131n boyanmas\u0131nda, \u00f6zellikle d\u00fc\u015f\u00fck s\u0131cakl\u0131ktaki boyama i\u015flemlerinde kullan\u0131l\u0131r.<br><strong>Boyama S\u00fcreci Optimizasyonu:<\/strong> Polyester boyama i\u015flemini optimize etmek i\u00e7in idealdir, tutarl\u0131 ve y\u00fcksek kaliteli sonu\u00e7lar sa\u011flar.<br><strong>Boyamada Kusur D\u00fczeltme: <\/strong>Bir boya ta\u015f\u0131y\u0131c\u0131, polyester boyama s\u0131ras\u0131nda d\u00fczensiz renk veya \u00e7izgiler gibi boya kusurlar\u0131n\u0131 onarmak i\u00e7in etkilidir.<br><strong>Enerji Verimli \u00dcretim: <\/strong>Kalite standartlar\u0131n\u0131 korurken enerji t\u00fcketimini azaltmak i\u00e7in boyahanelerde s\u0131kl\u0131kla kullan\u0131l\u0131r.<br><strong>Kar\u0131\u015f\u0131ml\u0131 Kuma\u015f Boyama: <\/strong>\u00c7e\u015fitli elyaf t\u00fcrleri aras\u0131nda boyama d\u00fczg\u00fcnl\u00fc\u011f\u00fcn\u00fc art\u0131rmak i\u00e7in polyester kar\u0131\u015f\u0131mlar\u0131 i\u00e7in Boya Ta\u015f\u0131y\u0131c\u0131.<\/p>\n<\/div>\n<\/div>","protected":false},"excerpt":{"rendered":"<p>Bu y\u00fcksek konsantrasyonlu boya ta\u015f\u0131y\u0131c\u0131, polyester i\u00e7in d\u00fc\u015f\u00fck s\u0131cakl\u0131kta boyama i\u015flemleri i\u00e7in idealdir ve renk al\u0131m\u0131n\u0131 art\u0131r\u0131r. Ayr\u0131ca polyester kuma\u015flardaki boyama hatalar\u0131n\u0131 onarmak i\u00e7in de etkilidir, tutarl\u0131 ve kusursuz sonu\u00e7lar sa\u011flar.<\/p>\n<p><strong>Model No.<\/strong>22108<\/p>\n<p><img decoding=\"async\" class=\"alignnone wp-image-1749 size-full\" src=\"https:\/\/www.bluelakechem.com\/wp-content\/uploads\/2025\/01\/polyester-dye-carrier-4-2.webp\" alt=\"polyester boya ta\u015f\u0131y\u0131c\u0131\" width=\"4000\" height=\"1430\" srcset=\"https:\/\/www.bluelakechem.com\/wp-content\/uploads\/2025\/01\/polyester-dye-carrier-4-2.webp 4000w, https:\/\/www.bluelakechem.com\/wp-content\/uploads\/2025\/01\/polyester-dye-carrier-4-2-300x107.webp 300w, https:\/\/www.bluelakechem.com\/wp-content\/uploads\/2025\/01\/polyester-dye-carrier-4-2-768x275.webp 768w, https:\/\/www.bluelakechem.com\/wp-content\/uploads\/2025\/01\/polyester-dye-carrier-4-2-18x6.webp 18w, https:\/\/www.bluelakechem.com\/wp-content\/uploads\/2025\/01\/polyester-dye-carrier-4-2-1200x429.webp 1200w, https:\/\/www.bluelakechem.com\/wp-content\/uploads\/2025\/01\/polyester-dye-carrier-4-2-600x215.webp 600w\" sizes=\"(max-width: 4000px) 100vw, 4000px\" \/><\/p>","protected":false},"featured_media":1421,"comment_status":"closed","ping_status":"closed","template":"","meta":{"_acf_changed":false},"material":[27],"process":[20,38,39],"product_brand":[],"product_cat":[15],"product_tag":[],"class_list":{"0":"post-987","1":"product","2":"type-product","3":"status-publish","4":"has-post-thumbnail","6":"material-polyester-chemicals","7":"process-dyeing-auxiliaries","8":"process-disperse-leveling-agent","9":"process-dye-carrier","10":"product_cat-uncategorized","12":"first","13":"instock","14":"shipping-taxable","15":"product-type-simple"},"acf":[],"_links":{"self":[{"href":"https:\/\/www.bluelakechem.com\/tr\/wp-json\/wp\/v2\/product\/987","targetHints":{"allow":["GET"]}}],"collection":[{"href":"https:\/\/www.bluelakechem.com\/tr\/wp-json\/wp\/v2\/product"}],"about":[{"href":"https:\/\/www.bluelakechem.com\/tr\/wp-json\/wp\/v2\/types\/product"}],"replies":[{"embeddable":true,"href":"https:\/\/www.bluelakechem.com\/tr\/wp-json\/wp\/v2\/comments?post=987"}],"wp:featuredmedia":[{"embeddable":true,"href":"https:\/\/www.bluelakechem.com\/tr\/wp-json\/wp\/v2\/media\/1421"}],"wp:attachment":[{"href":"https:\/\/www.bluelakechem.com\/tr\/wp-json\/wp\/v2\/media?parent=987"}],"wp:term":[{"taxonomy":"material","embeddable":true,"href":"https:\/\/www.bluelakechem.com\/tr\/wp-json\/wp\/v2\/material?post=987"},{"taxonomy":"process","embeddable":true,"href":"https:\/\/www.bluelakechem.com\/tr\/wp-json\/wp\/v2\/process?post=987"},{"taxonomy":"product_brand","embeddable":true,"href":"https:\/\/www.bluelakechem.com\/tr\/wp-json\/wp\/v2\/product_brand?post=987"},{"taxonomy":"product_cat","embeddable":true,"href":"https:\/\/www.bluelakechem.com\/tr\/wp-json\/wp\/v2\/product_cat?post=987"},{"taxonomy":"product_tag","embeddable":true,"href":"https:\/\/www.bluelakechem.com\/tr\/wp-json\/wp\/v2\/product_tag?post=987"}],"curies":[{"name":"wp","href":"https:\/\/api.w.org\/{rel}","templated":true}]}}