{"id":992,"date":"2024-12-17T08:40:08","date_gmt":"2024-12-17T08:40:08","guid":{"rendered":"https:\/\/www.bluelakechem.com\/?post_type=product&#038;p=992"},"modified":"2025-06-17T02:01:52","modified_gmt":"2025-06-17T02:01:52","slug":"hydrophilic-silicone-oil","status":"publish","type":"product","link":"https:\/\/www.bluelakechem.com\/tr\/product\/hydrophilic-silicone-oil\/","title":{"rendered":"Pamuk Viskon Tekstil Terbiyesi i\u00e7in Hidrofilik Silikon Ya\u011f\u0131 Yumu\u015fat\u0131c\u0131"},"content":{"rendered":"<div class=\"wp-block-columns is-layout-flex wp-container-core-columns-is-layout-9d6595d7 wp-block-columns-is-layout-flex\">\n<div class=\"wp-block-column is-layout-flow wp-block-column-is-layout-flow\" style=\"flex-basis:50%\">\n<h2 class=\"wp-block-heading\">Hidrofilik Silikon Ya\u011f\u0131 \u00d6zellikler:<\/h2>\n\n\n\n<p><strong>Geli\u015ftirilmi\u015f Hidrofilisite:<\/strong> Bu, sel\u00fcloz ve sentetik lifler \u00fczerindeki su emilimini art\u0131r\u0131r.<br><strong>Yumu\u015fat\u0131c\u0131 Etki: <\/strong>Hidrofilik silikon ya\u011f\u0131, nefes alabilirli\u011fi etkilemeden kuma\u015flara p\u00fcr\u00fczs\u00fcz ve yumu\u015fak bir his verir.<br><strong>\u00c7ok y\u00f6nl\u00fcl\u00fck:<\/strong> Hidrofilik silikon ya\u011f\u0131 pamuk, pamuk kar\u0131\u015f\u0131mlar\u0131, viskon ve sentetik elyaflar dahil olmak \u00fczere her t\u00fcrl\u00fc elyafa uygulanabilir.<br><strong>Kuma\u015f Tutu\u015funu \u0130yile\u015ftirir:<\/strong> Kuma\u015flara l\u00fcks ve ipek hissi vererek genel dokuyu iyile\u015ftirir.<br><strong>Dayan\u0131kl\u0131 Etki:<\/strong> Tekrarlanan y\u0131kamalardan sonra bile kuma\u015flarda uzun s\u00fcreli yumu\u015fakl\u0131k ve hidrofiliklik.<br><strong>\u00c7evre dostu:<\/strong> \u00c7o\u011fu geleneksel yumu\u015fat\u0131c\u0131lardan daha '\u00e7evreci' olacak \u015fekilde tasarlanm\u0131\u015ft\u0131r.<\/p>\n\n\n\n<h2 class=\"wp-block-heading\">Hidrofilik Silikon Ya\u011f\u0131 Uygulamalar\u0131:<\/h2>\n\n\n\n<p><strong>Sel\u00fcloz ve Pamuklu Kuma\u015flar:<\/strong> Pamuk, viskon ve di\u011fer sel\u00fcloz bazl\u0131 kuma\u015flar\u0131n yumu\u015fat\u0131lmas\u0131 ve su emiliminin artt\u0131r\u0131lmas\u0131 i\u00e7in hidrofilik silikon ya\u011f\u0131.<br><strong>Kar\u0131\u015f\u0131ml\u0131 Kuma\u015flar:<\/strong> Pamuk kar\u0131\u015f\u0131mlar\u0131n\u0131n ve sentetik elyaflar\u0131n hidrofilitesini art\u0131rarak kuma\u015f kullan\u0131m\u0131n\u0131 ve su emilimini geli\u015ftirir.<br><strong>Tekstil Terbiyesi:<\/strong> Kuma\u015flara p\u00fcr\u00fczs\u00fcz, yumu\u015fak bir his ve l\u00fcks bir g\u00f6r\u00fcn\u00fcm kazand\u0131rmak i\u00e7in yayg\u0131n olarak kullan\u0131lmaktad\u0131r.<br><strong>Spor Giysileri ve Havlular:<\/strong> Spor giysilerde, havlularda ve di\u011fer teknik kuma\u015flarda nem y\u00f6netimi \u00f6zelliklerini geli\u015ftirmek i\u00e7in m\u00fckemmeldir.<br><strong>\u00c7evre Dostu Yumu\u015fatma:<\/strong> Hidrofilik silikon ya\u011f\u0131, geleneksel yumu\u015fat\u0131c\u0131lara ger\u00e7ek bir alternatif olarak \u00e7evre dostu tekstil i\u015flemlerinde kullan\u0131l\u0131r.<\/p>\n<\/div>\n\n\n\n<div class=\"wp-block-column is-layout-flow wp-block-column-is-layout-flow\" style=\"flex-basis:50%\">\n<figure class=\"wp-block-image size-full\"><img decoding=\"async\" width=\"1080\" height=\"1920\" src=\"https:\/\/www.bluelakechem.com\/wp-content\/uploads\/2024\/12\/Hydrophilic-Silicone-Oil-Softener-60834.webp\" alt=\"Hidrofilik Silikon Ya\u011f Yumu\u015fat\u0131c\u0131\" class=\"wp-image-2407\" srcset=\"https:\/\/www.bluelakechem.com\/wp-content\/uploads\/2024\/12\/Hydrophilic-Silicone-Oil-Softener-60834.webp 1080w, https:\/\/www.bluelakechem.com\/wp-content\/uploads\/2024\/12\/Hydrophilic-Silicone-Oil-Softener-60834-169x300.webp 169w, https:\/\/www.bluelakechem.com\/wp-content\/uploads\/2024\/12\/Hydrophilic-Silicone-Oil-Softener-60834-768x1365.webp 768w, https:\/\/www.bluelakechem.com\/wp-content\/uploads\/2024\/12\/Hydrophilic-Silicone-Oil-Softener-60834-7x12.webp 7w, https:\/\/www.bluelakechem.com\/wp-content\/uploads\/2024\/12\/Hydrophilic-Silicone-Oil-Softener-60834-600x1067.webp 600w\" sizes=\"(max-width: 1080px) 100vw, 1080px\" \/><\/figure>\n\n\n\n<h2 class=\"wp-block-heading\">Hidrofilik Silikon Ya\u011f\u0131 \u00d6zellikleri\uff1a<\/h2>\n\n\n\n<figure class=\"wp-block-table\"><table class=\"has-fixed-layout\"><tbody><tr><td>G\u00f6r\u00fcn\u00fc\u015f:<\/td><td>Renksiz ila a\u00e7\u0131k sar\u0131 \u015feffaf s\u0131v\u0131<\/td><\/tr><tr><td>\u0130yoniklik:<\/td><td>Zay\u0131f katyonik<\/td><\/tr><tr><td>pH de\u011feri:<\/td><td>6,5\u00b10,5 (1% sulu \u00e7\u00f6zeltisi)<\/td><\/tr><tr><td>\u00c7\u00f6z\u00fcn\u00fcrl\u00fck:<\/td><td>Suda \u00e7\u00f6z\u00fcn\u00fcr<\/td><\/tr><\/tbody><\/table><\/figure>\n\n\n\n<h2 class=\"wp-block-heading\">Hidrofilik Silikon Ya\u011f\u0131 Talimat\u0131\uff1aDolgu i\u015fleminde kullan\u0131lmas\u0131 tavsiye edilir.<\/h2>\n\n\n\n<p>1. Referans dozaj: 10~30 g\/L.<\/p>\n\n\n\n<p>Ayar: 150~180\u2103.<\/p>\n\n\n\n<p>Zaman: 50~60s.<\/p>\n\n\n\n<p>(Farkl\u0131 prosesler i\u00e7in l\u00fctfen dozaj\u0131 numune test sonucuna g\u00f6re ayarlay\u0131n).<\/p>\n\n\n\n<p>2. E\u015fsiz el hissi i\u00e7in di\u011fer apre maddeleri ile birlikte kullan\u0131labilir.<\/p>\n\n\n\n<p>L\u00fctfen kullanmadan \u00f6nce bir uyumluluk denemesi yap\u0131n.<\/p>\n<\/div>\n<\/div>","protected":false},"excerpt":{"rendered":"<p>Hidrofilik silikon ya\u011f\u0131 ile form\u00fcle edilen bu genel ama\u00e7l\u0131 tekstil silikon yumu\u015fat\u0131c\u0131, pamuk, pamuk kar\u0131\u015f\u0131mlar\u0131, sentetik elyaflar, viskon, kimyasal elyaflar, ipek ve y\u00fcn dahil olmak \u00fczere \u00e7e\u015fitli elyaflar \u00fczerinde hidrofilik ve yumu\u015fak apre i\u015flemleri i\u00e7in m\u00fckemmeldir. Sel\u00fcloz lifleri \u00fczerinde hidrofilikli\u011fi korur ve kimyasal liflerin hidrofilikli\u011fini art\u0131r\u0131rken p\u00fcr\u00fczs\u00fcz bir tutu\u015f sa\u011flar.<\/p>\n<p><strong>Model No.<\/strong>60834<\/p>","protected":false},"featured_media":1461,"comment_status":"closed","ping_status":"closed","template":"","meta":{"_acf_changed":false},"material":[26,30,31,33],"process":[23,42,24],"product_brand":[],"product_cat":[15],"product_tag":[],"class_list":{"0":"post-992","1":"product","2":"type-product","3":"status-publish","4":"has-post-thumbnail","6":"material-cotton-agent","7":"material-viscose-chemicals","8":"material-wool-auxiliary","9":"material-silk-chemicals","10":"process-textile-finishing-chemicals","11":"process-softener","12":"process-silicone-oil","13":"product_cat-uncategorized","15":"first","16":"instock","17":"shipping-taxable","18":"product-type-simple"},"acf":[],"_links":{"self":[{"href":"https:\/\/www.bluelakechem.com\/tr\/wp-json\/wp\/v2\/product\/992","targetHints":{"allow":["GET"]}}],"collection":[{"href":"https:\/\/www.bluelakechem.com\/tr\/wp-json\/wp\/v2\/product"}],"about":[{"href":"https:\/\/www.bluelakechem.com\/tr\/wp-json\/wp\/v2\/types\/product"}],"replies":[{"embeddable":true,"href":"https:\/\/www.bluelakechem.com\/tr\/wp-json\/wp\/v2\/comments?post=992"}],"wp:featuredmedia":[{"embeddable":true,"href":"https:\/\/www.bluelakechem.com\/tr\/wp-json\/wp\/v2\/media\/1461"}],"wp:attachment":[{"href":"https:\/\/www.bluelakechem.com\/tr\/wp-json\/wp\/v2\/media?parent=992"}],"wp:term":[{"taxonomy":"material","embeddable":true,"href":"https:\/\/www.bluelakechem.com\/tr\/wp-json\/wp\/v2\/material?post=992"},{"taxonomy":"process","embeddable":true,"href":"https:\/\/www.bluelakechem.com\/tr\/wp-json\/wp\/v2\/process?post=992"},{"taxonomy":"product_brand","embeddable":true,"href":"https:\/\/www.bluelakechem.com\/tr\/wp-json\/wp\/v2\/product_brand?post=992"},{"taxonomy":"product_cat","embeddable":true,"href":"https:\/\/www.bluelakechem.com\/tr\/wp-json\/wp\/v2\/product_cat?post=992"},{"taxonomy":"product_tag","embeddable":true,"href":"https:\/\/www.bluelakechem.com\/tr\/wp-json\/wp\/v2\/product_tag?post=992"}],"curies":[{"name":"wp","href":"https:\/\/api.w.org\/{rel}","templated":true}]}}