{"id":994,"date":"2024-12-17T08:43:52","date_gmt":"2024-12-17T08:43:52","guid":{"rendered":"https:\/\/www.bluelakechem.com\/?post_type=product&#038;p=994"},"modified":"2025-12-02T02:20:01","modified_gmt":"2025-12-02T02:20:01","slug":"hydrophilic-silicone-softener","status":"publish","type":"product","link":"https:\/\/www.bluelakechem.com\/tr\/product\/hydrophilic-silicone-softener\/","title":{"rendered":"Hidrofilik Silikon Yumu\u015fat\u0131c\u0131, Pamuk Viskon i\u00e7in Kuma\u015f Banyo Yumu\u015fat\u0131c\u0131s\u0131"},"content":{"rendered":"<div class=\"wp-block-columns is-layout-flex wp-container-core-columns-is-layout-9d6595d7 wp-block-columns-is-layout-flex\">\n<div class=\"wp-block-column is-layout-flow wp-block-column-is-layout-flow\" style=\"flex-basis:50%\">\n<h2 class=\"wp-block-heading\">Hidrofilik Silikon Yumu\u015fat\u0131c\u0131 \u00d6zellikler:<\/h2>\n\n\n\n<p><strong>Y\u00fcksek stabilite:<\/strong> Bu hidrofilik silikon yumu\u015fat\u0131c\u0131, terbiye i\u015flemi s\u0131ras\u0131nda m\u00fckemmel bir stabiliteye sahiptir ve boyama banyolar\u0131 gibi \u00e7e\u015fitli i\u015fleme ko\u015fullar\u0131nda ve ekipmanlar\u0131nda tutarl\u0131 performans sa\u011flar.<\/p>\n\n\n\n<p><strong>Geli\u015ftirilmi\u015f hidrofiliklik: <\/strong>Pamuklu ve viskoz kuma\u015flar\u0131n hidrofilitesini \u00f6nemli \u00f6l\u00e7\u00fcde art\u0131rarak su emilimini, nemi emmeyi ve genel kuma\u015f konforunu iyile\u015ftirir, bu da \u00f6zellikle spor giyim ve ev tekstili i\u00e7in faydal\u0131d\u0131r.<\/p>\n\n\n\n<p><strong>Yumu\u015fak el: I<\/strong>kuma\u015fa yumu\u015fak ve p\u00fcr\u00fczs\u00fcz bir tu\u015fe kazand\u0131rarak kuma\u015f\u0131n mukavemetini veya dayan\u0131kl\u0131l\u0131\u011f\u0131n\u0131 etkilemeden bitmi\u015f tekstilin konforunu art\u0131r\u0131r.<\/p>\n\n\n\n<p><strong>Di\u011fer cilalar ile uyumluluk: <\/strong>\u0130yonik olmayan ve katyonik aprelerle ayn\u0131 banyoda kullan\u0131labilir, \u00e7e\u015fitli tekstil i\u015fleme \u00fcnitelerinde esnek ve de\u011fi\u015fken uygulama sa\u011flar.<\/p>\n\n\n\n<p><strong>Uygun maliyetli:<\/strong> Yumu\u015fak i\u015flevi ve verimli su emilimi, \u00e7ok i\u015flevli performans\u0131, tekstil \u00fcreticileri i\u00e7in \u00fcretim maliyetlerini optimize ederken y\u00fcksek kaliteli terbiye efektlerini korur<\/p>\n\n\n\n<p><strong>Ekipman \u00e7ok y\u00f6nl\u00fcl\u00fc\u011f\u00fc:<\/strong> Boyama banyolar\u0131, tampon kurutma sistemleri ve di\u011fer tekstil terbiye makineleri dahil olmak \u00fczere \u00e7e\u015fitli ekipman ve proseslere uygulanabilir ve farkl\u0131 i\u015fleme ayarlar\u0131na sahip tekstil \u00fcreticileri i\u00e7in esneklik sa\u011flar.<\/p>\n<\/div>\n\n\n\n<div class=\"wp-block-column is-layout-flow wp-block-column-is-layout-flow\" style=\"flex-basis:50%\">\n<h2 class=\"wp-block-heading\">Hidrofilik Silikon Yumu\u015fat\u0131c\u0131 Uygulamalar\u0131:<\/h2>\n\n\n\n<p><strong>Spor Giyim ve Spor K\u0131yafetleri:<\/strong> Spor giyimde kullan\u0131lan pamuklu ve viskon kuma\u015flar\u0131n nem \u00e7ekme \u00f6zelliklerini geli\u015ftirerek \u00fcr\u00fcn konforunu ve performans\u0131n\u0131 art\u0131r\u0131r.<\/p>\n\n\n\n<p><strong>\u0130\u00e7 Giyim ve \u0130\u00e7 \u00c7ama\u015f\u0131rlar\u0131: <\/strong>Cildi kuru ve rahat tutmak i\u00e7in nem emilimini art\u0131r\u0131rken yumu\u015fak ve p\u00fcr\u00fczs\u00fcz bir his sa\u011flar.<\/p>\n\n\n\n<p><strong>Ev Tekstili: <\/strong>\u00c7ar\u015faf, havlu ve perde gibi ev tekstili \u00fcr\u00fcnlerinde kullan\u0131l\u0131r, kuma\u015f yumu\u015fakl\u0131\u011f\u0131n\u0131 ve hidrofilikli\u011fi art\u0131r\u0131r, g\u00fcnl\u00fck kullan\u0131m i\u00e7in \u00fcst\u00fcn dokunu\u015f ve i\u015flevsellik katar.<\/p>\n\n\n\n<p><strong>\u0130\u015f K\u0131yafetleri ve D\u0131\u015f Mekan K\u0131yafetleri:<\/strong> Kuma\u015f yumu\u015fakl\u0131\u011f\u0131 ve nem y\u00f6netimi, farkl\u0131 \u00e7evre ko\u015fullar\u0131nda konforu ve kullan\u0131labilirli\u011fi art\u0131rman\u0131n anahtar\u0131d\u0131r.<\/p>\n\n\n\n<p><strong>Bebek ve \u00c7ocuk Giyim:<\/strong> Nem emilimini ve kurulu\u011fu korurken \u00fcr\u00fcn konforunu ve yumu\u015fakl\u0131\u011f\u0131n\u0131 art\u0131r\u0131r.<\/p>\n<\/div>\n<\/div>","protected":false},"excerpt":{"rendered":"<p>Dald\u0131rma banyosu gibi \u00e7e\u015fitli ekipmanlar\u0131n terbiye i\u015flemleri i\u00e7in uygun olan y\u00fcksek stabiliteli hidrofilik silikon yumu\u015fat\u0131c\u0131, iyonik olmayan ve katyonik terbiye maddeleri ile ayn\u0131 banyoda kullan\u0131labilir, ekonomik ve verimlidir.<\/p>\n<p><strong>Model No.<\/strong>68002<\/p>","protected":false},"featured_media":1460,"comment_status":"closed","ping_status":"closed","template":"","meta":{"_acf_changed":false},"material":[26,30],"process":[23,42,24],"product_brand":[],"product_cat":[15],"product_tag":[],"class_list":{"0":"post-994","1":"product","2":"type-product","3":"status-publish","4":"has-post-thumbnail","6":"material-cotton-agent","7":"material-viscose-chemicals","8":"process-textile-finishing-chemicals","9":"process-softener","10":"process-silicone-oil","11":"product_cat-uncategorized","13":"first","14":"instock","15":"shipping-taxable","16":"product-type-simple"},"acf":[],"_links":{"self":[{"href":"https:\/\/www.bluelakechem.com\/tr\/wp-json\/wp\/v2\/product\/994","targetHints":{"allow":["GET"]}}],"collection":[{"href":"https:\/\/www.bluelakechem.com\/tr\/wp-json\/wp\/v2\/product"}],"about":[{"href":"https:\/\/www.bluelakechem.com\/tr\/wp-json\/wp\/v2\/types\/product"}],"replies":[{"embeddable":true,"href":"https:\/\/www.bluelakechem.com\/tr\/wp-json\/wp\/v2\/comments?post=994"}],"wp:featuredmedia":[{"embeddable":true,"href":"https:\/\/www.bluelakechem.com\/tr\/wp-json\/wp\/v2\/media\/1460"}],"wp:attachment":[{"href":"https:\/\/www.bluelakechem.com\/tr\/wp-json\/wp\/v2\/media?parent=994"}],"wp:term":[{"taxonomy":"material","embeddable":true,"href":"https:\/\/www.bluelakechem.com\/tr\/wp-json\/wp\/v2\/material?post=994"},{"taxonomy":"process","embeddable":true,"href":"https:\/\/www.bluelakechem.com\/tr\/wp-json\/wp\/v2\/process?post=994"},{"taxonomy":"product_brand","embeddable":true,"href":"https:\/\/www.bluelakechem.com\/tr\/wp-json\/wp\/v2\/product_brand?post=994"},{"taxonomy":"product_cat","embeddable":true,"href":"https:\/\/www.bluelakechem.com\/tr\/wp-json\/wp\/v2\/product_cat?post=994"},{"taxonomy":"product_tag","embeddable":true,"href":"https:\/\/www.bluelakechem.com\/tr\/wp-json\/wp\/v2\/product_tag?post=994"}],"curies":[{"name":"wp","href":"https:\/\/api.w.org\/{rel}","templated":true}]}}