{"id":996,"date":"2024-12-17T08:45:40","date_gmt":"2024-12-17T08:45:40","guid":{"rendered":"https:\/\/www.bluelakechem.com\/?post_type=product&#038;p=996"},"modified":"2025-01-17T12:51:30","modified_gmt":"2025-01-17T12:51:30","slug":"silicone-oil-emulsion-2","status":"publish","type":"product","link":"https:\/\/www.bluelakechem.com\/tr\/product\/silicone-oil-emulsion-2\/","title":{"rendered":"Modifiye Blok Silikon Ya\u011f\u0131 Em\u00fclsiyonu Hidrofobik Silikon Yumu\u015fat\u0131c\u0131"},"content":{"rendered":"<div class=\"wp-block-columns is-layout-flex wp-container-core-columns-is-layout-9d6595d7 wp-block-columns-is-layout-flex\">\n<div class=\"wp-block-column is-layout-flow wp-block-column-is-layout-flow\" style=\"flex-basis:50%\">\n<h2 class=\"wp-block-heading\">Silikon Ya\u011f\u0131 Em\u00fclsiyonu \u00d6zellikler:<\/h2>\n\n\n\n<p><strong>Ultra yumu\u015fak el: <\/strong>Ultra yumu\u015fak bir el sa\u011flar, kuma\u015flar\u0131n konforunu ve dokunu\u015funu \u00f6nemli \u00f6l\u00e7\u00fcde art\u0131r\u0131r, kuma\u015f\u0131 hafif ve p\u00fcr\u00fczs\u00fcz tutar.<\/p>\n\n\n\n<p><strong>Hidrofobik etki: <\/strong>Bu silikon ya\u011f\u0131 em\u00fclsiyonu, pamuklu ve viskon kuma\u015flara m\u00fckemmel hidrofobik (su itici) \u00f6zellikler kazand\u0131rarak onlar\u0131 daha dayan\u0131kl\u0131 ve bak\u0131m\u0131 daha kolay hale getirir.<\/p>\n\n\n\n<p><strong>Renksiz ve \u015feffaft\u0131r: <\/strong>Silikon ya\u011f\u0131 em\u00fclsiyonu renksiz ve \u015feffaft\u0131r, kuma\u015f\u0131n rengini de\u011fi\u015ftirmez, bu da onu a\u00e7\u0131k renkli veya hassas kuma\u015flar i\u00e7in ideal hale getirir.<\/p>\n\n\n\n<p><strong>Sararmaz: <\/strong>Geleneksel silikon yumu\u015fat\u0131c\u0131lar\u0131n aksine, bu em\u00fclsiyon sararmaya neden olmaz ve zaman i\u00e7inde kuma\u015f\u0131n renk b\u00fct\u00fcnl\u00fc\u011f\u00fcn\u00fc korur.<\/p>\n\n\n\n<p><strong>Kuma\u015f esnekli\u011fini art\u0131r\u0131r: <\/strong>Pamuklu ve viskoz kuma\u015flar\u0131 daha esnek ve k\u0131r\u0131\u015fmaya daha az e\u011filimli hale getirir.<\/p>\n\n\n\n<p><strong>Toksik de\u011fildir ve g\u00fcvenlidir: <\/strong>Bu silikon em\u00fclsiyon toksik de\u011fildir ve cilt i\u00e7in g\u00fcvenlidir; giysi, yatak tak\u0131m\u0131 ve i\u00e7 \u00e7ama\u015f\u0131r\u0131 gibi ciltle do\u011frudan temas eden tekstil \u00fcr\u00fcnleri i\u00e7in uygundur.<\/p>\n\n\n\n<h2 class=\"wp-block-heading\">Silikon Ya\u011f\u0131 Em\u00fclsiyon Uygulamalar\u0131:<\/h2>\n\n\n\n<p><strong>Tekstil terbiyesi:<\/strong> Pamuk ve di\u011fer sel\u00fcloz bazl\u0131 kuma\u015flar\u0131 yumu\u015fatmak i\u00e7in kullan\u0131l\u0131r, p\u00fcr\u00fczs\u00fcz ve rahat bir dokunu\u015f sa\u011flar.<\/p>\n\n\n\n<p><strong>Ev tekstili: <\/strong>Kuma\u015f\u0131n do\u011fal nefes alabilirli\u011fini etkilemeden yumu\u015fak, suya dayan\u0131kl\u0131 bir apre gerektiren \u00e7ar\u015faf, havlu ve d\u00f6\u015feme gibi ev tekstillerinin terbiyesinde kullan\u0131l\u0131r.<\/p>\n\n\n\n<p><strong>Giysi ve aksesuarlar: <\/strong>Silikon em\u00fclsiyonlar\u0131, kuma\u015f\u0131n i\u015flevselli\u011fini ve yumu\u015fakl\u0131\u011f\u0131n\u0131 art\u0131rmak i\u00e7in spor giyim, \u00e7ocuk k\u0131yafetleri veya \u00fcst d\u00fczey moda k\u0131yafetlerinde oldu\u011fu gibi katk\u0131 maddesi olarak kullan\u0131l\u0131r.<\/p>\n<\/div>\n\n\n\n<div class=\"wp-block-column is-layout-flow wp-block-column-is-layout-flow\" style=\"flex-basis:50%\">\n<figure class=\"wp-block-image size-full\"><img decoding=\"async\" width=\"800\" height=\"800\" src=\"https:\/\/www.bluelakechem.com\/wp-content\/uploads\/2024\/12\/Silicone-Oil-Emulsion.webp\" alt=\"Silikon Ya\u011f\u0131 Em\u00fclsiyonu\" class=\"wp-image-1459\" srcset=\"https:\/\/www.bluelakechem.com\/wp-content\/uploads\/2024\/12\/Silicone-Oil-Emulsion.webp 800w, https:\/\/www.bluelakechem.com\/wp-content\/uploads\/2024\/12\/Silicone-Oil-Emulsion-300x300.webp 300w, https:\/\/www.bluelakechem.com\/wp-content\/uploads\/2024\/12\/Silicone-Oil-Emulsion-150x150.webp 150w, https:\/\/www.bluelakechem.com\/wp-content\/uploads\/2024\/12\/Silicone-Oil-Emulsion-768x768.webp 768w, https:\/\/www.bluelakechem.com\/wp-content\/uploads\/2024\/12\/Silicone-Oil-Emulsion-12x12.webp 12w, https:\/\/www.bluelakechem.com\/wp-content\/uploads\/2024\/12\/Silicone-Oil-Emulsion-600x600.webp 600w, https:\/\/www.bluelakechem.com\/wp-content\/uploads\/2024\/12\/Silicone-Oil-Emulsion-100x100.webp 100w\" sizes=\"(max-width: 800px) 100vw, 800px\" \/><\/figure>\n<\/div>\n<\/div>\n\n\n\n<p><\/p>","protected":false},"excerpt":{"rendered":"<p>Modifiye blok silikon ya\u011f\u0131 em\u00fclsiyonu, tekstil terbiyesinde \u00fcst\u00fcn performans sunan renksiz ve \u015feffaf bir g\u00f6r\u00fcn\u00fcme sahiptir. Bu geli\u015fmi\u015f silikon em\u00fclsiyonu, kuma\u015flara son derece yumu\u015fak bir tutum kazand\u0131r\u0131rken sararma sorunu ya\u015fatmaz, bu da onu a\u00e7\u0131k renkli ve beyaz tekstillerin i\u015flenmesi i\u00e7in ideal hale getirir.<\/p>\n<p><strong>Model No.<\/strong>71868<\/p>","protected":false},"featured_media":1459,"comment_status":"closed","ping_status":"closed","template":"","meta":{"_acf_changed":false},"material":[26,30],"process":[23,42,24],"product_brand":[],"product_cat":[15],"product_tag":[],"class_list":{"0":"post-996","1":"product","2":"type-product","3":"status-publish","4":"has-post-thumbnail","6":"material-cotton-agent","7":"material-viscose-chemicals","8":"process-textile-finishing-chemicals","9":"process-softener","10":"process-silicone-oil","11":"product_cat-uncategorized","13":"first","14":"instock","15":"shipping-taxable","16":"product-type-simple"},"acf":[],"_links":{"self":[{"href":"https:\/\/www.bluelakechem.com\/tr\/wp-json\/wp\/v2\/product\/996","targetHints":{"allow":["GET"]}}],"collection":[{"href":"https:\/\/www.bluelakechem.com\/tr\/wp-json\/wp\/v2\/product"}],"about":[{"href":"https:\/\/www.bluelakechem.com\/tr\/wp-json\/wp\/v2\/types\/product"}],"replies":[{"embeddable":true,"href":"https:\/\/www.bluelakechem.com\/tr\/wp-json\/wp\/v2\/comments?post=996"}],"wp:featuredmedia":[{"embeddable":true,"href":"https:\/\/www.bluelakechem.com\/tr\/wp-json\/wp\/v2\/media\/1459"}],"wp:attachment":[{"href":"https:\/\/www.bluelakechem.com\/tr\/wp-json\/wp\/v2\/media?parent=996"}],"wp:term":[{"taxonomy":"material","embeddable":true,"href":"https:\/\/www.bluelakechem.com\/tr\/wp-json\/wp\/v2\/material?post=996"},{"taxonomy":"process","embeddable":true,"href":"https:\/\/www.bluelakechem.com\/tr\/wp-json\/wp\/v2\/process?post=996"},{"taxonomy":"product_brand","embeddable":true,"href":"https:\/\/www.bluelakechem.com\/tr\/wp-json\/wp\/v2\/product_brand?post=996"},{"taxonomy":"product_cat","embeddable":true,"href":"https:\/\/www.bluelakechem.com\/tr\/wp-json\/wp\/v2\/product_cat?post=996"},{"taxonomy":"product_tag","embeddable":true,"href":"https:\/\/www.bluelakechem.com\/tr\/wp-json\/wp\/v2\/product_tag?post=996"}],"curies":[{"name":"wp","href":"https:\/\/api.w.org\/{rel}","templated":true}]}}