{"id":1003,"date":"2024-12-17T08:39:15","date_gmt":"2024-12-17T08:39:15","guid":{"rendered":"https:\/\/www.bluelakechem.com\/?post_type=product&#038;p=1003"},"modified":"2025-02-22T08:15:46","modified_gmt":"2025-02-22T08:15:46","slug":"silicone-softeners","status":"publish","type":"product","link":"https:\/\/www.bluelakechem.com\/vi\/product\/silicone-softeners\/","title":{"rendered":"Ch\u1ea5t l\u00e0m m\u1ec1m silicone k\u1ef5 n\u01b0\u1edbc Kh\u1ed1i nh\u0169 t\u01b0\u01a1ng silicone cho cotton viscose"},"content":{"rendered":"<div class=\"wp-block-columns is-layout-flex wp-container-core-columns-is-layout-9d6595d7 wp-block-columns-is-layout-flex\">\n<div class=\"wp-block-column is-layout-flow wp-block-column-is-layout-flow\" style=\"flex-basis:50%\">\n<h2 class=\"wp-block-heading\">T\u00ednh n\u0103ng c\u1ee7a ch\u1ea5t l\u00e0m m\u1ec1m silicone:<\/h2>\n\n\n\n<p><strong>T\u0103ng c\u01b0\u1eddng \u0111\u1ed9 m\u1ec1m m\u1ea1i v\u00e0 kh\u1ed1i l\u01b0\u1ee3ng: <\/strong>\u0110\u1eb7c bi\u1ec7t hi\u1ec7u qu\u1ea3 tr\u00ean c\u00e1c ch\u1ea5t li\u1ec7u nh\u01b0 cotton v\u00e0 c\u00e1c lo\u1ea1i v\u1ea3i pha tr\u1ed9n, ch\u00fang mang l\u1ea1i c\u1ea3m gi\u00e1c m\u1ec1m m\u1ea1i v\u00e0 b\u1ed3ng b\u1ec1nh cho v\u1ea3i, t\u0103ng c\u1ea3m gi\u00e1c c\u1ee7a h\u00e0ng d\u1ec7t may, khi\u1ebfn ch\u00fang tr\u1edf n\u00ean m\u1ecbn m\u00e0ng v\u00e0 sang tr\u1ecdng.<\/p>\n\n\n\n<p><strong>N\u00e2ng c\u1ea5p hi\u1ec7u su\u1ea5t: <\/strong>\u0110\u00e2y l\u00e0 phi\u00ean b\u1ea3n c\u1ea3i ti\u1ebfn c\u1ee7a d\u1ea7u silicon amino truy\u1ec1n th\u1ed1ng, mang l\u1ea1i hi\u1ec7u su\u1ea5t t\u1ed1t h\u01a1n v\u1ec1 \u0111\u1ed9 m\u1ec1m m\u1ea1i, \u0111\u1ed9 b\u1ec1n v\u00e0 c\u1ea3m gi\u00e1c v\u1ea3i, khi\u1ebfn n\u00f3 tr\u1edf th\u00e0nh gi\u1ea3i ph\u00e1p ti\u00ean ti\u1ebfn v\u00e0 hi\u1ec7u qu\u1ea3 h\u01a1n.<\/p>\n\n\n\n<p><strong>Hi\u1ec7u \u1ee9ng k\u1ef5 n\u01b0\u1edbc:<\/strong> Ch\u1ea5t l\u00e0m m\u1ec1m v\u1ea3i mang l\u1ea1i cho v\u1ea3i t\u00ednh ch\u1ea5t k\u1ef5 n\u01b0\u1edbc, gi\u1ea3m kh\u1ea3 n\u0103ng h\u1ea5p th\u1ee5 n\u01b0\u1edbc, do \u0111\u00f3 t\u0103ng kh\u1ea3 n\u0103ng ch\u1ed1ng th\u1ea5m n\u01b0\u1edbc c\u1ee7a v\u1ea3i trong khi v\u1eabn duy tr\u00ec s\u1ef1 tho\u1ea3i m\u00e1i v\u00e0 tho\u00e1ng kh\u00ed.<br><br><strong>C\u1ea3i thi\u1ec7n \u0111\u1ed9 \u1ed5n \u0111\u1ecbnh v\u00e0 \u0111\u1ed9 b\u1ec1n khi gi\u1eb7t:<\/strong> Ch\u1ea5t l\u00e0m m\u1ec1m silicon \u1ed5n \u0111\u1ecbnh trong nhi\u1ec1u \u0111i\u1ec1u ki\u1ec7n kh\u00e1c nhau, c\u00f3 kh\u1ea3 n\u0103ng ch\u1ed1ng phai m\u00e0u khi gi\u1eb7t v\u00e0 ch\u1ed1ng v\u1ea3i b\u1ecb h\u01b0 h\u1ecfng v\u01b0\u1ee3t tr\u1ed9i.<\/p>\n\n\n\n<h2 class=\"wp-block-heading\">\u1ee8ng d\u1ee5ng c\u1ee7a ch\u1ea5t l\u00e0m m\u1ec1m silicone:<\/h2>\n\n\n\n<p><strong>Ho\u00e0n thi\u1ec7n v\u1ea3i cotton v\u00e0 v\u1ea3i viscose:<\/strong> N\u00f3 c\u00f3 th\u1ec3 l\u00e0m t\u0103ng \u0111\u1ed9 m\u1ec1m m\u1ea1i v\u00e0 m\u1ecbn m\u00e0ng c\u1ee7a nh\u1eefng s\u1ee3i t\u1ef1 nhi\u00ean n\u00e0y, gi\u00fap b\u1ea1n tho\u1ea3i m\u00e1i h\u01a1n khi m\u1eb7c.<\/p>\n\n\n\n<p><strong>V\u1ea3i pha tr\u1ed9n: <\/strong>Th\u00edch h\u1ee3p \u0111\u1ec3 ho\u00e0n thi\u1ec7n h\u1ed7n h\u1ee3p s\u1ee3i cotton v\u00e0 s\u1ee3i t\u1ed5ng h\u1ee3p, mang l\u1ea1i s\u1ef1 c\u00e2n b\u1eb1ng gi\u1eefa \u0111\u1ed9 m\u1ec1m m\u1ea1i v\u00e0 kh\u1ea3 n\u0103ng ch\u1ed1ng th\u1ea5m n\u01b0\u1edbc, l\u00fd t\u01b0\u1edfng cho nhi\u1ec1u lo\u1ea1i trang ph\u1ee5c v\u00e0 \u1ee9ng d\u1ee5ng d\u1ec7t may gia \u0111\u00ecnh.<\/p>\n\n\n\n<p><strong>S\u1ea3n xu\u1ea5t h\u00e0ng may m\u1eb7c: <\/strong>\u0110\u01b0\u1ee3c s\u1eed d\u1ee5ng trong s\u1ea3n xu\u1ea5t h\u00e0ng may m\u1eb7c \u0111\u1ec3 c\u1ea3i thi\u1ec7n \u0111\u1ed9 m\u1ec1m m\u1ea1i, c\u1ea3m gi\u00e1c v\u00e0 kh\u1ea3 n\u0103ng ch\u1ed1ng \u1ea9m c\u1ee7a v\u1ea3i cotton v\u00e0 v\u1ea3i viscose, gi\u00fap s\u1ea3n xu\u1ea5t ra nh\u1eefng lo\u1ea1i h\u00e0ng may m\u1eb7c tho\u1ea3i m\u00e1i v\u00e0 hi\u1ec7u su\u1ea5t cao.<\/p>\n\n\n\n<p><strong>Kh\u0103n t\u1eafm v\u00e0 \u0111\u1ed3 tr\u1ea3i gi\u01b0\u1eddng:<\/strong> T\u0103ng c\u01b0\u1eddng \u0111\u1ed9 m\u1ec1m m\u1ea1i v\u00e0 \u0111\u1ed9 x\u1ed1p c\u1ee7a kh\u0103n t\u1eafm, ga tr\u1ea3i gi\u01b0\u1eddng v\u00e0 v\u1ecf g\u1ed1i, \u0111\u1ea3m b\u1ea3o ch\u00fang v\u1eabn m\u1ec1m m\u1ea1i v\u00e0 tho\u1ea3i m\u00e1i sau nhi\u1ec1u l\u1ea7n gi\u1eb7t.<\/p>\n<\/div>\n\n\n\n<div class=\"wp-block-column is-layout-flow wp-block-column-is-layout-flow\" style=\"flex-basis:50%\">\n<figure class=\"wp-block-image size-full\"><img decoding=\"async\" width=\"1000\" height=\"1000\" src=\"https:\/\/www.bluelakechem.com\/wp-content\/uploads\/2024\/12\/Hydrophobic-Silicone-Softeners-for-Cellulose-Fabric.webp\" alt=\"Ch\u1ea5t l\u00e0m m\u1ec1m silicone k\u1ef5 n\u01b0\u1edbc cho v\u1ea3i Cellulose\" class=\"wp-image-1012\" srcset=\"https:\/\/www.bluelakechem.com\/wp-content\/uploads\/2024\/12\/Hydrophobic-Silicone-Softeners-for-Cellulose-Fabric.webp 1000w, https:\/\/www.bluelakechem.com\/wp-content\/uploads\/2024\/12\/Hydrophobic-Silicone-Softeners-for-Cellulose-Fabric-300x300.webp 300w, https:\/\/www.bluelakechem.com\/wp-content\/uploads\/2024\/12\/Hydrophobic-Silicone-Softeners-for-Cellulose-Fabric-150x150.webp 150w, https:\/\/www.bluelakechem.com\/wp-content\/uploads\/2024\/12\/Hydrophobic-Silicone-Softeners-for-Cellulose-Fabric-768x768.webp 768w, https:\/\/www.bluelakechem.com\/wp-content\/uploads\/2024\/12\/Hydrophobic-Silicone-Softeners-for-Cellulose-Fabric-600x600.webp 600w, https:\/\/www.bluelakechem.com\/wp-content\/uploads\/2024\/12\/Hydrophobic-Silicone-Softeners-for-Cellulose-Fabric-100x100.webp 100w\" sizes=\"(max-width: 1000px) 100vw, 1000px\" \/><\/figure>\n<\/div>\n<\/div>","protected":false},"excerpt":{"rendered":"<p>Ch\u1ea5t l\u00e0m m\u1ec1m silicon d\u1ea1ng kh\u1ed1i c\u1ea3i ti\u1ebfn n\u00e0y l\u00e0 phi\u00ean b\u1ea3n n\u00e2ng c\u1ea5p c\u1ee7a ch\u1ea5t l\u00e0m m\u1ec1m silicon amino truy\u1ec1n th\u1ed1ng, \u0111\u01b0\u1ee3c thi\u1ebft k\u1ebf \u0111\u1ec3 t\u1ea1o \u0111\u1ed9 x\u1ed1p v\u00e0 m\u1ec1m m\u1ea1i cho v\u1ea3i cotton, viscose v\u00e0 c\u00e1c lo\u1ea1i v\u1ea3i pha tr\u1ed9n c\u1ee7a ch\u00fang.<\/p>\n<p><strong>S\u1ed1 hi\u1ec7u m\u1eabu<\/strong>80319<\/p>\n<p><img decoding=\"async\" class=\"alignnone size-medium wp-image-1660\" src=\"https:\/\/www.bluelakechem.com\/wp-content\/uploads\/2024\/12\/80319-\u5b9e\u9a8c\uff08\u53cclogo-300x300.jpg\" alt=\"\" width=\"300\" height=\"300\" srcset=\"https:\/\/www.bluelakechem.com\/wp-content\/uploads\/2024\/12\/80319-\u5b9e\u9a8c\uff08\u53cclogo-300x300.jpg 300w, https:\/\/www.bluelakechem.com\/wp-content\/uploads\/2024\/12\/80319-\u5b9e\u9a8c\uff08\u53cclogo-150x150.jpg 150w, https:\/\/www.bluelakechem.com\/wp-content\/uploads\/2024\/12\/80319-\u5b9e\u9a8c\uff08\u53cclogo-768x768.jpg 768w, https:\/\/www.bluelakechem.com\/wp-content\/uploads\/2024\/12\/80319-\u5b9e\u9a8c\uff08\u53cclogo-12x12.jpg 12w, https:\/\/www.bluelakechem.com\/wp-content\/uploads\/2024\/12\/80319-\u5b9e\u9a8c\uff08\u53cclogo-600x600.jpg 600w, https:\/\/www.bluelakechem.com\/wp-content\/uploads\/2024\/12\/80319-\u5b9e\u9a8c\uff08\u53cclogo-100x100.jpg 100w, https:\/\/www.bluelakechem.com\/wp-content\/uploads\/2024\/12\/80319-\u5b9e\u9a8c\uff08\u53cclogo.jpg 800w\" sizes=\"(max-width: 300px) 100vw, 300px\" \/><\/p>","protected":false},"featured_media":1463,"comment_status":"closed","ping_status":"closed","template":"","meta":{"_acf_changed":false},"material":[26,30],"process":[23,42,24],"product_brand":[],"product_cat":[15],"product_tag":[],"class_list":{"0":"post-1003","1":"product","2":"type-product","3":"status-publish","4":"has-post-thumbnail","6":"material-cotton-agent","7":"material-viscose-chemicals","8":"process-textile-finishing-chemicals","9":"process-softener","10":"process-silicone-oil","11":"product_cat-uncategorized","13":"first","14":"instock","15":"shipping-taxable","16":"product-type-simple"},"acf":[],"_links":{"self":[{"href":"https:\/\/www.bluelakechem.com\/vi\/wp-json\/wp\/v2\/product\/1003","targetHints":{"allow":["GET"]}}],"collection":[{"href":"https:\/\/www.bluelakechem.com\/vi\/wp-json\/wp\/v2\/product"}],"about":[{"href":"https:\/\/www.bluelakechem.com\/vi\/wp-json\/wp\/v2\/types\/product"}],"replies":[{"embeddable":true,"href":"https:\/\/www.bluelakechem.com\/vi\/wp-json\/wp\/v2\/comments?post=1003"}],"wp:featuredmedia":[{"embeddable":true,"href":"https:\/\/www.bluelakechem.com\/vi\/wp-json\/wp\/v2\/media\/1463"}],"wp:attachment":[{"href":"https:\/\/www.bluelakechem.com\/vi\/wp-json\/wp\/v2\/media?parent=1003"}],"wp:term":[{"taxonomy":"material","embeddable":true,"href":"https:\/\/www.bluelakechem.com\/vi\/wp-json\/wp\/v2\/material?post=1003"},{"taxonomy":"process","embeddable":true,"href":"https:\/\/www.bluelakechem.com\/vi\/wp-json\/wp\/v2\/process?post=1003"},{"taxonomy":"product_brand","embeddable":true,"href":"https:\/\/www.bluelakechem.com\/vi\/wp-json\/wp\/v2\/product_brand?post=1003"},{"taxonomy":"product_cat","embeddable":true,"href":"https:\/\/www.bluelakechem.com\/vi\/wp-json\/wp\/v2\/product_cat?post=1003"},{"taxonomy":"product_tag","embeddable":true,"href":"https:\/\/www.bluelakechem.com\/vi\/wp-json\/wp\/v2\/product_tag?post=1003"}],"curies":[{"name":"wp","href":"https:\/\/api.w.org\/{rel}","templated":true}]}}