{"id":1013,"date":"2024-12-17T08:38:17","date_gmt":"2024-12-17T08:38:17","guid":{"rendered":"https:\/\/www.bluelakechem.com\/?post_type=product&#038;p=1013"},"modified":"2025-01-17T13:00:00","modified_gmt":"2025-01-17T13:00:00","slug":"amino-silicone-oil","status":"publish","type":"product","link":"https:\/\/www.bluelakechem.com\/vi\/product\/amino-silicone-oil\/","title":{"rendered":"D\u1ea7u silicon amin k\u1ef5 n\u01b0\u1edbc \u0111\u1ec3 ho\u00e0n thi\u1ec7n v\u1ea3i cotton viscose spandex"},"content":{"rendered":"<div class=\"wp-block-columns is-layout-flex wp-container-core-columns-is-layout-9d6595d7 wp-block-columns-is-layout-flex\">\n<div class=\"wp-block-column is-layout-flow wp-block-column-is-layout-flow\" style=\"flex-basis:50%\">\n<h2 class=\"wp-block-heading\">T\u00ednh n\u0103ng c\u1ee7a d\u1ea7u Amino Silicone:<\/h2>\n\n\n\n<p><strong>T\u0103ng c\u01b0\u1eddng \u0111\u1ed9 m\u1ec1m m\u1ea1i v\u00e0 m\u1ecbn m\u00e0ng:<\/strong> Ch\u1ea5t l\u00e0m m\u1ec1m silicon k\u1ef5 n\u01b0\u1edbc n\u00e0y mang l\u1ea1i cho h\u1ed7n h\u1ee3p spandex \u0111\u1ed9 m\u1ec1m m\u1ea1i v\u00e0 m\u1ecbn m\u00e0ng \u0111\u1eb7c bi\u1ec7t, t\u0103ng c\u01b0\u1eddng s\u1ef1 tho\u1ea3i m\u00e1i t\u1ed5ng th\u1ec3 c\u1ee7a v\u1ea3i m\u00e0 kh\u00f4ng \u1ea3nh h\u01b0\u1edfng \u0111\u1ebfn \u0111\u1ed9 co gi\u00e3n.<\/p>\n\n\n\n<p><strong>Hi\u1ec7u su\u1ea5t silicon \u0111\u01b0\u1ee3c n\u00e2ng c\u1ea5p: <\/strong>L\u00e0 phi\u00ean b\u1ea3n ti\u00ean ti\u1ebfn h\u01a1n c\u1ee7a silicon amino truy\u1ec1n th\u1ed1ng, lo\u1ea1i silicon \u0111\u1ed3ng tr\u00f9ng h\u1ee3p nhi\u1ec1u kh\u1ed1i n\u00e0y c\u00f3 \u0111\u1ed9 b\u1ec1n cao h\u01a1n, \u0111\u1ed9 m\u1ec1m m\u1ea1i l\u00e2u d\u00e0i h\u01a1n v\u00e0 \u0111\u1ed9 ho\u00e0n thi\u1ec7n v\u1ea3i t\u1ed5ng th\u1ec3 t\u1ed1t h\u01a1n.<\/p>\n\n\n\n<p><strong>T\u00ednh k\u1ef5 n\u01b0\u1edbc: <\/strong>C\u00f3 \u0111\u1eb7c t\u00ednh k\u1ef5 n\u01b0\u1edbc, gi\u1ea3m kh\u1ea3 n\u0103ng h\u1ea5p th\u1ee5 n\u01b0\u1edbc v\u00e0 l\u00e0m cho v\u1ea3i c\u00f3 kh\u1ea3 n\u0103ng ch\u1ed1ng n\u01b0\u1edbc t\u1ed1t h\u01a1n nh\u01b0ng v\u1eabn duy tr\u00ec kh\u1ea3 n\u0103ng tho\u00e1ng kh\u00ed.<\/p>\n\n\n\n<p><strong>\u0110\u1ed9 b\u1ec1n v\u1ea3i \u0111\u01b0\u1ee3c c\u1ea3i thi\u1ec7n:<\/strong> Duy tr\u00ec \u0111\u1ed9 m\u1ec1m m\u1ea1i v\u00e0 m\u1ecbn m\u00e0ng ngay c\u1ea3 sau nhi\u1ec1u l\u1ea7n gi\u1eb7t, k\u00e9o d\u00e0i tu\u1ed5i th\u1ecd c\u1ee7a v\u1ea3i pha spandex.<\/p>\n\n\n\n<h2 class=\"wp-block-heading\">D\u1ea7u silicon cho \u1ee9ng d\u1ee5ng d\u1ec7t may:<\/h2>\n\n\n\n<p><strong>Ho\u00e0n thi\u1ec7n v\u1ea3i pha Spandex:<\/strong> \u0110\u01b0\u1ee3c thi\u1ebft k\u1ebf d\u00e0nh ri\u00eang cho v\u1ea3i pha spandex, ch\u1ea5t l\u00e0m m\u1ec1m v\u1ea3i n\u00e0y gi\u00fap t\u0103ng \u0111\u1ed9 m\u1ec1m m\u1ea1i v\u00e0 m\u1ecbn m\u00e0ng c\u1ee7a v\u1ea3i, t\u1ea1o c\u1ea3m gi\u00e1c tho\u1ea3i m\u00e1i h\u01a1n khi m\u1eb7c v\u00e0 ch\u1ea1m v\u00e0o.<\/p>\n\n\n\n<p><strong>\u0110\u1ed3 th\u1ec3 thao v\u00e0 \u0111\u1ed3 m\u1eb7c th\u01b0\u1eddng ng\u00e0y: <\/strong>\u0110\u1ea3m b\u1ea3o c\u1ea3m gi\u00e1c m\u1ecbn m\u00e0ng, tho\u1ea3i m\u00e1i trong khi v\u1eabn duy tr\u00ec \u0111\u1ed9 co gi\u00e3n v\u00e0 kh\u1ea3 n\u0103ng th\u1ea5m \u1ea9m c\u1ee7a v\u1ea3i.<\/p>\n\n\n\n<p><strong>\u0110\u1ed3 b\u01a1i v\u00e0 \u0111\u1ed3 l\u00f3t: <\/strong>Th\u00edch h\u1ee3p cho v\u1ea3i \u0111\u1ed3 b\u01a1i v\u00e0 \u0111\u1ed3 l\u00f3t c\u1ea7n b\u1ec1 m\u1eb7t m\u1ecbn, m\u1ec1m m\u1ea1i v\u00e0 c\u00f3 t\u00ednh ch\u1ea5t k\u1ef5 n\u01b0\u1edbc, \u0111\u1ea3m b\u1ea3o v\u1ea3i gi\u1eef \u0111\u01b0\u1ee3c \u0111\u1ed9 m\u1ec1m m\u1ea1i v\u00e0 h\u00ecnh d\u1ea1ng ngay c\u1ea3 khi \u1edf trong n\u01b0\u1edbc.<\/p>\n<\/div>\n\n\n\n<div class=\"wp-block-column is-layout-flow wp-block-column-is-layout-flow\" style=\"flex-basis:50%\">\n<figure class=\"wp-block-image size-full\"><img decoding=\"async\" width=\"800\" height=\"800\" src=\"https:\/\/www.bluelakechem.com\/wp-content\/uploads\/2024\/12\/Amino-Silicone-Oil.webp\" alt=\"D\u1ea7u silicon amino\" class=\"wp-image-1464\" srcset=\"https:\/\/www.bluelakechem.com\/wp-content\/uploads\/2024\/12\/Amino-Silicone-Oil.webp 800w, https:\/\/www.bluelakechem.com\/wp-content\/uploads\/2024\/12\/Amino-Silicone-Oil-300x300.webp 300w, https:\/\/www.bluelakechem.com\/wp-content\/uploads\/2024\/12\/Amino-Silicone-Oil-150x150.webp 150w, https:\/\/www.bluelakechem.com\/wp-content\/uploads\/2024\/12\/Amino-Silicone-Oil-768x768.webp 768w, https:\/\/www.bluelakechem.com\/wp-content\/uploads\/2024\/12\/Amino-Silicone-Oil-12x12.webp 12w, https:\/\/www.bluelakechem.com\/wp-content\/uploads\/2024\/12\/Amino-Silicone-Oil-600x600.webp 600w, https:\/\/www.bluelakechem.com\/wp-content\/uploads\/2024\/12\/Amino-Silicone-Oil-100x100.webp 100w\" sizes=\"(max-width: 800px) 100vw, 800px\" \/><\/figure>\n<\/div>\n<\/div>","protected":false},"excerpt":{"rendered":"<p>D\u1ea7u amino silicone k\u1ef5 n\u01b0\u1edbc cho v\u1ea3i cotton, viscose v\u00e0 spandex. Mang l\u1ea1i \u0111\u1ed9 m\u1ec1m m\u1ea1i, m\u1ecbn m\u00e0ng v\u00e0 kh\u1ea3 n\u0103ng ch\u1ed1ng n\u01b0\u1edbc v\u01b0\u1ee3t tr\u1ed9i. L\u00fd t\u01b0\u1edfng \u0111\u1ec3 t\u0103ng c\u01b0\u1eddng c\u1ea3m gi\u00e1c v\u00e0 \u0111\u1ed9 b\u1ec1n c\u1ee7a v\u1ea3i, c\u1ea3i thi\u1ec7n kh\u1ea3 n\u0103ng gi\u1eef \u0111\u1ed9 \u0111\u00e0n h\u1ed3i \u0111\u1ed3ng th\u1eddi duy tr\u00ec l\u1edbp ho\u00e0n thi\u1ec7n sang tr\u1ecdng.<\/p>\n<p><strong>S\u1ed1 hi\u1ec7u m\u1eabu<\/strong>81016<\/p>","protected":false},"featured_media":1464,"comment_status":"closed","ping_status":"closed","template":"","meta":{"_acf_changed":false},"material":[26,30,34],"process":[23,42,24],"product_brand":[],"product_cat":[15],"product_tag":[],"class_list":{"0":"post-1013","1":"product","2":"type-product","3":"status-publish","4":"has-post-thumbnail","6":"material-cotton-agent","7":"material-viscose-chemicals","8":"material-fabric-chemicals","9":"process-textile-finishing-chemicals","10":"process-softener","11":"process-silicone-oil","12":"product_cat-uncategorized","14":"first","15":"instock","16":"shipping-taxable","17":"product-type-simple"},"acf":[],"_links":{"self":[{"href":"https:\/\/www.bluelakechem.com\/vi\/wp-json\/wp\/v2\/product\/1013","targetHints":{"allow":["GET"]}}],"collection":[{"href":"https:\/\/www.bluelakechem.com\/vi\/wp-json\/wp\/v2\/product"}],"about":[{"href":"https:\/\/www.bluelakechem.com\/vi\/wp-json\/wp\/v2\/types\/product"}],"replies":[{"embeddable":true,"href":"https:\/\/www.bluelakechem.com\/vi\/wp-json\/wp\/v2\/comments?post=1013"}],"wp:featuredmedia":[{"embeddable":true,"href":"https:\/\/www.bluelakechem.com\/vi\/wp-json\/wp\/v2\/media\/1464"}],"wp:attachment":[{"href":"https:\/\/www.bluelakechem.com\/vi\/wp-json\/wp\/v2\/media?parent=1013"}],"wp:term":[{"taxonomy":"material","embeddable":true,"href":"https:\/\/www.bluelakechem.com\/vi\/wp-json\/wp\/v2\/material?post=1013"},{"taxonomy":"process","embeddable":true,"href":"https:\/\/www.bluelakechem.com\/vi\/wp-json\/wp\/v2\/process?post=1013"},{"taxonomy":"product_brand","embeddable":true,"href":"https:\/\/www.bluelakechem.com\/vi\/wp-json\/wp\/v2\/product_brand?post=1013"},{"taxonomy":"product_cat","embeddable":true,"href":"https:\/\/www.bluelakechem.com\/vi\/wp-json\/wp\/v2\/product_cat?post=1013"},{"taxonomy":"product_tag","embeddable":true,"href":"https:\/\/www.bluelakechem.com\/vi\/wp-json\/wp\/v2\/product_tag?post=1013"}],"curies":[{"name":"wp","href":"https:\/\/api.w.org\/{rel}","templated":true}]}}