{"id":1022,"date":"2024-12-17T08:36:15","date_gmt":"2024-12-17T08:36:15","guid":{"rendered":"https:\/\/www.bluelakechem.com\/?post_type=product&#038;p=1022"},"modified":"2025-07-02T01:42:00","modified_gmt":"2025-07-02T01:42:00","slug":"silicone-fabric-softener","status":"publish","type":"product","link":"https:\/\/www.bluelakechem.com\/vi\/product\/silicone-fabric-softener\/","title":{"rendered":"N\u01b0\u1edbc x\u1ea3 v\u1ea3i silicon m\u1ec1m m\u1ecbn \u00edt ng\u1ea3 v\u00e0ng Ch\u1ea5t ho\u00e0n thi\u1ec7n v\u1ea3i"},"content":{"rendered":"<div class=\"wp-block-columns is-layout-flex wp-container-core-columns-is-layout-9d6595d7 wp-block-columns-is-layout-flex\">\n<div class=\"wp-block-column is-layout-flow wp-block-column-is-layout-flow\" style=\"flex-basis:50%\">\n<h2 class=\"wp-block-heading\">T\u00ednh n\u0103ng c\u1ee7a n\u01b0\u1edbc x\u1ea3 v\u1ea3i silicon:<\/h2>\n\n\n\n<p><strong>\u0110\u1ed9 m\u1ec1m m\u1ea1i v\u01b0\u1ee3t tr\u1ed9i:<\/strong> N\u01b0\u1edbc x\u1ea3 v\u1ea3i silicon c\u1ea3i thi\u1ec7n \u0111\u00e1ng k\u1ec3 \u0111\u1ed9 m\u1ec1m m\u1ea1i c\u1ee7a v\u1ea3i, mang l\u1ea1i cho v\u1ea3i c\u1ea3m gi\u00e1c m\u1ecbn m\u00e0ng v\u00e0 tinh t\u1ebf, t\u1ea1o c\u1ea3m gi\u00e1c tho\u1ea3i m\u00e1i h\u01a1n.<br><strong>\u0110\u1ed9 \u0111\u00e0n h\u1ed3i v\u00e0 ph\u1ee5c h\u1ed3i \u0111\u01b0\u1ee3c c\u1ea3i thi\u1ec7n:<\/strong> C\u1ea3i thi\u1ec7n \u0111\u1ed9 \u0111\u00e0n h\u1ed3i v\u00e0 ph\u1ee5c h\u1ed3i h\u00ecnh d\u1ea1ng c\u1ee7a v\u1ea3i, \u0111\u1eb7c bi\u1ec7t th\u00edch h\u1ee3p cho v\u1ea3i spandex v\u00e0 c\u00e1c lo\u1ea1i v\u1ea3i \u0111\u00e0n h\u1ed3i kh\u00e1c, gi\u00fap v\u1ea3i ch\u1eafc ch\u1eafn v\u00e0 kh\u00f4ng b\u1ecb bi\u1ebfn d\u1ea1ng.<br><strong>\u0110\u1ed9 v\u00e0ng c\u1ef1c th\u1ea5p: <\/strong>C\u00f4ng th\u1ee9c kh\u00f4ng d\u1ec5 b\u1ecb \u1ed1 v\u00e0ng, \u0111\u1eb7c bi\u1ec7t th\u00edch h\u1ee3p \u0111\u1ec3 ho\u00e0n thi\u1ec7n v\u1ea3i tr\u1eafng v\u00e0 s\u00e1ng m\u00e0u, \u0111\u1ea3m b\u1ea3o duy tr\u00ec m\u00e0u s\u1eafc v\u00e0 h\u1ecda ti\u1ebft ban \u0111\u1ea7u trong th\u1eddi gian d\u00e0i.<br><strong>Kh\u1ea3 n\u0103ng gi\u1eb7t l\u00e2u d\u00e0i:<\/strong> N\u01b0\u1edbc x\u1ea3 v\u1ea3i silicon c\u00f3 t\u00e1c d\u1ee5ng l\u00e2u d\u00e0i v\u00e0 gi\u1eef \u0111\u01b0\u1ee3c \u0111\u1ed9 m\u1ec1m m\u1ea1i, m\u1ecbn m\u00e0ng sau nhi\u1ec1u l\u1ea7n gi\u1eb7t, gi\u00fap t\u0103ng \u0111\u1ed9 b\u1ec1n c\u1ee7a v\u1ea3i.<br><strong>An to\u00e0n v\u1edbi m\u00f4i tr\u01b0\u1eddng:<\/strong> C\u00f4ng th\u1ee9c kh\u00f4ng \u0111\u1ed9c h\u1ea1i v\u00e0 th\u00e2n thi\u1ec7n v\u1edbi m\u00f4i tr\u01b0\u1eddng \u0111\u00e1p \u1ee9ng c\u00e1c ti\u00eau chu\u1ea9n hi\u1ec7n \u0111\u1ea1i. \u00c1p d\u1ee5ng c\u00e1c c\u00f4ng th\u1ee9c kh\u00f4ng \u0111\u1ed9c h\u1ea1i v\u00e0 th\u00e2n thi\u1ec7n v\u1edbi m\u00f4i tr\u01b0\u1eddng, ph\u00f9 h\u1ee3p v\u1edbi c\u00e1c ti\u00eau chu\u1ea9n m\u00f4i tr\u01b0\u1eddng c\u1ee7a ng\u00e0nh d\u1ec7t may hi\u1ec7n \u0111\u1ea1i, an to\u00e0n v\u00e0 \u0111\u00e1ng tin c\u1eady.<\/p>\n\n\n\n<h2 class=\"wp-block-heading\">\u1ee8ng d\u1ee5ng c\u1ee7a ch\u1ea5t l\u00e0m m\u1ec1m v\u1ea3i silicon:<\/h2>\n\n\n\n<p><strong>V\u1ea3i Cotton v\u00e0 Cellulose: <\/strong>N\u01b0\u1edbc x\u1ea3 v\u1ea3i silicon \u0111\u01b0\u1ee3c s\u1eed d\u1ee5ng r\u1ed9ng r\u00e3i trong v\u1ea3i cotton, viscose v\u00e0 c\u00e1c lo\u1ea1i v\u1ea3i cellulose kh\u00e1c \u0111\u1ec3 c\u1ea3i thi\u1ec7n \u0111\u1ed9 m\u1ec1m m\u1ea1i v\u00e0 m\u1ecbn m\u00e0ng c\u1ee7a v\u1ea3i, \u0111\u1ed3ng th\u1eddi t\u0103ng c\u01b0\u1eddng c\u1ea3m gi\u00e1c s\u1edd tay v\u00e0 ch\u1ea5t l\u01b0\u1ee3ng.<br><strong>V\u1ea3i co gi\u00e3n: <\/strong>\u0110\u1eb7c bi\u1ec7t th\u00edch h\u1ee3p cho v\u1ea3i spandex, v\u1ea3i pha lycra v\u00e0 c\u00e1c lo\u1ea1i v\u1ea3i c\u00f3 \u0111\u1ed9 \u0111\u00e0n h\u1ed3i cao kh\u00e1c, gi\u00fap v\u1ea3i m\u1ec1m m\u1ea1i, \u0111\u00e0n h\u1ed3i v\u00e0 gi\u1eef \u0111\u01b0\u1ee3c h\u00ecnh d\u1ea1ng \u1ed5n \u0111\u1ecbnh.<br><strong>V\u1ea3i d\u1ec7t thoi v\u00e0 v\u1ea3i \u0111an:<\/strong> \u0110\u01b0\u1ee3c s\u1eed d\u1ee5ng trong v\u1ea3i d\u1ec7t thoi v\u00e0 v\u1ea3i \u0111an \u0111\u1ec3 t\u0103ng \u0111\u1ed9 m\u1ecbn v\u00e0 c\u1ea3m gi\u00e1c c\u1ee7a v\u1ea3i, ph\u00f9 h\u1ee3p v\u1edbi qu\u1ea7n \u00e1o th\u1eddi trang v\u00e0 qu\u1ea7n \u00e1o ch\u1ee9c n\u0103ng.<br><strong>\u0110\u1ed3 th\u1ec3 thao v\u00e0 v\u1ea3i th\u01b0\u1eddng ng\u00e0y:<\/strong> Ho\u00e0n thi\u1ec7n cho \u0111\u1ed3 th\u1ec3 thao v\u00e0 \u0111\u1ed3 th\u01b0\u1eddng ng\u00e0y \u0111\u1ec3 t\u0103ng \u0111\u1ed9 m\u1ec1m m\u1ea1i, \u0111\u1ed9 \u0111\u00e0n h\u1ed3i v\u00e0 kh\u1ea3 n\u0103ng gi\u1eb7t c\u1ee7a v\u1ea3i, \u0111\u1ed3ng th\u1eddi c\u1ea3i thi\u1ec7n s\u1ef1 tho\u1ea3i m\u00e1i khi m\u1eb7c.<br><strong>V\u1ea3i ch\u1ee9c n\u0103ng: <\/strong>N\u01b0\u1edbc x\u1ea3 v\u1ea3i silicon \u0111\u01b0\u1ee3c s\u1eed d\u1ee5ng trong c\u00e1c lo\u1ea1i v\u1ea3i ch\u1ee9c n\u0103ng nh\u01b0 y t\u1ebf, \u0111\u1ed3 b\u1ea3o h\u1ed9 lao \u0111\u1ed9ng, qu\u1ea7n \u00e1o b\u1ea3o h\u1ed9, v.v. \u0111\u1ec3 t\u0103ng c\u01b0\u1eddng \u0111\u1ed9 m\u1ec1m m\u1ea1i v\u00e0 kh\u1ea3 n\u0103ng ch\u1ed1ng t\u0129nh \u0111i\u1ec7n trong khi v\u1eabn duy tr\u00ec ch\u1ee9c n\u0103ng ban \u0111\u1ea7u c\u1ee7a v\u1ea3i.<br><strong>V\u1ea3i th\u1eddi trang:<\/strong> N\u01b0\u1edbc x\u1ea3 v\u1ea3i silicon \u0111\u01b0\u1ee3c s\u1eed d\u1ee5ng trong c\u00e1c lo\u1ea1i v\u1ea3i may m\u1eb7c cao c\u1ea5p nh\u01b0 l\u1ee5a, len v\u00e0 s\u1ee3i t\u1ed5ng h\u1ee3p \u0111\u1ec3 t\u0103ng th\u00eam k\u1ebft c\u1ea5u cao c\u1ea5p v\u00e0 s\u1ef1 tho\u1ea3i m\u00e1i khi m\u1eb7c.<\/p>\n<\/div>\n\n\n\n<div class=\"wp-block-column is-layout-flow wp-block-column-is-layout-flow\" style=\"flex-basis:50%\">\n<figure class=\"wp-block-embed is-type-video is-provider-youtube wp-block-embed-youtube wp-embed-aspect-16-9 wp-has-aspect-ratio\"><div class=\"wp-block-embed__wrapper\">\n<iframe title=\"Ch\u1ea5t l\u00e0m m\u1ec1m silicone m\u1ec1m m\u1ea1i v\u00e0 m\u1ecbn m\u00e0ng mang l\u1ea1i \u0111\u1ed9 \u0111\u00e0n h\u1ed3i cho tay c\u1ea7m.#Smooth #Fluffy #Finishing\" width=\"500\" height=\"281\" src=\"https:\/\/www.youtube.com\/embed\/2SMWAHAJ9Y0?feature=oembed\" frameborder=\"0\" allow=\"accelerometer; autoplay; clipboard-write; encrypted-media; gyroscope; picture-in-picture; web-share\" referrerpolicy=\"strict-origin-when-cross-origin\" allowfullscreen><\/iframe>\n<\/div><\/figure>\n\n\n\n<figure class=\"wp-block-image size-full\"><img decoding=\"async\" width=\"1363\" height=\"1701\" src=\"https:\/\/www.bluelakechem.com\/wp-content\/uploads\/2024\/12\/Silicone-Softener-95001.webp\" alt=\"Ch\u1ea5t l\u00e0m m\u1ec1m silicon\" class=\"wp-image-2420\" srcset=\"https:\/\/www.bluelakechem.com\/wp-content\/uploads\/2024\/12\/Silicone-Softener-95001.webp 1363w, https:\/\/www.bluelakechem.com\/wp-content\/uploads\/2024\/12\/Silicone-Softener-95001-240x300.webp 240w, https:\/\/www.bluelakechem.com\/wp-content\/uploads\/2024\/12\/Silicone-Softener-95001-768x958.webp 768w, https:\/\/www.bluelakechem.com\/wp-content\/uploads\/2024\/12\/Silicone-Softener-95001-10x12.webp 10w, https:\/\/www.bluelakechem.com\/wp-content\/uploads\/2024\/12\/Silicone-Softener-95001-1200x1498.webp 1200w, https:\/\/www.bluelakechem.com\/wp-content\/uploads\/2024\/12\/Silicone-Softener-95001-600x749.webp 600w\" sizes=\"(max-width: 1363px) 100vw, 1363px\" \/><\/figure>\n\n\n\n<h2 class=\"wp-block-heading\">T\u00ednh ch\u1ea5t c\u1ee7a ch\u1ea5t l\u00e0m m\u1ec1m v\u1ea3i silicone:<\/h2>\n\n\n\n<figure class=\"wp-block-table\"><table class=\"has-fixed-layout\"><tbody><tr><td>V\u1ebb b\u1ec1 ngo\u00e0i:<\/td><td>Ch\u1ea5t l\u1ecfng trong su\u1ed1t v\u00e0 \u0111\u1ee5c.<\/td><\/tr><tr><td>T\u00ednh ion:<\/td><td>Cation y\u1ebfu<\/td><\/tr><tr><td>Gi\u00e1 tr\u1ecb pH:<\/td><td>6,2 \u00b1 0,5 (dung d\u1ecbch n\u01b0\u1edbc 1%)<\/td><\/tr><tr><td>\u0110\u1ed9 h\u00f2a tan:<\/td><td>H\u00f2a tan trong n\u01b0\u1edbc<\/td><\/tr><\/tbody><\/table><\/figure>\n\n\n\n<h2 class=\"wp-block-heading\">H\u01b0\u1edbng d\u1eabn s\u1eed d\u1ee5ng ch\u1ea5t l\u00e0m m\u1ec1m v\u1ea3i silicone:<\/h2>\n\n\n\n<p>1. N\u00ean s\u1eed d\u1ee5ng trong qu\u00e1 tr\u00ecnh \u0111\u1ec7m.<\/p>\n\n\n\n<ol class=\"wp-block-list\">\n<li><\/li>\n<\/ol>\n\n\n\n<p>Li\u1ec1u l\u01b0\u1ee3ng tham kh\u1ea3o: 10~30 g\/L.<\/p>\n\n\n\n<p>Stenter: 150~180\u00b0C \u00d7 50~60 gi\u00e2y<\/p>\n\n\n\n<p>(\u0110\u1ed1i v\u1edbi c\u00e1c quy tr\u00ecnh kh\u00e1c nhau, vui l\u00f2ng \u0111i\u1ec1u ch\u1ec9nh li\u1ec1u l\u01b0\u1ee3ng theo k\u1ebft qu\u1ea3 th\u1eed nghi\u1ec7m m\u1eabu.)<\/p>\n\n\n\n<p>2. \u0110\u1ed1i v\u1edbi tay c\u1ea7m \u0111\u1ed9c \u0111\u00e1o, n\u00f3 c\u00f3 th\u1ec3 \u0111\u01b0\u1ee3c s\u1eed d\u1ee5ng k\u1ebft h\u1ee3p v\u1edbi c\u00e1c ch\u1ea5t ho\u00e0n thi\u1ec7n kh\u00e1c.<\/p>\n\n\n\n<p>Vui l\u00f2ng th\u1ef1c hi\u1ec7n th\u1eed nghi\u1ec7m t\u01b0\u01a1ng th\u00edch tr\u01b0\u1edbc khi s\u1eed d\u1ee5ng.<\/p>\n<\/div>\n<\/div>","protected":false},"excerpt":{"rendered":"<p>D\u1ea7u silicone d\u1ea1ng kh\u1ed1i bi\u1ebfn t\u00ednh, m\u1ed9t ch\u1ea5t l\u00e0m m\u1ec1m v\u1ea3i silicone cao c\u1ea5p, mang l\u1ea1i l\u1edbp ho\u00e0n thi\u1ec7n m\u1ecbn m\u00e0ng, \u0111\u00e0n h\u1ed3i cho nhi\u1ec1u lo\u1ea1i s\u1ee3i kh\u00e1c nhau. N\u00f3 t\u0103ng c\u01b0\u1eddng \u0111\u1ed9 m\u1ec1m m\u1ea1i, \u0111\u1ed9 \u0111\u00e0n h\u1ed3i v\u00e0 k\u1ebft c\u1ea5u v\u1edbi hi\u1ec7u \u1ee9ng l\u00e2u d\u00e0i, l\u00e0m cho n\u00f3 tr\u1edf n\u00ean ho\u00e0n h\u1ea3o \u0111\u1ec3 c\u1ea3i thi\u1ec7n k\u1ebft c\u1ea5u v\u00e0 hi\u1ec7u su\u1ea5t c\u1ee7a nhi\u1ec1u lo\u1ea1i h\u00e0ng d\u1ec7t may.<\/p>\n<p><strong>S\u1ed1 hi\u1ec7u m\u1eabu<\/strong>95001<\/p>","protected":false},"featured_media":1466,"comment_status":"closed","ping_status":"closed","template":"","meta":{"_acf_changed":false},"material":[26,27,28,29,30,31,32,33,34],"process":[23,42,24],"product_brand":[],"product_cat":[15],"product_tag":[],"class_list":{"0":"post-1022","1":"product","2":"type-product","3":"status-publish","4":"has-post-thumbnail","6":"material-cotton-agent","7":"material-polyester-chemicals","8":"material-nylon-agent","9":"material-acrylic-chemicals","10":"material-viscose-chemicals","11":"material-wool-auxiliary","12":"material-linen-chemicals","13":"material-silk-chemicals","14":"material-fabric-chemicals","15":"process-textile-finishing-chemicals","16":"process-softener","17":"process-silicone-oil","18":"product_cat-uncategorized","20":"first","21":"instock","22":"shipping-taxable","23":"product-type-simple"},"acf":[],"_links":{"self":[{"href":"https:\/\/www.bluelakechem.com\/vi\/wp-json\/wp\/v2\/product\/1022","targetHints":{"allow":["GET"]}}],"collection":[{"href":"https:\/\/www.bluelakechem.com\/vi\/wp-json\/wp\/v2\/product"}],"about":[{"href":"https:\/\/www.bluelakechem.com\/vi\/wp-json\/wp\/v2\/types\/product"}],"replies":[{"embeddable":true,"href":"https:\/\/www.bluelakechem.com\/vi\/wp-json\/wp\/v2\/comments?post=1022"}],"wp:featuredmedia":[{"embeddable":true,"href":"https:\/\/www.bluelakechem.com\/vi\/wp-json\/wp\/v2\/media\/1466"}],"wp:attachment":[{"href":"https:\/\/www.bluelakechem.com\/vi\/wp-json\/wp\/v2\/media?parent=1022"}],"wp:term":[{"taxonomy":"material","embeddable":true,"href":"https:\/\/www.bluelakechem.com\/vi\/wp-json\/wp\/v2\/material?post=1022"},{"taxonomy":"process","embeddable":true,"href":"https:\/\/www.bluelakechem.com\/vi\/wp-json\/wp\/v2\/process?post=1022"},{"taxonomy":"product_brand","embeddable":true,"href":"https:\/\/www.bluelakechem.com\/vi\/wp-json\/wp\/v2\/product_brand?post=1022"},{"taxonomy":"product_cat","embeddable":true,"href":"https:\/\/www.bluelakechem.com\/vi\/wp-json\/wp\/v2\/product_cat?post=1022"},{"taxonomy":"product_tag","embeddable":true,"href":"https:\/\/www.bluelakechem.com\/vi\/wp-json\/wp\/v2\/product_tag?post=1022"}],"curies":[{"name":"wp","href":"https:\/\/api.w.org\/{rel}","templated":true}]}}