{"id":1028,"date":"2024-12-17T08:37:12","date_gmt":"2024-12-17T08:37:12","guid":{"rendered":"https:\/\/www.bluelakechem.com\/?post_type=product&#038;p=1028"},"modified":"2025-01-17T13:02:28","modified_gmt":"2025-01-17T13:02:28","slug":"silicone-oil-for-textile","status":"publish","type":"product","link":"https:\/\/www.bluelakechem.com\/vi\/product\/silicone-oil-for-textile\/","title":{"rendered":"D\u1ea7u silicon l\u00e0m s\u00e2u cho ch\u1ea5t ho\u00e0n thi\u1ec7n v\u1ea3i cellulose d\u1ec7t"},"content":{"rendered":"<div class=\"wp-block-columns is-layout-flex wp-container-core-columns-is-layout-9d6595d7 wp-block-columns-is-layout-flex\">\n<div class=\"wp-block-column is-layout-flow wp-block-column-is-layout-flow\" style=\"flex-basis:50%\">\n<h2 class=\"wp-block-heading\">D\u1ea7u silicon cho ng\u00e0nh d\u1ec7t may T\u00ednh n\u0103ng:<\/h2>\n\n\n\n<p>T\u0103ng c\u01b0\u1eddng \u0111\u1ed9 s\u00e2u m\u00e0u: Ch\u1ea5t l\u00e0m m\u1ec1m n\u00e0y l\u00e0m s\u00e2u \u0111\u00e1ng k\u1ec3 m\u00e0u v\u1ea3i l\u00ean \u0111\u1ebfn 35%, \u0111\u1eb7c bi\u1ec7t l\u00e0 \u0111\u1ed1i v\u1edbi c\u00e1c s\u1eafc th\u00e1i xanh lam-xanh l\u1ee5c. N\u00f3 t\u0103ng c\u01b0\u1eddng \u0111\u1ed9 r\u1ef1c r\u1ee1 c\u1ee7a m\u00e0u s\u1eafc, l\u00e0m cho v\u1ea3i tr\u00f4ng phong ph\u00fa v\u00e0 s\u00e2u h\u01a1n.<\/p>\n\n\n\n<p>C\u1ea3i thi\u1ec7n hi\u1ec7u su\u1ea5t nhu\u1ed9m: Gi\u00fap gi\u1ea3m vi\u1ec7c s\u1eed d\u1ee5ng thu\u1ed1c nhu\u1ed9m \u0111\u1eaft ti\u1ec1n v\u00e0 c\u1ea3i thi\u1ec7n \u0111\u1ed9 b\u00e3o h\u00f2a c\u1ee7a thu\u1ed1c nhu\u1ed9m r\u1ebb ti\u1ec1n, gi\u00fap qu\u00e1 tr\u00ecnh nhu\u1ed9m ti\u1ebft ki\u1ec7m chi ph\u00ed h\u01a1n.<\/p>\n\n\n\n<p>\u0110\u1ed1i v\u1edbi v\u1ea3i xenlulo: T\u0103ng c\u01b0\u1eddng \u0111\u1ed9 m\u1ec1m m\u1ea1i v\u00e0 \u0111\u1ed9 ho\u00e0n thi\u1ec7n c\u1ee7a v\u1ea3i (cotton, viscose v\u00e0 c\u00e1c lo\u1ea1i v\u1ea3i c\u00f3 ngu\u1ed3n g\u1ed1c xenlulo kh\u00e1c) \u0111\u1ed3ng th\u1eddi c\u1ea3i thi\u1ec7n \u0111\u1ed9 s\u00e2u c\u1ee7a m\u00e0u s\u1eafc.<\/p>\n\n\n\n<p>B\u1ec1 m\u1eb7t m\u1ec1m m\u1ea1i v\u00e0 m\u1ecbn m\u00e0ng: Mang l\u1ea1i c\u1ea3m gi\u00e1c m\u1ecbn m\u00e0ng, m\u1ec1m m\u1ea1i cho v\u1ea3i, t\u0103ng c\u01b0\u1eddng c\u1ea3m gi\u00e1c v\u00e0 v\u1ebb ngo\u00e0i c\u1ee7a h\u00e0ng d\u1ec7t may th\u00e0nh ph\u1ea9m.<\/p>\n\n\n\n<h2 class=\"wp-block-heading\">Silicone cho \u1ee9ng d\u1ee5ng d\u1ec7t may:<\/h2>\n\n\n\n<p><strong>Nhu\u1ed9m Cotton v\u00e0 Viscose:<\/strong> Th\u00edch h\u1ee3p \u0111\u1ec3 l\u00e0m \u0111\u1eadm m\u00e0u v\u1ea3i cotton, viscose v\u00e0 c\u00e1c lo\u1ea1i v\u1ea3i l\u00e0m t\u1eeb xenlulo kh\u00e1c, \u0111\u1eb7c bi\u1ec7t l\u00e0 t\u00f4ng m\u00e0u xanh ng\u1ecdc, gi\u00fap v\u1ea3i s\u1ed1ng \u0111\u1ed9ng v\u00e0 \u0111\u1eb9p m\u1eaft h\u01a1n.<\/p>\n\n\n\n<p><strong>Quy tr\u00ecnh nhu\u1ed9m ti\u1ebft ki\u1ec7m chi ph\u00ed:<\/strong> L\u00fd t\u01b0\u1edfng cho c\u00e1c nh\u00e0 s\u1ea3n xu\u1ea5t mu\u1ed1n t\u0103ng c\u01b0\u1eddng s\u1eafc \u0111\u1ed9 c\u1ee7a thu\u1ed1c nhu\u1ed9m gi\u00e1 r\u1ebb, t\u1ea1o ra m\u00e0u s\u1eafc s\u1ed1ng \u0111\u1ed9ng h\u01a1n m\u00e0 kh\u00f4ng t\u1ed1n k\u00e9m chi ph\u00ed cho thu\u1ed1c nhu\u1ed9m cao c\u1ea5p.<\/p>\n\n\n\n<p><strong>\u0110\u1ed3 d\u1ec7t gia d\u1ee5ng: <\/strong>Th\u00edch h\u1ee3p \u0111\u1ec3 l\u00e0m \u0111\u1eadm m\u00e0u c\u00e1c s\u1ea3n ph\u1ea9m d\u1ec7t gia d\u1ee5ng nh\u01b0 ga tr\u1ea3i gi\u01b0\u1eddng, kh\u0103n t\u1eafm v\u00e0 r\u00e8m c\u1eeda, mang l\u1ea1i v\u1ebb sang tr\u1ecdng h\u01a1n cho v\u1ea3i trang tr\u00ed gia \u0111\u00ecnh.<\/p>\n\n\n\n<p><strong>V\u1ea3i Denim v\u00e0 D\u1ec7t may th\u1eddi trang: <\/strong>Th\u00edch h\u1ee3p cho th\u1eddi trang v\u00e0 h\u00e0ng d\u1ec7t denim, khi vi\u1ec7c \u0111\u1ea1t \u0111\u01b0\u1ee3c m\u00e0u s\u1eafc \u0111\u1eadm, r\u1ef1c r\u1ee1 l\u00e0 \u0111i\u1ec1u c\u1ea7n thi\u1ebft cho phong c\u00e1ch t\u1ed5ng th\u1ec3 v\u00e0 s\u1ee9c h\u1ea5p d\u1eabn c\u1ee7a m\u1ed9t b\u1ed9 trang ph\u1ee5c.<\/p>\n\n\n\n<p><strong>Nhu\u1ed9m m\u00e0u xanh ng\u1ecdc: <\/strong>\u0110\u1eb7c bi\u1ec7t h\u1eefu \u00edch \u0111\u1ec3 t\u0103ng c\u01b0\u1eddng t\u00f4ng m\u00e0u xanh ng\u1ecdc, \u0111\u1ea3m b\u1ea3o v\u1ea3i nhu\u1ed9m c\u00f3 m\u00e0u s\u1eafc r\u1ef1c r\u1ee1, phong ph\u00fa v\u00e0 b\u1ec1n l\u00e2u.<\/p>\n<\/div>\n\n\n\n<div class=\"wp-block-column is-layout-flow wp-block-column-is-layout-flow\" style=\"flex-basis:50%\">\n<figure class=\"wp-block-image size-full\"><img decoding=\"async\" width=\"800\" height=\"800\" src=\"https:\/\/www.bluelakechem.com\/wp-content\/uploads\/2024\/12\/silicone-oil-for-textile-1.webp\" alt=\"d\u1ea7u silicon cho ng\u00e0nh d\u1ec7t\" class=\"wp-image-1465\" srcset=\"https:\/\/www.bluelakechem.com\/wp-content\/uploads\/2024\/12\/silicone-oil-for-textile-1.webp 800w, https:\/\/www.bluelakechem.com\/wp-content\/uploads\/2024\/12\/silicone-oil-for-textile-1-300x300.webp 300w, https:\/\/www.bluelakechem.com\/wp-content\/uploads\/2024\/12\/silicone-oil-for-textile-1-150x150.webp 150w, https:\/\/www.bluelakechem.com\/wp-content\/uploads\/2024\/12\/silicone-oil-for-textile-1-768x768.webp 768w, https:\/\/www.bluelakechem.com\/wp-content\/uploads\/2024\/12\/silicone-oil-for-textile-1-12x12.webp 12w, https:\/\/www.bluelakechem.com\/wp-content\/uploads\/2024\/12\/silicone-oil-for-textile-1-600x600.webp 600w, https:\/\/www.bluelakechem.com\/wp-content\/uploads\/2024\/12\/silicone-oil-for-textile-1-100x100.webp 100w\" sizes=\"(max-width: 800px) 100vw, 800px\" \/><\/figure>\n<\/div>\n<\/div>","protected":false},"excerpt":{"rendered":"<p>D\u1ea7u silicon Deepening cho h\u00e0ng d\u1ec7t may cung c\u1ea5p l\u1edbp ho\u00e0n thi\u1ec7n m\u1ec1m m\u1ea1i v\u00e0 t\u0103ng c\u01b0\u1eddng \u0111\u1ed9 s\u00e2u m\u00e0u. N\u00f3 mang l\u1ea1i hi\u1ec7u \u1ee9ng l\u00e0m s\u00e2u l\u00ean \u0111\u1ebfn 35%, \u0111\u1eb7c bi\u1ec7t l\u00e0 tr\u00ean c\u00e1c s\u1eafc th\u00e1i xanh lam-xanh l\u1ee5c, \u0111\u1ed3ng th\u1eddi gi\u1ea3m l\u01b0\u1ee3ng thu\u1ed1c nhu\u1ed9m s\u1eed d\u1ee5ng ho\u1eb7c c\u1ea3i thi\u1ec7n \u0111\u1ed9 b\u00e3o h\u00f2a c\u1ee7a thu\u1ed1c nhu\u1ed9m gi\u00e1 r\u1ebb h\u01a1n. N\u00f3 l\u00fd t\u01b0\u1edfng cho vi\u1ec7c ho\u00e0n thi\u1ec7n h\u00e0ng d\u1ec7t may hi\u1ec7u qu\u1ea3 v\u1ec1 m\u1eb7t chi ph\u00ed v\u00e0 ch\u1ea5t l\u01b0\u1ee3ng cao.<\/p>\n<p><strong>S\u1ed1 hi\u1ec7u m\u1eabu<\/strong>68243<\/p>","protected":false},"featured_media":1465,"comment_status":"closed","ping_status":"closed","template":"","meta":{"_acf_changed":false},"material":[26,30],"process":[23,42,24],"product_brand":[],"product_cat":[15],"product_tag":[],"class_list":{"0":"post-1028","1":"product","2":"type-product","3":"status-publish","4":"has-post-thumbnail","6":"material-cotton-agent","7":"material-viscose-chemicals","8":"process-textile-finishing-chemicals","9":"process-softener","10":"process-silicone-oil","11":"product_cat-uncategorized","13":"first","14":"instock","15":"shipping-taxable","16":"product-type-simple"},"acf":[],"_links":{"self":[{"href":"https:\/\/www.bluelakechem.com\/vi\/wp-json\/wp\/v2\/product\/1028","targetHints":{"allow":["GET"]}}],"collection":[{"href":"https:\/\/www.bluelakechem.com\/vi\/wp-json\/wp\/v2\/product"}],"about":[{"href":"https:\/\/www.bluelakechem.com\/vi\/wp-json\/wp\/v2\/types\/product"}],"replies":[{"embeddable":true,"href":"https:\/\/www.bluelakechem.com\/vi\/wp-json\/wp\/v2\/comments?post=1028"}],"wp:featuredmedia":[{"embeddable":true,"href":"https:\/\/www.bluelakechem.com\/vi\/wp-json\/wp\/v2\/media\/1465"}],"wp:attachment":[{"href":"https:\/\/www.bluelakechem.com\/vi\/wp-json\/wp\/v2\/media?parent=1028"}],"wp:term":[{"taxonomy":"material","embeddable":true,"href":"https:\/\/www.bluelakechem.com\/vi\/wp-json\/wp\/v2\/material?post=1028"},{"taxonomy":"process","embeddable":true,"href":"https:\/\/www.bluelakechem.com\/vi\/wp-json\/wp\/v2\/process?post=1028"},{"taxonomy":"product_brand","embeddable":true,"href":"https:\/\/www.bluelakechem.com\/vi\/wp-json\/wp\/v2\/product_brand?post=1028"},{"taxonomy":"product_cat","embeddable":true,"href":"https:\/\/www.bluelakechem.com\/vi\/wp-json\/wp\/v2\/product_cat?post=1028"},{"taxonomy":"product_tag","embeddable":true,"href":"https:\/\/www.bluelakechem.com\/vi\/wp-json\/wp\/v2\/product_tag?post=1028"}],"curies":[{"name":"wp","href":"https:\/\/api.w.org\/{rel}","templated":true}]}}