{"id":1030,"date":"2024-12-17T08:26:44","date_gmt":"2024-12-17T08:26:44","guid":{"rendered":"https:\/\/www.bluelakechem.com\/?post_type=product&#038;p=1030"},"modified":"2025-06-17T08:25:07","modified_gmt":"2025-06-17T08:25:07","slug":"fabric-softening-agents","status":"publish","type":"product","link":"https:\/\/www.bluelakechem.com\/vi\/product\/fabric-softening-agents\/","title":{"rendered":"Ch\u1ea5t l\u00e0m m\u1ec1m v\u1ea3i H\u00f3a ch\u1ea5t ho\u00e0n thi\u1ec7n d\u1ec7t may cho Polyester, Nylon, Blen"},"content":{"rendered":"<div class=\"wp-block-columns is-layout-flex wp-container-core-columns-is-layout-9d6595d7 wp-block-columns-is-layout-flex\">\n<div class=\"wp-block-column is-layout-flow wp-block-column-is-layout-flow\" style=\"flex-basis:50%\">\n<h2 class=\"wp-block-heading\">T\u00ednh n\u0103ng c\u1ee7a ch\u1ea5t l\u00e0m m\u1ec1m v\u1ea3i:<\/h2>\n\n\n\n<p><strong>\u0110\u1ed9 m\u1ec1m m\u1ea1i \u0111\u01b0\u1ee3c c\u1ea3i thi\u1ec7n:<\/strong> Ch\u1ea5t l\u00e0m m\u1ec1m v\u1ea3i gi\u00fap c\u1ea3i thi\u1ec7n \u0111\u1ed9 m\u1ec1m m\u1ea1i v\u00e0 c\u1ea3m gi\u00e1c tho\u1ea3i m\u00e1i c\u1ee7a v\u1ea3i, gi\u00fap v\u1ea3i m\u1ecbn m\u00e0ng, nh\u1eb9 nh\u00e0ng v\u00e0 sang tr\u1ecdng khi ti\u1ebfp x\u00fac v\u1edbi da.<\/p>\n\n\n\n<p><strong>Tay c\u1ea7m \u0111\u01b0\u1ee3c c\u1ea3i ti\u1ebfn: <\/strong>Ch\u1ea5t l\u00e0m m\u1ec1m v\u1ea3i gi\u00fap c\u1ea3i thi\u1ec7n k\u1ebft c\u1ea5u chung c\u1ee7a v\u1ea3i b\u1eb1ng c\u00e1ch l\u00e0m cho v\u1ea3i m\u1ec1m h\u01a1n, d\u1ebbo dai h\u01a1n v\u00e0 b\u1edbt c\u1ee9ng h\u01a1n sau khi x\u1eed l\u00fd.<\/p>\n\n\n\n<p><strong>T\u00ednh ch\u1ea5t ch\u1ed1ng t\u0129nh \u0111i\u1ec7n:<\/strong> Ph\u1ea7n l\u1edbn c\u00e1c ch\u1ea5t l\u00e0m m\u1ec1m v\u1ea3i \u0111\u1ec1u c\u00f3 t\u00e1c d\u1ee5ng l\u00e0m gi\u1ea3m t\u0129nh \u0111i\u1ec7n tr\u00ean v\u1ea3i v\u00e0 do \u0111\u00f3 ng\u0103n ng\u1eeba t\u00ecnh tr\u1ea1ng v\u1ea3i b\u1ecb d\u00ednh v\u00e0 b\u00e1m b\u1ee5i, x\u01a1 v\u1ea3i.<\/p>\n\n\n\n<p><strong>C\u1ea3i thi\u1ec7n m\u00e0u s\u1eafc v\u00e0 \u0111\u1ed9 s\u00e1ng:<\/strong> Ch\u1ea5t l\u00e0m m\u1ec1m v\u1ea3i gi\u00fap t\u0103ng c\u01b0\u1eddng v\u1ebb \u0111\u1eb9p c\u1ee7a v\u1ea3i b\u1eb1ng c\u00e1ch mang l\u1ea1i cho v\u1ea3i v\u1ebb ngo\u00e0i m\u1ecbn m\u00e0ng, b\u00f3ng m\u01b0\u1ee3t v\u00e0 gi\u00fap gi\u1eef m\u00e0u s\u1eafc t\u01b0\u01a1i s\u00e1ng.<\/p>\n\n\n\n<p><strong>\u0110\u1ed9 m\u1ec1m m\u1ea1i l\u00e2u d\u00e0i:<\/strong> C\u00e1c t\u00e1c nh\u00e2n n\u00e0y duy tr\u00ec t\u00ednh ch\u1ea5t m\u1ec1m m\u1ea1i c\u1ee7a v\u1ea3i ngay c\u1ea3 sau nhi\u1ec1u l\u1ea7n gi\u1eb7t, khi\u1ebfn ch\u00fang kh\u00e1 hi\u1ec7u qu\u1ea3 khi s\u1eed d\u1ee5ng l\u00e2u d\u00e0i.<\/p>\n\n\n\n<p><strong>Gi\u1ea3m ma s\u00e1t v\u00e0 m\u00e0i m\u00f2n: <\/strong>B\u1eb1ng c\u00e1ch ph\u1ee7 l\u00ean v\u1ea3i m\u1ed9t l\u1edbp m\u1ec1m, m\u1ecbn, ch\u1ea5t l\u00e0m m\u1ec1m v\u1ea3i gi\u00fap gi\u1ea3m m\u00e0i m\u00f2n v\u00e0 k\u00e9o d\u00e0i tu\u1ed5i th\u1ecd c\u1ee7a v\u1ea3i.<\/p>\n\n\n\n<h2 class=\"wp-block-heading\">\u1ee8ng d\u1ee5ng c\u1ee7a ch\u1ea5t l\u00e0m m\u1ec1m v\u1ea3i:<\/h2>\n\n\n\n<p><strong>V\u1ea3i t\u1ed5ng h\u1ee3p v\u00e0 v\u1ea3i pha tr\u1ed9n:<\/strong> Ch\u1ea5t l\u00e0m m\u1ec1m v\u1ea3i \u0111\u01b0\u1ee3c s\u1eed d\u1ee5ng trong qu\u00e1 tr\u00ecnh ho\u00e0n thi\u1ec7n c\u00e1c lo\u1ea1i s\u1ee3i t\u1ed5ng h\u1ee3p, ch\u1eb3ng h\u1ea1n nh\u01b0 polyester v\u00e0 s\u1ee3i pha tr\u1ed9n, \u0111\u1ec3 t\u0103ng c\u1ea3m gi\u00e1c v\u00e0 \u0111\u1ed9 m\u1ec1m m\u1ea1i c\u1ee7a v\u1ea3i.<\/p>\n\n\n\n<p><strong>\u0110\u1ed3 th\u1ec3 thao v\u00e0 v\u1ea3i ch\u1ee9c n\u0103ng:<\/strong> N\u01b0\u1edbc x\u1ea3 v\u1ea3i gi\u00fap c\u1ea3i thi\u1ec7n \u0111\u1ed9 \u0111\u00e0n h\u1ed3i v\u00e0 tho\u1ea3i m\u00e1i c\u1ee7a \u0111\u1ed3 th\u1ec3 thao, bao g\u1ed3m c\u00e1c ch\u1ea5t li\u1ec7u nh\u01b0 spandex, elastane v\u00e0 v\u1ea3i th\u1ea5m \u1ea9m, gi\u00fap \u0111\u1ed3 th\u1ec3 thao tho\u1ea3i m\u00e1i h\u01a1n khi s\u1eed d\u1ee5ng n\u0103ng \u0111\u1ed9ng.<\/p>\n\n\n\n<p><strong>\u0110\u1ed3 d\u1ec7t gia d\u1ee5ng: <\/strong>C\u00e1c lo\u1ea1i v\u1ea3i d\u00f9ng l\u00e0m kh\u0103n tr\u1ea3i gi\u01b0\u1eddng, kh\u0103n t\u1eafm, v\u1ecf g\u1ed1i v\u00e0 r\u00e8m c\u1eeda c\u1ea7n c\u00f3 ch\u1ea5t l\u00e0m m\u1ec1m v\u1ea3i \u0111\u1ec3 duy tr\u00ec \u0111\u1ed9 m\u1ec1m m\u1ea1i, tho\u1ea3i m\u00e1i v\u00e0 m\u00f9i h\u01b0\u01a1ng t\u01b0\u01a1i m\u00e1t nh\u1eb1m n\u00e2ng cao tr\u1ea3i nghi\u1ec7m s\u1eed d\u1ee5ng t\u1ed5ng th\u1ec3.<\/p>\n\n\n\n<p><strong>H\u00e0ng may m\u1eb7c cao c\u1ea5p:<\/strong> \u0110\u1ed1i v\u1edbi c\u00e1c lo\u1ea1i v\u1ea3i cao c\u1ea5p nh\u01b0 l\u1ee5a, len v\u00e0 cashmere, n\u01b0\u1edbc x\u1ea3 v\u1ea3i c\u00f3 t\u00e1c d\u1ee5ng duy tr\u00ec \u0111\u1ed9 m\u1ec1m m\u1ea1i, m\u1ecbn m\u00e0ng, c\u1ea3i thi\u1ec7n c\u1ea3m gi\u00e1c ch\u1ea5t l\u01b0\u1ee3ng v\u00e0 v\u1ebb ngo\u00e0i c\u1ee7a qu\u1ea7n \u00e1o.<\/p>\n\n\n\n<p><strong>V\u1ea3i d\u00e0nh cho tr\u1ebb em v\u00e0 da nh\u1ea1y c\u1ea3m:<\/strong> Ch\u1ea5t l\u00e0m m\u1ec1m v\u1ea3i \u0111\u01b0\u1ee3c th\u00eam v\u00e0o c\u00e1c s\u1ea3n ph\u1ea9m nh\u01b0 qu\u1ea7n \u00e1o tr\u1ebb em v\u00e0 v\u1ea3i d\u00e0nh cho da nh\u1ea1y c\u1ea3m \u0111\u1ec3 \u0111\u1ea3m b\u1ea3o v\u1ea3i d\u1ecbu nh\u1eb9 v\u00e0 kh\u00f4ng ch\u1ee9a h\u00f3a ch\u1ea5t g\u00e2y k\u00edch \u1ee9ng.<\/p>\n\n\n\n<p><strong>B\u1ea3o v\u1ec7 v\u00e0 ch\u0103m s\u00f3c v\u1ea3i:<\/strong> N\u01b0\u1edbc x\u1ea3 v\u1ea3i c\u0169ng \u0111\u01b0\u1ee3c s\u1eed d\u1ee5ng \u0111\u1ec3 b\u1ea3o v\u1ec7 v\u1ea3i kh\u1ecfi b\u1ecb h\u01b0 h\u1ea1i trong qu\u00e1 tr\u00ecnh gi\u1eb7t, gi\u1ea3m hao m\u00f2n theo th\u1eddi gian v\u00e0 k\u00e9o d\u00e0i tu\u1ed5i th\u1ecd c\u1ee7a v\u1ea3i.<\/p>\n<\/div>\n\n\n\n<div class=\"wp-block-column is-layout-flow wp-block-column-is-layout-flow\" style=\"flex-basis:50%\">\n<figure class=\"wp-block-image size-full\"><img decoding=\"async\" width=\"1363\" height=\"1701\" src=\"https:\/\/www.bluelakechem.com\/wp-content\/uploads\/2024\/12\/Softening-Agents-70793.webp\" alt=\"Ch\u1ea5t l\u00e0m m\u1ec1m\" class=\"wp-image-2418\" srcset=\"https:\/\/www.bluelakechem.com\/wp-content\/uploads\/2024\/12\/Softening-Agents-70793.webp 1363w, https:\/\/www.bluelakechem.com\/wp-content\/uploads\/2024\/12\/Softening-Agents-70793-240x300.webp 240w, https:\/\/www.bluelakechem.com\/wp-content\/uploads\/2024\/12\/Softening-Agents-70793-768x958.webp 768w, https:\/\/www.bluelakechem.com\/wp-content\/uploads\/2024\/12\/Softening-Agents-70793-10x12.webp 10w, https:\/\/www.bluelakechem.com\/wp-content\/uploads\/2024\/12\/Softening-Agents-70793-1200x1498.webp 1200w, https:\/\/www.bluelakechem.com\/wp-content\/uploads\/2024\/12\/Softening-Agents-70793-600x749.webp 600w\" sizes=\"(max-width: 1363px) 100vw, 1363px\" \/><\/figure>\n\n\n\n<h2 class=\"wp-block-heading\">T\u00ednh ch\u1ea5t c\u1ee7a ch\u1ea5t l\u00e0m m\u1ec1m v\u1ea3i:<\/h2>\n\n\n\n<figure class=\"wp-block-table\"><table class=\"has-fixed-layout\"><tbody><tr><td>V\u1ebb b\u1ec1 ngo\u00e0i:<\/td><td>Ch\u1ea5t l\u1ecfng kh\u00f4ng m\u00e0u \u0111\u1ebfn m\u00e0u v\u00e0ng nh\u1ea1t<\/td><\/tr><tr><td>T\u00ednh ion:<\/td><td>Cation y\u1ebfu<\/td><\/tr><tr><td>Gi\u00e1 tr\u1ecb pH:<\/td><td>6.0~7.0 (dung d\u1ecbch n\u01b0\u1edbc 1%)<\/td><\/tr><tr><td>\u0110\u1ed9 h\u00f2a tan:<\/td><td>H\u00f2a tan trong n\u01b0\u1edbc<\/td><\/tr><\/tbody><\/table><\/figure>\n\n\n\n<h2 class=\"wp-block-heading\">H\u01b0\u1edbng d\u1eabn s\u1eed d\u1ee5ng ch\u1ea5t l\u00e0m m\u1ec1m v\u1ea3i:<\/h2>\n\n\n\n<p>Quy tr\u00ecnh \u0111\u1ec7m:<strong><\/strong><\/p>\n\n\n\n<p>\u0110\u1ed1i v\u1edbi v\u1ea3i nh\u1eb9 v\u00e0 m\u1ecfng: li\u1ec1u l\u01b0\u1ee3ng tham kh\u1ea3o: 10~20 g\/L<\/p>\n\n\n\n<p>\u0110\u1ed1i v\u1edbi v\u1ea3i d\u00e0y v\u00e0 n\u1eb7ng: li\u1ec1u l\u01b0\u1ee3ng tham kh\u1ea3o: 20~30 g\/L<strong><\/strong><\/p>\n\n\n\n<p>Gi\u00e1 tr\u1ecb pH t\u1ed1i \u01b0u c\u1ee7a dung d\u1ecbch l\u00e0m vi\u1ec7c: 6.0~7.0<\/p>\n\n\n\n<p>Stenter: Ng\u00e2m v\u00e0 \u00e9p (L\u1ea5y m\u1eabu: 70~90%) \u2192 150~170\u2103 \u00d7 60~90 gi\u00e2y<strong><\/strong><\/p>\n<\/div>\n<\/div>","protected":false},"excerpt":{"rendered":"<p>D\u1ea7u silicon d\u1ea1ng kh\u1ed1i, m\u1ed9t l\u1ef1a ch\u1ecdn cao c\u1ea5p trong s\u1ed1 c\u00e1c ch\u1ea5t l\u00e0m m\u1ec1m v\u1ea3i, ph\u00f9 h\u1ee3p v\u1edbi nhi\u1ec1u lo\u1ea1i v\u1ea3i pha tr\u1ed9n, \u0111\u1eb7c bi\u1ec7t l\u00e0 v\u1ea3i d\u1ec7t kim g\u00e2n. N\u00f3 mang l\u1ea1i c\u1ea3m gi\u00e1c m\u1ec1m m\u1ea1i v\u00e0 th\u00e2n thi\u1ec7n v\u1edbi da.<\/p>\n<p><strong>S\u1ed1 hi\u1ec7u m\u1eabu<\/strong>70793<\/p>","protected":false},"featured_media":1467,"comment_status":"closed","ping_status":"closed","template":"","meta":{"_acf_changed":false},"material":[27,28,29,34],"process":[23,42,24],"product_brand":[],"product_cat":[15],"product_tag":[],"class_list":{"0":"post-1030","1":"product","2":"type-product","3":"status-publish","4":"has-post-thumbnail","6":"material-polyester-chemicals","7":"material-nylon-agent","8":"material-acrylic-chemicals","9":"material-fabric-chemicals","10":"process-textile-finishing-chemicals","11":"process-softener","12":"process-silicone-oil","13":"product_cat-uncategorized","15":"first","16":"instock","17":"shipping-taxable","18":"product-type-simple"},"acf":[],"_links":{"self":[{"href":"https:\/\/www.bluelakechem.com\/vi\/wp-json\/wp\/v2\/product\/1030","targetHints":{"allow":["GET"]}}],"collection":[{"href":"https:\/\/www.bluelakechem.com\/vi\/wp-json\/wp\/v2\/product"}],"about":[{"href":"https:\/\/www.bluelakechem.com\/vi\/wp-json\/wp\/v2\/types\/product"}],"replies":[{"embeddable":true,"href":"https:\/\/www.bluelakechem.com\/vi\/wp-json\/wp\/v2\/comments?post=1030"}],"wp:featuredmedia":[{"embeddable":true,"href":"https:\/\/www.bluelakechem.com\/vi\/wp-json\/wp\/v2\/media\/1467"}],"wp:attachment":[{"href":"https:\/\/www.bluelakechem.com\/vi\/wp-json\/wp\/v2\/media?parent=1030"}],"wp:term":[{"taxonomy":"material","embeddable":true,"href":"https:\/\/www.bluelakechem.com\/vi\/wp-json\/wp\/v2\/material?post=1030"},{"taxonomy":"process","embeddable":true,"href":"https:\/\/www.bluelakechem.com\/vi\/wp-json\/wp\/v2\/process?post=1030"},{"taxonomy":"product_brand","embeddable":true,"href":"https:\/\/www.bluelakechem.com\/vi\/wp-json\/wp\/v2\/product_brand?post=1030"},{"taxonomy":"product_cat","embeddable":true,"href":"https:\/\/www.bluelakechem.com\/vi\/wp-json\/wp\/v2\/product_cat?post=1030"},{"taxonomy":"product_tag","embeddable":true,"href":"https:\/\/www.bluelakechem.com\/vi\/wp-json\/wp\/v2\/product_tag?post=1030"}],"curies":[{"name":"wp","href":"https:\/\/api.w.org\/{rel}","templated":true}]}}