{"id":1042,"date":"2024-12-17T09:17:51","date_gmt":"2024-12-17T09:17:51","guid":{"rendered":"https:\/\/www.bluelakechem.com\/?post_type=product&#038;p=1042"},"modified":"2025-06-17T08:23:36","modified_gmt":"2025-06-17T08:23:36","slug":"fabric-softener-for-synthetic","status":"publish","type":"product","link":"https:\/\/www.bluelakechem.com\/vi\/product\/fabric-softener-for-synthetic\/","title":{"rendered":"Ch\u1ea5t l\u00e0m m\u1ec1m v\u1ea3i silicone \u01b0a n\u01b0\u1edbc \u0111\u1ec3 ho\u00e0n thi\u1ec7n v\u1ea3i t\u1ed5ng h\u1ee3p"},"content":{"rendered":"<div class=\"wp-block-columns is-layout-flex wp-container-core-columns-is-layout-9d6595d7 wp-block-columns-is-layout-flex\">\n<div class=\"wp-block-column is-layout-flow wp-block-column-is-layout-flow\" style=\"flex-basis:50%\">\n<h2 class=\"wp-block-heading\">N\u01b0\u1edbc x\u1ea3 v\u1ea3i t\u1ed5ng h\u1ee3p c\u00f3 \u0111\u1eb7c \u0111i\u1ec3m:<\/h2>\n\n\n\n<p>\u0110\u1ed9 m\u1ec1m m\u1ea1i v\u00e0 c\u1ea3m gi\u00e1c v\u1ea3i \u0111\u01b0\u1ee3c c\u1ea3i thi\u1ec7n: Mang l\u1ea1i c\u1ea3m gi\u00e1c m\u1ec1m m\u1ea1i \u0111\u1eb7c bi\u1ec7t cho s\u1ee3i t\u1ed5ng h\u1ee3p, t\u1ea1o c\u1ea3m gi\u00e1c m\u1ecbn m\u00e0ng, tho\u1ea3i m\u00e1i.<\/p>\n\n\n\n<p>T\u0103ng c\u01b0\u1eddng kh\u1ea3 n\u0103ng th\u1ea5m n\u01b0\u1edbc v\u00e0 tho\u00e1t \u1ea9m: C\u1ea3i thi\u1ec7n kh\u1ea3 n\u0103ng h\u1ea5p th\u1ee5 \u0111\u1ed9 \u1ea9m v\u00e0 tho\u00e1ng kh\u00ed, cho ph\u00e9p v\u1ea3i nhanh ch\u00f3ng th\u1ea5m m\u1ed3 h\u00f4i ho\u1eb7c \u0111\u1ed9 \u1ea9m, gi\u00fap ng\u01b0\u1eddi m\u1eb7c lu\u00f4n kh\u00f4 r\u00e1o v\u00e0 tho\u1ea3i m\u00e1i.<\/p>\n\n\n\n<p>Th\u00edch h\u1ee3p cho s\u1ee3i t\u1ed5ng h\u1ee3p: \u0110\u01b0\u1ee3c thi\u1ebft k\u1ebf \u0111\u1eb7c bi\u1ec7t cho c\u00e1c lo\u1ea1i s\u1ee3i h\u00f3a h\u1ecdc nh\u01b0 polyester, nylon v\u00e0 c\u00e1c v\u1eadt li\u1ec7u t\u1ed5ng h\u1ee3p kh\u00e1c, l\u00e0 gi\u1ea3i ph\u00e1p l\u00fd t\u01b0\u1edfng cho nhi\u1ec1u lo\u1ea1i h\u00e0ng d\u1ec7t t\u1ed5ng h\u1ee3p.<\/p>\n\n\n\n<p>\u0110\u1ed9 b\u1ec1n \u0111\u01b0\u1ee3c c\u1ea3i thi\u1ec7n: Duy tr\u00ec \u0111\u1ed9 m\u1ec1m m\u1ea1i v\u00e0 kh\u1ea3 n\u0103ng th\u1ea5m h\u00fat \u1ea9m ngay c\u1ea3 sau nhi\u1ec1u l\u1ea7n gi\u1eb7t, gi\u00fap t\u0103ng tu\u1ed5i th\u1ecd c\u1ee7a v\u1ea3i.<\/p>\n\n\n\n<p>Kh\u00f4ng \u0111\u1ed9c h\u1ea1i v\u00e0 an to\u00e0n: An to\u00e0n khi ti\u1ebfp x\u00fac v\u1edbi da, th\u00edch h\u1ee3p s\u1eed d\u1ee5ng cho qu\u1ea7n \u00e1o v\u00e0 c\u00e1c lo\u1ea1i v\u1ea3i kh\u00e1c ti\u1ebfp x\u00fac g\u1ea7n v\u1edbi c\u01a1 th\u1ec3.<\/p>\n\n\n\n<h2 class=\"wp-block-heading\">\u1ee8ng d\u1ee5ng c\u1ee7a n\u01b0\u1edbc x\u1ea3 v\u1ea3i cho v\u1ea3i t\u1ed5ng h\u1ee3p:<\/h2>\n\n\n\n<p><strong>S\u1ee3i t\u1ed5ng h\u1ee3p v\u00e0 v\u1ea3i pha tr\u1ed9n:<\/strong><br>\u0110\u1ed1i v\u1edbi c\u00e1c lo\u1ea1i s\u1ee3i t\u1ed5ng h\u1ee3p nh\u01b0 polyester, nylon v\u00e0 h\u1ed7n h\u1ee3p c\u1ee7a ch\u00fang, n\u00f3 mang l\u1ea1i c\u1ea3m gi\u00e1c m\u1ec1m m\u1ea1i v\u00e0 c\u1ea3i thi\u1ec7n k\u1ebft c\u1ea5u c\u1ee7a c\u00e1c lo\u1ea1i s\u1ee3i n\u00e0y.<\/p>\n\n\n\n<p><strong>\u0110\u1ed3 d\u1ec7t gia d\u1ee5ng:<\/strong><br>Nh\u1eefng s\u1ea3n ph\u1ea9m n\u00e0y \u0111\u01b0\u1ee3c s\u1eed d\u1ee5ng trong ch\u0103n ga g\u1ed1i \u0111\u1ec7m, kh\u0103n t\u1eafm, v\u1ecf g\u1ed1i v\u00e0 r\u00e8m c\u1eeda \u0111\u1ec3 \u0111\u1ea3m b\u1ea3o ch\u00fang lu\u00f4n m\u1ec1m m\u1ea1i, mang l\u1ea1i c\u1ea3m gi\u00e1c v\u00e0 tr\u1ea3i nghi\u1ec7m d\u1ec5 ch\u1ecbu.<\/p>\n\n\n\n<p><strong>Qu\u1ea7n \u00e1o tr\u1ebb em:<\/strong><br>T\u0103ng c\u01b0\u1eddng s\u1ef1 tho\u1ea3i m\u00e1i v\u00e0 th\u00e2n thi\u1ec7n v\u1edbi l\u00e0n da c\u1ee7a v\u1ea3i t\u1ed5ng h\u1ee3p d\u00f9ng trong qu\u1ea7n \u00e1o tr\u1ebb em, \u0111\u1ea3m b\u1ea3o c\u1ea3m gi\u00e1c m\u1ec1m m\u1ea1i v\u00e0 th\u1ea5m h\u00fat \u0111\u1ed9 \u1ea9m cho ng\u01b0\u1eddi d\u00f9ng tr\u1ebb n\u0103ng \u0111\u1ed9ng.<\/p>\n\n\n\n<p><strong>Qu\u1ea7n \u00e1o b\u1ea3o h\u1ed9 lao \u0111\u1ed9ng v\u00e0 qu\u1ea7n \u00e1o ngo\u00e0i tr\u1eddi:<\/strong><br>C\u00e1c ch\u1ea5t l\u00e0m m\u1ec1m \u0111\u01b0\u1ee3c s\u1eed d\u1ee5ng gi\u00fap c\u1ea3i thi\u1ec7n kh\u1ea3 n\u0103ng ch\u1ed1ng m\u00e0i m\u00f2n v\u00e0 s\u1ef1 tho\u1ea3i m\u00e1i c\u1ee7a qu\u1ea7n \u00e1o b\u1ea3o h\u1ed9 lao \u0111\u1ed9ng, \u0111\u1ed3 d\u00f9ng ngo\u00e0i tr\u1eddi v\u00e0 qu\u1ea7n \u00e1o b\u1ea3o h\u1ed9 m\u00e0 kh\u00f4ng \u1ea3nh h\u01b0\u1edfng \u0111\u1ebfn \u0111\u1ed9 b\u1ec1n v\u00e0 ch\u1ee9c n\u0103ng c\u1ee7a v\u1ea3i.<\/p>\n\n\n\n<p><strong>\u0110\u1ed3 l\u00f3t v\u00e0 \u0111\u1ed3 l\u00f3t:<\/strong><br>\u00c1p d\u1ee5ng cho c\u00e1c lo\u1ea1i v\u1ea3i t\u1ed5ng h\u1ee3p d\u00f9ng trong \u0111\u1ed3 l\u00f3t v\u00e0 \u0111\u1ed3 l\u00f3t \u0111\u1ec3 c\u1ea3i thi\u1ec7n \u0111\u1ed9 m\u1ec1m m\u1ea1i, kh\u1ea3 n\u0103ng qu\u1ea3n l\u00fd \u0111\u1ed9 \u1ea9m v\u00e0 s\u1ef1 tho\u1ea3i m\u00e1i.<\/p>\n\n\n\n<p><strong>Gi\u00e0y th\u1ec3 thao:<\/strong><br>C\u00f3 th\u1ec3 \u00e1p d\u1ee5ng cho c\u00e1c v\u1eadt li\u1ec7u t\u1ed5ng h\u1ee3p d\u00f9ng trong gi\u00e0y th\u1ec3 thao v\u00e0 gi\u00e0y d\u00e9p \u0111\u1ec3 mang l\u1ea1i s\u1ef1 m\u1ec1m m\u1ea1i, tho\u00e1ng kh\u00ed v\u00e0 ki\u1ec3m so\u00e1t \u0111\u1ed9 \u1ea9m.<\/p>\n\n\n\n<p><strong>Kh\u0103n t\u1eafm v\u00e0 v\u1ea3i t\u1eafm:<\/strong><br>Th\u00edch h\u1ee3p cho kh\u0103n t\u1eafm t\u1ed5ng h\u1ee3p, \u00e1o cho\u00e0ng t\u1eafm v\u00e0 c\u00e1c lo\u1ea1i v\u1ea3i kh\u00e1c c\u1ea7n \u0111\u1ed9 m\u1ec1m m\u1ea1i v\u00e0 kh\u1ea3 n\u0103ng th\u1ea5m h\u00fat \u0111\u1ed9 \u1ea9m t\u1ed1t h\u01a1n, gi\u00fap s\u1eed d\u1ee5ng hi\u1ec7u qu\u1ea3 v\u00e0 tho\u1ea3i m\u00e1i h\u01a1n.<\/p>\n<\/div>\n\n\n\n<div class=\"wp-block-column is-layout-flow wp-block-column-is-layout-flow\" style=\"flex-basis:50%\">\n<figure class=\"wp-block-image size-full\"><img decoding=\"async\" width=\"1363\" height=\"1701\" src=\"https:\/\/www.bluelakechem.com\/wp-content\/uploads\/2024\/12\/Silicone-Softener-97078.webp\" alt=\"Ch\u1ea5t l\u00e0m m\u1ec1m silicon\" class=\"wp-image-2422\" srcset=\"https:\/\/www.bluelakechem.com\/wp-content\/uploads\/2024\/12\/Silicone-Softener-97078.webp 1363w, https:\/\/www.bluelakechem.com\/wp-content\/uploads\/2024\/12\/Silicone-Softener-97078-240x300.webp 240w, https:\/\/www.bluelakechem.com\/wp-content\/uploads\/2024\/12\/Silicone-Softener-97078-768x958.webp 768w, https:\/\/www.bluelakechem.com\/wp-content\/uploads\/2024\/12\/Silicone-Softener-97078-10x12.webp 10w, https:\/\/www.bluelakechem.com\/wp-content\/uploads\/2024\/12\/Silicone-Softener-97078-1200x1498.webp 1200w, https:\/\/www.bluelakechem.com\/wp-content\/uploads\/2024\/12\/Silicone-Softener-97078-600x749.webp 600w\" sizes=\"(max-width: 1363px) 100vw, 1363px\" \/><\/figure>\n\n\n\n<h2 class=\"wp-block-heading\">Ch\u1ea5t l\u00e0m m\u1ec1m v\u1ea3i cho s\u1ee3i t\u1ed5ng h\u1ee3p:<\/h2>\n\n\n\n<figure class=\"wp-block-table\"><table class=\"has-fixed-layout\"><tbody><tr><td>V\u1ebb b\u1ec1 ngo\u00e0i:<\/td><td>H\u1ed7n h\u1ee3p kh\u00f4ng m\u00e0u<\/td><\/tr><tr><td>T\u00ednh ion:<\/td><td>Cation y\u1ebfu<\/td><\/tr><tr><td>Gi\u00e1 tr\u1ecb pH:<\/td><td>6,5 \u00b1 0,5 (dung d\u1ecbch n\u01b0\u1edbc 1%)<\/td><\/tr><tr><td>\u0110\u1ed9 h\u00f2a tan:<\/td><td>D\u1ec5 d\u00e0ng h\u00f2a tan trong n\u01b0\u1edbc.<\/td><\/tr><\/tbody><\/table><\/figure>\n\n\n\n<h2 class=\"wp-block-heading\">H\u01b0\u1edbng d\u1eabn s\u1eed d\u1ee5ng n\u01b0\u1edbc x\u1ea3 v\u1ea3i cho v\u1ea3i t\u1ed5ng h\u1ee3p:<\/h2>\n\n\n\n<p>1. \u0110\u1ed1i v\u1edbi qu\u00e1 tr\u00ecnh l\u00e0m \u0111\u1ea7y, li\u1ec1u l\u01b0\u1ee3ng tham kh\u1ea3o: 10~30 g\/L<\/p>\n\n\n\n<ol class=\"wp-block-list\"><\/ol>\n\n\n\n<p>Gi\u00e1 tr\u1ecb pH c\u1ee7a n\u01b0\u1edbc t\u1eafm n\u00ean d\u01b0\u1edbi 7 (5~6 l\u00e0 t\u1ed1t nh\u1ea5t).<\/p>\n\n\n\n<p>2. \u0110\u1ed1i v\u1edbi qu\u00e1 tr\u00ecnh x\u1ea3 kh\u00ed, xin vui l\u00f2ng pha lo\u00e3ng theo t\u1ef7 l\u1ec7 1:X (X = 3~8) v\u00e0 sau \u0111\u00f3 s\u1eed d\u1ee5ng.<\/p>\n\n\n\n<p>Li\u1ec1u l\u01b0\u1ee3ng tham kh\u1ea3o c\u1ee7a dung d\u1ecbch pha lo\u00e3ng 97078: 1.0~3.0% (tr\u1ecdng l\u01b0\u1ee3ng theo th\u1ec3 t\u00edch)<\/p>\n<\/div>\n<\/div>","protected":false},"excerpt":{"rendered":"<p>N\u01b0\u1edbc x\u1ea3 v\u1ea3i silicon \u01b0a n\u01b0\u1edbc d\u00e0nh cho v\u1ea3i t\u1ed5ng h\u1ee3p mang l\u1ea1i c\u1ea3m gi\u00e1c m\u1ec1m m\u1ea1i khi ch\u1ea1m v\u00e0o v\u00e0 c\u1ea3i thi\u1ec7n \u0111\u00e1ng k\u1ec3 t\u00ednh \u01b0a n\u01b0\u1edbc, t\u00ednh \u01b0a n\u01b0\u1edbc t\u1ee9c th\u00ec v\u00e0 hi\u1ec7u qu\u1ea3 th\u1ea5m h\u00fat \u1ea9m.<\/p>\n<p><strong>S\u1ed1 hi\u1ec7u m\u1eabu<\/strong>97078<\/p>","protected":false},"featured_media":1456,"comment_status":"closed","ping_status":"closed","template":"","meta":{"_acf_changed":false},"material":[27,28,29,34],"process":[23,42,24],"product_brand":[],"product_cat":[15],"product_tag":[],"class_list":{"0":"post-1042","1":"product","2":"type-product","3":"status-publish","4":"has-post-thumbnail","6":"material-polyester-chemicals","7":"material-nylon-agent","8":"material-acrylic-chemicals","9":"material-fabric-chemicals","10":"process-textile-finishing-chemicals","11":"process-softener","12":"process-silicone-oil","13":"product_cat-uncategorized","15":"first","16":"instock","17":"shipping-taxable","18":"product-type-simple"},"acf":[],"_links":{"self":[{"href":"https:\/\/www.bluelakechem.com\/vi\/wp-json\/wp\/v2\/product\/1042","targetHints":{"allow":["GET"]}}],"collection":[{"href":"https:\/\/www.bluelakechem.com\/vi\/wp-json\/wp\/v2\/product"}],"about":[{"href":"https:\/\/www.bluelakechem.com\/vi\/wp-json\/wp\/v2\/types\/product"}],"replies":[{"embeddable":true,"href":"https:\/\/www.bluelakechem.com\/vi\/wp-json\/wp\/v2\/comments?post=1042"}],"wp:featuredmedia":[{"embeddable":true,"href":"https:\/\/www.bluelakechem.com\/vi\/wp-json\/wp\/v2\/media\/1456"}],"wp:attachment":[{"href":"https:\/\/www.bluelakechem.com\/vi\/wp-json\/wp\/v2\/media?parent=1042"}],"wp:term":[{"taxonomy":"material","embeddable":true,"href":"https:\/\/www.bluelakechem.com\/vi\/wp-json\/wp\/v2\/material?post=1042"},{"taxonomy":"process","embeddable":true,"href":"https:\/\/www.bluelakechem.com\/vi\/wp-json\/wp\/v2\/process?post=1042"},{"taxonomy":"product_brand","embeddable":true,"href":"https:\/\/www.bluelakechem.com\/vi\/wp-json\/wp\/v2\/product_brand?post=1042"},{"taxonomy":"product_cat","embeddable":true,"href":"https:\/\/www.bluelakechem.com\/vi\/wp-json\/wp\/v2\/product_cat?post=1042"},{"taxonomy":"product_tag","embeddable":true,"href":"https:\/\/www.bluelakechem.com\/vi\/wp-json\/wp\/v2\/product_tag?post=1042"}],"curies":[{"name":"wp","href":"https:\/\/api.w.org\/{rel}","templated":true}]}}