{"id":1044,"date":"2024-12-17T10:23:48","date_gmt":"2024-12-17T10:23:48","guid":{"rendered":"https:\/\/www.bluelakechem.com\/?post_type=product&#038;p=1044"},"modified":"2025-01-17T12:42:43","modified_gmt":"2025-01-17T12:42:43","slug":"antimicrobial-agent","status":"publish","type":"product","link":"https:\/\/www.bluelakechem.com\/vi\/product\/antimicrobial-agent\/","title":{"rendered":"K\u1ebdm ion Ch\u1ea5t kh\u00e1ng khu\u1ea9n Ch\u1ea5t ph\u1ee5 gia ch\u1ed1ng n\u1ea5m cho qu\u00e1 tr\u00ecnh ho\u00e0n thi\u1ec7n s\u1ee3i"},"content":{"rendered":"<div class=\"wp-block-columns is-layout-flex wp-container-core-columns-is-layout-9d6595d7 wp-block-columns-is-layout-flex\">\n<div class=\"wp-block-column is-layout-flow wp-block-column-is-layout-flow\" style=\"flex-basis:50%\">\n<h2 class=\"wp-block-heading\">T\u00ednh ch\u1ea5t c\u1ee7a ch\u1ea5t kh\u00e1ng khu\u1ea9n:<\/h2>\n\n\n\n<p><strong>T\u00e1c d\u1ee5ng kh\u00e1ng khu\u1ea9n hi\u1ec7u qu\u1ea3:<\/strong> Ch\u1ee9a c\u00e1c ion k\u1ebdm c\u00f3 \u0111\u1eb7c t\u00ednh kh\u00e1ng khu\u1ea9n m\u1ea1nh m\u1ebd gi\u00fap \u1ee9c ch\u1ebf s\u1ef1 ph\u00e1t tri\u1ec3n c\u1ee7a vi khu\u1ea9n, \u0111\u1ea3m b\u1ea3o v\u1ec7 sinh v\u1ea3i v\u00e0 ng\u0103n ng\u1eeba m\u00f9i h\u00f4i kh\u00f3 ch\u1ecbu.<\/p>\n\n\n\n<p><strong>B\u1ea3o v\u1ec7 ch\u1ed1ng n\u1ea5m:<\/strong> V\u1edbi \u0111\u1eb7c t\u00ednh ch\u1ed1ng n\u1ea5m hi\u1ec7u qu\u1ea3, s\u1ea3n ph\u1ea9m n\u00e0y ng\u0103n ng\u1eeba n\u1ea5m m\u1ed1c ph\u00e1t tri\u1ec3n tr\u00ean h\u00e0ng d\u1ec7t may v\u00e0 l\u00fd t\u01b0\u1edfng cho m\u00f4i tr\u01b0\u1eddng c\u00f3 \u0111\u1ed9 \u1ea9m cao.<\/p>\n\n\n\n<p><strong>\u0110\u00e3 \u0111\u01b0\u1ee3c th\u1eed nghi\u1ec7m kh\u00e1ng khu\u1ea9n theo AATCC:<\/strong> \u0110\u00e1p \u1ee9ng ti\u00eau chu\u1ea9n th\u1eed nghi\u1ec7m kh\u00e1ng khu\u1ea9n AATCC c\u1ee7a Hoa K\u1ef3, \u0111\u1ea3m b\u1ea3o hi\u1ec7u qu\u1ea3 trong \u0111i\u1ec1u ki\u1ec7n th\u1ef1c t\u1ebf v\u00e0 kh\u1ea3 n\u0103ng \u0111\u00e1p \u1ee9ng c\u00e1c y\u00eau c\u1ea7u ch\u1ea5t l\u01b0\u1ee3ng qu\u1ed1c t\u1ebf.<\/p>\n\n\n\n<p><strong>Ti\u1ebft ki\u1ec7m chi ph\u00ed:<\/strong> Gi\u1ea3i ph\u00e1p g\u1ed1c ion k\u1ebdm n\u00e0y c\u00f3 gi\u00e1 c\u1ea3 ph\u1ea3i ch\u0103ng h\u01a1n so v\u1edbi ch\u1ea5t kh\u00e1ng khu\u1ea9n g\u1ed1c ion b\u1ea1c, gi\u00fap ti\u1ebft ki\u1ec7m chi ph\u00ed \u0111\u00e1ng k\u1ec3 trong khi v\u1eabn duy tr\u00ec \u0111\u1eb7c t\u00ednh kh\u00e1ng khu\u1ea9n hi\u1ec7u su\u1ea5t cao.<\/p>\n\n\n\n<p><strong>Ph\u00f9 h\u1ee3p v\u1edbi t\u1ea5t c\u1ea3 c\u00e1c lo\u1ea1i s\u1ee3i:<\/strong> C\u00f3 th\u1ec3 \u00e1p d\u1ee5ng cho nhi\u1ec1u lo\u1ea1i s\u1ee3i, bao g\u1ed3m cotton, polyester, nylon v\u00e0 s\u1ee3i pha tr\u1ed9n, gi\u00fap s\u1ea3n ph\u1ea9m tr\u1edf th\u00e0nh gi\u1ea3i ph\u00e1p \u0111a n\u0103ng cho nhi\u1ec1u lo\u1ea1i v\u1ea3i kh\u00e1c nhau.<\/p>\n\n\n\n<p><strong>Hi\u1ec7u qu\u1ea3 l\u00e2u d\u00e0i:<\/strong> C\u00f3 t\u00e1c d\u1ee5ng kh\u00e1ng khu\u1ea9n v\u00e0 kh\u00e1ng n\u1ea5m l\u00e2u d\u00e0i, \u0111\u1ea3m b\u1ea3o v\u1ea3i lu\u00f4n t\u01b0\u01a1i m\u1edbi v\u00e0 kh\u00f4ng c\u00f3 m\u00f9i trong th\u1eddi gian d\u00e0i h\u01a1n, ngay c\u1ea3 sau nhi\u1ec1u l\u1ea7n gi\u1eb7t.<\/p>\n\n\n\n<p><strong>An to\u00e0n v\u00e0 kh\u00f4ng \u0111\u1ed9c h\u1ea1i: <\/strong>Ch\u1ea5t kh\u00e1ng khu\u1ea9n ion k\u1ebdm an to\u00e0n khi ti\u1ebfp x\u00fac v\u1edbi da v\u00e0 th\u00e2n thi\u1ec7n v\u1edbi m\u00f4i tr\u01b0\u1eddng, th\u00edch h\u1ee3p cho qu\u1ea7n \u00e1o, \u0111\u1ed3 gi\u01b0\u1eddng v\u00e0 c\u00e1c s\u1ea3n ph\u1ea9m d\u1ec7t may kh\u00e1c.<\/p>\n\n\n\n<p><\/p>\n<\/div>\n\n\n\n<div class=\"wp-block-column is-layout-flow wp-block-column-is-layout-flow\" style=\"flex-basis:50%\">\n<figure class=\"wp-block-embed is-type-video is-provider-youtube wp-block-embed-youtube wp-embed-aspect-16-9 wp-has-aspect-ratio\"><div class=\"wp-block-embed__wrapper\">\n<iframe title=\"Ch\u1ea5t kh\u00e1ng khu\u1ea9n c\u1ee7a nh\u00e0 m\u00e1y nhu\u1ed9m | Di\u1ec7t vi khu\u1ea9n 95%+, ph\u00f9 h\u1ee3p v\u1edbi m\u1ecdi lo\u1ea1i v\u1ea3i, \u0111\u1ea1t ti\u00eau chu\u1ea9n AATCC\uff0844503\" width=\"500\" height=\"281\" src=\"https:\/\/www.youtube.com\/embed\/8MWopEK_K-c?feature=oembed\" frameborder=\"0\" allow=\"accelerometer; autoplay; clipboard-write; encrypted-media; gyroscope; picture-in-picture; web-share\" referrerpolicy=\"strict-origin-when-cross-origin\" allowfullscreen><\/iframe>\n<\/div><\/figure>\n<\/div>\n<\/div>\n\n\n\n<div class=\"wp-block-columns is-layout-flex wp-container-core-columns-is-layout-9d6595d7 wp-block-columns-is-layout-flex\">\n<div class=\"wp-block-column is-layout-flow wp-block-column-is-layout-flow\">\n<figure class=\"wp-block-image size-full\"><img decoding=\"async\" width=\"1200\" height=\"1200\" src=\"https:\/\/www.bluelakechem.com\/wp-content\/uploads\/2024\/12\/Antimicrobial-Agent.webp\" alt=\"Ch\u1ea5t kh\u00e1ng khu\u1ea9n\" class=\"wp-image-1048\" srcset=\"https:\/\/www.bluelakechem.com\/wp-content\/uploads\/2024\/12\/Antimicrobial-Agent.webp 1200w, https:\/\/www.bluelakechem.com\/wp-content\/uploads\/2024\/12\/Antimicrobial-Agent-300x300.webp 300w, https:\/\/www.bluelakechem.com\/wp-content\/uploads\/2024\/12\/Antimicrobial-Agent-150x150.webp 150w, https:\/\/www.bluelakechem.com\/wp-content\/uploads\/2024\/12\/Antimicrobial-Agent-768x768.webp 768w, https:\/\/www.bluelakechem.com\/wp-content\/uploads\/2024\/12\/Antimicrobial-Agent-600x600.webp 600w, https:\/\/www.bluelakechem.com\/wp-content\/uploads\/2024\/12\/Antimicrobial-Agent-100x100.webp 100w\" sizes=\"(max-width: 1200px) 100vw, 1200px\" \/><\/figure>\n<\/div>\n\n\n\n<div class=\"wp-block-column is-layout-flow wp-block-column-is-layout-flow\">\n<h2 class=\"wp-block-heading\">\u1ee8ng d\u1ee5ng c\u1ee7a t\u00e1c nh\u00e2n kh\u00e1ng khu\u1ea9n:<\/h2>\n\n\n\n<p><strong>S\u1ea3n xu\u1ea5t h\u00e0ng may m\u1eb7c:<\/strong><br>C\u00f3 th\u1ec3 \u00e1p d\u1ee5ng cho qu\u1ea7n \u00e1o v\u00e0 \u0111\u1ed3 th\u1ec3 thao, \u0111\u1eb7c bi\u1ec7t l\u00e0 \u0111\u1ed3 th\u1ec3 thao c\u00f3 v\u1ebft m\u1ed3 h\u00f4i l\u00e2u ng\u00e0y, t\u00ednh ch\u1ea5t kh\u00e1ng khu\u1ea9n v\u00e0 kh\u00e1ng n\u1ea5m c\u00f3 th\u1ec3 gi\u00fap qu\u1ea7n \u00e1o t\u01b0\u01a1i m\u1edbi l\u00e2u h\u01a1n.<\/p>\n\n\n\n<p><strong>\u0110\u1ed3 d\u1ec7t gia d\u1ee5ng:<\/strong><br>\u0110\u01b0\u1ee3c s\u1eed d\u1ee5ng trong c\u00e1c s\u1ea3n ph\u1ea9m d\u1ec7t gia d\u1ee5ng nh\u01b0 ga tr\u1ea3i gi\u01b0\u1eddng, kh\u0103n t\u1eafm, v\u1ecf g\u1ed1i v\u00e0 \u0111\u1ed3 trang tr\u00ed n\u1ed9i th\u1ea5t \u0111\u1ec3 gi\u1ea3m s\u1ef1 ph\u00e1t tri\u1ec3n c\u1ee7a vi khu\u1ea9n v\u00e0 ng\u0103n m\u00f9i h\u00f4i.<\/p>\n\n\n\n<p><strong>D\u1ec7t may y t\u1ebf v\u00e0 s\u1ee9c kh\u1ecfe:<\/strong><br>\u00c1p d\u1ee5ng cho c\u00e1c lo\u1ea1i v\u1ea3i li\u00ean quan \u0111\u1ebfn ch\u0103m s\u00f3c s\u1ee9c kh\u1ecfe nh\u01b0 \u00e1o cho\u00e0ng b\u1ec7nh nh\u00e2n, \u0111\u1ed3 tr\u1ea3i gi\u01b0\u1eddng cho b\u1ec7nh nh\u00e2n v\u00e0 r\u00e8m ph\u1eabu thu\u1eadt.<\/p>\n\n\n\n<p><strong>Thi\u1ebft b\u1ecb th\u1ec3 thao v\u00e0 ngo\u00e0i tr\u1eddi:<\/strong><br>\u0110\u01b0\u1ee3c s\u1eed d\u1ee5ng cho c\u00e1c thi\u1ebft b\u1ecb ngo\u00e0i tr\u1eddi v\u00e0 th\u1ec3 thao nh\u01b0 l\u1ec1u, ba l\u00f4 v\u00e0 gi\u00e0y d\u00e9p \u0111\u1ec3 b\u1ea3o v\u1ec7 ch\u1ed1ng l\u1ea1i vi khu\u1ea9n, n\u1ea5m m\u1ed1c c\u00f3 th\u1ec3 ph\u00e1t tri\u1ec3n trong m\u00f4i tr\u01b0\u1eddng \u1ea9m \u01b0\u1edbt.<\/p>\n\n\n\n<p><strong>\u0110\u1ed3 d\u1ec7t may cho tr\u1ebb s\u01a1 sinh v\u00e0 tr\u1ebb em:<\/strong><br>An to\u00e0n v\u00e0 hi\u1ec7u qu\u1ea3 cho qu\u1ea7n \u00e1o tr\u1ebb em, \u0111\u1ed3 gi\u01b0\u1eddng v\u00e0 c\u00e1c lo\u1ea1i h\u00e0ng d\u1ec7t may kh\u00e1c, \u0111\u1ea3m b\u1ea3o m\u00f4i tr\u01b0\u1eddng v\u1ec7 sinh v\u00e0 tho\u1ea3i m\u00e1i cho tr\u1ebb em c\u00f3 l\u00e0n da nh\u1ea1y c\u1ea3m.<\/p>\n<\/div>\n<\/div>\n\n\n\n<p><\/p>","protected":false},"excerpt":{"rendered":"<p>Ch\u1ea5t kh\u00e1ng khu\u1ea9n ion k\u1ebdm l\u00e0 ch\u1ea5t kh\u00e1ng khu\u1ea9n hi\u1ec7u qu\u1ea3, gi\u00e1 th\u00e0nh th\u1ea5p. N\u00f3 v\u01b0\u1ee3t qua b\u00e0i ki\u1ec3m tra kh\u00e1ng khu\u1ea9n AATCC theo ti\u00eau chu\u1ea9n Hoa K\u1ef3. So v\u1edbi ch\u1ea5t kh\u00e1ng khu\u1ea9n ion b\u1ea1c, n\u00f3 c\u00f3 gi\u00e1 th\u00e0nh th\u1ea5p h\u01a1n nh\u01b0ng mang l\u1ea1i hi\u1ec7u qu\u1ea3 kh\u00e1ng khu\u1ea9n tuy\u1ec7t v\u1eddi v\u00e0 do \u0111\u00f3, l\u00e0 gi\u1ea3i ph\u00e1p hi\u1ec7u qu\u1ea3 v\u1ec1 chi ph\u00ed cao cho vi\u1ec7c ho\u00e0n thi\u1ec7n v\u1ea3i.<\/p>\n<p><strong>S\u1ed1 hi\u1ec7u m\u1eabu<\/strong>44503<\/p>","protected":false},"featured_media":1455,"comment_status":"closed","ping_status":"closed","template":"","meta":{"_acf_changed":false},"material":[26,27,28,29,30,31,32,33,34],"process":[23,25],"product_brand":[],"product_cat":[15],"product_tag":[],"class_list":{"0":"post-1044","1":"product","2":"type-product","3":"status-publish","4":"has-post-thumbnail","6":"material-cotton-agent","7":"material-polyester-chemicals","8":"material-nylon-agent","9":"material-acrylic-chemicals","10":"material-viscose-chemicals","11":"material-wool-auxiliary","12":"material-linen-chemicals","13":"material-silk-chemicals","14":"material-fabric-chemicals","15":"process-textile-finishing-chemicals","16":"process-textile-finishing-agent","17":"product_cat-uncategorized","19":"first","20":"instock","21":"shipping-taxable","22":"product-type-simple"},"acf":[],"_links":{"self":[{"href":"https:\/\/www.bluelakechem.com\/vi\/wp-json\/wp\/v2\/product\/1044","targetHints":{"allow":["GET"]}}],"collection":[{"href":"https:\/\/www.bluelakechem.com\/vi\/wp-json\/wp\/v2\/product"}],"about":[{"href":"https:\/\/www.bluelakechem.com\/vi\/wp-json\/wp\/v2\/types\/product"}],"replies":[{"embeddable":true,"href":"https:\/\/www.bluelakechem.com\/vi\/wp-json\/wp\/v2\/comments?post=1044"}],"wp:featuredmedia":[{"embeddable":true,"href":"https:\/\/www.bluelakechem.com\/vi\/wp-json\/wp\/v2\/media\/1455"}],"wp:attachment":[{"href":"https:\/\/www.bluelakechem.com\/vi\/wp-json\/wp\/v2\/media?parent=1044"}],"wp:term":[{"taxonomy":"material","embeddable":true,"href":"https:\/\/www.bluelakechem.com\/vi\/wp-json\/wp\/v2\/material?post=1044"},{"taxonomy":"process","embeddable":true,"href":"https:\/\/www.bluelakechem.com\/vi\/wp-json\/wp\/v2\/process?post=1044"},{"taxonomy":"product_brand","embeddable":true,"href":"https:\/\/www.bluelakechem.com\/vi\/wp-json\/wp\/v2\/product_brand?post=1044"},{"taxonomy":"product_cat","embeddable":true,"href":"https:\/\/www.bluelakechem.com\/vi\/wp-json\/wp\/v2\/product_cat?post=1044"},{"taxonomy":"product_tag","embeddable":true,"href":"https:\/\/www.bluelakechem.com\/vi\/wp-json\/wp\/v2\/product_tag?post=1044"}],"curies":[{"name":"wp","href":"https:\/\/api.w.org\/{rel}","templated":true}]}}