{"id":1049,"date":"2024-12-18T02:46:42","date_gmt":"2024-12-18T02:46:42","guid":{"rendered":"https:\/\/www.bluelakechem.com\/?post_type=product&#038;p=1049"},"modified":"2025-01-17T12:41:40","modified_gmt":"2025-01-17T12:41:40","slug":"dye-fixing-agent","status":"publish","type":"product","link":"https:\/\/www.bluelakechem.com\/vi\/product\/dye-fixing-agent\/","title":{"rendered":"Ch\u1ea5t c\u1ed1 \u0111\u1ecbnh thu\u1ed1c nhu\u1ed9m n\u1ed3ng \u0111\u1ed9 cao Ch\u1ea5t ph\u1ee5 gia nhu\u1ed9m kh\u00f4ng ch\u1ee9a formaldehyde"},"content":{"rendered":"<div class=\"wp-block-columns is-layout-flex wp-container-core-columns-is-layout-9d6595d7 wp-block-columns-is-layout-flex\">\n<div class=\"wp-block-column is-layout-flow wp-block-column-is-layout-flow\" style=\"flex-basis:50%\">\n<h2 class=\"wp-block-heading\">T\u00ednh n\u0103ng c\u1ee7a ch\u1ea5t c\u1ed1 \u0111\u1ecbnh thu\u1ed1c nhu\u1ed9m:<\/h2>\n\n\n\n<p><strong>Kh\u00f4ng ch\u1ee9a Formaldehyde:<\/strong> Kh\u00f4ng ch\u1ee9a formaldehyde, l\u1ef1a ch\u1ecdn an to\u00e0n h\u01a1n, th\u00e2n thi\u1ec7n h\u01a1n v\u1edbi m\u00f4i tr\u01b0\u1eddng cho qu\u00e1 tr\u00ecnh ho\u00e0n thi\u1ec7n d\u1ec7t may. L\u00fd t\u01b0\u1edfng cho c\u00e1c nh\u00e0 s\u1ea3n xu\u1ea5t mu\u1ed1n tu\u00e2n th\u1ee7 c\u00e1c ti\u00eau chu\u1ea9n an to\u00e0n v\u00e0 m\u00f4i tr\u01b0\u1eddng qu\u1ed1c t\u1ebf.<\/p>\n\n\n\n<p><strong>\u0110\u1ed9 b\u1ec1n m\u00e0u \u0111\u01b0\u1ee3c c\u1ea3i thi\u1ec7n: <\/strong>C\u1ea3i thi\u1ec7n \u0111\u00e1ng k\u1ec3 \u0111\u1ed9 b\u1ec1n m\u00e0u c\u1ee7a v\u1ea3i cotton nhu\u1ed9m b\u1eb1ng thu\u1ed1c nhu\u1ed9m tr\u1ef1c ti\u1ebfp v\u00e0 ph\u1ea3n \u1ee9ng, bao g\u1ed3m \u0111\u1ed9 b\u1ec1n ng\u00e2m, \u0111\u1ed9 b\u1ec1n gi\u1eb7t, \u0111\u1ed9 b\u1ec1n m\u1ed3 h\u00f4i v\u00e0 \u0111\u1ed9 b\u1ec1n ma s\u00e1t \u01b0\u1edbt.<\/p>\n\n\n\n<p><strong>Ph\u00f9 h\u1ee3p v\u1edbi m\u00e0u nh\u1ea1y c\u1ea3m: <\/strong>\u0110\u1eb7c bi\u1ec7t th\u00edch h\u1ee3p cho c\u00e1c lo\u1ea1i v\u1ea3i m\u00e0u xanh ng\u1ecdc lam v\u00e0 c\u00e1c lo\u1ea1i v\u1ea3i nh\u1ea1y c\u1ea3m v\u1edbi m\u00e0u xanh lam l\u1ee5c kh\u00e1c, ch\u1ed1ng phai m\u00e0u v\u00e0 \u0111\u1ea3m b\u1ea3o \u0111\u1ed9 t\u01b0\u01a1i l\u00e2u d\u00e0i.<\/p>\n\n\n\n<p><strong>C\u00f4ng th\u1ee9c n\u1ed3ng \u0111\u1ed9 cao: <\/strong>N\u1ed3ng \u0111\u1ed9 ch\u1ea5t c\u1ed1 \u0111\u1ecbnh m\u00e0u cao cho ph\u00e9p s\u1eed d\u1ee5ng hi\u1ec7u qu\u1ea3 h\u01a1n, ti\u1ebft ki\u1ec7m chi ph\u00ed v\u00e0 mang l\u1ea1i k\u1ebft qu\u1ea3 t\u1ed1t h\u01a1n \u0111\u1ed3ng th\u1eddi gi\u1ea3m nhu c\u1ea7u v\u1ec1 s\u1ea3n ph\u1ea9m.<\/p>\n\n\n\n<p><strong>\u0110\u1ed9 b\u1ec1n \u0111\u01b0\u1ee3c c\u1ea3i thi\u1ec7n: <\/strong>B\u1ea3o v\u1ec7 v\u1ea3i nhu\u1ed9m kh\u00f4ng b\u1ecb phai m\u00e0u ho\u1eb7c \u0111\u1ed5i m\u00e0u theo th\u1eddi gian, gi\u00fap k\u00e9o d\u00e0i v\u1ebb ngo\u00e0i v\u00e0 m\u00e0u s\u1eafc c\u1ee7a v\u1ea3i.<\/p>\n<\/div>\n\n\n\n<div class=\"wp-block-column is-layout-flow wp-block-column-is-layout-flow\" style=\"flex-basis:50%\">\n<figure class=\"wp-block-embed is-type-video is-provider-youtube wp-block-embed-youtube wp-embed-aspect-16-9 wp-has-aspect-ratio\"><div class=\"wp-block-embed__wrapper\">\n<iframe title=\"\u3010H\u00f3a ch\u1ea5t d\u1ec7t\u3011Ch\u1ea5t c\u1ed1 \u0111\u1ecbnh m\u00e0u xanh ng\u1ecdc lam-23183\" width=\"500\" height=\"281\" src=\"https:\/\/www.youtube.com\/embed\/20AN_lI2QS4?feature=oembed\" frameborder=\"0\" allow=\"accelerometer; autoplay; clipboard-write; encrypted-media; gyroscope; picture-in-picture; web-share\" referrerpolicy=\"strict-origin-when-cross-origin\" allowfullscreen><\/iframe>\n<\/div><\/figure>\n<\/div>\n<\/div>\n\n\n\n<div class=\"wp-block-columns is-layout-flex wp-container-core-columns-is-layout-9d6595d7 wp-block-columns-is-layout-flex\">\n<div class=\"wp-block-column is-layout-flow wp-block-column-is-layout-flow\">\n<figure class=\"wp-block-image size-full\"><img decoding=\"async\" width=\"1200\" height=\"1200\" src=\"https:\/\/www.bluelakechem.com\/wp-content\/uploads\/2024\/12\/Formaldehyde-Free-Dye-Fixing-Agent-4.webp\" alt=\"Ch\u1ea5t c\u1ed1 \u0111\u1ecbnh thu\u1ed1c nhu\u1ed9m kh\u00f4ng ch\u1ee9a formaldehyde (4)\" class=\"wp-image-1055\" srcset=\"https:\/\/www.bluelakechem.com\/wp-content\/uploads\/2024\/12\/Formaldehyde-Free-Dye-Fixing-Agent-4.webp 1200w, https:\/\/www.bluelakechem.com\/wp-content\/uploads\/2024\/12\/Formaldehyde-Free-Dye-Fixing-Agent-4-300x300.webp 300w, https:\/\/www.bluelakechem.com\/wp-content\/uploads\/2024\/12\/Formaldehyde-Free-Dye-Fixing-Agent-4-150x150.webp 150w, https:\/\/www.bluelakechem.com\/wp-content\/uploads\/2024\/12\/Formaldehyde-Free-Dye-Fixing-Agent-4-768x768.webp 768w, https:\/\/www.bluelakechem.com\/wp-content\/uploads\/2024\/12\/Formaldehyde-Free-Dye-Fixing-Agent-4-600x600.webp 600w, https:\/\/www.bluelakechem.com\/wp-content\/uploads\/2024\/12\/Formaldehyde-Free-Dye-Fixing-Agent-4-100x100.webp 100w\" sizes=\"(max-width: 1200px) 100vw, 1200px\" \/><\/figure>\n<\/div>\n\n\n\n<div class=\"wp-block-column is-layout-flow wp-block-column-is-layout-flow\">\n<h2 class=\"wp-block-heading\">\u1ee8ng d\u1ee5ng c\u1ee7a ch\u1ea5t c\u1ed1 \u0111\u1ecbnh thu\u1ed1c nhu\u1ed9m:<\/h2>\n\n\n\n<p><strong>Nhu\u1ed9m v\u1ea3i cotton: <\/strong><br>Ch\u1ee7 y\u1ebfu \u0111\u01b0\u1ee3c s\u1eed d\u1ee5ng trong qu\u00e1 tr\u00ecnh nhu\u1ed9m v\u1ea3i cotton \u0111\u1ec3 c\u1ea3i thi\u1ec7n \u0111\u1ed9 b\u1ec1n m\u00e0u, \u0111\u1eb7c bi\u1ec7t l\u00e0 thu\u1ed1c nhu\u1ed9m tr\u1ef1c ti\u1ebfp v\u00e0 thu\u1ed1c nhu\u1ed9m ho\u1ea1t t\u00ednh.<\/p>\n\n\n\n<p><strong>S\u1ea3n xu\u1ea5t h\u00e0ng may m\u1eb7c: <\/strong><br>\u00c1p d\u1ee5ng cho qu\u1ea7n \u00e1o cotton, bao g\u1ed3m qu\u1ea7n \u00e1o h\u00e0ng ng\u00e0y, h\u00e0ng d\u1ec7t th\u1ec3 thao v\u00e0 ngo\u00e0i tr\u1eddi, qu\u1ea7n \u00e1o tr\u1ebb em, qu\u1ea7n \u00e1o l\u00e0m vi\u1ec7c, \u0111\u1ea3m b\u1ea3o ch\u1ee9c n\u0103ng v\u00e0 m\u00e0u s\u1eafc t\u01b0\u01a1i s\u00e1ng trong \u0111i\u1ec1u ki\u1ec7n kh\u1eafc nghi\u1ec7t ho\u1eb7c nhu c\u1ea7u cao c\u1ee7a ng\u01b0\u1eddi d\u00f9ng.<\/p>\n\n\n\n<p><strong>\u0110\u1ed3 d\u1ec7t gia d\u1ee5ng: <\/strong><br>\u00c1p d\u1ee5ng cho h\u00e0ng d\u1ec7t gia d\u1ee5ng nh\u01b0 ga tr\u1ea3i gi\u01b0\u1eddng, kh\u0103n t\u1eafm, r\u00e8m c\u1eeda v\u00e0 \u0111\u1ed3 trang tr\u00ed n\u1ed9i th\u1ea5t \u0111\u1ec3 duy tr\u00ec ch\u1ea5t l\u01b0\u1ee3ng m\u00e0u s\u1eafc v\u00e0 ch\u1ed1ng phai m\u00e0u do s\u1eed d\u1ee5ng h\u00e0ng ng\u00e0y.<\/p>\n\n\n\n<p><strong>V\u1ea3i m\u00e0u nh\u1ea1y c\u1ea3m: <\/strong><br>\u0110\u1eb7c bi\u1ec7t hi\u1ec7u qu\u1ea3 \u0111\u1ed1i v\u1edbi c\u00e1c lo\u1ea1i v\u1ea3i c\u00f3 m\u00e0u nh\u1ea1y c\u1ea3m, ch\u1eb3ng h\u1ea1n nh\u01b0 m\u00e0u xanh ng\u1ecdc lam v\u00e0 c\u00e1c t\u00f4ng m\u00e0u xanh l\u1ee5c kh\u00e1c, \u0111\u1ea3m b\u1ea3o c\u00e1c t\u00f4ng m\u00e0u n\u00e0y duy tr\u00ec \u0111\u1ed9 s\u00e1ng v\u00e0 ng\u0103n ng\u1eeba s\u1ef1 \u0111\u1ed5i m\u00e0u.<\/p>\n\n\n\n<p><strong>X\u1eed l\u00fd thu\u1ed1c nhu\u1ed9m ph\u1ea3n \u1ee9ng: <\/strong><br>Ch\u1ea5t c\u1ed1 \u0111\u1ecbnh thu\u1ed1c nhu\u1ed9m c\u00f3 th\u1ec3 c\u1ea3i thi\u1ec7n \u0111\u1ed9 b\u1ec1n m\u00e0u khi gi\u1eb7t v\u00e0 gi\u1ea3m t\u00ecnh tr\u1ea1ng phai m\u00e0u thu\u1ed1c nhu\u1ed9m, do \u0111\u00f3 c\u00f3 th\u1ec3 \u0111\u01b0\u1ee3c s\u1eed d\u1ee5ng \u0111\u1ec3 ho\u00e0n thi\u1ec7n b\u1eb1ng thu\u1ed1c nhu\u1ed9m ph\u1ea3n \u1ee9ng.<\/p>\n<\/div>\n<\/div>\n\n\n\n<p><\/p>","protected":false},"excerpt":{"rendered":"<p>Ch\u1ea5t c\u1ed1 \u0111\u1ecbnh thu\u1ed1c nhu\u1ed9m kh\u00f4ng ch\u1ee9a formaldehyde t\u0103ng c\u01b0\u1eddng \u0111\u1ed9 b\u1ec1n m\u00e0u c\u1ee7a thu\u1ed1c nhu\u1ed9m tr\u1ef1c ti\u1ebfp v\u00e0 thu\u1ed1c nhu\u1ed9m ph\u1ea3n \u1ee9ng, bao g\u1ed3m \u0111\u1ed9 b\u1ec1n khi ng\u00e2m, gi\u1eb7t, \u0111\u1ed5 m\u1ed3 h\u00f4i v\u00e0 ch\u00e0 x\u00e1t \u01b0\u1edbt. Ch\u1ea5t c\u1ed1 \u0111\u1ecbnh thu\u1ed1c nhu\u1ed9m n\u00e0y \u0111\u1eb7c bi\u1ec7t ph\u00f9 h\u1ee3p v\u1edbi v\u1ea3i m\u00e0u xanh ng\u1ecdc lam v\u00e0 c\u00e1c lo\u1ea1i v\u1ea3i nh\u1ea1y c\u1ea3m v\u1edbi m\u00e0u xanh lam l\u1ee5c kh\u00e1c.<\/p>\n<p><strong>S\u1ed1 hi\u1ec7u m\u1eabu <\/strong>23183<\/p>","protected":false},"featured_media":1454,"comment_status":"closed","ping_status":"closed","template":"","meta":{"_acf_changed":false},"material":[26],"process":[23,41],"product_brand":[],"product_cat":[15],"product_tag":[],"class_list":{"0":"post-1049","1":"product","2":"type-product","3":"status-publish","4":"has-post-thumbnail","6":"material-cotton-agent","7":"process-textile-finishing-chemicals","8":"process-fixing-agent","9":"product_cat-uncategorized","11":"first","12":"instock","13":"shipping-taxable","14":"product-type-simple"},"acf":[],"_links":{"self":[{"href":"https:\/\/www.bluelakechem.com\/vi\/wp-json\/wp\/v2\/product\/1049","targetHints":{"allow":["GET"]}}],"collection":[{"href":"https:\/\/www.bluelakechem.com\/vi\/wp-json\/wp\/v2\/product"}],"about":[{"href":"https:\/\/www.bluelakechem.com\/vi\/wp-json\/wp\/v2\/types\/product"}],"replies":[{"embeddable":true,"href":"https:\/\/www.bluelakechem.com\/vi\/wp-json\/wp\/v2\/comments?post=1049"}],"wp:featuredmedia":[{"embeddable":true,"href":"https:\/\/www.bluelakechem.com\/vi\/wp-json\/wp\/v2\/media\/1454"}],"wp:attachment":[{"href":"https:\/\/www.bluelakechem.com\/vi\/wp-json\/wp\/v2\/media?parent=1049"}],"wp:term":[{"taxonomy":"material","embeddable":true,"href":"https:\/\/www.bluelakechem.com\/vi\/wp-json\/wp\/v2\/material?post=1049"},{"taxonomy":"process","embeddable":true,"href":"https:\/\/www.bluelakechem.com\/vi\/wp-json\/wp\/v2\/process?post=1049"},{"taxonomy":"product_brand","embeddable":true,"href":"https:\/\/www.bluelakechem.com\/vi\/wp-json\/wp\/v2\/product_brand?post=1049"},{"taxonomy":"product_cat","embeddable":true,"href":"https:\/\/www.bluelakechem.com\/vi\/wp-json\/wp\/v2\/product_cat?post=1049"},{"taxonomy":"product_tag","embeddable":true,"href":"https:\/\/www.bluelakechem.com\/vi\/wp-json\/wp\/v2\/product_tag?post=1049"}],"curies":[{"name":"wp","href":"https:\/\/api.w.org\/{rel}","templated":true}]}}