{"id":1056,"date":"2024-12-18T03:41:18","date_gmt":"2024-12-18T03:41:18","guid":{"rendered":"https:\/\/www.bluelakechem.com\/?post_type=product&#038;p=1056"},"modified":"2025-01-17T12:40:12","modified_gmt":"2025-01-17T12:40:12","slug":"fixing-agent","status":"publish","type":"product","link":"https:\/\/www.bluelakechem.com\/vi\/product\/fixing-agent\/","title":{"rendered":"Thu\u1ed1c nhu\u1ed9m axit Ch\u1ea5t c\u1ed1 \u0111\u1ecbnh cho h\u00f3a ch\u1ea5t ho\u00e0n thi\u1ec7n v\u1ea3i nylon"},"content":{"rendered":"<div class=\"wp-block-columns is-layout-flex wp-container-core-columns-is-layout-9d6595d7 wp-block-columns-is-layout-flex\">\n<div class=\"wp-block-column is-layout-flow wp-block-column-is-layout-flow\" style=\"flex-basis:50%\">\n<h2 class=\"wp-block-heading\">T\u00ednh n\u0103ng c\u1ee7a ch\u1ea5t c\u1ed1 \u0111\u1ecbnh:<\/h2>\n\n\n\n<p><strong>\u0110\u1ed9 b\u1ec1n m\u00e0u \u0111\u01b0\u1ee3c c\u1ea3i thi\u1ec7n:<\/strong><br>Hi\u1ec7u qu\u1ea3 c\u1ea3i thi\u1ec7n \u0111\u1ed9 b\u1ec1n m\u00e0u c\u1ee7a v\u1ea3i nylon, \u0111\u1ea3m b\u1ea3o m\u00e0u s\u1eafc b\u1ec1n l\u00e2u v\u00e0 r\u1ef1c r\u1ee1 h\u01a1n sau khi nhu\u1ed9m v\u00e0 in.<\/p>\n\n\n\n<p><strong>D\u00e0nh ri\u00eang cho thu\u1ed1c nhu\u1ed9m axit:<\/strong><br>\u0110\u01b0\u1ee3c t\u1ed1i \u01b0u h\u00f3a cho qu\u00e1 tr\u00ecnh c\u1ed1 \u0111\u1ecbnh thu\u1ed1c nhu\u1ed9m axit, s\u1ea3n ph\u1ea9m n\u00e0y l\u00e0 l\u1ef1a ch\u1ecdn l\u00fd t\u01b0\u1edfng cho s\u1ee3i nylon, v\u1ea3i d\u1ec7t v\u00e0 v\u1ea3i \u0111\u01b0\u1ee3c nhu\u1ed9m b\u1eb1ng thu\u1ed1c nhu\u1ed9m axit.<\/p>\n\n\n\n<p><strong>Kh\u00f4ng c\u1ea7n \u0111i\u1ec1u ch\u1ec9nh pH:<\/strong><br>Kh\u00f4ng c\u1ea7n \u0111i\u1ec1u ch\u1ec9nh \u0111\u1ed9 axit trong qu\u00e1 tr\u00ecnh c\u1ed1 \u0111\u1ecbnh, gi\u00fap \u0111\u01a1n gi\u1ea3n h\u00f3a quy tr\u00ecnh s\u1ea3n xu\u1ea5t v\u00e0 gi\u1ea3m chi ph\u00ed v\u1eadn h\u00e0nh.<\/p>\n\n\n\n<p><strong>Ng\u0103n ng\u1eeba c\u00e1c v\u1ebft b\u00e1m c\u1ee9ng:<\/strong><br>Hi\u1ec7u qu\u1ea3 ng\u0103n ch\u1eb7n s\u1ef1 h\u00ecnh th\u00e0nh c\u00e1c v\u1ebft b\u00e1m m\u00e0u, \u0111\u1ea3m b\u1ea3o m\u00e0u s\u1eafc \u0111\u1ed3ng \u0111\u1ec1u v\u00e0 nh\u1ea5t qu\u00e1n tr\u00ean v\u1ea3i.<\/p>\n\n\n\n<p><strong>\u0110\u1ed9 b\u1ec1n \u0111\u01b0\u1ee3c c\u1ea3i thi\u1ec7n:<\/strong><br>T\u0103ng c\u01b0\u1eddng \u0111\u1ed9 b\u1ec1n c\u1ee7a v\u1ea3i, gi\u1eef nguy\u00ean v\u1ebb ngo\u00e0i v\u00e0 hi\u1ec7u su\u1ea5t sau nhi\u1ec1u l\u1ea7n gi\u1eb7t v\u00e0 s\u1eed d\u1ee5ng.<\/p>\n\n\n\n<p><strong>Kh\u00f4ng \u1ea3nh h\u01b0\u1edfng \u0111\u1ebfn ch\u1ea5t l\u01b0\u1ee3ng v\u1ea3i:<\/strong><br>Kh\u00f4ng \u1ea3nh h\u01b0\u1edfng \u0111\u1ebfn k\u1ebft c\u1ea5u ho\u1eb7c c\u1ea3m gi\u00e1c c\u1ee7a v\u1ea3i nylon, gi\u1eef nguy\u00ean \u0111\u1ed9 m\u1ec1m m\u1ea1i v\u00e0 \u0111\u1ed9 linh ho\u1ea1t t\u1ef1 nhi\u00ean c\u1ee7a ch\u00fang.<\/p>\n<\/div>\n\n\n\n<div class=\"wp-block-column is-layout-flow wp-block-column-is-layout-flow\" style=\"flex-basis:50%\">\n<figure class=\"wp-block-embed is-type-video is-provider-youtube wp-block-embed-youtube wp-embed-aspect-4-3 wp-has-aspect-ratio\"><div class=\"wp-block-embed__wrapper\">\n<iframe title=\"H\u00f3a ch\u1ea5t d\u1ec7t may|V\u1ea5n \u0111\u1ec1 th\u01b0\u1eddng g\u1eb7p v\u1edbi v\u1ea3i nylon hu\u1ef3nh quang #nylon #sarees #textileindustry\" width=\"500\" height=\"375\" src=\"https:\/\/www.youtube.com\/embed\/1AQggi1dVY0?feature=oembed\" frameborder=\"0\" allow=\"accelerometer; autoplay; clipboard-write; encrypted-media; gyroscope; picture-in-picture; web-share\" referrerpolicy=\"strict-origin-when-cross-origin\" allowfullscreen><\/iframe>\n<\/div><\/figure>\n<\/div>\n<\/div>\n\n\n\n<div class=\"wp-block-columns is-layout-flex wp-container-core-columns-is-layout-9d6595d7 wp-block-columns-is-layout-flex\">\n<div class=\"wp-block-column is-layout-flow wp-block-column-is-layout-flow\">\n<figure class=\"wp-block-image size-full\"><img decoding=\"async\" width=\"1600\" height=\"1200\" src=\"https:\/\/www.bluelakechem.com\/wp-content\/uploads\/2024\/12\/Fixing-Agent-2.webp\" alt=\"Ch\u1ea5t c\u1ed1 \u0111\u1ecbnh (2)\" class=\"wp-image-1060\" srcset=\"https:\/\/www.bluelakechem.com\/wp-content\/uploads\/2024\/12\/Fixing-Agent-2.webp 1600w, https:\/\/www.bluelakechem.com\/wp-content\/uploads\/2024\/12\/Fixing-Agent-2-300x225.webp 300w, https:\/\/www.bluelakechem.com\/wp-content\/uploads\/2024\/12\/Fixing-Agent-2-768x576.webp 768w, https:\/\/www.bluelakechem.com\/wp-content\/uploads\/2024\/12\/Fixing-Agent-2-1200x900.webp 1200w, https:\/\/www.bluelakechem.com\/wp-content\/uploads\/2024\/12\/Fixing-Agent-2-600x450.webp 600w\" sizes=\"(max-width: 1600px) 100vw, 1600px\" \/><\/figure>\n<\/div>\n\n\n\n<div class=\"wp-block-column is-layout-flow wp-block-column-is-layout-flow\">\n<h2 class=\"wp-block-heading\">\u1ee8ng d\u1ee5ng ch\u1ea5t k\u1ebft d\u00ednh:<\/h2>\n\n\n\n<p><strong>C\u00e1c quy tr\u00ecnh nhu\u1ed9m v\u00e0 sau in:<\/strong> Ch\u1ee7 y\u1ebfu \u0111\u01b0\u1ee3c s\u1eed d\u1ee5ng sau qu\u00e1 tr\u00ecnh nhu\u1ed9m v\u00e0 in tr\u00ean v\u1ea3i nylon \u0111\u1ec3 c\u1ea3i thi\u1ec7n \u0111\u1ed9 b\u1ec1n m\u00e0u v\u00e0 \u0111\u1ea3m b\u1ea3o hi\u1ec7u \u1ee9ng m\u00e0u s\u1eafc t\u01b0\u01a1i s\u00e1ng v\u00e0 b\u1ec1n l\u00e2u.<\/p>\n\n\n\n<p><strong>S\u1ee3i nylon v\u00e0 v\u1ea3i nylon:<\/strong> S\u1ea3n ph\u1ea9m n\u00e0y th\u01b0\u1eddng \u0111\u01b0\u1ee3c s\u1eed d\u1ee5ng \u0111\u1ec3 ho\u00e0n thi\u1ec7n s\u1ee3i nylon, d\u00e2y th\u1eebng v\u00e0 v\u1ea3i nh\u1eb1m c\u1ea3i thi\u1ec7n \u0111\u1ed9 b\u00e1m m\u00e0u v\u00e0 \u0111\u1ed9 b\u1ec1n m\u00e0u.<\/p>\n\n\n\n<p><strong>S\u1ea3n xu\u1ea5t may m\u1eb7c v\u00e0 d\u1ec7t may: <\/strong>\u0110\u01b0\u1ee3c s\u1eed d\u1ee5ng trong qu\u00e1 tr\u00ecnh ho\u00e0n thi\u1ec7n s\u1ea3n ph\u1ea9m may m\u1eb7c v\u00e0 c\u00e1c lo\u1ea1i v\u1ea3i kh\u00e1c \u0111\u1ec3 \u0111\u1ea3m b\u1ea3o m\u00e0u s\u1eafc t\u01b0\u01a1i s\u00e1ng, b\u1ec1n m\u00e0u v\u00e0 ch\u1ecbu \u0111\u01b0\u1ee3c qu\u00e1 tr\u00ecnh gi\u1eb7t gi\u0169 v\u00e0 ti\u1ebfp x\u00fac v\u1edbi m\u00f4i tr\u01b0\u1eddng.<\/p>\n\n\n\n<p><strong>\u0110\u1ed3 th\u1ec3 thao v\u00e0 \u0111\u1ed3 m\u1eb7c th\u01b0\u1eddng ng\u00e0y: <\/strong>T\u0103ng c\u01b0\u1eddng kh\u1ea3 n\u0103ng gi\u1eef m\u00e0u v\u00e0 \u0111\u1ed9 b\u1ec1n c\u1ee7a v\u1ea3i th\u1ec3 thao v\u00e0 th\u1eddi trang n\u0103ng \u0111\u1ed9ng l\u00e0m t\u1eeb nylon, ngay c\u1ea3 sau nhi\u1ec1u l\u1ea7n gi\u1eb7t.<\/p>\n\n\n\n<p><strong>\u0110\u1ed3 d\u1ec7t gia d\u1ee5ng: <\/strong>C\u00f3 th\u1ec3 s\u1eed d\u1ee5ng trong c\u00e1c s\u1ea3n ph\u1ea9m d\u1ec7t may gia d\u1ee5ng nh\u01b0 r\u00e8m c\u1eeda nylon, trang tr\u00ed n\u1ed9i th\u1ea5t v\u00e0 g\u1ed1i \u0111\u1ec3 c\u1ea3i thi\u1ec7n \u0111\u1ed9 b\u1ec1n m\u00e0u v\u00e0 v\u1ebb ngo\u00e0i.<\/p>\n\n\n\n<p><strong>D\u1ec7t may c\u00f4ng nghi\u1ec7p: <\/strong>Ph\u00f9 h\u1ee3p cho c\u00e1c \u1ee9ng d\u1ee5ng c\u00f4ng nghi\u1ec7p s\u1eed d\u1ee5ng v\u1ea3i nylon nh\u01b0 thi\u1ebft b\u1ecb an to\u00e0n, t\u00fai x\u00e1ch v\u00e0 d\u00e2y \u0111eo \u0111\u1ec3 \u0111\u1ea3m b\u1ea3o hi\u1ec7u su\u1ea5t v\u00e0 \u0111\u1ed9 b\u1ec1n cao h\u01a1n.<\/p>\n<\/div>\n<\/div>\n\n\n\n<p><\/p>","protected":false},"excerpt":{"rendered":"<p>Ch\u1ea5t c\u1ed1 \u0111\u1ecbnh thu\u1ed1c nhu\u1ed9m axit d\u00f9ng sau khi nhu\u1ed9m v\u00e0 in s\u1ee3i nylon, b\u0103ng d\u1ec7t v\u00e0 v\u1ea3i, c\u00f3 th\u1ec3 c\u1ea3i thi\u1ec7n nhi\u1ec1u m\u1eb7t \u0111\u1ed9 b\u1ec1n m\u00e0u m\u00e0 kh\u00f4ng c\u1ea7n \u0111i\u1ec1u ch\u1ec9nh \u0111\u1ed9 axit v\u00e0 ng\u0103n ng\u1eeba vi\u1ec7c t\u1ea1o ra c\u00e1c \u0111i\u1ec3m c\u1ed1 \u0111\u1ecbnh, do \u0111\u00f3 \u0111\u1ea3m b\u1ea3o qu\u00e1 tr\u00ecnh ho\u00e0n thi\u1ec7n di\u1ec5n ra tr\u01a1n tru v\u00e0 \u0111\u00e1ng tin c\u1eady.<\/p>\n<p><strong>S\u1ed1 hi\u1ec7u m\u1eabu<\/strong>23031<\/p>","protected":false},"featured_media":1453,"comment_status":"closed","ping_status":"closed","template":"","meta":{"_acf_changed":false},"material":[28,31,33],"process":[23,41],"product_brand":[],"product_cat":[15],"product_tag":[],"class_list":{"0":"post-1056","1":"product","2":"type-product","3":"status-publish","4":"has-post-thumbnail","6":"material-nylon-agent","7":"material-wool-auxiliary","8":"material-silk-chemicals","9":"process-textile-finishing-chemicals","10":"process-fixing-agent","11":"product_cat-uncategorized","13":"first","14":"instock","15":"shipping-taxable","16":"product-type-simple"},"acf":[],"_links":{"self":[{"href":"https:\/\/www.bluelakechem.com\/vi\/wp-json\/wp\/v2\/product\/1056","targetHints":{"allow":["GET"]}}],"collection":[{"href":"https:\/\/www.bluelakechem.com\/vi\/wp-json\/wp\/v2\/product"}],"about":[{"href":"https:\/\/www.bluelakechem.com\/vi\/wp-json\/wp\/v2\/types\/product"}],"replies":[{"embeddable":true,"href":"https:\/\/www.bluelakechem.com\/vi\/wp-json\/wp\/v2\/comments?post=1056"}],"wp:featuredmedia":[{"embeddable":true,"href":"https:\/\/www.bluelakechem.com\/vi\/wp-json\/wp\/v2\/media\/1453"}],"wp:attachment":[{"href":"https:\/\/www.bluelakechem.com\/vi\/wp-json\/wp\/v2\/media?parent=1056"}],"wp:term":[{"taxonomy":"material","embeddable":true,"href":"https:\/\/www.bluelakechem.com\/vi\/wp-json\/wp\/v2\/material?post=1056"},{"taxonomy":"process","embeddable":true,"href":"https:\/\/www.bluelakechem.com\/vi\/wp-json\/wp\/v2\/process?post=1056"},{"taxonomy":"product_brand","embeddable":true,"href":"https:\/\/www.bluelakechem.com\/vi\/wp-json\/wp\/v2\/product_brand?post=1056"},{"taxonomy":"product_cat","embeddable":true,"href":"https:\/\/www.bluelakechem.com\/vi\/wp-json\/wp\/v2\/product_cat?post=1056"},{"taxonomy":"product_tag","embeddable":true,"href":"https:\/\/www.bluelakechem.com\/vi\/wp-json\/wp\/v2\/product_tag?post=1056"}],"curies":[{"name":"wp","href":"https:\/\/api.w.org\/{rel}","templated":true}]}}