{"id":1061,"date":"2025-01-17T13:21:26","date_gmt":"2025-01-17T13:21:26","guid":{"rendered":"https:\/\/www.bluelakechem.com\/?post_type=product&#038;p=1061"},"modified":"2025-01-17T13:21:29","modified_gmt":"2025-01-17T13:21:29","slug":"cotton-softener","status":"publish","type":"product","link":"https:\/\/www.bluelakechem.com\/vi\/product\/cotton-softener\/","title":{"rendered":"Kh\u0103n l\u00e0m m\u1ec1m v\u1ea3i cotton Ch\u1ea5t l\u00e0m m\u1ec1m silicon \u0111\u1ec3 ho\u00e0n thi\u1ec7n v\u1ea3i"},"content":{"rendered":"<div class=\"wp-block-columns is-layout-flex wp-container-core-columns-is-layout-9d6595d7 wp-block-columns-is-layout-flex\">\n<div class=\"wp-block-column is-layout-flow wp-block-column-is-layout-flow\" style=\"flex-basis:50%\">\n<h2 class=\"wp-block-heading\">T\u00ednh n\u0103ng c\u1ee7a n\u01b0\u1edbc x\u1ea3 v\u1ea3i Cotton:<\/h2>\n\n\n\n<p><strong>T\u00ednh \u01b0a n\u01b0\u1edbc t\u1ee9c th\u1eddi<\/strong><br>Cung c\u1ea5p cho kh\u0103n cotton t\u00ednh th\u1ea5m n\u01b0\u1edbc t\u1ee9c th\u1eddi v\u00e0 t\u0103ng kh\u1ea3 n\u0103ng th\u1ea5m n\u01b0\u1edbc \u0111\u1ec3 \u0111\u00e1p \u1ee9ng c\u00e1c y\u00eau c\u1ea7u c\u1ee7a kh\u0103n hi\u1ec7u su\u1ea5t cao.<\/p>\n\n\n\n<p><strong>C\u1ea3m gi\u00e1c c\u1ea7m tay m\u1ec1m m\u1ea1i v\u00e0 tho\u1ea3i m\u00e1i<\/strong><br>C\u1ea3i thi\u1ec7n \u0111\u00e1ng k\u1ec3 \u0111\u1ed9 m\u1ec1m m\u1ea1i c\u1ee7a v\u1ea3i, mang l\u1ea1i c\u1ea3m gi\u00e1c m\u1ecbn m\u00e0ng v\u00e0 tho\u1ea3i m\u00e1i, l\u00fd t\u01b0\u1edfng cho c\u00e1c lo\u1ea1i v\u1ea3i ti\u1ebfp x\u00fac v\u1edbi da.<\/p>\n\n\n\n<p><strong>\u0110\u1ed9 b\u1ec1n cao<\/strong><br>V\u1edbi kh\u1ea3 n\u0103ng gi\u1eb7t tuy\u1ec7t v\u1eddi, s\u1ea3n ph\u1ea9m v\u1eabn m\u1ec1m m\u1ea1i ngay c\u1ea3 sau th\u1eddi gian d\u00e0i s\u1eed d\u1ee5ng.<\/p>\n\n\n\n<p><strong>C\u00f3 th\u1ec3 \u00e1p d\u1ee5ng r\u1ed9ng r\u00e3i<\/strong><br>\u0110\u01b0\u1ee3c thi\u1ebft k\u1ebf d\u00e0nh ri\u00eang cho kh\u0103n cotton, bao g\u1ed3m kh\u0103n th\u01b0\u1eddng v\u00e0 kh\u0103n c\u00f3 m\u1eadt \u0111\u1ed9 cao, \u0111\u1ea3m b\u1ea3o t\u01b0\u01a1ng th\u00edch v\u1edbi nhi\u1ec1u lo\u1ea1i v\u1ea3i.<\/p>\n\n\n\n<p><strong>D\u1ec5 d\u00e0ng x\u1eed l\u00fd<\/strong><br>D\u1ec5 d\u00e0ng \u00e1p d\u1ee5ng v\u00e0o quy tr\u00ecnh ho\u00e0n thi\u1ec7n d\u1ec7t may, c\u00f3 th\u1ec3 d\u1ec5 d\u00e0ng t\u00edch h\u1ee3p v\u00e0o d\u00e2y chuy\u1ec1n s\u1ea3n xu\u1ea5t hi\u1ec7n c\u00f3 v\u00e0 gi\u1ea3m chi ph\u00ed v\u1eadn h\u00e0nh.<\/p>\n<\/div>\n\n\n\n<div class=\"wp-block-column is-layout-flow wp-block-column-is-layout-flow\" style=\"flex-basis:50%\">\n<figure class=\"wp-block-embed is-type-video is-provider-youtube wp-block-embed-youtube wp-embed-aspect-16-9 wp-has-aspect-ratio\"><div class=\"wp-block-embed__wrapper\">\n<iframe title=\"98.8% c\u1ee7a c\u00e1c nh\u00e0 m\u00e1y nhu\u1ed9m lo ng\u1ea1i r\u1eb1ng d\u1ea7u silicon kh\u00f4ng \u1ed5n \u0111\u1ecbnh &amp; \u1ea3nh h\u01b0\u1edfng \u0111\u1ebfn hi\u1ec7u qu\u1ea3. L\u00e0m th\u1ebf n\u00e0o \u0111\u1ec3 l\u00e0m?76902\" width=\"500\" height=\"281\" src=\"https:\/\/www.youtube.com\/embed\/wG0OA6MsqtY?feature=oembed\" frameborder=\"0\" allow=\"accelerometer; autoplay; clipboard-write; encrypted-media; gyroscope; picture-in-picture; web-share\" referrerpolicy=\"strict-origin-when-cross-origin\" allowfullscreen><\/iframe>\n<\/div><\/figure>\n<\/div>\n<\/div>\n\n\n\n<div class=\"wp-block-columns is-layout-flex wp-container-core-columns-is-layout-9d6595d7 wp-block-columns-is-layout-flex\">\n<div class=\"wp-block-column is-layout-flow wp-block-column-is-layout-flow\">\n<figure class=\"wp-block-image size-full\"><img decoding=\"async\" width=\"1200\" height=\"750\" src=\"https:\/\/www.bluelakechem.com\/wp-content\/uploads\/2024\/12\/Cotton-Softener-1_1.webp\" alt=\"N\u01b0\u1edbc x\u1ea3 v\u1ea3i Cotton (1)_1\" class=\"wp-image-1064\" srcset=\"https:\/\/www.bluelakechem.com\/wp-content\/uploads\/2024\/12\/Cotton-Softener-1_1.webp 1200w, https:\/\/www.bluelakechem.com\/wp-content\/uploads\/2024\/12\/Cotton-Softener-1_1-300x188.webp 300w, https:\/\/www.bluelakechem.com\/wp-content\/uploads\/2024\/12\/Cotton-Softener-1_1-768x480.webp 768w, https:\/\/www.bluelakechem.com\/wp-content\/uploads\/2024\/12\/Cotton-Softener-1_1-600x375.webp 600w\" sizes=\"(max-width: 1200px) 100vw, 1200px\" \/><\/figure>\n<\/div>\n\n\n\n<div class=\"wp-block-column is-layout-flow wp-block-column-is-layout-flow\">\n<h2 class=\"wp-block-heading\">\u1ee8ng d\u1ee5ng c\u1ee7a ch\u1ea5t l\u00e0m m\u1ec1m b\u00f4ng:<\/h2>\n\n\n\n<p><strong>S\u1ea3n xu\u1ea5t kh\u0103n<\/strong><br>Th\u00edch h\u1ee3p \u0111\u1ec3 ho\u00e0n thi\u1ec7n kh\u0103n v\u1ea3i b\u00f4ng v\u00e0 kh\u0103n v\u1ea3i cotton, mang l\u1ea1i v\u1ebb ngo\u00e0i v\u00e0 c\u1ea3m gi\u00e1c ch\u1ea5t l\u01b0\u1ee3ng cao.<\/p>\n\n\n\n<p><strong>D\u1ec7t may gia \u0111\u00ecnh<\/strong><br>\u00c1p d\u1ee5ng cho kh\u0103n tr\u1ea3i gi\u01b0\u1eddng, kh\u0103n t\u1eafm, kh\u0103n m\u1eb7t v\u00e0 c\u00e1c s\u1ea3n ph\u1ea9m d\u1ec7t ti\u1ebfp x\u00fac v\u1edbi da kh\u00e1c \u0111\u1ec3 n\u00e2ng cao tr\u1ea3i nghi\u1ec7m c\u1ee7a ng\u01b0\u1eddi d\u00f9ng.<\/p>\n\n\n\n<p><strong>Ng\u00e0nh may m\u1eb7c<\/strong><br>C\u00f3 th\u1ec3 s\u1eed d\u1ee5ng \u0111\u1ec3 ho\u00e0n thi\u1ec7n qu\u1ea7n \u00e1o cotton nguy\u00ean ch\u1ea5t, mang l\u1ea1i k\u1ebft c\u1ea5u m\u1ec1m m\u1ea1i v\u00e0 th\u00e2n thi\u1ec7n v\u1edbi l\u00e0n da.<\/p>\n\n\n\n<p><strong>D\u1ec7t may cao c\u1ea5p<\/strong><br>\u0110\u01b0\u1ee3c thi\u1ebft k\u1ebf ri\u00eang cho th\u1ecb tr\u01b0\u1eddng cao c\u1ea5p, ch\u1eb3ng h\u1ea1n nh\u01b0 h\u00e0ng d\u1ec7t may kh\u00e1ch s\u1ea1n sang tr\u1ecdng v\u00e0 kh\u0103n t\u1eafm spa.<\/p>\n<\/div>\n<\/div>\n\n\n\n<p><\/p>","protected":false},"excerpt":{"rendered":"<p>N\u01b0\u1edbc x\u1ea3 v\u1ea3i cotton d\u00e0nh cho kh\u0103n cotton, \u0111\u01b0\u1ee3c pha ch\u1ebf \u0111\u1eb7c bi\u1ec7t d\u00e0nh cho kh\u0103n b\u00f4ng, gi\u00fap duy tr\u00ec \u0111\u1ed9 th\u1ea5m n\u01b0\u1edbc t\u1ee9c th\u1eddi v\u00e0 t\u0103ng \u0111\u1ed9 m\u1ec1m m\u1ea1i, mang \u0111\u1ebfn c\u1ea3m gi\u00e1c tho\u1ea3i m\u00e1i v\u00e0 nh\u1eb9 nh\u00e0ng khi s\u1eed d\u1ee5ng kh\u0103n cotton.<\/p>\n<p><strong>S\u1ed1 hi\u1ec7u m\u1eabu<\/strong>76902<\/p>","protected":false},"featured_media":1468,"comment_status":"closed","ping_status":"closed","template":"","meta":{"_acf_changed":false},"material":[26],"process":[23,42,24],"product_brand":[],"product_cat":[15],"product_tag":[],"class_list":{"0":"post-1061","1":"product","2":"type-product","3":"status-publish","4":"has-post-thumbnail","6":"material-cotton-agent","7":"process-textile-finishing-chemicals","8":"process-softener","9":"process-silicone-oil","10":"product_cat-uncategorized","12":"first","13":"instock","14":"shipping-taxable","15":"product-type-simple"},"acf":[],"_links":{"self":[{"href":"https:\/\/www.bluelakechem.com\/vi\/wp-json\/wp\/v2\/product\/1061","targetHints":{"allow":["GET"]}}],"collection":[{"href":"https:\/\/www.bluelakechem.com\/vi\/wp-json\/wp\/v2\/product"}],"about":[{"href":"https:\/\/www.bluelakechem.com\/vi\/wp-json\/wp\/v2\/types\/product"}],"replies":[{"embeddable":true,"href":"https:\/\/www.bluelakechem.com\/vi\/wp-json\/wp\/v2\/comments?post=1061"}],"wp:featuredmedia":[{"embeddable":true,"href":"https:\/\/www.bluelakechem.com\/vi\/wp-json\/wp\/v2\/media\/1468"}],"wp:attachment":[{"href":"https:\/\/www.bluelakechem.com\/vi\/wp-json\/wp\/v2\/media?parent=1061"}],"wp:term":[{"taxonomy":"material","embeddable":true,"href":"https:\/\/www.bluelakechem.com\/vi\/wp-json\/wp\/v2\/material?post=1061"},{"taxonomy":"process","embeddable":true,"href":"https:\/\/www.bluelakechem.com\/vi\/wp-json\/wp\/v2\/process?post=1061"},{"taxonomy":"product_brand","embeddable":true,"href":"https:\/\/www.bluelakechem.com\/vi\/wp-json\/wp\/v2\/product_brand?post=1061"},{"taxonomy":"product_cat","embeddable":true,"href":"https:\/\/www.bluelakechem.com\/vi\/wp-json\/wp\/v2\/product_cat?post=1061"},{"taxonomy":"product_tag","embeddable":true,"href":"https:\/\/www.bluelakechem.com\/vi\/wp-json\/wp\/v2\/product_tag?post=1061"}],"curies":[{"name":"wp","href":"https:\/\/api.w.org\/{rel}","templated":true}]}}