{"id":1066,"date":"2025-01-17T13:27:37","date_gmt":"2025-01-17T13:27:37","guid":{"rendered":"https:\/\/www.bluelakechem.com\/?post_type=product&#038;p=1066"},"modified":"2025-05-28T07:27:15","modified_gmt":"2025-05-28T07:27:15","slug":"towel-softener","status":"publish","type":"product","link":"https:\/\/www.bluelakechem.com\/vi\/product\/towel-softener\/","title":{"rendered":"N\u01b0\u1edbc x\u1ea3 kh\u0103n D\u1ea7u silicon \u01b0a n\u01b0\u1edbc H\u00f3a ch\u1ea5t d\u1ec7t may \u0111\u1ec3 ho\u00e0n thi\u1ec7n v\u1ea3i"},"content":{"rendered":"<div class=\"wp-block-columns is-layout-flex wp-container-core-columns-is-layout-9d6595d7 wp-block-columns-is-layout-flex\">\n<div class=\"wp-block-column is-layout-flow wp-block-column-is-layout-flow\" style=\"flex-basis:50%\">\n<h2 class=\"wp-block-heading\">T\u00ednh n\u0103ng c\u1ee7a m\u00e1y l\u00e0m m\u1ec1m kh\u0103n:<\/h2>\n\n\n\n<p><strong>T\u0103ng c\u01b0\u1eddng \u0111\u1ed9 m\u1ec1m m\u1ea1i v\u00e0 m\u1ecbn m\u00e0ng:<\/strong> N\u01b0\u1edbc x\u1ea3 v\u1ea3i mang l\u1ea1i \u0111\u1ed9 m\u1ec1m m\u1ea1i, sang tr\u1ecdng cho kh\u0103n t\u1eafm, gi\u00fap b\u1ea1n s\u1eed d\u1ee5ng kh\u0103n tho\u1ea3i m\u00e1i v\u00e0 d\u1ec5 ch\u1ecbu.<\/p>\n\n\n\n<p><strong>\u0110\u1ea3m b\u1ea3o t\u00ednh \u01b0a n\u01b0\u1edbc t\u1ee9c th\u1eddi: <\/strong>N\u00f3 \u0111\u1ea3m b\u1ea3o kh\u0103n s\u1ebd gi\u1eef \u0111\u01b0\u1ee3c kh\u1ea3 n\u0103ng th\u1ea5m h\u00fat \u0111\u1ed9 \u1ea9m nhanh v\u00e0 kh\u00f4 nhanh - nh\u1eefng y\u1ebfu t\u1ed1 ti\u00ean quy\u1ebft \u0111\u1ec3 kh\u0103n c\u00f3 th\u1ec3 ho\u1ea1t \u0111\u1ed9ng t\u1ed1t.<\/p>\n\n\n\n<p><strong>\u00c1p d\u1ee5ng cho nhi\u1ec1u lo\u1ea1i s\u1ee3i kh\u00e1c nhau: <\/strong>Ph\u00f9 h\u1ee3p v\u1edbi kh\u0103n cotton, kh\u0103n lau tay, kh\u0103n b\u00f4ng, kh\u0103n s\u1ee3i pha v\u00e0 nhi\u1ec1u lo\u1ea1i kh\u0103n kh\u00e1c.<\/p>\n\n\n\n<p><strong>Xanh v\u00e0 kh\u00f4ng \u0111\u1ed9c h\u1ea1i: <\/strong>\u0110\u01b0\u1ee3c pha ch\u1ebf v\u1edbi c\u00e1c th\u00e0nh ph\u1ea7n sinh th\u00e1i, n\u01b0\u1edbc x\u1ea3 kh\u0103n an to\u00e0n cho m\u00f4i tr\u01b0\u1eddng v\u00e0 ph\u00f9 h\u1ee3p v\u1edbi c\u00e1c lo\u1ea1i v\u1ea3i ti\u1ebfp x\u00fac v\u1edbi da nh\u1ea1y c\u1ea3m.<\/p>\n\n\n\n<p><strong>Kh\u00e1ng khu\u1ea9n T\u00f9y ch\u1ecdn:<\/strong> M\u1ed9t s\u1ed1 ch\u1ea5t l\u00e0m m\u1ec1m v\u1ea3i kh\u0103n c\u0169ng \u0111\u01b0\u1ee3c t\u1ea9m th\u00eam ch\u1ea5t kh\u00e1ng khu\u1ea9n, khi s\u1eed d\u1ee5ng s\u1ebd t\u0103ng c\u01b0\u1eddng t\u00e1c d\u1ee5ng v\u1ec7 sinh v\u00e0 \u0111\u1ed9 t\u01b0\u01a1i m\u1edbi cho kh\u0103n.<\/p>\n\n\n\n<p><strong>C\u00f3 th\u1ec3 s\u1eed d\u1ee5ng trong c\u00f4ng nghi\u1ec7p\/gia \u0111\u00ecnh:<\/strong> T\u1ed1t cho qu\u00e1 tr\u00ecnh ch\u1ebf bi\u1ebfn c\u00f4ng nghi\u1ec7p; tuy\u1ec7t v\u1eddi cho vi\u1ec7c ch\u0103m s\u00f3c gia \u0111\u00ecnh th\u01b0\u1eddng xuy\u00ean khi gi\u1eb7t gi\u0169.<\/p>\n\n\n\n<h2 class=\"wp-block-heading\">\u1ee8ng d\u1ee5ng c\u1ee7a ch\u1ea5t l\u00e0m m\u1ec1m kh\u0103n:<\/h2>\n\n\n\n<p><strong>Kh\u0103n t\u1eafm gia d\u1ee5ng: <\/strong>N\u01b0\u1edbc x\u1ea3 v\u1ea3i gi\u00fap c\u1ea3i thi\u1ec7n \u0111\u1ed9 m\u1ec1m m\u1ea1i v\u00e0 kh\u1ea3 n\u0103ng th\u1ea5m h\u00fat c\u1ee7a kh\u0103n t\u1eafm, kh\u0103n tay v\u00e0 kh\u0103n b\u1ebfp, n\u00e2ng cao kh\u1ea3 n\u0103ng s\u1eed d\u1ee5ng v\u00e0 s\u1ef1 tho\u1ea3i m\u00e1i.<\/p>\n\n\n\n<p><strong>Ho\u00e0n thi\u1ec7n kh\u0103n c\u00f4ng nghi\u1ec7p:<\/strong> \u0110i\u1ec1u n\u00e0y r\u1ea5t quan tr\u1ecdng trong s\u1ea3n xu\u1ea5t kh\u0103n t\u1eafm quy m\u00f4 l\u1edbn \u0111\u1ec3 \u0111\u1ea3m b\u1ea3o ch\u1ea5t l\u01b0\u1ee3ng ho\u00e0n thi\u1ec7n cao, mang l\u1ea1i \u0111\u1ed9 m\u1ec1m m\u1ea1i v\u00e0 \u0111\u1ed9 b\u1ec1n t\u1ed1i \u01b0u.<\/p>\n\n\n\n<p><strong>Kh\u0103n th\u1ec3 thao v\u00e0 t\u1eadp th\u1ec3 d\u1ee5c:<\/strong> D\u00f9ng trong ph\u00f2ng t\u1eadp th\u1ec3 d\u1ee5c, trung t\u00e2m th\u1ec3 thao v\u00e0 c\u00e1c s\u1ef1 ki\u1ec7n ngo\u00e0i tr\u1eddi, gi\u00fap t\u0103ng c\u01b0\u1eddng kh\u1ea3 n\u0103ng th\u1ea5m \u1ea9m v\u00e0 \u0111\u1ed9 m\u1ec1m m\u1ea1i c\u1ee7a kh\u0103n.<\/p>\n\n\n\n<p><strong>Kh\u0103n d\u00e0nh cho tr\u1ebb em v\u00e0 da nh\u1ea1y c\u1ea3m: <\/strong>N\u01b0\u1edbc x\u1ea3 v\u1ea3i mang l\u1ea1i c\u1ea3m gi\u00e1c m\u1ec1m m\u1ea1i cho kh\u0103n m\u00e0 tr\u1ebb s\u01a1 sinh ho\u1eb7c ng\u01b0\u1eddi c\u00f3 l\u00e0n da nh\u1ea1y c\u1ea3m s\u1eed d\u1ee5ng.<\/p>\n\n\n\n<p><strong>Kh\u0103n l\u00e0m \u0111\u1eb9p v\u00e0 ch\u0103m s\u00f3c da:<\/strong> Kh\u0103n m\u1eb7t v\u00e0 kh\u0103n ch\u0103m s\u00f3c da \u0111\u01b0\u1ee3c x\u1eed l\u00fd \u0111\u1ec3 mang l\u1ea1i c\u1ea3m gi\u00e1c m\u1ec1m m\u1ea1i, m\u1ecbn m\u00e0ng khi s\u1eed d\u1ee5ng nh\u1eb9 nh\u00e0ng cho da m\u1eb7t.<\/p>\n\n\n\n<p><strong>Kh\u0103n lau b\u1ec7nh vi\u1ec7n v\u00e0 c\u01a1 s\u1edf ch\u0103m s\u00f3c: <\/strong>Nh\u1eefng s\u1ea3n ph\u1ea9m n\u00e0y gi\u00fap kh\u0103n b\u1ec7nh nh\u00e2n tho\u1ea3i m\u00e1i h\u01a1n khi s\u1eed d\u1ee5ng, \u0111\u1ea3m b\u1ea3o v\u1ec7 sinh v\u00e0 m\u1ec1m m\u1ea1i cho ng\u01b0\u1eddi d\u00f9ng nh\u1ea1y c\u1ea3m.<\/p>\n<\/div>\n\n\n\n<div class=\"wp-block-column is-layout-flow wp-block-column-is-layout-flow\" style=\"flex-basis:50%\">\n<figure class=\"wp-block-image size-full\"><img decoding=\"async\" width=\"800\" height=\"800\" src=\"https:\/\/www.bluelakechem.com\/wp-content\/uploads\/2024\/12\/Towel-Softener-1.webp\" alt=\"N\u01b0\u1edbc x\u1ea3 kh\u0103n\" class=\"wp-image-1470\" srcset=\"https:\/\/www.bluelakechem.com\/wp-content\/uploads\/2024\/12\/Towel-Softener-1.webp 800w, https:\/\/www.bluelakechem.com\/wp-content\/uploads\/2024\/12\/Towel-Softener-1-300x300.webp 300w, https:\/\/www.bluelakechem.com\/wp-content\/uploads\/2024\/12\/Towel-Softener-1-150x150.webp 150w, https:\/\/www.bluelakechem.com\/wp-content\/uploads\/2024\/12\/Towel-Softener-1-768x768.webp 768w, https:\/\/www.bluelakechem.com\/wp-content\/uploads\/2024\/12\/Towel-Softener-1-12x12.webp 12w, https:\/\/www.bluelakechem.com\/wp-content\/uploads\/2024\/12\/Towel-Softener-1-600x600.webp 600w, https:\/\/www.bluelakechem.com\/wp-content\/uploads\/2024\/12\/Towel-Softener-1-100x100.webp 100w\" sizes=\"(max-width: 800px) 100vw, 800px\" \/><\/figure>\n\n\n\n<figure class=\"wp-block-embed is-type-video is-provider-youtube wp-block-embed-youtube wp-embed-aspect-16-9 wp-has-aspect-ratio\"><div class=\"wp-block-embed__wrapper\">\n<iframe title=\"H\u00f3a ch\u1ea5t d\u1ec7t may|B\u00ed quy\u1ebft t\u1ea1o ra v\u1ea3i m\u1ec1m m\u1ea1i t\u1eeb nh\u00e0 m\u00e1y nhu\u1ed9m! #textilefinishing #textiles\" width=\"500\" height=\"281\" src=\"https:\/\/www.youtube.com\/embed\/Ej-WoBixVwU?feature=oembed\" frameborder=\"0\" allow=\"accelerometer; autoplay; clipboard-write; encrypted-media; gyroscope; picture-in-picture; web-share\" referrerpolicy=\"strict-origin-when-cross-origin\" allowfullscreen><\/iframe>\n<\/div><\/figure>\n<\/div>\n<\/div>","protected":false},"excerpt":{"rendered":"<p>N\u01b0\u1edbc x\u1ea3 v\u1ea3i d\u00e0nh cho kh\u0103n cotton, \u0111\u01b0\u1ee3c thi\u1ebft k\u1ebf \u0111\u1eb7c bi\u1ec7t cho kh\u0103n t\u1eafm, duy tr\u00ec \u0111\u1ed9 th\u1ea5m n\u01b0\u1edbc t\u1ee9c th\u00ec v\u00e0 mang l\u1ea1i c\u1ea3m gi\u00e1c m\u1ec1m m\u1ea1i, m\u1ecbn m\u00e0ng, n\u00e2ng cao s\u1ef1 tho\u1ea3i m\u00e1i v\u00e0 ch\u1ea5t l\u01b0\u1ee3ng t\u1ed5ng th\u1ec3 c\u1ee7a kh\u0103n cotton.<\/p>\n<p><strong>S\u1ed1 hi\u1ec7u m\u1eabu<\/strong>76905<\/p>","protected":false},"featured_media":1470,"comment_status":"closed","ping_status":"closed","template":"","meta":{"_acf_changed":false},"material":[26],"process":[23,42,24],"product_brand":[],"product_cat":[15],"product_tag":[],"class_list":{"0":"post-1066","1":"product","2":"type-product","3":"status-publish","4":"has-post-thumbnail","6":"material-cotton-agent","7":"process-textile-finishing-chemicals","8":"process-softener","9":"process-silicone-oil","10":"product_cat-uncategorized","12":"first","13":"instock","14":"shipping-taxable","15":"product-type-simple"},"acf":[],"_links":{"self":[{"href":"https:\/\/www.bluelakechem.com\/vi\/wp-json\/wp\/v2\/product\/1066","targetHints":{"allow":["GET"]}}],"collection":[{"href":"https:\/\/www.bluelakechem.com\/vi\/wp-json\/wp\/v2\/product"}],"about":[{"href":"https:\/\/www.bluelakechem.com\/vi\/wp-json\/wp\/v2\/types\/product"}],"replies":[{"embeddable":true,"href":"https:\/\/www.bluelakechem.com\/vi\/wp-json\/wp\/v2\/comments?post=1066"}],"wp:featuredmedia":[{"embeddable":true,"href":"https:\/\/www.bluelakechem.com\/vi\/wp-json\/wp\/v2\/media\/1470"}],"wp:attachment":[{"href":"https:\/\/www.bluelakechem.com\/vi\/wp-json\/wp\/v2\/media?parent=1066"}],"wp:term":[{"taxonomy":"material","embeddable":true,"href":"https:\/\/www.bluelakechem.com\/vi\/wp-json\/wp\/v2\/material?post=1066"},{"taxonomy":"process","embeddable":true,"href":"https:\/\/www.bluelakechem.com\/vi\/wp-json\/wp\/v2\/process?post=1066"},{"taxonomy":"product_brand","embeddable":true,"href":"https:\/\/www.bluelakechem.com\/vi\/wp-json\/wp\/v2\/product_brand?post=1066"},{"taxonomy":"product_cat","embeddable":true,"href":"https:\/\/www.bluelakechem.com\/vi\/wp-json\/wp\/v2\/product_cat?post=1066"},{"taxonomy":"product_tag","embeddable":true,"href":"https:\/\/www.bluelakechem.com\/vi\/wp-json\/wp\/v2\/product_tag?post=1066"}],"curies":[{"name":"wp","href":"https:\/\/api.w.org\/{rel}","templated":true}]}}