{"id":1068,"date":"2025-01-04T03:27:11","date_gmt":"2025-01-04T03:27:11","guid":{"rendered":"https:\/\/www.bluelakechem.com\/?post_type=product&#038;p=1068"},"modified":"2025-06-26T06:25:29","modified_gmt":"2025-06-26T06:25:29","slug":"moisture-wicking-textile-chemicals","status":"publish","type":"product","link":"https:\/\/www.bluelakechem.com\/vi\/product\/moisture-wicking-textile-chemicals\/","title":{"rendered":"H\u00f3a ch\u1ea5t d\u1ec7t th\u1ea5m \u1ea9m cho v\u1ea3i cotton polyester ho\u00e0n thi\u1ec7n"},"content":{"rendered":"<div class=\"wp-block-columns is-layout-flex wp-container-core-columns-is-layout-9d6595d7 wp-block-columns-is-layout-flex\">\n<div class=\"wp-block-column is-layout-flow wp-block-column-is-layout-flow\" style=\"flex-basis:50%\">\n<h2 class=\"wp-block-heading\">T\u00ednh n\u0103ng c\u1ee7a h\u00f3a ch\u1ea5t d\u1ec7t th\u1ea5m \u1ea9m:<\/h2>\n\n\n\n<p><strong>Ch\u1ea5t r\u1eafn cao:<\/strong> H\u00f3a ch\u1ea5t d\u1ec7t th\u1ea5m \u1ea9m l\u00e0 c\u00f4ng th\u1ee9c c\u00f3 h\u00e0m l\u01b0\u1ee3ng r\u1eafn cao \u0111\u1ea3m b\u1ea3o k\u1ebft qu\u1ea3 t\u1ed1t h\u01a1n trong qu\u00e1 tr\u00ecnh s\u1eed d\u1ee5ng v\u00e0 gi\u1ea3m l\u01b0\u1ee3ng s\u1eed d\u1ee5ng.<\/p>\n\n\n\n<p><strong>T\u00ednh linh ho\u1ea1t: <\/strong>H\u00f3a ch\u1ea5t n\u00e0y kh\u00f4ng ch\u1ec9 c\u00f3 kh\u1ea3 n\u0103ng th\u1ea5m h\u00fat xu\u1ea5t s\u1eafc m\u00e0 c\u00f2n c\u00f3 th\u1ec3 \u0111\u01b0\u1ee3c t\u00edch h\u1ee3p v\u00e0o qu\u00e1 tr\u00ecnh x\u1eed l\u00fd ch\u1ed1ng t\u0129nh \u0111i\u1ec7n tr\u00ean nhi\u1ec1u lo\u1ea1i v\u1ea3i kh\u00e1c nhau, ngay c\u1ea3 sau khi \u0111\u00e3 \u0111\u01b0\u1ee3c x\u1eed l\u00fd.<\/p>\n\n\n\n<p><strong>Hi\u1ec7u qu\u1ea3 v\u00e0 kinh t\u1ebf cao:<\/strong> Li\u1ec1u l\u01b0\u1ee3ng th\u1ea5p v\u00e0 hi\u1ec7u qu\u1ea3 chi ph\u00ed cao c\u1ee7a s\u1ea3n ph\u1ea9m ph\u00f9 h\u1ee3p cho s\u1ea3n xu\u1ea5t h\u00e0ng lo\u1ea1t v\u00e0 c\u00f3 th\u1ec3 gi\u1ea3m \u0111\u00e1ng k\u1ec3 chi ph\u00ed s\u1ea3n xu\u1ea5t.<\/p>\n\n\n\n<p><strong>Ho\u00e0n thi\u1ec7n \u01b0a n\u01b0\u1edbc:<\/strong> L\u00e0 t\u00e1c nh\u00e2n ho\u00e0n thi\u1ec7n \u01b0a n\u01b0\u1edbc, H\u00f3a ch\u1ea5t d\u1ec7t th\u1ea5m \u1ea9m mang l\u1ea1i \u0111\u1eb7c t\u00ednh qu\u1ea3n l\u00fd \u0111\u1ed9 \u1ea9m tuy\u1ec7t v\u1eddi gi\u00fap v\u1ea3i tho\u1ea3i m\u00e1i.<\/p>\n\n\n\n<p><strong>Th\u00e2n thi\u1ec7n v\u1edbi m\u00f4i tr\u01b0\u1eddng:<\/strong> C\u00e1c h\u00f3a ch\u1ea5t \u0111\u01b0\u1ee3c s\u1eed d\u1ee5ng th\u00e2n thi\u1ec7n v\u1edbi m\u00f4i tr\u01b0\u1eddng v\u00e0 c\u00f3 t\u00e1c \u0111\u1ed9ng th\u1ea5p \u0111\u1ebfn m\u00f4i tr\u01b0\u1eddng khi s\u1eed d\u1ee5ng.<\/p>\n\n\n\n<h2 class=\"wp-block-heading\">\u1ee8ng d\u1ee5ng c\u1ee7a h\u00f3a ch\u1ea5t d\u1ec7t th\u1ea5m \u1ea9m:<\/h2>\n\n\n\n<p><strong>Ho\u00e0n thi\u1ec7n th\u1ea5m \u1ea9m:<\/strong> \u0110\u01b0\u1ee3c s\u1eed d\u1ee5ng \u0111\u1ec3 ho\u00e0n thi\u1ec7n v\u1ea3i cotton, polyester v\u00e0 v\u1ea3i pha nh\u1eb1m c\u1ea3i thi\u1ec7n kh\u1ea3 n\u0103ng th\u1ea5m h\u00fat \u1ea9m, th\u01b0\u1eddng \u0111\u01b0\u1ee3c d\u00f9ng trong qu\u1ea7n \u00e1o th\u1ec3 thao, \u0111\u1ed3 t\u1eadp v\u00e0 \u0111\u1ed3 m\u1eb7c ngo\u00e0i tr\u1eddi.<\/p>\n\n\n\n<p><strong>X\u1eed l\u00fd ch\u1ed1ng t\u0129nh \u0111i\u1ec7n: <\/strong>Ph\u01b0\u01a1ng ph\u00e1p x\u1eed l\u00fd n\u00e0y \u0111\u01b0\u1ee3c \u00e1p d\u1ee5ng cho c\u00e1c s\u1ee3i t\u1ed5ng h\u1ee3p nh\u01b0 polyester v\u00e0 gi\u00fap gi\u1ea3m s\u1ef1 t\u00edch t\u1ee5 t\u0129nh \u0111i\u1ec7n, do \u0111\u00f3 c\u1ea3i thi\u1ec7n s\u1ef1 tho\u1ea3i m\u00e1i khi m\u1eb7c v\u00e0 kh\u1ea3 n\u0103ng s\u1eed d\u1ee5ng c\u1ee7a c\u00e1c lo\u1ea1i v\u1ea3i d\u00f9ng trong thi\u1ebft b\u1ecb \u0111i\u1ec7n t\u1eed, h\u00e0ng d\u1ec7t y t\u1ebf v\u00e0 \u0111\u1ed3 m\u1eb7c c\u00f4ng s\u1edf.<\/p>\n\n\n\n<p><strong>\u0110\u1ed3 d\u1ec7t gia d\u1ee5ng:<\/strong> Kh\u0103n t\u1eafm, kh\u0103n tr\u1ea3i gi\u01b0\u1eddng v\u00e0 c\u00e1c \u0111\u1ed3 d\u1ec7t gia d\u1ee5ng kh\u00e1c \u0111\u01b0\u1ee3c x\u1eed l\u00fd b\u1eb1ng ch\u1ea5t n\u00e0y \u0111\u1ec3 t\u0103ng kh\u1ea3 n\u0103ng th\u1ea5m h\u00fat \u0111\u1ed9 \u1ea9m, gi\u00fap v\u1ea3i lu\u00f4n t\u01b0\u01a1i m\u1edbi v\u00e0 kh\u00f4 r\u00e1o sau khi gi\u1eb7t.<\/p>\n\n\n\n<p><strong>X\u1eed l\u00fd v\u1ea3i ch\u1ee9c n\u0103ng: <\/strong>Ph\u01b0\u01a1ng ph\u00e1p x\u1eed l\u00fd n\u00e0y l\u00fd t\u01b0\u1edfng cho c\u00e1c lo\u1ea1i v\u1ea3i ch\u1ee9c n\u0103ng, \u0111\u1eb7c bi\u1ec7t l\u00e0 nh\u1eefng lo\u1ea1i v\u1ea3i c\u1ea7n ki\u1ec3m so\u00e1t \u0111\u1ed9 \u1ea9m c\u1ee7a c\u01a1 th\u1ec3, ch\u1eb3ng h\u1ea1n nh\u01b0 v\u1ea3i d\u00f9ng trong \u0111\u1ed3 d\u00f9ng ngo\u00e0i tr\u1eddi, \u0111\u1ed3 ng\u1ee7 v\u00e0 v\u1ea3i hi\u1ec7u su\u1ea5t cao.<\/p>\n\n\n\n<p><strong>D\u1ec7t may c\u00f4ng nghi\u1ec7p:<\/strong> \u0110\u01b0\u1ee3c s\u1eed d\u1ee5ng trong h\u00e0ng d\u1ec7t c\u00f4ng nghi\u1ec7p, ch\u1eb3ng h\u1ea1n nh\u01b0 qu\u1ea7n \u00e1o b\u1ea3o h\u1ed9 lao \u0111\u1ed9ng, \u0111\u1ec3 qu\u1ea3n l\u00fd \u0111\u1ed9 \u1ea9m t\u1ed1t h\u01a1n v\u00e0 gi\u1ea3m t\u00edch t\u1ee5 t\u0129nh \u0111i\u1ec7n trong m\u00f4i tr\u01b0\u1eddng m\u00e0 c\u1ea3 hai y\u1ebfu t\u1ed1 n\u00e0y \u0111\u1ec1u quan tr\u1ecdng.<\/p>\n\n\n\n<h2 class=\"wp-block-heading\">T\u00ednh ch\u1ea5t c\u1ee7a h\u00f3a ch\u1ea5t d\u1ec7t may h\u00fat \u1ea9m:<\/h2>\n\n\n\n<figure class=\"wp-block-table\"><table class=\"has-fixed-layout\"><tbody><tr><td>V\u1ebb b\u1ec1 ngo\u00e0i:<\/td><td>Ch\u1ea5t r\u1eafn m\u00e0u v\u00e0ng<\/td><\/tr><tr><td>T\u00ednh ion:<\/td><td>Kh\u00f4ng ion<\/td><\/tr><tr><td>Gi\u00e1 tr\u1ecb pH:<\/td><td>6,0 \u00b1 1,0 (dung d\u1ecbch n\u01b0\u1edbc 1%)<\/td><\/tr><tr><td>\u0110\u1ed9 h\u00f2a tan:<\/td><td>H\u00f2a tan trong n\u01b0\u1edbc<\/td><\/tr><\/tbody><\/table><\/figure>\n\n\n\n<h2 class=\"wp-block-heading\">H\u01b0\u1edbng d\u1eabn s\u1eed d\u1ee5ng h\u00f3a ch\u1ea5t d\u1ec7t may h\u00fat \u1ea9m:<\/h2>\n\n\n\n<p>1. Xin vui l\u00f2ng \u0111\u1ec1 xu\u1ea5t pha lo\u00e3ng v\u1edbi t\u1ef7 l\u1ec7 1:14 \u0111\u1ebfn 1:19.<\/p>\n\n\n\n<p>Vui l\u00f2ng khu\u1ea5y \u0111\u1ec1u v\u00e0 t\u1eeb t\u1eeb th\u00eam 45404 v\u00e0o n\u01b0\u1edbc \u1edf nhi\u1ec7t \u0111\u1ed9 ph\u00f2ng theo t\u1ef7 l\u1ec7 quy \u0111\u1ecbnh.<\/p>\n\n\n\n<p>\u0110un n\u00f3ng \u0111\u1ebfn 60~70\u2103 v\u00e0 khu\u1ea5y \u0111\u1ec1u \u1edf t\u1ed1c \u0111\u1ed9 th\u1ea5p cho \u0111\u1ebfn khi tan ho\u00e0n to\u00e0n (khu\u1ea5y trong 40~60 ph\u00fat).<\/p>\n\n\n\n<p>2. <strong>Cho qu\u00e1 tr\u00ecnh nh\u00fang<\/strong>, Li\u1ec1u tham kh\u1ea3o c\u1ee7a 5% 45404: 1,0~4,0% (tr\u1ecdng l\u01b0\u1ee3ng tr\u00ean tr\u1ecdng l\u01b0\u1ee3ng).<\/p>\n\n\n\n<p>Ng\u00e2m trong n\u01b0\u1edbc \u1edf nhi\u1ec7t \u0111\u1ed9 25~50\u2103 trong 30~60 ph\u00fat \u2192 L\u1ecdc n\u01b0\u1edbc \u2192 S\u1ea5y kh\u00f4 (100~130\u2103) \u2192 C\u1ed1 \u0111\u1ecbnh (160~190\u2103)<\/p>\n\n\n\n<p>3. <strong>\u0110\u1ed1i v\u1edbi qu\u00e1 tr\u00ecnh \u0111\u1ec7m<\/strong>, Li\u1ec1u l\u01b0\u1ee3ng tham kh\u1ea3o c\u1ee7a 5% 45404: 10~50 g\/L.<\/p>\n\n\n\n<p>L\u00e0m m\u1ec1m (Th\u1eddi gian: 65~75%) \u2192 S\u1ea5y kh\u00f4 (100~130\u2103) \u2192 C\u1ed1 \u0111\u1ecbnh (160~190\u2103)<\/p>\n<\/div>\n\n\n\n<div class=\"wp-block-column is-layout-flow wp-block-column-is-layout-flow\" style=\"flex-basis:50%\">\n<figure class=\"wp-block-embed is-type-video is-provider-youtube wp-block-embed-youtube wp-embed-aspect-16-9 wp-has-aspect-ratio\"><div class=\"wp-block-embed__wrapper\">\n<iframe title=\"H\u00f3a ch\u1ea5t d\u1ec7t may|\" width=\"500\" height=\"281\" src=\"https:\/\/www.youtube.com\/embed\/WDpID-_d1jU?feature=oembed\" frameborder=\"0\" allow=\"accelerometer; autoplay; clipboard-write; encrypted-media; gyroscope; picture-in-picture; web-share\" referrerpolicy=\"strict-origin-when-cross-origin\" allowfullscreen><\/iframe>\n<\/div><\/figure>\n\n\n\n<figure class=\"wp-block-image size-full\"><img decoding=\"async\" width=\"1080\" height=\"1920\" src=\"https:\/\/www.bluelakechem.com\/wp-content\/uploads\/2025\/01\/Multifunctional-Finishing-Agent-45404.webp\" alt=\"Ch\u1ea5t ho\u00e0n thi\u1ec7n \u0111a n\u0103ng\" class=\"wp-image-2387\" srcset=\"https:\/\/www.bluelakechem.com\/wp-content\/uploads\/2025\/01\/Multifunctional-Finishing-Agent-45404.webp 1080w, https:\/\/www.bluelakechem.com\/wp-content\/uploads\/2025\/01\/Multifunctional-Finishing-Agent-45404-169x300.webp 169w, https:\/\/www.bluelakechem.com\/wp-content\/uploads\/2025\/01\/Multifunctional-Finishing-Agent-45404-768x1365.webp 768w, https:\/\/www.bluelakechem.com\/wp-content\/uploads\/2025\/01\/Multifunctional-Finishing-Agent-45404-7x12.webp 7w, https:\/\/www.bluelakechem.com\/wp-content\/uploads\/2025\/01\/Multifunctional-Finishing-Agent-45404-600x1067.webp 600w\" sizes=\"(max-width: 1080px) 100vw, 1080px\" \/><\/figure>\n<\/div>\n<\/div>","protected":false},"excerpt":{"rendered":"<p>H\u00f3a ch\u1ea5t d\u1ec7t th\u1ea5m \u1ea9m c\u00f3 h\u00e0m l\u01b0\u1ee3ng ch\u1ea5t r\u1eafn cao, t\u00ednh ch\u1ea5t \u0111a ch\u1ee9c n\u0103ng v\u00e0 \u1ee9ng d\u1ee5ng \u0111a d\u1ea1ng cho l\u1edbp ho\u00e0n thi\u1ec7n \u01b0a n\u01b0\u1edbc v\u00e0 ch\u1ed1ng t\u0129nh \u0111i\u1ec7n. L\u00fd t\u01b0\u1edfng nh\u01b0 ch\u1ea5t l\u00e0m m\u1ec1m b\u1ed3n t\u1eafm v\u1edbi li\u1ec1u l\u01b0\u1ee3ng nh\u1ecf \u0111\u1ec3 x\u1eed l\u00fd ti\u1ebft ki\u1ec7m chi ph\u00ed.<\/p>\n<p><strong>S\u1ed1 hi\u1ec7u m\u1eabu<\/strong>45404<\/p>","protected":false},"featured_media":1446,"comment_status":"closed","ping_status":"closed","template":"","meta":{"_acf_changed":false},"material":[26,27,28,29,30,31,32,33,34],"process":[23,25],"product_brand":[],"product_cat":[15],"product_tag":[],"class_list":{"0":"post-1068","1":"product","2":"type-product","3":"status-publish","4":"has-post-thumbnail","6":"material-cotton-agent","7":"material-polyester-chemicals","8":"material-nylon-agent","9":"material-acrylic-chemicals","10":"material-viscose-chemicals","11":"material-wool-auxiliary","12":"material-linen-chemicals","13":"material-silk-chemicals","14":"material-fabric-chemicals","15":"process-textile-finishing-chemicals","16":"process-textile-finishing-agent","17":"product_cat-uncategorized","19":"first","20":"instock","21":"shipping-taxable","22":"product-type-simple"},"acf":[],"_links":{"self":[{"href":"https:\/\/www.bluelakechem.com\/vi\/wp-json\/wp\/v2\/product\/1068","targetHints":{"allow":["GET"]}}],"collection":[{"href":"https:\/\/www.bluelakechem.com\/vi\/wp-json\/wp\/v2\/product"}],"about":[{"href":"https:\/\/www.bluelakechem.com\/vi\/wp-json\/wp\/v2\/types\/product"}],"replies":[{"embeddable":true,"href":"https:\/\/www.bluelakechem.com\/vi\/wp-json\/wp\/v2\/comments?post=1068"}],"wp:featuredmedia":[{"embeddable":true,"href":"https:\/\/www.bluelakechem.com\/vi\/wp-json\/wp\/v2\/media\/1446"}],"wp:attachment":[{"href":"https:\/\/www.bluelakechem.com\/vi\/wp-json\/wp\/v2\/media?parent=1068"}],"wp:term":[{"taxonomy":"material","embeddable":true,"href":"https:\/\/www.bluelakechem.com\/vi\/wp-json\/wp\/v2\/material?post=1068"},{"taxonomy":"process","embeddable":true,"href":"https:\/\/www.bluelakechem.com\/vi\/wp-json\/wp\/v2\/process?post=1068"},{"taxonomy":"product_brand","embeddable":true,"href":"https:\/\/www.bluelakechem.com\/vi\/wp-json\/wp\/v2\/product_brand?post=1068"},{"taxonomy":"product_cat","embeddable":true,"href":"https:\/\/www.bluelakechem.com\/vi\/wp-json\/wp\/v2\/product_cat?post=1068"},{"taxonomy":"product_tag","embeddable":true,"href":"https:\/\/www.bluelakechem.com\/vi\/wp-json\/wp\/v2\/product_tag?post=1068"}],"curies":[{"name":"wp","href":"https:\/\/api.w.org\/{rel}","templated":true}]}}