{"id":1069,"date":"2025-01-04T02:23:56","date_gmt":"2025-01-04T02:23:56","guid":{"rendered":"https:\/\/www.bluelakechem.com\/?post_type=product&#038;p=1069"},"modified":"2025-10-20T07:53:29","modified_gmt":"2025-10-20T07:53:29","slug":"silicone-oil-emulsion","status":"publish","type":"product","link":"https:\/\/www.bluelakechem.com\/vi\/product\/silicone-oil-emulsion\/","title":{"rendered":"Dung d\u1ecbch nh\u0169 t\u01b0\u01a1ng silicone si\u00eau m\u1ec1m, ch\u1ea5t ho\u00e0n thi\u1ec7n ch\u1ed1ng \u1ed1 v\u00e0ng cho v\u1ea3i cotton viscose."},"content":{"rendered":"<div class=\"wp-block-columns is-layout-flex wp-container-core-columns-is-layout-9d6595d7 wp-block-columns-is-layout-flex\">\n<div class=\"wp-block-column is-layout-flow wp-block-column-is-layout-flow\" style=\"flex-basis:50%\">\n<h2 class=\"wp-block-heading\">T\u00ednh n\u0103ng c\u1ee7a nh\u0169 t\u01b0\u01a1ng d\u1ea7u silicon:<\/h2>\n\n\n\n<p><strong>\u0110\u1ed9 m\u1ec1m m\u1ea1i v\u00e0 m\u1ecbn m\u00e0ng tuy\u1ec7t v\u1eddi:<\/strong> Cung c\u1ea5p cho v\u1ea3i c\u1ea3m gi\u00e1c m\u1ec1m m\u1ea1i, b\u00f4ng x\u1ed1p v\u00e0 cao c\u1ea5p m\u00e0 kh\u00f4ng g\u00e2y nh\u1eddn r\u00edt hay d\u00ednh d\u00ednh.<\/p>\n\n\n\n<p><strong>Hi\u1ec7u su\u1ea5t ch\u1ed1ng \u1ed1 v\u00e0ng: <\/strong>C\u00f4ng th\u1ee9c \u0111\u1eb7c bi\u1ec7t gi\u00fap ng\u0103n ng\u1eeba hi\u1ec7n t\u01b0\u1ee3ng \u1ed1 v\u00e0ng ngay c\u1ea3 sau khi x\u1eed l\u00fd \u1edf nhi\u1ec7t \u0111\u1ed9 cao ho\u1eb7c l\u01b0u tr\u1eef l\u00e2u d\u00e0i, l\u00fd t\u01b0\u1edfng cho c\u00e1c lo\u1ea1i v\u1ea3i m\u00e0u s\u00e1ng v\u00e0 tr\u1eafng.<\/p>\n\n\n\n<p><strong>\u0110\u1ed9 \u1ed5n \u0111\u1ecbnh cao c\u1ee7a nh\u0169 t\u01b0\u01a1ng:<\/strong> Gi\u1eef \u1ed5n \u0111\u1ecbnh \u0111\u1ed9 ph\u00e2n t\u00e1n v\u00e0 \u0111\u1ea3m b\u1ea3o hi\u1ec7u su\u1ea5t ho\u00e0n thi\u1ec7n \u0111\u1ed3ng \u0111\u1ec1u trong qu\u00e1 tr\u00ecnh s\u1ea3n xu\u1ea5t.<\/p>\n\n\n\n<p><strong>D\u1ec5 d\u00e0ng t\u1ea1o nh\u0169 t\u01b0\u01a1ng:<\/strong> C\u00f3 th\u1ec3 \u0111\u01b0\u1ee3c x\u1eed l\u00fd b\u1eb1ng nhi\u1ec1u lo\u1ea1i thi\u1ebft b\u1ecb kh\u00e1c nhau, gi\u00fap n\u00f3 d\u1ec5 d\u00e0ng t\u00edch h\u1ee3p v\u00e0o nhi\u1ec1u quy tr\u00ecnh s\u1ea3n xu\u1ea5t kh\u00e1c nhau.<\/p>\n\n\n\n<p><strong>Th\u00e2n thi\u1ec7n v\u1edbi m\u00f4i tr\u01b0\u1eddng v\u00e0 kh\u00f4ng \u0111\u1ed9c h\u1ea1i: <\/strong>Dung d\u1ecbch nh\u0169 t\u01b0\u01a1ng d\u1ea7u silicone th\u00e2n thi\u1ec7n v\u1edbi m\u00f4i tr\u01b0\u1eddng v\u00e0 \u0111\u00e1p \u1ee9ng c\u00e1c ti\u00eau chu\u1ea9n an to\u00e0n nghi\u00eam ng\u1eb7t cho c\u00e1c s\u1ea3n ph\u1ea9m d\u1ec7t may ti\u1ebfp x\u00fac tr\u1ef1c ti\u1ebfp v\u1edbi da.<\/p>\n\n\n\n<p><strong>\u1ee8ng d\u1ee5ng \u0111a n\u0103ng:<\/strong> N\u00f3 \u0111\u01b0\u1ee3c \u00e1p d\u1ee5ng cho c\u00e1c s\u1ee3i t\u1ef1 nhi\u00ean nh\u01b0 b\u00f4ng v\u00e0 cellulose, s\u1ee3i t\u1ed5ng h\u1ee3p v\u00e0 c\u00e1c h\u1ed7n h\u1ee3p.<\/p>\n\n\n\n<h2 class=\"wp-block-heading\">L\u0129nh v\u1ef1c \u1ee9ng d\u1ee5ng<\/h2>\n\n\n\n<ul class=\"wp-block-list\">\n<li><strong>Ho\u00e0n thi\u1ec7n m\u1ec1m m\u1ea1i cho v\u1ea3i:<\/strong> B\u00f4ng, viscose, polyester v\u00e0 v\u1ea3i pha tr\u1ed9n<\/li>\n\n\n\n<li><strong>\u0110\u1ed3 d\u1ec7t gia d\u1ee5ng:<\/strong> Kh\u0103n t\u1eafm, ch\u0103n ga g\u1ed1i \u0111\u1ec7m, v\u1ea3i b\u1ecdc gh\u1ebf sofa<\/li>\n\n\n\n<li><strong>V\u1ea3i cho tr\u1ebb s\u01a1 sinh v\u00e0 v\u1ea3i cao c\u1ea5p:<\/strong> Cung c\u1ea5p \u0111\u1ed9 m\u1ec1m m\u1ea1i nh\u1eb9 nh\u00e0ng nh\u01b0ng b\u1ec1n b\u1ec9.<\/li>\n\n\n\n<li><strong>V\u1ea3i c\u00f4ng nghi\u1ec7p:<\/strong> Tay c\u1ea7m \u0111\u01b0\u1ee3c c\u1ea3i ti\u1ebfn cho v\u1ea3i ch\u1ed1ng th\u1ea5m n\u01b0\u1edbc ho\u1eb7c v\u1ea3i ch\u1ee9c n\u0103ng<\/li>\n\n\n\n<li><strong>V\u1ea3i nh\u1ea1y c\u1ea3m v\u1edbi nhi\u1ec7t:<\/strong> T\u00ednh n\u0103ng ch\u1ed1ng \u1ed1 v\u00e0ng ph\u00f9 h\u1ee3p v\u1edbi c\u00e1c lo\u1ea1i v\u1ea3i m\u00e0u s\u00e1ng ho\u1eb7c m\u1ecfng manh.<\/li>\n<\/ul>\n\n\n\n<h2 class=\"wp-block-heading\">Th\u00f4ng s\u1ed1 k\u1ef9 thu\u1eadt c\u1ee7a dung d\u1ecbch nh\u0169 t\u01b0\u01a1ng d\u1ea7u silicone:<\/h2>\n\n\n\n<figure class=\"wp-block-table\"><table class=\"has-fixed-layout\"><tbody><tr><td><strong>M\u1eb7t h\u00e0ng<\/strong><\/td><td>Th\u00f4ng s\u1ed1 k\u1ef9 thu\u1eadt<\/td><\/tr><tr><td>H\u00ecnh th\u1ee9c<\/td><td>Dung d\u1ecbch tr\u1eafng ho\u1eb7c c\u00f3 m\u00e0u s\u1eefa<\/td><\/tr><tr><td>\u0110\u1ed9 ion<\/td><td>Cation y\u1ebfu<\/td><\/tr><tr><td>pH (dung d\u1ecbch n\u01b0\u1edbc 1%)<\/td><td>6.0\u20137.0<\/td><\/tr><tr><td>\u0110\u1ed9 tan<\/td><td>D\u1ec5 d\u00e0ng h\u00f2a tan trong n\u01b0\u1edbc<\/td><\/tr><\/tbody><\/table><\/figure>\n\n\n\n<h2 class=\"wp-block-heading\">C\u00e1c ph\u01b0\u01a1ng ph\u00e1p \u00e1p d\u1ee5ng \u0111\u01b0\u1ee3c khuy\u1ebfn ngh\u1ecb<\/h2>\n\n\n\n<p><strong>Quy tr\u00ecnh \u0111\u1ec7m:<\/strong><\/p>\n\n\n\n<ul class=\"wp-block-list\">\n<li>V\u1ea3i nh\u1eb9: 10\u201320 g\/L<\/li>\n\n\n\n<li>V\u1ea3i d\u00e0y: 20\u201330 g\/L<\/li>\n\n\n\n<li>Stenter: 160\u2013170 \u00b0C \u00d7 60\u201390 gi\u00e2y<\/li>\n\n\n\n<li>pH: 6,0\u20137,0<\/li>\n<\/ul>\n\n\n\n<p><strong>Quy tr\u00ecnh x\u1ea3 kh\u00ed:<\/strong><\/p>\n\n\n\n<ul class=\"wp-block-list\">\n<li>Li\u1ec1u l\u01b0\u1ee3ng: 1,0\u20133,01 TP3T (tr\u1ecdng l\u01b0\u1ee3ng kh\u00f4)<\/li>\n\n\n\n<li>T\u1ef7 l\u1ec7 t\u1eafm: 1:20<\/li>\n\n\n\n<li>Nhi\u1ec7t \u0111\u1ed9: 40\u201350 \u00b0C \u00d7 10\u201320 ph\u00fat \u2192 L\u1ecdc n\u01b0\u1edbc \u2192 S\u1ea5y kh\u00f4 \u1edf 100\u2013120 \u00b0C<\/li>\n<\/ul>\n\n\n\n<p><em>C\u00f3 th\u1ec3 s\u1eed d\u1ee5ng c\u00f9ng v\u1edbi c\u00e1c ch\u1ea5t l\u00e0m m\u1ec1m kh\u00e1c. Th\u1ef1c hi\u1ec7n ki\u1ec3m tra t\u01b0\u01a1ng th\u00edch tr\u01b0\u1edbc khi tr\u1ed9n.<\/em><\/p>\n<\/div>\n\n\n\n<div class=\"wp-block-column is-layout-flow wp-block-column-is-layout-flow\" style=\"flex-basis:50%\">\n<figure class=\"wp-block-embed is-type-video is-provider-youtube wp-block-embed-youtube wp-embed-aspect-16-9 wp-has-aspect-ratio\"><div class=\"wp-block-embed__wrapper\">\n<iframe title=\"H\u00f3a ch\u1ea5t d\u1ec7t may|M\u1ed9t l\u01b0\u1ee3ng nh\u1ecf c\u00f3 th\u1ec3 l\u00e0m cho v\u1ea3i b\u00f4ng m\u1ec1m m\u1ea1i, m\u1ecbn m\u00e0ng v\u00e0 c\u00f3 \u0111\u1ed9 r\u1ee7 t\u1ed1t.\" width=\"422\" height=\"750\" src=\"https:\/\/www.youtube.com\/embed\/uIAsHCRwUp0?feature=oembed\" frameborder=\"0\" allow=\"accelerometer; autoplay; clipboard-write; encrypted-media; gyroscope; picture-in-picture; web-share\" referrerpolicy=\"strict-origin-when-cross-origin\" allowfullscreen><\/iframe>\n<\/div><\/figure>\n\n\n\n<figure class=\"wp-block-image size-full\"><img decoding=\"async\" width=\"1125\" height=\"870\" src=\"https:\/\/www.bluelakechem.com\/wp-content\/uploads\/2024\/12\/Hydrophobic-Silicone-Oil-Emulsion-1_1.webp\" alt=\"Dung d\u1ecbch nh\u0169 t\u01b0\u01a1ng d\u1ea7u silicone k\u1ef5 n\u01b0\u1edbc (1)_1\" class=\"wp-image-1071\" srcset=\"https:\/\/www.bluelakechem.com\/wp-content\/uploads\/2024\/12\/Hydrophobic-Silicone-Oil-Emulsion-1_1.webp 1125w, https:\/\/www.bluelakechem.com\/wp-content\/uploads\/2024\/12\/Hydrophobic-Silicone-Oil-Emulsion-1_1-300x232.webp 300w, https:\/\/www.bluelakechem.com\/wp-content\/uploads\/2024\/12\/Hydrophobic-Silicone-Oil-Emulsion-1_1-768x594.webp 768w, https:\/\/www.bluelakechem.com\/wp-content\/uploads\/2024\/12\/Hydrophobic-Silicone-Oil-Emulsion-1_1-600x464.webp 600w\" sizes=\"(max-width: 1125px) 100vw, 1125px\" \/><\/figure>\n<\/div>\n<\/div>","protected":false},"excerpt":{"rendered":"<p>BLUELAKECHEM D\u1ea7u silicone d\u1ea1ng nh\u0169 t\u01b0\u01a1ng l\u00e0 lo\u1ea1i d\u1ea7u silicone kh\u1ed1i \u0111\u01b0\u1ee3c \u0111i\u1ec1u ch\u1ec9nh \u0111\u1eb7c bi\u1ec7t cho v\u1ea3i b\u00f4ng, viscose v\u00e0 v\u1ea3i pha tr\u1ed9n. S\u1ea3n ph\u1ea9m mang l\u1ea1i \u0111\u1ed9 m\u1ec1m m\u1ea1i v\u01b0\u1ee3t tr\u1ed9i, \u0111\u1ed9 m\u1ecbn m\u00e0ng xu\u1ea5t s\u1eafc v\u00e0 kh\u1ea3 n\u0103ng ch\u1ed1ng \u1ed1 v\u00e0ng tuy\u1ec7t v\u1eddi, l\u00e0 l\u1ef1a ch\u1ecdn l\u00fd t\u01b0\u1edfng cho qu\u00e1 tr\u00ecnh ho\u00e0n thi\u1ec7n v\u1ea3i cao c\u1ea5p v\u00e0 v\u1ea3i m\u00e0u s\u00e1ng. H\u00e3y li\u00ean h\u1ec7 v\u1edbi ch\u00fang t\u00f4i \u0111\u1ec3 y\u00eau c\u1ea7u b\u1ea3ng d\u1eef li\u1ec7u k\u1ef9 thu\u1eadt, m\u1eabu mi\u1ec5n ph\u00ed ho\u1eb7c t\u01b0 v\u1ea5n chuy\u00ean m\u00f4n cho nhu c\u1ea7u ho\u00e0n thi\u1ec7n v\u1ea3i s\u1ed1 l\u01b0\u1ee3ng l\u1edbn c\u1ee7a qu\u00fd kh\u00e1ch.<\/p>\n<p><strong>S\u1ed1 hi\u1ec7u m\u1eabu<\/strong>70868<\/p>","protected":false},"featured_media":1452,"comment_status":"closed","ping_status":"closed","template":"","meta":{"_acf_changed":false},"material":[26,30],"process":[23,42,24],"product_brand":[],"product_cat":[15],"product_tag":[],"class_list":{"0":"post-1069","1":"product","2":"type-product","3":"status-publish","4":"has-post-thumbnail","6":"material-cotton-agent","7":"material-viscose-chemicals","8":"process-textile-finishing-chemicals","9":"process-softener","10":"process-silicone-oil","11":"product_cat-uncategorized","13":"first","14":"instock","15":"shipping-taxable","16":"product-type-simple"},"acf":[],"_links":{"self":[{"href":"https:\/\/www.bluelakechem.com\/vi\/wp-json\/wp\/v2\/product\/1069","targetHints":{"allow":["GET"]}}],"collection":[{"href":"https:\/\/www.bluelakechem.com\/vi\/wp-json\/wp\/v2\/product"}],"about":[{"href":"https:\/\/www.bluelakechem.com\/vi\/wp-json\/wp\/v2\/types\/product"}],"replies":[{"embeddable":true,"href":"https:\/\/www.bluelakechem.com\/vi\/wp-json\/wp\/v2\/comments?post=1069"}],"wp:featuredmedia":[{"embeddable":true,"href":"https:\/\/www.bluelakechem.com\/vi\/wp-json\/wp\/v2\/media\/1452"}],"wp:attachment":[{"href":"https:\/\/www.bluelakechem.com\/vi\/wp-json\/wp\/v2\/media?parent=1069"}],"wp:term":[{"taxonomy":"material","embeddable":true,"href":"https:\/\/www.bluelakechem.com\/vi\/wp-json\/wp\/v2\/material?post=1069"},{"taxonomy":"process","embeddable":true,"href":"https:\/\/www.bluelakechem.com\/vi\/wp-json\/wp\/v2\/process?post=1069"},{"taxonomy":"product_brand","embeddable":true,"href":"https:\/\/www.bluelakechem.com\/vi\/wp-json\/wp\/v2\/product_brand?post=1069"},{"taxonomy":"product_cat","embeddable":true,"href":"https:\/\/www.bluelakechem.com\/vi\/wp-json\/wp\/v2\/product_cat?post=1069"},{"taxonomy":"product_tag","embeddable":true,"href":"https:\/\/www.bluelakechem.com\/vi\/wp-json\/wp\/v2\/product_tag?post=1069"}],"curies":[{"name":"wp","href":"https:\/\/api.w.org\/{rel}","templated":true}]}}