{"id":1074,"date":"2025-01-17T13:35:34","date_gmt":"2025-01-17T13:35:34","guid":{"rendered":"https:\/\/www.bluelakechem.com\/?post_type=product&#038;p=1074"},"modified":"2025-01-17T13:35:36","modified_gmt":"2025-01-17T13:35:36","slug":"silicone-textile-softeners","status":"publish","type":"product","link":"https:\/\/www.bluelakechem.com\/vi\/product\/silicone-textile-softeners\/","title":{"rendered":"Ch\u1ea5t l\u00e0m m\u1ec1m v\u1ea3i silicon D\u1ea7u silicon l\u00e0m s\u00e2u cho vi\u1ec7c ho\u00e0n thi\u1ec7n v\u1ea3i cellulose"},"content":{"rendered":"<div class=\"wp-block-columns is-layout-flex wp-container-core-columns-is-layout-9d6595d7 wp-block-columns-is-layout-flex\">\n<div class=\"wp-block-column is-layout-flow wp-block-column-is-layout-flow\" style=\"flex-basis:50%\">\n<h2 class=\"wp-block-heading\">T\u00ednh n\u0103ng c\u1ee7a ch\u1ea5t l\u00e0m m\u1ec1m v\u1ea3i silicon:<\/h2>\n\n\n\n<p><strong>L\u00e0m m\u1ec1m ho\u00e0n thi\u1ec7n<\/strong><br>K\u1ebft h\u1ee3p l\u1edbp ho\u00e0n thi\u1ec7n m\u1ec1m m\u1ea1i v\u1edbi hi\u1ec7u \u1ee9ng l\u00e0m t\u1ed1i \u0111\u1ec3 c\u1ea3i thi\u1ec7n c\u1ea3m gi\u00e1c v\u1ea3i \u0111\u1ed3ng th\u1eddi t\u0103ng c\u01b0\u1eddng \u0111\u1ed9 r\u1ef1c r\u1ee1 c\u1ee7a m\u00e0u s\u1eafc.<\/p>\n\n\n\n<p><strong>Hi\u1ec7u \u1ee9ng l\u00e0m t\u1ed1i v\u01b0\u1ee3t tr\u1ed9i<\/strong><br>Hi\u1ec7u \u1ee9ng l\u00e0m t\u1ed1i l\u00ean \u0111\u1ebfn 40% \u0111\u1eb7c bi\u1ec7t h\u1eefu \u00edch cho c\u00e1c s\u1eafc th\u00e1i \u0111\u1ecf, mang l\u1ea1i m\u00e0u s\u1eafc r\u1ef1c r\u1ee1, s\u1ed1ng \u0111\u1ed9ng.<\/p>\n\n\n\n<p><strong>Nhu\u1ed9m ti\u1ebft ki\u1ec7m chi ph\u00ed<\/strong><br>Gi\u1ea3m l\u01b0\u1ee3ng thu\u1ed1c nhu\u1ed9m s\u1eed d\u1ee5ng ho\u1eb7c l\u00e0m t\u1ed1i m\u00e0u thu\u1ed1c nhu\u1ed9m ch\u1ea5t l\u01b0\u1ee3ng th\u1ea5p, t\u1ed1i \u01b0u h\u00f3a chi ph\u00ed nhu\u1ed9m m\u00e0 kh\u00f4ng \u1ea3nh h\u01b0\u1edfng \u0111\u1ebfn v\u1ebb ngo\u00e0i.<\/p>\n\n\n\n<p><strong>C\u00f3 th\u1ec3 \u00e1p d\u1ee5ng r\u1ed9ng r\u00e3i<\/strong><br>Ph\u00f9 h\u1ee3p v\u1edbi c\u00e1c lo\u1ea1i v\u1ea3i xenlulo nh\u01b0 cotton, viscose v\u00e0 c\u00e1c lo\u1ea1i v\u1ea3i pha tr\u1ed9n kh\u00e1c, \u0111\u1ea3m b\u1ea3o hi\u1ec7u su\u1ea5t \u0111\u1ed3ng nh\u1ea5t tr\u00ean nhi\u1ec1u lo\u1ea1i ch\u1ea5t n\u1ec1n d\u1ec7t may.<\/p>\n\n\n\n<p><strong>\u0110\u1ed9 b\u1ec1n m\u00e0u \u0111\u01b0\u1ee3c c\u1ea3i thi\u1ec7n<\/strong><br>T\u0103ng c\u01b0\u1eddng v\u1ebb \u0111\u1eb9p c\u1ee7a m\u00e0u v\u1ea3i trong khi v\u1eabn duy tr\u00ec ho\u1eb7c c\u1ea3i thi\u1ec7n \u0111\u1ed9 b\u1ec1n m\u00e0u.<\/p>\n<\/div>\n\n\n\n<div class=\"wp-block-column is-layout-flow wp-block-column-is-layout-flow\" style=\"flex-basis:50%\">\n<figure class=\"wp-block-embed is-type-video is-provider-youtube wp-block-embed-youtube wp-embed-aspect-16-9 wp-has-aspect-ratio\"><div class=\"wp-block-embed__wrapper\">\n<iframe title=\"\u3010H\u00f3a ch\u1ea5t d\u1ec7t may\u3011D\u1ea7u silicon l\u00e0m s\u00e2u, c\u1ea3i thi\u1ec7n hi\u1ec7u qu\u1ea3 \u0111\u1ed9 s\u00e2u nhu\u1ed9m 10-30% (68339)\" width=\"500\" height=\"281\" src=\"https:\/\/www.youtube.com\/embed\/vsg8dwXQYpU?feature=oembed\" frameborder=\"0\" allow=\"accelerometer; autoplay; clipboard-write; encrypted-media; gyroscope; picture-in-picture; web-share\" referrerpolicy=\"strict-origin-when-cross-origin\" allowfullscreen><\/iframe>\n<\/div><\/figure>\n<\/div>\n<\/div>\n\n\n\n<div class=\"wp-block-columns is-layout-flex wp-container-core-columns-is-layout-9d6595d7 wp-block-columns-is-layout-flex\">\n<div class=\"wp-block-column is-layout-flow wp-block-column-is-layout-flow\">\n<figure class=\"wp-block-image size-full\"><img decoding=\"async\" width=\"1200\" height=\"1200\" src=\"https:\/\/www.bluelakechem.com\/wp-content\/uploads\/2024\/12\/Silicone-Textile-Softeners-2.webp\" alt=\"Ch\u1ea5t l\u00e0m m\u1ec1m v\u1ea3i silicon (2)\" class=\"wp-image-1079\" srcset=\"https:\/\/www.bluelakechem.com\/wp-content\/uploads\/2024\/12\/Silicone-Textile-Softeners-2.webp 1200w, https:\/\/www.bluelakechem.com\/wp-content\/uploads\/2024\/12\/Silicone-Textile-Softeners-2-300x300.webp 300w, https:\/\/www.bluelakechem.com\/wp-content\/uploads\/2024\/12\/Silicone-Textile-Softeners-2-150x150.webp 150w, https:\/\/www.bluelakechem.com\/wp-content\/uploads\/2024\/12\/Silicone-Textile-Softeners-2-768x768.webp 768w, https:\/\/www.bluelakechem.com\/wp-content\/uploads\/2024\/12\/Silicone-Textile-Softeners-2-600x600.webp 600w, https:\/\/www.bluelakechem.com\/wp-content\/uploads\/2024\/12\/Silicone-Textile-Softeners-2-100x100.webp 100w\" sizes=\"(max-width: 1200px) 100vw, 1200px\" \/><\/figure>\n<\/div>\n\n\n\n<div class=\"wp-block-column is-layout-flow wp-block-column-is-layout-flow\">\n<h2 class=\"wp-block-heading\">\u1ee8ng d\u1ee5ng c\u1ee7a ch\u1ea5t l\u00e0m m\u1ec1m v\u1ea3i silicon:<\/h2>\n\n\n\n<p><strong>Ho\u00e0n thi\u1ec7n v\u1ea3i Cellulosic<\/strong><br>Th\u00edch h\u1ee3p \u0111\u1ec3 l\u00e0m m\u1ec1m v\u1ea3i cotton v\u00e0 v\u1ea3i viscose, t\u0103ng th\u00eam \u0111\u1ed9 m\u1ec1m m\u1ea1i v\u00e0 chi\u1ec1u s\u00e2u cho s\u1ea3n ph\u1ea9m ho\u00e0n thi\u1ec7n.<\/p>\n\n\n\n<p><strong>Nhu\u1ed9m v\u00e0 in v\u1ea3i<\/strong><br>\u0110\u01b0\u1ee3c s\u1eed d\u1ee5ng \u0111\u1ec3 t\u0103ng c\u01b0\u1eddng \u0111\u1ed9 s\u00e2u m\u00e0u c\u1ee7a v\u1ea3i trong qu\u00e1 tr\u00ecnh nhu\u1ed9m v\u00e0 in, \u0111\u1eb7c bi\u1ec7t l\u00e0 m\u00e0u \u0111\u1ecf v\u00e0 c\u00e1c s\u1eafc th\u00e1i t\u01b0\u01a1ng t\u1ef1.<\/p>\n\n\n\n<p><strong>Th\u1eddi trang v\u00e0 trang ph\u1ee5c<\/strong><br>Th\u00edch h\u1ee3p cho c\u00e1c lo\u1ea1i qu\u1ea7n \u00e1o c\u1ea7n m\u00e0u s\u1eafc r\u1ef1c r\u1ee1, t\u1ed1i m\u00e0u nh\u01b0 qu\u1ea7n \u00e1o th\u1eddi trang, h\u00e0ng d\u1ec7t gia d\u1ee5ng v\u00e0 v\u1ea3i trang tr\u00ed.<\/p>\n\n\n\n<p><strong>Gi\u1ea3i ph\u00e1p nhu\u1ed9m t\u1ed1i \u01b0u chi ph\u00ed<\/strong><br>\u0110\u1ea1t \u0111\u01b0\u1ee3c v\u1ebb ngo\u00e0i cao c\u1ea5p hi\u1ec7u qu\u1ea3 b\u1eb1ng c\u00e1ch s\u1eed d\u1ee5ng thu\u1ed1c nhu\u1ed9m gi\u00e1 r\u1ebb, mang l\u1ea1i l\u1ee3i \u00edch cho c\u00e1c nh\u00e0 s\u1ea3n xu\u1ea5t h\u01b0\u1edbng \u0111\u1ebfn th\u1ecb tr\u01b0\u1eddng c\u00f3 ng\u00e2n s\u00e1ch eo h\u1eb9p.<\/p>\n<\/div>\n<\/div>","protected":false},"excerpt":{"rendered":"<p>Ch\u1ea5t l\u00e0m m\u1ec1m v\u1ea3i d\u1ec7t b\u1eb1ng silicon c\u1ee7a Bluelakechem c\u00f3 t\u00e1c d\u1ee5ng l\u00e0m s\u00e2u, th\u00edch h\u1ee3p \u0111\u1ec3 ho\u00e0n thi\u1ec7n m\u1ec1m m\u1ea1i, mang l\u1ea1i hi\u1ec7u \u1ee9ng l\u00e0m s\u00e2u \u0111\u00e1ng ch\u00fa \u00fd, \u0111\u1eb7c bi\u1ec7t l\u00e0 tr\u00ean c\u00e1c s\u1eafc th\u00e1i m\u00e0u \u0111\u1ecf. Ch\u1ea5t l\u00e0m m\u1ec1m n\u00e0y c\u00f3 th\u1ec3 \u0111\u1ea1t \u0111\u01b0\u1ee3c hi\u1ec7u \u1ee9ng l\u00e0m s\u00e2u l\u00ean \u0111\u1ebfn 40%, gi\u00fap gi\u1ea3m nhu c\u1ea7u s\u1eed d\u1ee5ng thu\u1ed1c nhu\u1ed9m d\u01b0 th\u1eeba ho\u1eb7c t\u0103ng c\u01b0\u1eddng s\u1eafc \u0111\u1ed9 c\u1ee7a thu\u1ed1c nhu\u1ed9m r\u1ebb h\u01a1n.<\/p>\n<p><strong>S\u1ed1 hi\u1ec7u m\u1eabu<\/strong>68339<\/p>","protected":false},"featured_media":1472,"comment_status":"closed","ping_status":"closed","template":"","meta":{"_acf_changed":false},"material":[26,30],"process":[23,42,24],"product_brand":[],"product_cat":[15],"product_tag":[],"class_list":{"0":"post-1074","1":"product","2":"type-product","3":"status-publish","4":"has-post-thumbnail","6":"material-cotton-agent","7":"material-viscose-chemicals","8":"process-textile-finishing-chemicals","9":"process-softener","10":"process-silicone-oil","11":"product_cat-uncategorized","13":"first","14":"instock","15":"shipping-taxable","16":"product-type-simple"},"acf":[],"_links":{"self":[{"href":"https:\/\/www.bluelakechem.com\/vi\/wp-json\/wp\/v2\/product\/1074","targetHints":{"allow":["GET"]}}],"collection":[{"href":"https:\/\/www.bluelakechem.com\/vi\/wp-json\/wp\/v2\/product"}],"about":[{"href":"https:\/\/www.bluelakechem.com\/vi\/wp-json\/wp\/v2\/types\/product"}],"replies":[{"embeddable":true,"href":"https:\/\/www.bluelakechem.com\/vi\/wp-json\/wp\/v2\/comments?post=1074"}],"wp:featuredmedia":[{"embeddable":true,"href":"https:\/\/www.bluelakechem.com\/vi\/wp-json\/wp\/v2\/media\/1472"}],"wp:attachment":[{"href":"https:\/\/www.bluelakechem.com\/vi\/wp-json\/wp\/v2\/media?parent=1074"}],"wp:term":[{"taxonomy":"material","embeddable":true,"href":"https:\/\/www.bluelakechem.com\/vi\/wp-json\/wp\/v2\/material?post=1074"},{"taxonomy":"process","embeddable":true,"href":"https:\/\/www.bluelakechem.com\/vi\/wp-json\/wp\/v2\/process?post=1074"},{"taxonomy":"product_brand","embeddable":true,"href":"https:\/\/www.bluelakechem.com\/vi\/wp-json\/wp\/v2\/product_brand?post=1074"},{"taxonomy":"product_cat","embeddable":true,"href":"https:\/\/www.bluelakechem.com\/vi\/wp-json\/wp\/v2\/product_cat?post=1074"},{"taxonomy":"product_tag","embeddable":true,"href":"https:\/\/www.bluelakechem.com\/vi\/wp-json\/wp\/v2\/product_tag?post=1074"}],"curies":[{"name":"wp","href":"https:\/\/api.w.org\/{rel}","templated":true}]}}