{"id":1081,"date":"2025-01-04T02:15:01","date_gmt":"2025-01-04T02:15:01","guid":{"rendered":"https:\/\/www.bluelakechem.com\/?post_type=product&#038;p=1081"},"modified":"2025-01-17T12:00:30","modified_gmt":"2025-01-17T12:00:30","slug":"silicone-softening-agents","status":"publish","type":"product","link":"https:\/\/www.bluelakechem.com\/vi\/product\/silicone-softening-agents\/","title":{"rendered":"Ch\u1ea5t l\u00e0m m\u1ec1m silicone \u01b0a n\u01b0\u1edbc cho qu\u00e1 tr\u00ecnh ho\u00e0n thi\u1ec7n v\u1ea3i t\u1ed5ng h\u1ee3p"},"content":{"rendered":"<div class=\"wp-block-columns is-layout-flex wp-container-core-columns-is-layout-9d6595d7 wp-block-columns-is-layout-flex\">\n<div class=\"wp-block-column is-layout-flow wp-block-column-is-layout-flow\" style=\"flex-basis:50%\">\n<h2 class=\"wp-block-heading\">T\u00ednh n\u0103ng c\u1ee7a ch\u1ea5t l\u00e0m m\u1ec1m silicon:<\/h2>\n\n\n\n<p><strong>T\u0103ng c\u01b0\u1eddng t\u00ednh \u01b0a n\u01b0\u1edbc: <\/strong>Ch\u1ea5t l\u00e0m m\u1ec1m silicon l\u00e0m t\u0103ng t\u00ednh \u01b0a n\u01b0\u1edbc c\u1ee7a s\u1ee3i h\u00f3a h\u1ecdc \u0111\u1ed3ng th\u1eddi mang l\u1ea1i s\u1ef1 tho\u1ea3i m\u00e1i v\u00e0 ti\u1ec7n d\u1ee5ng cho c\u00e1c lo\u1ea1i v\u1ea3i l\u00e0m t\u1eeb polyester, nylon v\u00e0 c\u00e1c lo\u1ea1i s\u1ee3i t\u1ed5ng h\u1ee3p kh\u00e1c.<\/p>\n\n\n\n<p><strong>\u0110\u1ed9 m\u1ec1m m\u1ea1i tuy\u1ec7t v\u1eddi: <\/strong>T\u1ea1o c\u1ea3m gi\u00e1c m\u1ec1m m\u1ea1i v\u00e0 m\u1ecbn m\u00e0ng cho s\u1ee3i t\u1ed5ng h\u1ee3p, c\u1ea3i thi\u1ec7n \u0111\u00e1ng k\u1ec3 c\u1ea3m gi\u00e1c c\u1ee7a v\u1ea3i v\u00e0 t\u1ea1o c\u1ea3m gi\u00e1c tho\u1ea3i m\u00e1i h\u01a1n khi m\u1eb7c.<\/p>\n\n\n\n<p><strong>\u0110\u1ed9 b\u1ec1n \u0111\u01b0\u1ee3c c\u1ea3i thi\u1ec7n: <\/strong>Ch\u1ea5t l\u00e0m m\u1ec1m n\u00e0y l\u00e0m gi\u1ea3m \u0111\u1ed9 m\u00e0i m\u00f2n, k\u00e9o d\u00e0i tu\u1ed5i th\u1ecd c\u1ee7a v\u1ea3i t\u1ed5ng h\u1ee3p v\u00e0 gi\u1eef cho v\u1ea3i m\u1ec1m m\u1ea1i v\u00e0 d\u1ebbo dai ngay c\u1ea3 sau nhi\u1ec1u l\u1ea7n gi\u1eb7t.<\/p>\n\n\n\n<p><strong>Th\u00e2n thi\u1ec7n v\u1edbi m\u00f4i tr\u01b0\u1eddng:<\/strong> Ch\u1ea5t l\u00e0m m\u1ec1m silicon \u01b0a n\u01b0\u1edbc n\u00e0y c\u00f3 kh\u1ea3 n\u0103ng ph\u00e2n hu\u1ef7 sinh h\u1ecdc v\u00e0 kh\u00f4ng ch\u1ee9a h\u00f3a ch\u1ea5t \u0111\u1ed9c h\u1ea1i, l\u00e0 gi\u1ea3i ph\u00e1p thay th\u1ebf th\u00e2n thi\u1ec7n v\u1edbi m\u00f4i tr\u01b0\u1eddng cho qu\u00e1 tr\u00ecnh ho\u00e0n thi\u1ec7n d\u1ec7t may.<\/p>\n<\/div>\n\n\n\n<div class=\"wp-block-column is-layout-flow wp-block-column-is-layout-flow\" style=\"flex-basis:50%\">\n<figure class=\"wp-block-embed is-type-video is-provider-youtube wp-block-embed-youtube wp-embed-aspect-16-9 wp-has-aspect-ratio\"><div class=\"wp-block-embed__wrapper\">\n<iframe title=\"H\u00f3a ch\u1ea5t d\u1ec7t may | Ti\u1ebft l\u1ed9 b\u00ed m\u1eadt c\u1ee7a ch\u1ea5t l\u00e0m m\u1ec1m v\u1ea3i &amp; kh\u1ea3 n\u0103ng n\u00e2ng c\u1ea5p to\u00e0n di\u1ec7n t\u00ednh \u01b0a n\u01b0\u1edbc c\u00f3 th\u1ec3 gi\u1eb7t \u0111\u01b0\u1ee3c!\" width=\"500\" height=\"281\" src=\"https:\/\/www.youtube.com\/embed\/JFaVxTqwP00?feature=oembed\" frameborder=\"0\" allow=\"accelerometer; autoplay; clipboard-write; encrypted-media; gyroscope; picture-in-picture; web-share\" referrerpolicy=\"strict-origin-when-cross-origin\" allowfullscreen><\/iframe>\n<\/div><\/figure>\n<\/div>\n<\/div>\n\n\n\n<div class=\"wp-block-columns is-layout-flex wp-container-core-columns-is-layout-9d6595d7 wp-block-columns-is-layout-flex\">\n<div class=\"wp-block-column is-layout-flow wp-block-column-is-layout-flow\">\n<figure class=\"wp-block-image size-full\"><img decoding=\"async\" width=\"1200\" height=\"900\" src=\"https:\/\/www.bluelakechem.com\/wp-content\/uploads\/2025\/01\/silicone-softening-agent.webp\" alt=\"ch\u1ea5t l\u00e0m m\u1ec1m silicon\" class=\"wp-image-1400\" srcset=\"https:\/\/www.bluelakechem.com\/wp-content\/uploads\/2025\/01\/silicone-softening-agent.webp 1200w, https:\/\/www.bluelakechem.com\/wp-content\/uploads\/2025\/01\/silicone-softening-agent-300x225.webp 300w, https:\/\/www.bluelakechem.com\/wp-content\/uploads\/2025\/01\/silicone-softening-agent-768x576.webp 768w, https:\/\/www.bluelakechem.com\/wp-content\/uploads\/2025\/01\/silicone-softening-agent-16x12.webp 16w, https:\/\/www.bluelakechem.com\/wp-content\/uploads\/2025\/01\/silicone-softening-agent-600x450.webp 600w\" sizes=\"(max-width: 1200px) 100vw, 1200px\" \/><\/figure>\n<\/div>\n\n\n\n<div class=\"wp-block-column is-layout-flow wp-block-column-is-layout-flow\">\n<h2 class=\"wp-block-heading\">\u1ee8ng d\u1ee5ng c\u1ee7a ch\u1ea5t l\u00e0m m\u1ec1m silicon:<\/h2>\n\n\n\n<p><strong>L\u00e0m m\u1ec1m ho\u00e0n thi\u1ec7n s\u1ee3i t\u1ed5ng h\u1ee3p: <\/strong>Ch\u1ea5t l\u00e0m m\u1ec1m silicon \u0111\u01b0\u1ee3c s\u1eed d\u1ee5ng \u0111\u1ec3 ho\u00e0n thi\u1ec7n c\u00e1c lo\u1ea1i s\u1ee3i t\u1ed5ng h\u1ee3p nh\u01b0 polyester v\u00e0 nylon nh\u1eb1m c\u1ea3i thi\u1ec7n \u0111\u1ed9 m\u1ec1m m\u1ea1i v\u00e0 c\u1ea3m gi\u00e1c, gi\u00fap ch\u00fang m\u1ec1m m\u1ea1i h\u01a1n v\u00e0 tho\u1ea3i m\u00e1i h\u01a1n khi m\u1eb7c.<\/p>\n\n\n\n<p><strong>Trang ph\u1ee5c ho\u1eb7c qu\u1ea7n \u00e1o ch\u1ee9c n\u0103ng: <\/strong>Th\u00edch h\u1ee3p cho \u0111\u1ed3 th\u1ec3 thao, qu\u1ea7n \u00e1o tr\u1ebb em, v.v., gi\u00fap v\u1ea3i m\u1ec1m m\u1ea1i h\u01a1n v\u00e0 t\u0103ng s\u1ef1 tho\u1ea3i m\u00e1i khi m\u1eb7c.<\/p>\n\n\n\n<p><strong>\u0110\u1ed3 d\u1ec7t gia d\u1ee5ng:<\/strong> N\u00f3 c\u00f3 th\u1ec3 t\u0103ng c\u01b0\u1eddng \u0111\u1ed9 m\u1ec1m m\u1ea1i, kh\u1ea3 n\u0103ng h\u1ea5p th\u1ee5 \u0111\u1ed9 \u1ea9m v\u00e0 \u0111\u1ed9 b\u1ec1n c\u1ee7a h\u00e0ng d\u1ec7t gia d\u1ee5ng nh\u01b0 \u0111\u1ed3 gi\u01b0\u1eddng v\u00e0 \u0111\u1ed3 trang tr\u00ed n\u1ed9i th\u1ea5t.<\/p>\n<\/div>\n<\/div>","protected":false},"excerpt":{"rendered":"<p>Ch\u1ea5t l\u00e0m m\u1ec1m silicon c\u1ee7a Bluelakechem \u0111\u01b0\u1ee3c thi\u1ebft k\u1ebf \u0111\u1eb7c bi\u1ec7t cho s\u1ee3i h\u00f3a h\u1ecdc, mang l\u1ea1i \u0111\u1eb7c t\u00ednh m\u1ec1m m\u1ea1i v\u00e0 \u01b0a n\u01b0\u1edbc v\u01b0\u1ee3t tr\u1ed9i, \u0111\u1ea3m b\u1ea3o v\u1ea3i v\u1eeba m\u1ec1m m\u1ea1i v\u1eeba th\u1ea5m h\u00fat \u1ea9m.<\/p>\n<p><strong>S\u1ed1 hi\u1ec7u m\u1eabu<\/strong>76903<\/p>","protected":false},"featured_media":1436,"comment_status":"closed","ping_status":"closed","template":"","meta":{"_acf_changed":false},"material":[27,28,29,34],"process":[23,42,24],"product_brand":[],"product_cat":[15],"product_tag":[],"class_list":{"0":"post-1081","1":"product","2":"type-product","3":"status-publish","4":"has-post-thumbnail","6":"material-polyester-chemicals","7":"material-nylon-agent","8":"material-acrylic-chemicals","9":"material-fabric-chemicals","10":"process-textile-finishing-chemicals","11":"process-softener","12":"process-silicone-oil","13":"product_cat-uncategorized","15":"first","16":"instock","17":"shipping-taxable","18":"product-type-simple"},"acf":[],"_links":{"self":[{"href":"https:\/\/www.bluelakechem.com\/vi\/wp-json\/wp\/v2\/product\/1081","targetHints":{"allow":["GET"]}}],"collection":[{"href":"https:\/\/www.bluelakechem.com\/vi\/wp-json\/wp\/v2\/product"}],"about":[{"href":"https:\/\/www.bluelakechem.com\/vi\/wp-json\/wp\/v2\/types\/product"}],"replies":[{"embeddable":true,"href":"https:\/\/www.bluelakechem.com\/vi\/wp-json\/wp\/v2\/comments?post=1081"}],"wp:featuredmedia":[{"embeddable":true,"href":"https:\/\/www.bluelakechem.com\/vi\/wp-json\/wp\/v2\/media\/1436"}],"wp:attachment":[{"href":"https:\/\/www.bluelakechem.com\/vi\/wp-json\/wp\/v2\/media?parent=1081"}],"wp:term":[{"taxonomy":"material","embeddable":true,"href":"https:\/\/www.bluelakechem.com\/vi\/wp-json\/wp\/v2\/material?post=1081"},{"taxonomy":"process","embeddable":true,"href":"https:\/\/www.bluelakechem.com\/vi\/wp-json\/wp\/v2\/process?post=1081"},{"taxonomy":"product_brand","embeddable":true,"href":"https:\/\/www.bluelakechem.com\/vi\/wp-json\/wp\/v2\/product_brand?post=1081"},{"taxonomy":"product_cat","embeddable":true,"href":"https:\/\/www.bluelakechem.com\/vi\/wp-json\/wp\/v2\/product_cat?post=1081"},{"taxonomy":"product_tag","embeddable":true,"href":"https:\/\/www.bluelakechem.com\/vi\/wp-json\/wp\/v2\/product_tag?post=1081"}],"curies":[{"name":"wp","href":"https:\/\/api.w.org\/{rel}","templated":true}]}}