{"id":1109,"date":"2025-01-04T02:41:08","date_gmt":"2025-01-04T02:41:08","guid":{"rendered":"https:\/\/www.bluelakechem.com\/?post_type=product&#038;p=1109"},"modified":"2025-01-17T12:34:05","modified_gmt":"2025-01-17T12:34:05","slug":"textile-silicone-softener","status":"publish","type":"product","link":"https:\/\/www.bluelakechem.com\/vi\/product\/textile-silicone-softener\/","title":{"rendered":"Kh\u1ed1i l\u00e0m m\u1ec1m v\u1ea3i silicone D\u1ea7u silicone cho v\u1ea3i t\u1ed5ng h\u1ee3p"},"content":{"rendered":"<div class=\"wp-block-columns is-layout-flex wp-container-core-columns-is-layout-9d6595d7 wp-block-columns-is-layout-flex\">\n<div class=\"wp-block-column is-layout-flow wp-block-column-is-layout-flow\" style=\"flex-basis:50%\">\n<h2 class=\"wp-block-heading\">T\u00ednh n\u0103ng c\u1ee7a ch\u1ea5t l\u00e0m m\u1ec1m v\u1ea3i silicone:<\/h2>\n\n\n\n<p><strong>\u0110\u1ed9 m\u1ec1m m\u1ea1i tuy\u1ec7t v\u1eddi: <\/strong>Ch\u1ea5t l\u00e0m m\u1ec1m v\u1ea3i silicone mang l\u1ea1i c\u1ea3m gi\u00e1c m\u1ec1m m\u1ea1i nh\u01b0 l\u1ee5a cho v\u1ea3i, mang l\u1ea1i \u0111\u1ed9 m\u1ec1m m\u1ea1i v\u01b0\u1ee3t tr\u1ed9i gi\u00fap t\u0103ng c\u01b0\u1eddng s\u1ef1 tho\u1ea3i m\u00e1i cho s\u1ea3n ph\u1ea9m cu\u1ed1i c\u00f9ng. N\u00f3 \u0111\u1eb7c bi\u1ec7t hi\u1ec7u qu\u1ea3 \u0111\u1ed1i v\u1edbi c\u00e1c lo\u1ea1i s\u1ee3i t\u1ed5ng h\u1ee3p nh\u01b0 polyester, acrylic v\u00e0 nylon.<\/p>\n\n\n\n<p><strong>Tay c\u1ea7m m\u1ecbn m\u00e0ng v\u00e0 tinh t\u1ebf: <\/strong>N\u00f3 mang \u0111\u1ebfn c\u1ea3m gi\u00e1c c\u1ea7m n\u1eafm tinh t\u1ebf nh\u01b0 l\u1ee5a, c\u1ea3i thi\u1ec7n ch\u1ea5t l\u01b0\u1ee3ng c\u1ea3m \u1ee9ng c\u1ee7a v\u1ea3i v\u00e0 khi\u1ebfn ch\u00fang d\u1ec5 ch\u1ecbu h\u01a1n khi m\u1eb7c ho\u1eb7c s\u1eed d\u1ee5ng.<\/p>\n\n\n\n<p><strong>C\u1ea3i thi\u1ec7n v\u1ebb ngo\u00e0i c\u1ee7a v\u1ea3i:<\/strong> Ch\u1ea5t l\u00e0m m\u1ec1m silicon cho v\u1ea3i gi\u00fap c\u1ea3i thi\u1ec7n \u0111\u1ed9 b\u00f3ng c\u1ee7a v\u1ea3i, mang l\u1ea1i v\u1ebb ngo\u00e0i sang tr\u1ecdng m\u00e0 kh\u00f4ng \u1ea3nh h\u01b0\u1edfng \u0111\u1ebfn \u0111\u1ed9 b\u1ec1n v\u00e0 c\u1ea5u tr\u00fac c\u1ee7a v\u1ea3i.<\/p>\n\n\n\n<p><strong>\u0110\u1ed9 b\u1ec1n \u0111\u01b0\u1ee3c c\u1ea3i thi\u1ec7n:<\/strong> N\u00f3 kh\u00f4ng ch\u1ec9 mang l\u1ea1i s\u1ef1 m\u1ec1m m\u1ea1i m\u00e0 c\u00f2n c\u1ea3i thi\u1ec7n hi\u1ec7u su\u1ea5t l\u00e2u d\u00e0i c\u1ee7a v\u1ea3i, duy tr\u00ec \u0111\u1ed9 m\u1ec1m m\u1ea1i mong mu\u1ed1n sau nhi\u1ec1u l\u1ea7n gi\u1eb7t v\u00e0 \u0111\u1ea3m b\u1ea3o hi\u1ec7u qu\u1ea3 l\u00e2u d\u00e0i h\u01a1n.<\/p>\n\n\n\n<p><strong>T\u00ednh linh ho\u1ea1t:<\/strong> Ch\u1ea5t l\u00e0m m\u1ec1m silicon d\u1ec7t may c\u00f3 th\u1ec3 \u0111\u01b0\u1ee3c s\u1eed d\u1ee5ng cho nhi\u1ec1u lo\u1ea1i s\u1ee3i h\u00f3a h\u1ecdc, ch\u1eb3ng h\u1ea1n nh\u01b0 polyester v\u00e0 nylon, ri\u00eang l\u1ebb ho\u1eb7c pha tr\u1ed9n.<\/p>\n<\/div>\n\n\n\n<div class=\"wp-block-column is-layout-flow wp-block-column-is-layout-flow\" style=\"flex-basis:50%\">\n<figure class=\"wp-block-embed is-type-video is-provider-youtube wp-block-embed-youtube wp-embed-aspect-16-9 wp-has-aspect-ratio\"><div class=\"wp-block-embed__wrapper\">\n<iframe title=\"D\u1ea7u silicon m\u1ecbn n\u1ed3ng \u0111\u1ed9 caoTh\u00edch h\u1ee3p cho s\u1ee3i h\u00f3a h\u1ecdcKi\u1ec1m tuy\u1ec7t v\u1eddi \u301070706-2\u3011\" width=\"500\" height=\"281\" src=\"https:\/\/www.youtube.com\/embed\/-4FerEyNugU?feature=oembed\" frameborder=\"0\" allow=\"accelerometer; autoplay; clipboard-write; encrypted-media; gyroscope; picture-in-picture; web-share\" referrerpolicy=\"strict-origin-when-cross-origin\" allowfullscreen><\/iframe>\n<\/div><\/figure>\n<\/div>\n<\/div>\n\n\n\n<div class=\"wp-block-columns is-layout-flex wp-container-core-columns-is-layout-9d6595d7 wp-block-columns-is-layout-flex\">\n<div class=\"wp-block-column is-layout-flow wp-block-column-is-layout-flow\">\n<figure class=\"wp-block-image size-full\"><img decoding=\"async\" width=\"1155\" height=\"857\" src=\"https:\/\/www.bluelakechem.com\/wp-content\/uploads\/2024\/12\/Textile-Silicone-Softener-2.webp\" alt=\"Ch\u1ea5t l\u00e0m m\u1ec1m v\u1ea3i silicon (2)\" class=\"wp-image-1129\" srcset=\"https:\/\/www.bluelakechem.com\/wp-content\/uploads\/2024\/12\/Textile-Silicone-Softener-2.webp 1155w, https:\/\/www.bluelakechem.com\/wp-content\/uploads\/2024\/12\/Textile-Silicone-Softener-2-300x223.webp 300w, https:\/\/www.bluelakechem.com\/wp-content\/uploads\/2024\/12\/Textile-Silicone-Softener-2-768x570.webp 768w, https:\/\/www.bluelakechem.com\/wp-content\/uploads\/2024\/12\/Textile-Silicone-Softener-2-600x445.webp 600w\" sizes=\"(max-width: 1155px) 100vw, 1155px\" \/><\/figure>\n<\/div>\n\n\n\n<div class=\"wp-block-column is-layout-flow wp-block-column-is-layout-flow\">\n<h2 class=\"wp-block-heading\">\u1ee8ng d\u1ee5ng c\u1ee7a ch\u1ea5t l\u00e0m m\u1ec1m silicone d\u1ec7t may:<\/h2>\n\n\n\n<p><strong>Ho\u00e0n thi\u1ec7n v\u1ea3i t\u1ed5ng h\u1ee3p: <\/strong>Ch\u1ea5t l\u00e0m m\u1ec1m silicon d\u1ec7t may \u0111\u01b0\u1ee3c s\u1eed d\u1ee5ng \u0111\u1ec3 ho\u00e0n thi\u1ec7n c\u00e1c lo\u1ea1i v\u1ea3i t\u1ed5ng h\u1ee3p nh\u01b0 polyester, nylon v\u00e0 acrylic nh\u1eb1m mang l\u1ea1i c\u1ea3m gi\u00e1c m\u1ec1m m\u1ea1i, m\u1ecbn m\u00e0ng v\u00e0 sang tr\u1ecdng - \u0111i\u1ec1u c\u1ea7n thi\u1ebft cho h\u00e0ng may m\u1eb7c v\u00e0 \u0111\u1ed3 b\u1ecdc.<\/p>\n\n\n\n<p><strong>\u0110\u1ed3 th\u1ec3 thao v\u00e0 \u0111\u1ed3 m\u1eb7c th\u01b0\u1eddng ng\u00e0y:<\/strong> T\u0103ng c\u01b0\u1eddng s\u1ef1 tho\u1ea3i m\u00e1i cho trang ph\u1ee5c, mang l\u1ea1i c\u1ea3m gi\u00e1c m\u1ec1m m\u1ea1i v\u00e0 c\u1ea3i thi\u1ec7n kh\u1ea3 n\u0103ng qu\u1ea3n l\u00fd \u0111\u1ed9 \u1ea9m v\u00e0 tho\u00e1ng kh\u00ed cho h\u00e0ng d\u1ec7t may th\u1ec3 thao.<\/p>\n\n\n\n<p><strong>\u0110\u1ed3 d\u1ec7t gia d\u1ee5ng:<\/strong> Ch\u1ea5t l\u00e0m m\u1ec1m silicon \u0111\u01b0\u1ee3c s\u1eed d\u1ee5ng r\u1ed9ng r\u00e3i trong c\u00e1c s\u1ea3n ph\u1ea9m d\u1ec7t gia d\u1ee5ng, bao g\u1ed3m kh\u0103n t\u1eafm, kh\u0103n tr\u1ea3i gi\u01b0\u1eddng v\u00e0 r\u00e8m c\u1eeda, \u0111\u1ec3 t\u0103ng \u0111\u1ed9 m\u1ec1m m\u1ea1i, kh\u1ea3 n\u0103ng th\u1ea5m h\u00fat v\u00e0 s\u1ef1 tho\u1ea3i m\u00e1i t\u1ed5ng th\u1ec3.<\/p>\n\n\n\n<p><strong>X\u1eed l\u00fd v\u1ea3i ch\u1ee9c n\u0103ng:<\/strong> S\u1eed d\u1ee5ng ch\u1ea5t l\u00e0m m\u1ec1m n\u00e0y \u0111\u1ec3 x\u1eed l\u00fd c\u00e1c lo\u1ea1i v\u1ea3i ch\u1ee9c n\u0103ng, nh\u01b0 v\u1ea3i th\u1ea5m \u1ea9m v\u00e0 v\u1ea3i ch\u1ed1ng th\u1ea5m n\u01b0\u1edbc, c\u00f3 th\u1ec3 c\u1ea3i thi\u1ec7n \u0111\u00e1ng k\u1ec3 \u0111\u1ed9 m\u1ec1m m\u1ea1i c\u1ee7a v\u1ea3i v\u00e0 n\u00e2ng cao hi\u1ec7u su\u1ea5t c\u1ee7a v\u1ea3i.<\/p>\n\n\n\n<p><strong>H\u00e0ng may m\u1eb7c v\u00e0 v\u1ea3i cao c\u1ea5p: <\/strong>\u0110\u1ed1i v\u1edbi c\u00e1c lo\u1ea1i v\u1ea3i v\u00e0 h\u00e0ng may m\u1eb7c c\u00f3 gi\u00e1 tr\u1ecb cao, ch\u1ea5t l\u00e0m m\u1ec1m silicon cho v\u1ea3i mang l\u1ea1i l\u1edbp ho\u00e0n thi\u1ec7n b\u1eb1ng l\u1ee5a sang tr\u1ecdng nh\u01b0 nhung, t\u0103ng th\u00eam t\u00ednh th\u1ea9m m\u1ef9 v\u00e0 s\u1ef1 tho\u1ea3i m\u00e1i cho h\u00e0ng d\u1ec7t may cao c\u1ea5p, khi\u1ebfn ch\u00fang tr\u1edf n\u00ean tinh t\u1ebf v\u00e0 thanh l\u1ecbch h\u01a1n.<\/p>\n<\/div>\n<\/div>","protected":false},"excerpt":{"rendered":"<p>L\u00e0 nh\u00e0 s\u1ea3n xu\u1ea5t ch\u1ea5t l\u00e0m m\u1ec1m silicon cho ng\u00e0nh d\u1ec7t may, ch\u00fang t\u00f4i ph\u00e1t tri\u1ec3n v\u00e0 s\u1ea3n xu\u1ea5t c\u00e1c lo\u1ea1i d\u1ea7u silicon d\u1ea1ng kh\u1ed1i c\u00f3 n\u1ed3ng \u0111\u1ed9 cao, th\u00edch h\u1ee3p \u0111\u1ec3 ho\u00e0n thi\u1ec7n m\u1ecbn m\u00e0ng v\u00e0 tinh t\u1ebf nhi\u1ec1u lo\u1ea1i s\u1ee3i h\u00f3a h\u1ecdc, mang l\u1ea1i cho v\u1ea3i c\u1ea3m gi\u00e1c cao c\u1ea5p nh\u01b0 l\u1ee5a.<\/p>\n<p><strong>S\u1ed1 hi\u1ec7u m\u1eabu<\/strong>70706<\/p>","protected":false},"featured_media":1450,"comment_status":"closed","ping_status":"closed","template":"","meta":{"_acf_changed":false},"material":[27,28,29,34],"process":[23,42,24],"product_brand":[],"product_cat":[15],"product_tag":[],"class_list":{"0":"post-1109","1":"product","2":"type-product","3":"status-publish","4":"has-post-thumbnail","6":"material-polyester-chemicals","7":"material-nylon-agent","8":"material-acrylic-chemicals","9":"material-fabric-chemicals","10":"process-textile-finishing-chemicals","11":"process-softener","12":"process-silicone-oil","13":"product_cat-uncategorized","15":"first","16":"instock","17":"shipping-taxable","18":"product-type-simple"},"acf":[],"_links":{"self":[{"href":"https:\/\/www.bluelakechem.com\/vi\/wp-json\/wp\/v2\/product\/1109","targetHints":{"allow":["GET"]}}],"collection":[{"href":"https:\/\/www.bluelakechem.com\/vi\/wp-json\/wp\/v2\/product"}],"about":[{"href":"https:\/\/www.bluelakechem.com\/vi\/wp-json\/wp\/v2\/types\/product"}],"replies":[{"embeddable":true,"href":"https:\/\/www.bluelakechem.com\/vi\/wp-json\/wp\/v2\/comments?post=1109"}],"wp:featuredmedia":[{"embeddable":true,"href":"https:\/\/www.bluelakechem.com\/vi\/wp-json\/wp\/v2\/media\/1450"}],"wp:attachment":[{"href":"https:\/\/www.bluelakechem.com\/vi\/wp-json\/wp\/v2\/media?parent=1109"}],"wp:term":[{"taxonomy":"material","embeddable":true,"href":"https:\/\/www.bluelakechem.com\/vi\/wp-json\/wp\/v2\/material?post=1109"},{"taxonomy":"process","embeddable":true,"href":"https:\/\/www.bluelakechem.com\/vi\/wp-json\/wp\/v2\/process?post=1109"},{"taxonomy":"product_brand","embeddable":true,"href":"https:\/\/www.bluelakechem.com\/vi\/wp-json\/wp\/v2\/product_brand?post=1109"},{"taxonomy":"product_cat","embeddable":true,"href":"https:\/\/www.bluelakechem.com\/vi\/wp-json\/wp\/v2\/product_cat?post=1109"},{"taxonomy":"product_tag","embeddable":true,"href":"https:\/\/www.bluelakechem.com\/vi\/wp-json\/wp\/v2\/product_tag?post=1109"}],"curies":[{"name":"wp","href":"https:\/\/api.w.org\/{rel}","templated":true}]}}