{"id":1138,"date":"2025-01-04T02:54:39","date_gmt":"2025-01-04T02:54:39","guid":{"rendered":"https:\/\/www.bluelakechem.com\/?post_type=product&#038;p=1138"},"modified":"2025-01-17T12:32:39","modified_gmt":"2025-01-17T12:32:39","slug":"fixing-agent-in-textile","status":"publish","type":"product","link":"https:\/\/www.bluelakechem.com\/vi\/product\/fixing-agent-in-textile\/","title":{"rendered":"Ch\u1ea5t c\u1ed1 \u0111\u1ecbnh trong d\u1ec7t may cho thu\u1ed1c nhu\u1ed9m axit nylon"},"content":{"rendered":"<div class=\"wp-block-columns is-layout-flex wp-container-core-columns-is-layout-9d6595d7 wp-block-columns-is-layout-flex\">\n<div class=\"wp-block-column is-layout-flow wp-block-column-is-layout-flow\" style=\"flex-basis:50%\">\n<h2 class=\"wp-block-heading\">\u0110\u1eb7c \u0111i\u1ec3m c\u1ee7a ch\u1ea5t c\u1ed1 \u0111\u1ecbnh trong d\u1ec7t may:<\/h2>\n\n\n\n<p><strong>T\u0103ng c\u01b0\u1eddng \u0111\u1ed9 b\u1ec1n m\u00e0u: <\/strong>Ch\u1ea5t c\u1ed1 \u0111\u1ecbnh m\u00e0u trong h\u00e0ng d\u1ec7t may c\u00f3 th\u1ec3 c\u1ea3i thi\u1ec7n m\u1ecdi kh\u00eda c\u1ea1nh v\u1ec1 \u0111\u1ed9 b\u1ec1n m\u00e0u, bao g\u1ed3m \u0111\u1ed9 b\u1ec1n khi gi\u1eb7t, \u0111\u1ed9 b\u1ec1n khi ch\u00e0 x\u00e1t, \u0111\u1ed9 b\u1ec1n khi th\u1ea5m m\u1ed3 h\u00f4i v\u00e0 \u0111\u1ed9 b\u1ec1n m\u00e0u d\u01b0\u1edbi \u00e1nh s\u00e1ng, duy tr\u00ec t\u00ednh to\u00e0n v\u1eb9n c\u1ee7a m\u00e0u s\u1eafc c\u1ee7a v\u1ea3i nhu\u1ed9m.<\/p>\n\n\n\n<p><strong>D\u00e0nh ri\u00eang cho thu\u1ed1c nhu\u1ed9m axit:<\/strong> N\u00f3 c\u00f3 th\u1ec3 n\u00e2ng cao hi\u1ec7u su\u1ea5t c\u1ee7a thu\u1ed1c nhu\u1ed9m axit, c\u1ea3i thi\u1ec7n t\u1ef7 l\u1ec7 h\u1ea5p th\u1ee5 thu\u1ed1c nhu\u1ed9m v\u00e0 hi\u1ec7u qu\u1ea3 nhu\u1ed9m t\u1ed5ng th\u1ec3.<\/p>\n\n\n\n<p><strong>C\u1ea3i thi\u1ec7n \u0111\u1ed9 b\u1ec1n c\u1ee7a v\u1ea3i:<\/strong> Gi\u00fap v\u1ea3i gi\u1eef \u0111\u01b0\u1ee3c m\u00e0u sau nhi\u1ec1u l\u1ea7n gi\u1eb7t v\u00e0 s\u1eed d\u1ee5ng, gi\u1ea3m phai m\u00e0u v\u00e0 k\u00e9o d\u00e0i tu\u1ed5i th\u1ecd.<\/p>\n\n\n\n<p><strong>Ph\u00f9 h\u1ee3p v\u1edbi v\u1ea3i nylon: <\/strong>\u0110\u1eb7c bi\u1ec7t th\u00edch h\u1ee3p cho s\u1ee3i nylon, s\u1ee3i nylon, b\u00edm t\u00f3c v\u00e0 c\u00e1c lo\u1ea1i s\u1ee3i t\u1ed5ng h\u1ee3p kh\u00e1c, \u0111\u1eb7c bi\u1ec7t trong vi\u1ec7c c\u1ea3i thi\u1ec7n \u0111\u1ed9 b\u1ec1n m\u00e0u v\u00e0 \u0111\u1ed9 \u1ed5n \u0111\u1ecbnh c\u1ee7a thu\u1ed1c nhu\u1ed9m trong qu\u00e1 tr\u00ecnh nhu\u1ed9m v\u00e0 ho\u00e0n thi\u1ec7n v\u1ea3i nylon.<\/p>\n\n\n\n<p><strong>\u0110\u01a1n gi\u1ea3n h\u00f3a quy tr\u00ecnh nhu\u1ed9m v\u00e0 sau in: <\/strong>Gi\u1ea3m \u0111\u1ed9 ph\u1ee9c t\u1ea1p c\u1ee7a ho\u1ea1t \u0111\u1ed9ng ho\u00e0n thi\u1ec7n d\u1ec7t may.<\/p>\n<\/div>\n\n\n\n<div class=\"wp-block-column is-layout-flow wp-block-column-is-layout-flow\" style=\"flex-basis:50%\">\n<figure class=\"wp-block-embed is-type-video is-provider-youtube wp-block-embed-youtube wp-embed-aspect-16-9 wp-has-aspect-ratio\"><div class=\"wp-block-embed__wrapper\">\n<iframe title=\"L\u00e0m g\u00ec v\u1edbi v\u1ea3i nylon m\u00e0u t\u1ed1i b\u1ecb phai m\u00e0u nghi\u00eam tr\u1ecdng? Ch\u1ea5t c\u1ed1 \u0111\u1ecbnh axit #textilechemicals\" width=\"500\" height=\"281\" src=\"https:\/\/www.youtube.com\/embed\/3j19zuHvITU?feature=oembed\" frameborder=\"0\" allow=\"accelerometer; autoplay; clipboard-write; encrypted-media; gyroscope; picture-in-picture; web-share\" referrerpolicy=\"strict-origin-when-cross-origin\" allowfullscreen><\/iframe>\n<\/div><\/figure>\n<\/div>\n<\/div>\n\n\n\n<div class=\"wp-block-columns is-layout-flex wp-container-core-columns-is-layout-9d6595d7 wp-block-columns-is-layout-flex\">\n<div class=\"wp-block-column is-layout-flow wp-block-column-is-layout-flow\">\n<figure class=\"wp-block-image size-full\"><img decoding=\"async\" width=\"1180\" height=\"741\" src=\"https:\/\/www.bluelakechem.com\/wp-content\/uploads\/2024\/12\/Fixing-Agent-in-Textile-2.webp\" alt=\"Ch\u1ea5t c\u1ed1 \u0111\u1ecbnh trong d\u1ec7t may (2)\" class=\"wp-image-1148\" srcset=\"https:\/\/www.bluelakechem.com\/wp-content\/uploads\/2024\/12\/Fixing-Agent-in-Textile-2.webp 1180w, https:\/\/www.bluelakechem.com\/wp-content\/uploads\/2024\/12\/Fixing-Agent-in-Textile-2-300x188.webp 300w, https:\/\/www.bluelakechem.com\/wp-content\/uploads\/2024\/12\/Fixing-Agent-in-Textile-2-768x482.webp 768w, https:\/\/www.bluelakechem.com\/wp-content\/uploads\/2024\/12\/Fixing-Agent-in-Textile-2-600x377.webp 600w\" sizes=\"(max-width: 1180px) 100vw, 1180px\" \/><\/figure>\n<\/div>\n\n\n\n<div class=\"wp-block-column is-layout-flow wp-block-column-is-layout-flow\">\n<h2 class=\"wp-block-heading\">\u1ee8ng d\u1ee5ng c\u1ee7a ch\u1ea5t c\u1ed1 \u0111\u1ecbnh trong d\u1ec7t may:<\/h2>\n\n\n\n<p><strong>S\u1ee3i v\u00e0 v\u1ea3i nylon<\/strong>:<br>\u0110\u01b0\u1ee3c s\u1eed d\u1ee5ng trong qu\u00e1 tr\u00ecnh c\u1ed1 \u0111\u1ecbnh v\u1ea3i nylon nhu\u1ed9m ho\u1eb7c in \u0111\u1ec3 t\u0103ng c\u01b0\u1eddng \u0111\u1ed9 s\u1ed1ng \u0111\u1ed9ng v\u00e0 \u0111\u1ed9 b\u1ec1n c\u1ee7a m\u00e0u s\u1eafc.<\/p>\n\n\n\n<p><strong>B\u0103ng d\u1ec7t<\/strong>:<br>\u0110\u1ea3m b\u1ea3o \u0111\u1ed9 b\u1ec1n m\u00e0u v\u00e0 t\u00ednh \u0111\u1ed3ng nh\u1ea5t c\u1ee7a b\u0103ng nylon d\u1ec7t, th\u01b0\u1eddng \u0111\u01b0\u1ee3c s\u1eed d\u1ee5ng trong may m\u1eb7c, ph\u1ee5 ki\u1ec7n v\u00e0 h\u00e0ng d\u1ec7t c\u00f4ng nghi\u1ec7p.<\/p>\n\n\n\n<p><strong>S\u1ea3n xu\u1ea5t h\u00e0ng may m\u1eb7c<\/strong>:<br>C\u00f3 th\u1ec3 \u00e1p d\u1ee5ng trong qu\u00e1 tr\u00ecnh x\u1eed l\u00fd sau nhu\u1ed9m cho h\u00e0ng may m\u1eb7c b\u1eb1ng nylon, \u0111\u1ea3m b\u1ea3o m\u00e0u s\u1eafc s\u1ed1ng \u0111\u1ed9ng v\u00e0 b\u1ec1n l\u00e2u cho s\u1ea3n ph\u1ea9m ho\u00e0n thi\u1ec7n.<\/p>\n\n\n\n<p><strong>D\u1ec7t may c\u00f4ng nghi\u1ec7p v\u00e0 ch\u1ee9c n\u0103ng<\/strong>:<br>Ph\u00f9 h\u1ee3p v\u1edbi c\u00e1c lo\u1ea1i v\u1ea3i ch\u1ee9c n\u0103ng l\u00e0m t\u1eeb nylon, n\u01a1i \u0111\u1ed9 b\u1ec1n m\u00e0u v\u00e0 t\u00ednh \u0111\u1ed3ng nh\u1ea5t l\u00e0 r\u1ea5t quan tr\u1ecdng.<\/p>\n\n\n\n<p><strong>Th\u1eddi trang v\u00e0 \u0111\u1ed3 th\u1ec3 thao<\/strong>:<br>Th\u00edch h\u1ee3p cho v\u1ea3i nylon d\u00f9ng trong th\u1eddi trang v\u00e0 \u0111\u1ed3 th\u1ec3 thao, \u0111\u1ea3m b\u1ea3o m\u00e0u s\u1eafc phong ph\u00fa v\u00e0 \u0111\u1ed9 b\u1ec1n khi s\u1eed d\u1ee5ng v\u00e0 gi\u1eb7t th\u01b0\u1eddng xuy\u00ean.<\/p>\n<\/div>\n<\/div>\n\n\n\n<p><\/p>","protected":false},"excerpt":{"rendered":"<p>Ch\u1ea5t c\u1ed1 \u0111\u1ecbnh c\u1ee7a Bluelakechem trong h\u00e0ng d\u1ec7t may, \u0111\u01b0\u1ee3c thi\u1ebft k\u1ebf \u0111\u1eb7c bi\u1ec7t cho thu\u1ed1c nhu\u1ed9m axit, l\u00fd t\u01b0\u1edfng cho vi\u1ec7c c\u1ed1 \u0111\u1ecbnh sau khi nhu\u1ed9m v\u00e0 in s\u1ee3i nylon, b\u0103ng d\u1ec7t v\u00e0 v\u1ea3i. N\u00f3 c\u1ea3i thi\u1ec7n nhi\u1ec1u kh\u00eda c\u1ea1nh v\u1ec1 \u0111\u1ed9 b\u1ec1n m\u00e0u trong khi v\u1eabn ti\u1ebft ki\u1ec7m chi ph\u00ed.<\/p>\n<p><strong>S\u1ed1 hi\u1ec7u m\u1eabu<\/strong>23061<\/p>","protected":false},"featured_media":1449,"comment_status":"closed","ping_status":"closed","template":"","meta":{"_acf_changed":false},"material":[28,31,33],"process":[23,25],"product_brand":[],"product_cat":[15],"product_tag":[],"class_list":{"0":"post-1138","1":"product","2":"type-product","3":"status-publish","4":"has-post-thumbnail","6":"material-nylon-agent","7":"material-wool-auxiliary","8":"material-silk-chemicals","9":"process-textile-finishing-chemicals","10":"process-textile-finishing-agent","11":"product_cat-uncategorized","13":"first","14":"instock","15":"shipping-taxable","16":"product-type-simple"},"acf":[],"_links":{"self":[{"href":"https:\/\/www.bluelakechem.com\/vi\/wp-json\/wp\/v2\/product\/1138","targetHints":{"allow":["GET"]}}],"collection":[{"href":"https:\/\/www.bluelakechem.com\/vi\/wp-json\/wp\/v2\/product"}],"about":[{"href":"https:\/\/www.bluelakechem.com\/vi\/wp-json\/wp\/v2\/types\/product"}],"replies":[{"embeddable":true,"href":"https:\/\/www.bluelakechem.com\/vi\/wp-json\/wp\/v2\/comments?post=1138"}],"wp:featuredmedia":[{"embeddable":true,"href":"https:\/\/www.bluelakechem.com\/vi\/wp-json\/wp\/v2\/media\/1449"}],"wp:attachment":[{"href":"https:\/\/www.bluelakechem.com\/vi\/wp-json\/wp\/v2\/media?parent=1138"}],"wp:term":[{"taxonomy":"material","embeddable":true,"href":"https:\/\/www.bluelakechem.com\/vi\/wp-json\/wp\/v2\/material?post=1138"},{"taxonomy":"process","embeddable":true,"href":"https:\/\/www.bluelakechem.com\/vi\/wp-json\/wp\/v2\/process?post=1138"},{"taxonomy":"product_brand","embeddable":true,"href":"https:\/\/www.bluelakechem.com\/vi\/wp-json\/wp\/v2\/product_brand?post=1138"},{"taxonomy":"product_cat","embeddable":true,"href":"https:\/\/www.bluelakechem.com\/vi\/wp-json\/wp\/v2\/product_cat?post=1138"},{"taxonomy":"product_tag","embeddable":true,"href":"https:\/\/www.bluelakechem.com\/vi\/wp-json\/wp\/v2\/product_tag?post=1138"}],"curies":[{"name":"wp","href":"https:\/\/api.w.org\/{rel}","templated":true}]}}