{"id":1249,"date":"2025-01-04T02:30:25","date_gmt":"2025-01-04T02:30:25","guid":{"rendered":"https:\/\/www.bluelakechem.com\/?post_type=product&#038;p=1249"},"modified":"2025-02-22T08:14:48","modified_gmt":"2025-02-22T08:14:48","slug":"silicone-softener","status":"publish","type":"product","link":"https:\/\/www.bluelakechem.com\/vi\/product\/silicone-softener\/","title":{"rendered":"Ch\u1ea5t l\u00e0m m\u1ec1m silicon H\u00f3a ch\u1ea5t d\u1ec7t cho kh\u0103n b\u00f4ng V\u1ea3i polyester Ho\u00e0n thi\u1ec7n"},"content":{"rendered":"<div class=\"wp-block-columns is-layout-flex wp-container-core-columns-is-layout-9d6595d7 wp-block-columns-is-layout-flex\">\n<div class=\"wp-block-column is-layout-flow wp-block-column-is-layout-flow\" style=\"flex-basis:50%\">\n<h2 class=\"wp-block-heading\">T\u00ednh n\u0103ng c\u1ee7a ch\u1ea5t l\u00e0m m\u1ec1m silicone:<\/h2>\n\n\n\n<p><strong>\u0110\u1ed9 m\u1ec1m m\u1ea1i tuy\u1ec7t v\u1eddi:<\/strong> Ch\u1ea5t l\u00e0m m\u1ec1m silicon mang l\u1ea1i \u0111\u1ed9 m\u1ec1m m\u1ea1i tuy\u1ec7t v\u1eddi v\u00e0 gi\u00fap v\u1ea3i tr\u1edf n\u00ean tinh t\u1ebf v\u00e0 m\u1ecbn m\u00e0ng h\u01a1n.<\/p>\n\n\n\n<p><strong>T\u0103ng \u0111\u1ed9 \u0111\u00e0n h\u1ed3i:<\/strong> C\u1ea3i thi\u1ec7n hi\u1ec7u qu\u1ea3 \u0111\u1ed9 \u0111\u00e0n h\u1ed3i c\u1ee7a v\u1ea3i, do \u0111\u00f3 n\u00e2ng cao \u0111\u1ed9 b\u1ec1n v\u00e0 ch\u1ed1ng nh\u0103n.<\/p>\n\n\n\n<p><strong>Mang l\u1ea1i c\u1ea3m gi\u00e1c m\u1ec1m m\u1ea1i:<\/strong> Th\u00edch h\u1ee3p cho kh\u0103n t\u1eafm, ch\u0103n v\u00e0 c\u00e1c s\u1ea3n ph\u1ea9m d\u1ec7t may kh\u00e1c c\u1ea7n hi\u1ec7u \u1ee9ng b\u1ed3ng b\u1ec1nh.<\/p>\n\n\n\n<p><strong>C\u1ea3i thi\u1ec7n t\u00ednh \u01b0a n\u01b0\u1edbc:<\/strong> Ch\u1ea5t l\u00e0m m\u1ec1m silicon th\u00fac \u0111\u1ea9y t\u00ednh \u01b0a n\u01b0\u1edbc v\u00e0 tho\u00e1ng kh\u00ed c\u1ee7a h\u00e0ng d\u1ec7t may. \u0110\u1eb7c bi\u1ec7t th\u00edch h\u1ee3p cho kh\u0103n t\u1eafm, \u0111\u1ed3 th\u1ec3 thao v\u00e0 c\u00e1c s\u1ea3n ph\u1ea9m kh\u00e1c \u0111\u00f2i h\u1ecfi kh\u1ea3 n\u0103ng th\u1ea5m h\u00fat n\u01b0\u1edbc cao.<\/p>\n\n\n\n<p><strong>\u0110\u1ed9 b\u1ec1n cao:<\/strong> V\u1ea3i \u0111\u00e3 qua x\u1eed l\u00fd c\u00f3 ch\u1ea5t l\u01b0\u1ee3ng tuy\u1ec7t v\u1eddi, m\u1ec1m m\u1ea1i sau khi gi\u1eb7t c\u0169ng nh\u01b0 khi s\u1eed d\u1ee5ng l\u00e2u d\u00e0i.<\/p>\n\n\n\n<p><strong>Sinh th\u00e1i v\u00e0 An to\u00e0n:<\/strong> S\u1ea3n ph\u1ea9m \u0111\u00e1p \u1ee9ng m\u1ecdi y\u00eau c\u1ea7u c\u1ee7a v\u1ea3i sinh th\u00e1i v\u00e0 kh\u00f4ng g\u00e2y h\u1ea1i cho c\u01a1 th\u1ec3 con ng\u01b0\u1eddi c\u0169ng nh\u01b0 m\u00f4i tr\u01b0\u1eddng.<\/p>\n\n\n\n<h2 class=\"wp-block-heading\">\u1ee8ng d\u1ee5ng c\u1ee7a ch\u1ea5t l\u00e0m m\u1ec1m silicone:<\/h2>\n\n\n\n<p><strong>Kh\u0103n t\u1eafm v\u00e0 \u0111\u1ed3 d\u1ec7t gia d\u1ee5ng: <\/strong>C\u1ea3i thi\u1ec7n \u0111\u1ed9 m\u1ec1m m\u1ea1i v\u00e0 kh\u1ea3 n\u0103ng th\u1ea5m n\u01b0\u1edbc. L\u00e0m cho kh\u0103n v\u00e0 b\u1ed9 \u0111\u1ed3 gi\u01b0\u1eddng c\u00f3 \u0111\u1ed9 b\u00f4ng t\u1ed1t v\u00e0 t\u0103ng c\u1ea3m gi\u00e1c tho\u1ea3i m\u00e1i khi m\u1eb7c.<\/p>\n\n\n\n<p><strong>V\u1ea3i may m\u1eb7c: <\/strong>Ph\u00f9 h\u1ee3p v\u1edbi v\u1ea3i cotton, polyester v\u00e0 v\u1ea3i pha, b\u1ec1 m\u1eb7t m\u1ec1m m\u1ea1i v\u00e0 m\u1ecbn m\u00e0ng l\u00e0m t\u0103ng th\u00eam gi\u00e1 tr\u1ecb.<\/p>\n\n\n\n<p><strong>V\u1ea3i \u0111an v\u00e0 v\u1ea3i d\u1ec7t thoi: <\/strong>Ch\u1ea5t l\u00e0m m\u1ec1m silicon gi\u00fap c\u1ea3i thi\u1ec7n \u0111\u1ed9 r\u1ee7 v\u00e0 \u0111\u1ed9 \u0111\u00e0n h\u1ed3i c\u1ee7a v\u1ea3i d\u1ec7t kim, \u0111\u1ed3ng th\u1eddi mang l\u1ea1i s\u1ef1 m\u1ec1m m\u1ea1i v\u00e0 tho\u1ea3i m\u00e1i cho v\u1ea3i d\u1ec7t thoi.<\/p>\n\n\n\n<p><strong>\u0110\u1ed3 th\u1ec3 thao v\u00e0 h\u00e0ng d\u1ec7t may ch\u1ee9c n\u0103ng:<\/strong> Ch\u1ea5t l\u00e0m m\u1ec1m Silicone c\u1ea3i thi\u1ec7n kh\u1ea3 n\u0103ng th\u1ea5m \u1ea9m v\u00e0 kh\u00f4 nhanh, do \u0111\u00f3 r\u1ea5t l\u00fd t\u01b0\u1edfng cho qu\u1ea7n \u00e1o ch\u1ee9c n\u0103ng v\u00e0 \u0111\u1ed3 th\u1ec3 thao.<\/p>\n\n\n\n<p><strong>D\u1ec7t may trang tr\u00ed:<\/strong> \u0110\u01b0\u1ee3c s\u1eed d\u1ee5ng trong c\u00e1c lo\u1ea1i v\u1ea3i trang tr\u00ed nh\u01b0 v\u1ea3i r\u00e8m v\u00e0 v\u1ea3i gh\u1ebf sofa \u0111\u1ec3 t\u0103ng \u0111\u1ed9 m\u1ecbn v\u00e0 hi\u1ec7u \u1ee9ng th\u1ecb gi\u00e1c, \u0111\u1ed3ng th\u1eddi c\u1ea3i thi\u1ec7n c\u1ea3m gi\u00e1c ch\u1ea1m v\u00e0 k\u1ebft c\u1ea5u.<\/p>\n<\/div>\n\n\n\n<div class=\"wp-block-column is-layout-flow wp-block-column-is-layout-flow\" style=\"flex-basis:50%\">\n<figure class=\"wp-block-image size-full\"><img decoding=\"async\" width=\"800\" height=\"800\" src=\"https:\/\/www.bluelakechem.com\/wp-content\/uploads\/2025\/01\/Silicone-Softener.webp\" alt=\"Ch\u1ea5t l\u00e0m m\u1ec1m silicon\" class=\"wp-image-1451\" srcset=\"https:\/\/www.bluelakechem.com\/wp-content\/uploads\/2025\/01\/Silicone-Softener.webp 800w, https:\/\/www.bluelakechem.com\/wp-content\/uploads\/2025\/01\/Silicone-Softener-300x300.webp 300w, https:\/\/www.bluelakechem.com\/wp-content\/uploads\/2025\/01\/Silicone-Softener-150x150.webp 150w, https:\/\/www.bluelakechem.com\/wp-content\/uploads\/2025\/01\/Silicone-Softener-768x768.webp 768w, https:\/\/www.bluelakechem.com\/wp-content\/uploads\/2025\/01\/Silicone-Softener-12x12.webp 12w, https:\/\/www.bluelakechem.com\/wp-content\/uploads\/2025\/01\/Silicone-Softener-600x600.webp 600w, https:\/\/www.bluelakechem.com\/wp-content\/uploads\/2025\/01\/Silicone-Softener-100x100.webp 100w\" sizes=\"(max-width: 800px) 100vw, 800px\" \/><\/figure>\n<\/div>\n<\/div>\n\n\n\n<p><\/p>","protected":false},"excerpt":{"rendered":"<p>\u0110\u00e2y l\u00e0 ch\u1ea5t l\u00e0m m\u1ec1m silicon \u0111a n\u0103ng cho qu\u00e1 tr\u00ecnh ho\u00e0n thi\u1ec7n m\u1ec1m m\u1ea1i c\u1ee7a nhi\u1ec1u lo\u1ea1i v\u1ea3i, kh\u0103n, qu\u1ea7n \u00e1o v\u00e0 h\u00e0ng d\u1ec7t may. S\u1ea3n ph\u1ea9m n\u00e0y c\u1ea3i thi\u1ec7n t\u00ednh \u01b0a n\u01b0\u1edbc \u0111\u1ed3ng th\u1eddi mang l\u1ea1i c\u1ea3m gi\u00e1c c\u1ea7m n\u1eafm c\u1ef1c k\u1ef3 m\u1ecbn m\u00e0ng, m\u1ec1m m\u1ea1i, l\u00fd t\u01b0\u1edfng \u0111\u1ec3 \u0111\u1ea1t \u0111\u01b0\u1ee3c \u0111\u1ed9 ho\u00e0n thi\u1ec7n ch\u1ea5t l\u01b0\u1ee3ng cao trong s\u1ea3n xu\u1ea5t h\u00e0ng d\u1ec7t may.<\/p>\n<p><strong>S\u1ed1 hi\u1ec7u m\u1eabu <\/strong>35426<\/p>\n<p><img decoding=\"async\" class=\"alignnone size-medium wp-image-1659\" src=\"https:\/\/www.bluelakechem.com\/wp-content\/uploads\/2025\/01\/35426-\u5b9e\u9a8c-\uff08\u53cclogo\uff09-300x300.jpg\" alt=\"\" width=\"300\" height=\"300\" srcset=\"https:\/\/www.bluelakechem.com\/wp-content\/uploads\/2025\/01\/35426-\u5b9e\u9a8c-\uff08\u53cclogo\uff09-300x300.jpg 300w, https:\/\/www.bluelakechem.com\/wp-content\/uploads\/2025\/01\/35426-\u5b9e\u9a8c-\uff08\u53cclogo\uff09-150x150.jpg 150w, https:\/\/www.bluelakechem.com\/wp-content\/uploads\/2025\/01\/35426-\u5b9e\u9a8c-\uff08\u53cclogo\uff09-768x768.jpg 768w, https:\/\/www.bluelakechem.com\/wp-content\/uploads\/2025\/01\/35426-\u5b9e\u9a8c-\uff08\u53cclogo\uff09-12x12.jpg 12w, https:\/\/www.bluelakechem.com\/wp-content\/uploads\/2025\/01\/35426-\u5b9e\u9a8c-\uff08\u53cclogo\uff09-600x600.jpg 600w, https:\/\/www.bluelakechem.com\/wp-content\/uploads\/2025\/01\/35426-\u5b9e\u9a8c-\uff08\u53cclogo\uff09-100x100.jpg 100w, https:\/\/www.bluelakechem.com\/wp-content\/uploads\/2025\/01\/35426-\u5b9e\u9a8c-\uff08\u53cclogo\uff09.jpg 800w\" sizes=\"(max-width: 300px) 100vw, 300px\" \/><\/p>","protected":false},"featured_media":1451,"comment_status":"closed","ping_status":"closed","template":"","meta":{"_acf_changed":false},"material":[26,27,28,29,30,31,32,33,34],"process":[23,42],"product_brand":[],"product_cat":[15],"product_tag":[],"class_list":{"0":"post-1249","1":"product","2":"type-product","3":"status-publish","4":"has-post-thumbnail","6":"material-cotton-agent","7":"material-polyester-chemicals","8":"material-nylon-agent","9":"material-acrylic-chemicals","10":"material-viscose-chemicals","11":"material-wool-auxiliary","12":"material-linen-chemicals","13":"material-silk-chemicals","14":"material-fabric-chemicals","15":"process-textile-finishing-chemicals","16":"process-softener","17":"product_cat-uncategorized","19":"first","20":"instock","21":"shipping-taxable","22":"product-type-simple"},"acf":[],"_links":{"self":[{"href":"https:\/\/www.bluelakechem.com\/vi\/wp-json\/wp\/v2\/product\/1249","targetHints":{"allow":["GET"]}}],"collection":[{"href":"https:\/\/www.bluelakechem.com\/vi\/wp-json\/wp\/v2\/product"}],"about":[{"href":"https:\/\/www.bluelakechem.com\/vi\/wp-json\/wp\/v2\/types\/product"}],"replies":[{"embeddable":true,"href":"https:\/\/www.bluelakechem.com\/vi\/wp-json\/wp\/v2\/comments?post=1249"}],"wp:featuredmedia":[{"embeddable":true,"href":"https:\/\/www.bluelakechem.com\/vi\/wp-json\/wp\/v2\/media\/1451"}],"wp:attachment":[{"href":"https:\/\/www.bluelakechem.com\/vi\/wp-json\/wp\/v2\/media?parent=1249"}],"wp:term":[{"taxonomy":"material","embeddable":true,"href":"https:\/\/www.bluelakechem.com\/vi\/wp-json\/wp\/v2\/material?post=1249"},{"taxonomy":"process","embeddable":true,"href":"https:\/\/www.bluelakechem.com\/vi\/wp-json\/wp\/v2\/process?post=1249"},{"taxonomy":"product_brand","embeddable":true,"href":"https:\/\/www.bluelakechem.com\/vi\/wp-json\/wp\/v2\/product_brand?post=1249"},{"taxonomy":"product_cat","embeddable":true,"href":"https:\/\/www.bluelakechem.com\/vi\/wp-json\/wp\/v2\/product_cat?post=1249"},{"taxonomy":"product_tag","embeddable":true,"href":"https:\/\/www.bluelakechem.com\/vi\/wp-json\/wp\/v2\/product_tag?post=1249"}],"curies":[{"name":"wp","href":"https:\/\/api.w.org\/{rel}","templated":true}]}}