{"id":1477,"date":"2025-01-22T01:27:49","date_gmt":"2025-01-22T01:27:49","guid":{"rendered":"https:\/\/www.bluelakechem.com\/?post_type=product&#038;p=1477"},"modified":"2025-10-20T06:54:07","modified_gmt":"2025-10-20T06:54:07","slug":"wetting-agent-for-textile","status":"publish","type":"product","link":"https:\/\/www.bluelakechem.com\/vi\/product\/wetting-agent-for-textile\/","title":{"rendered":"Ch\u1ea5t l\u00e0m \u01b0\u1edbt \u00edt t\u1ea1o b\u1ecdt cho qu\u00e1 tr\u00ecnh ti\u1ec1n x\u1eed l\u00fd v\u1ea3i cotton v\u00e0 polyester"},"content":{"rendered":"<div class=\"wp-block-columns is-layout-flex wp-container-core-columns-is-layout-9d6595d7 wp-block-columns-is-layout-flex\">\n<div class=\"wp-block-column is-layout-flow wp-block-column-is-layout-flow\" style=\"flex-basis:50%\">\n<h2 class=\"wp-block-heading\">M\u00f4 t\u1ea3 ch\u1ea5t l\u00e0m \u01b0\u1edbt cho v\u1ea3i<\/h2>\n\n\n\n<ul class=\"wp-block-list\">\n<li>11060 ch\u1ee7 y\u1ebfu \u0111\u01b0\u1ee3c c\u1ea5u t\u1ea1o t\u1eeb este polyoxyethylene c\u1ee7a c\u1ed3n \u0111\u1ed3ng ph\u00e2n.<\/li>\n\n\n\n<li>N\u00f3 c\u00f3 c\u00e1c nh\u00f3m \u01b0a n\u01b0\u1edbc v\u00e0 c\u00e1c nh\u00f3m \u01b0a d\u1ea7u, c\u00f3 th\u1ec3 \u0111\u1ecbnh h\u01b0\u1edbng tr\u00ean b\u1ec1 m\u1eb7t c\u1ee7a dung d\u1ecbch. N\u00f3 c\u00f3 th\u1ec3 l\u00e0m gi\u1ea3m \u0111\u00e1ng k\u1ec3 s\u1ee9c c\u0103ng b\u1ec1 m\u1eb7t c\u1ee7a dung d\u1ecbch v\u00e0 c\u1ea3i thi\u1ec7n \u0111\u1ed9 th\u1ea5m c\u1ee7a dung d\u1ecbch.<\/li>\n\n\n\n<li>N\u00f3 c\u00f3 th\u1ec3 \u0111\u01b0\u1ee3c \u00e1p d\u1ee5ng trong qu\u00e1 tr\u00ecnh ti\u1ec1n x\u1eed l\u00fd, qu\u00e1 tr\u00ecnh nhu\u1ed9m v\u00e0 qu\u00e1 tr\u00ecnh ho\u00e0n thi\u1ec7n cho c\u00e1c lo\u1ea1i v\u1ea3i kh\u00e1c nhau.<\/li>\n<\/ul>\n\n\n\n<h2 class=\"wp-block-heading\">\u0110\u1eb7c \u0111i\u1ec3m c\u1ee7a ch\u1ea5t l\u00e0m \u01b0\u1edbt cho v\u1ea3i<\/h2>\n\n\n\n<ul class=\"wp-block-list\">\n<li>H\u00f2a tan trong t\u1ef1 nhi\u00ean. \u00cdt t\u1ea1o b\u1ecdt. \u0110\u00e1p \u1ee9ng c\u00e1c y\u00eau c\u1ea7u v\u1ec1 b\u1ea3o v\u1ec7 m\u00f4i tr\u01b0\u1eddng.<\/li>\n\n\n\n<li>Ch\u1ee9c n\u0103ng l\u00e0m \u01b0\u1edbt v\u00e0 t\u1ea1o nh\u0169 t\u01b0\u01a1ng xu\u1ea5t s\u1eafc.<\/li>\n\n\n\n<li>\u0110\u1ed9 \u1ed5n \u0111\u1ecbnh t\u1ed1t.<\/li>\n\n\n\n<li>T\u01b0\u01a1ng th\u00edch t\u1ed1t. C\u00f3 th\u1ec3 s\u1eed d\u1ee5ng c\u00f9ng v\u1edbi c\u00e1c lo\u1ea1i ch\u1ea5t ho\u1ea1t \u0111\u1ed9ng b\u1ec1 m\u1eb7t kh\u00e1c nhau.<\/li>\n<\/ul>\n<\/div>\n\n\n\n<div class=\"wp-block-column is-layout-flow wp-block-column-is-layout-flow\" style=\"flex-basis:50%\">\n<figure class=\"wp-block-embed is-type-video is-provider-youtube wp-block-embed-youtube wp-embed-aspect-16-9 wp-has-aspect-ratio\"><div class=\"wp-block-embed__wrapper\">\n<iframe title=\"Ti\u1ebft ki\u1ec7m chi ph\u00ed v\u00e0 n\u00e2ng cao hi\u1ec7u qu\u1ea3----Vai tr\u00f2 quan tr\u1ecdng c\u1ee7a ch\u1ea5t l\u00e0m \u01b0\u1edbt trong h\u00f3a h\u1ecdc d\u1ec7t may#saving\" width=\"500\" height=\"281\" src=\"https:\/\/www.youtube.com\/embed\/0yZMtu8RPlA?feature=oembed\" frameborder=\"0\" allow=\"accelerometer; autoplay; clipboard-write; encrypted-media; gyroscope; picture-in-picture; web-share\" referrerpolicy=\"strict-origin-when-cross-origin\" allowfullscreen><\/iframe>\n<\/div><\/figure>\n\n\n\n<h2 class=\"wp-block-heading\">C\u00e1c t\u00ednh ch\u1ea5t \u0111i\u1ec3n h\u00ecnh c\u1ee7a ch\u1ea5t l\u00e0m \u01b0\u1edbt cho v\u1ea3i<\/h2>\n\n\n\n<figure class=\"wp-block-table\"><table class=\"has-fixed-layout\"><tbody><tr><td>V\u1ebb b\u1ec1 ngo\u00e0i:<\/td><td>Ch\u1ea5t l\u1ecfng trong su\u1ed1t kh\u00f4ng m\u00e0u<\/td><\/tr><tr><td>T\u00ednh ion:<\/td><td>Kh\u00f4ng ion<\/td><\/tr><tr><td>Gi\u00e1 tr\u1ecb pH:<\/td><td>7,0 \u00b1 1,0 (dung d\u1ecbch n\u01b0\u1edbc 1%)<\/td><\/tr><tr><td>\u0110\u1ed9 h\u00f2a tan:<\/td><td>H\u00f2a tan trong n\u01b0\u1edbc<\/td><\/tr><\/tbody><\/table><\/figure>\n\n\n\n<h2 class=\"wp-block-heading\">H\u01b0\u1edbng d\u1eabn s\u1eed d\u1ee5ng ch\u1ea5t l\u00e0m \u01b0\u1edbt cho v\u1ea3i<\/h2>\n\n\n\n<ul class=\"wp-block-list\">\n<li>11060 l\u00e0 s\u1ea3n ph\u1ea9m c\u00f3 n\u1ed3ng \u0111\u1ed9 cao. Xin vui l\u00f2ng pha lo\u00e3ng s\u1ea3n ph\u1ea9m n\u00e0y v\u1edbi t\u1ef7 l\u1ec7 1:2 \u0111\u1ebfn 1:3 b\u1eb1ng n\u01b0\u1edbc m\u1ec1m tr\u01b0\u1edbc khi s\u1eed d\u1ee5ng.<\/li>\n\n\n\n<li>\u0110\u1ed1i v\u1edbi qu\u00e1 tr\u00ecnh ng\u00e2m, li\u1ec1u l\u01b0\u1ee3ng tham kh\u1ea3o c\u1ee7a dung d\u1ecbch pha lo\u00e3ng 11060 l\u00e0 1~3 g\/L.<\/li>\n\n\n\n<li>\u0110\u1ed1i v\u1edbi qu\u00e1 tr\u00ecnh l\u00e0m \u0111\u1ea7y, li\u1ec1u l\u01b0\u1ee3ng tham kh\u1ea3o c\u1ee7a dung d\u1ecbch pha lo\u00e3ng 11060: 5~10 g\/L<\/li>\n<\/ul>\n<\/div>\n<\/div>\n\n\n\n<p><\/p>","protected":false},"excerpt":{"rendered":"<p>Ch\u1ea5t l\u00e0m \u01b0\u1edbt \u00edt t\u1ea1o b\u1ecdt cho v\u1ea3i c\u00f3 t\u00e1c d\u1ee5ng l\u00e0m \u01b0\u1edbt t\u1ed1t trong t\u1eebng c\u00f4ng \u0111o\u1ea1n x\u1eed l\u00fd v\u1ea3i m\u00e0 kh\u00f4ng t\u1ea1o b\u1ecdt, th\u1eadm ch\u00ed c\u00f2n gi\u00fap \u1ee9c ch\u1ebf qu\u00e1 tr\u00ecnh t\u1ea1o b\u1ecdt c\u1ee7a c\u00e1c h\u00f3a ch\u1ea5t kh\u00e1c, v\u00e0 c\u00f3 th\u1ec3 \u0111\u01b0\u1ee3c s\u1eed d\u1ee5ng nh\u01b0 m\u1ed9t ch\u1ea5t l\u00e0m \u01b0\u1edbt hi\u1ec7u qu\u1ea3 cao trong qu\u00e1 tr\u00ecnh in v\u00e0 nhu\u1ed9m.<\/p>\n<p><strong>S\u1ed1 hi\u1ec7u m\u1eabu<\/strong>11060<\/p>","protected":false},"featured_media":1510,"comment_status":"closed","ping_status":"closed","template":"","meta":{"_acf_changed":false},"material":[26,27,28,29,30,31,32,33,34],"process":[17,18],"product_brand":[],"product_cat":[15],"product_tag":[],"class_list":{"0":"post-1477","1":"product","2":"type-product","3":"status-publish","4":"has-post-thumbnail","6":"material-cotton-agent","7":"material-polyester-chemicals","8":"material-nylon-agent","9":"material-acrylic-chemicals","10":"material-viscose-chemicals","11":"material-wool-auxiliary","12":"material-linen-chemicals","13":"material-silk-chemicals","14":"material-fabric-chemicals","15":"process-pretreatment-auxiliaries","16":"process-textile-wetting-agent","17":"product_cat-uncategorized","19":"first","20":"instock","21":"shipping-taxable","22":"product-type-simple"},"acf":[],"_links":{"self":[{"href":"https:\/\/www.bluelakechem.com\/vi\/wp-json\/wp\/v2\/product\/1477","targetHints":{"allow":["GET"]}}],"collection":[{"href":"https:\/\/www.bluelakechem.com\/vi\/wp-json\/wp\/v2\/product"}],"about":[{"href":"https:\/\/www.bluelakechem.com\/vi\/wp-json\/wp\/v2\/types\/product"}],"replies":[{"embeddable":true,"href":"https:\/\/www.bluelakechem.com\/vi\/wp-json\/wp\/v2\/comments?post=1477"}],"wp:featuredmedia":[{"embeddable":true,"href":"https:\/\/www.bluelakechem.com\/vi\/wp-json\/wp\/v2\/media\/1510"}],"wp:attachment":[{"href":"https:\/\/www.bluelakechem.com\/vi\/wp-json\/wp\/v2\/media?parent=1477"}],"wp:term":[{"taxonomy":"material","embeddable":true,"href":"https:\/\/www.bluelakechem.com\/vi\/wp-json\/wp\/v2\/material?post=1477"},{"taxonomy":"process","embeddable":true,"href":"https:\/\/www.bluelakechem.com\/vi\/wp-json\/wp\/v2\/process?post=1477"},{"taxonomy":"product_brand","embeddable":true,"href":"https:\/\/www.bluelakechem.com\/vi\/wp-json\/wp\/v2\/product_brand?post=1477"},{"taxonomy":"product_cat","embeddable":true,"href":"https:\/\/www.bluelakechem.com\/vi\/wp-json\/wp\/v2\/product_cat?post=1477"},{"taxonomy":"product_tag","embeddable":true,"href":"https:\/\/www.bluelakechem.com\/vi\/wp-json\/wp\/v2\/product_tag?post=1477"}],"curies":[{"name":"wp","href":"https:\/\/api.w.org\/{rel}","templated":true}]}}