{"id":1478,"date":"2025-01-22T01:25:59","date_gmt":"2025-01-22T01:25:59","guid":{"rendered":"https:\/\/www.bluelakechem.com\/?post_type=product&#038;p=1478"},"modified":"2025-02-22T08:16:40","modified_gmt":"2025-02-22T08:16:40","slug":"dyes-disperse-agent-textile-chemicals-for-fabric-dyeing-auxiliaries","status":"publish","type":"product","link":"https:\/\/www.bluelakechem.com\/vi\/product\/dyes-disperse-agent-textile-chemicals-for-fabric-dyeing-auxiliaries\/","title":{"rendered":"Ch\u1ea5t ph\u00e2n t\u00e1n trong qu\u00e1 tr\u00ecnh nhu\u1ed9m v\u1ea3i, Ph\u1ee5 gia nhu\u1ed9m v\u1ea3i - B\u00e1n s\u1ec9"},"content":{"rendered":"<div class=\"wp-block-columns is-layout-flex wp-container-core-columns-is-layout-9d6595d7 wp-block-columns-is-layout-flex\">\n<div class=\"wp-block-column is-layout-flow wp-block-column-is-layout-flow\" style=\"flex-basis:50%\">\n<h2 class=\"wp-block-heading\">M\u00f4 t\u1ea3 v\u1ec1 ch\u1ea5t ph\u00e2n t\u00e1n trong qu\u00e1 tr\u00ecnh nhu\u1ed9m:<\/h2>\n\n\n\n<ul class=\"wp-block-list\">\n<li>Ch\u1ea5t ph\u00e2n t\u00e1n 45191 ch\u1ee7 y\u1ebfu bao g\u1ed3m c\u00e1c d\u1eabn xu\u1ea5t sulfonat.<\/li>\n\n\n\n<li>S\u1ea3n ph\u1ea9m n\u00e0y th\u00edch h\u1ee3p \u0111\u1ec3 ph\u00e2n t\u00e1n thu\u1ed1c nhu\u1ed9m, thu\u1ed1c nhu\u1ed9m ph\u1ea3n \u1ee9ng v\u00e0 thu\u1ed1c nhu\u1ed9m axit, nh\u1eb1m n\u00e2ng cao \u0111\u1ed9 \u1ed5n \u0111\u1ecbnh c\u1ee7a dung d\u1ecbch nhu\u1ed9m v\u00e0 ng\u0103n ng\u1eeba hi\u1ec7n t\u01b0\u1ee3ng k\u1ebft t\u1ee7a c\u1ee7a thu\u1ed1c nhu\u1ed9m.<\/li>\n\n\n\n<li>N\u00f3 c\u00f3 t\u00e1c d\u1ee5ng ph\u00e2n t\u00e1n v\u00e0 h\u00f2a tan \u0111\u1ed1i v\u1edbi thu\u1ed1c nhu\u1ed9m ph\u00e2n t\u00e1n, thu\u1ed1c nhu\u1ed9m ph\u1ea3n \u1ee9ng v\u00e0 thu\u1ed1c nhu\u1ed9m axit, gi\u00fap c\u1ea3i thi\u1ec7n kh\u1ea3 n\u0103ng ph\u00e2n b\u1ed1 \u0111\u1ec1u c\u1ee7a thu\u1ed1c nhu\u1ed9m.<\/li>\n\n\n\n<li>\u0110\u00e2y l\u00e0 ch\u1ea5t ph\u00e2n t\u00e1n \u0111a n\u0103ng v\u00e0 \u00edt t\u1ea1o b\u1ecdt, th\u00edch h\u1ee3p cho c\u00e1c lo\u1ea1i v\u1ea3i polyester, len, nylon, s\u1ee3i xenlulo v\u00e0 c\u00e1c lo\u1ea1i v\u1ea3i pha tr\u1ed9n c\u1ee7a ch\u00fang, v.v.<\/li>\n<\/ul>\n\n\n\n<h2 class=\"wp-block-heading\">T\u00ednh n\u0103ng<strong> <\/strong>V\u1ec1 ch\u1ea5t ph\u00e2n t\u00e1n trong qu\u00e1 tr\u00ecnh nhu\u1ed9m:<\/h2>\n\n\n\n<ol class=\"wp-block-list\">\n<li>C\u00f3 th\u1ec3 \u0111\u01b0\u1ee3c s\u1eed d\u1ee5ng l\u00e0m ch\u1ea5t keo b\u1ea3o v\u1ec7 trong qu\u00e1 tr\u00ecnh nhu\u1ed9m.<\/li>\n\n\n\n<li>\u0110\u1ed9 \u1ed5n \u0111\u1ecbnh v\u00e0 ph\u00e2n t\u00e1n tuy\u1ec7t v\u1eddi. Tr\u00e1nh c\u00e1c \u0111\u1ed1m m\u00e0u ho\u1eb7c v\u1ebft b\u1ea9n m\u00e0u.<\/li>\n\n\n\n<li>\u1ed4n \u0111\u1ecbnh trong axit, ki\u1ec1m, ch\u1ea5t \u0111i\u1ec7n ph\u00e2n v\u00e0 n\u01b0\u1edbc c\u1ee9ng.<\/li>\n\n\n\n<li>D\u1ec5 tan trong n\u01b0\u1edbc. \u00cdt b\u1ecdt.<\/li>\n\n\n\n<li>D\u1ec5 s\u1eed d\u1ee5ng.<\/li>\n<\/ol>\n<\/div>\n\n\n\n<div class=\"wp-block-column is-layout-flow wp-block-column-is-layout-flow\" style=\"flex-basis:50%\">\n<h2 class=\"wp-block-heading\">C\u00e1c t\u00ednh ch\u1ea5t c\u1ee7a ch\u1ea5t ph\u00e2n t\u00e1n trong qu\u00e1 tr\u00ecnh nhu\u1ed9m:<\/h2>\n\n\n\n<figure class=\"wp-block-table\"><table class=\"has-fixed-layout\"><tbody><tr><td>V\u1ebb b\u1ec1 ngo\u00e0i:<\/td><td>B\u1ed9t m\u00e0u v\u00e0ng<\/td><\/tr><tr><td>T\u00ednh ion:<\/td><td>Anion<\/td><\/tr><tr><td>Gi\u00e1 tr\u1ecb pH:<\/td><td>7,5\u00b11,0 (dung d\u1ecbch n\u01b0\u1edbc 1%)<\/td><\/tr><tr><td>\u0110\u1ed9 h\u00f2a tan:<\/td><td>H\u00f2a tan trong n\u01b0\u1edbc<\/td><\/tr><\/tbody><\/table><\/figure>\n\n\n\n<h2 class=\"wp-block-heading\">H\u01b0\u1edbng d\u1eabn s\u1eed d\u1ee5ng ch\u1ea5t ph\u00e2n t\u00e1n trong qu\u00e1 tr\u00ecnh nhu\u1ed9m:<\/h2>\n\n\n\n<ol class=\"wp-block-list\">\n<li>Trong qu\u00e1 tr\u00ecnh nhu\u1ed9m b\u1eb1ng thu\u1ed1c nhu\u1ed9m ph\u00e2n t\u00e1n, ch\u1ea5t n\u00e0y \u0111\u01b0\u1ee3c s\u1eed d\u1ee5ng \u0111\u1ec3 ng\u0103n ng\u1eeba c\u00e1c v\u1ebft loang m\u00e0u ho\u1eb7c v\u1ebft \u1ed1 m\u00e0u.<\/li>\n\n\n\n<li>Li\u1ec1u tham kh\u1ea3o: 0,2~0,5% (owf)<\/li>\n\n\n\n<li>Trong qu\u00e1 tr\u00ecnh nhu\u1ed9m b\u1eb1ng thu\u1ed1c nhu\u1ed9m ph\u1ea3n \u1ee9ng, ch\u1ea5t n\u00e0y \u0111\u01b0\u1ee3c s\u1eed d\u1ee5ng l\u00e0m ch\u1ea5t c\u00e2n b\u1eb1ng ph\u1ea3n \u1ee9ng.<\/li>\n\n\n\n<li>Li\u1ec1u tham kh\u1ea3o: 0,5~1,0% (owf).<\/li>\n<\/ol>\n<\/div>\n<\/div>","protected":false},"excerpt":{"rendered":"<p>Ch\u1ea5t ph\u00e2n t\u00e1n s\u1ea3n xu\u1ea5t tr\u1ef1c ti\u1ebfp t\u1eeb nh\u00e0 s\u1ea3n xu\u1ea5t d\u00e0nh cho ng\u00e0nh nhu\u1ed9m. B\u1ed9t ph\u00e2n t\u00e1n \u0111a d\u1ee5ng, ph\u00f9 h\u1ee3p v\u1edbi c\u00e1c lo\u1ea1i v\u1ea3i nh\u01b0 cotton, polyester, nylon v\u00e0 len, v.v. C\u00f3 t\u00e1c d\u1ee5ng ph\u00e2n t\u00e1n v\u00e0 h\u00f2a tan t\u1ed1t \u0111\u1ed1i v\u1edbi c\u00e1c lo\u1ea1i thu\u1ed1c nhu\u1ed9m tr\u1ef1c ti\u1ebfp, thu\u1ed1c nhu\u1ed9m ph\u1ea3n \u1ee9ng, thu\u1ed1c nhu\u1ed9m ph\u00e2n t\u00e1n v\u00e0 thu\u1ed1c nhu\u1ed9m axit, v.v., gi\u00fap b\u1ea3o v\u1ec7 dung d\u1ecbch nhu\u1ed9m, \u0111\u1ed3ng th\u1eddi gi\u1ea3m thi\u1ec3u c\u00e1c v\u1ebft loang m\u00e0u ho\u1eb7c v\u1ebft b\u1ea9n m\u00e0u.<\/p>\n<p><strong>S\u1ed1 hi\u1ec7u m\u1eabu<\/strong>45191<\/p>\n<p><img decoding=\"async\" class=\"alignnone size-medium wp-image-1661\" src=\"https:\/\/www.bluelakechem.com\/wp-content\/uploads\/2025\/01\/Q60-45191-\u5b9e\u9a8c\uff08\u53cclogo_-300x300.jpg\" alt=\"\" width=\"300\" height=\"300\" srcset=\"https:\/\/www.bluelakechem.com\/wp-content\/uploads\/2025\/01\/Q60-45191-\u5b9e\u9a8c\uff08\u53cclogo_-300x300.jpg 300w, https:\/\/www.bluelakechem.com\/wp-content\/uploads\/2025\/01\/Q60-45191-\u5b9e\u9a8c\uff08\u53cclogo_-150x150.jpg 150w, https:\/\/www.bluelakechem.com\/wp-content\/uploads\/2025\/01\/Q60-45191-\u5b9e\u9a8c\uff08\u53cclogo_-768x768.jpg 768w, https:\/\/www.bluelakechem.com\/wp-content\/uploads\/2025\/01\/Q60-45191-\u5b9e\u9a8c\uff08\u53cclogo_-12x12.jpg 12w, https:\/\/www.bluelakechem.com\/wp-content\/uploads\/2025\/01\/Q60-45191-\u5b9e\u9a8c\uff08\u53cclogo_-600x600.jpg 600w, https:\/\/www.bluelakechem.com\/wp-content\/uploads\/2025\/01\/Q60-45191-\u5b9e\u9a8c\uff08\u53cclogo_-100x100.jpg 100w, https:\/\/www.bluelakechem.com\/wp-content\/uploads\/2025\/01\/Q60-45191-\u5b9e\u9a8c\uff08\u53cclogo_.jpg 800w\" sizes=\"(max-width: 300px) 100vw, 300px\" \/><\/p>","protected":false},"featured_media":1533,"comment_status":"closed","ping_status":"closed","template":"","meta":{"_acf_changed":false},"material":[26,27,28,29,30,31,32,33,34],"process":[20,38,42,24],"product_brand":[],"product_cat":[15],"product_tag":[],"class_list":{"0":"post-1478","1":"product","2":"type-product","3":"status-publish","4":"has-post-thumbnail","6":"material-cotton-agent","7":"material-polyester-chemicals","8":"material-nylon-agent","9":"material-acrylic-chemicals","10":"material-viscose-chemicals","11":"material-wool-auxiliary","12":"material-linen-chemicals","13":"material-silk-chemicals","14":"material-fabric-chemicals","15":"process-dyeing-auxiliaries","16":"process-disperse-leveling-agent","17":"process-softener","18":"process-silicone-oil","19":"product_cat-uncategorized","21":"first","22":"instock","23":"shipping-taxable","24":"product-type-simple"},"acf":[],"_links":{"self":[{"href":"https:\/\/www.bluelakechem.com\/vi\/wp-json\/wp\/v2\/product\/1478","targetHints":{"allow":["GET"]}}],"collection":[{"href":"https:\/\/www.bluelakechem.com\/vi\/wp-json\/wp\/v2\/product"}],"about":[{"href":"https:\/\/www.bluelakechem.com\/vi\/wp-json\/wp\/v2\/types\/product"}],"replies":[{"embeddable":true,"href":"https:\/\/www.bluelakechem.com\/vi\/wp-json\/wp\/v2\/comments?post=1478"}],"wp:featuredmedia":[{"embeddable":true,"href":"https:\/\/www.bluelakechem.com\/vi\/wp-json\/wp\/v2\/media\/1533"}],"wp:attachment":[{"href":"https:\/\/www.bluelakechem.com\/vi\/wp-json\/wp\/v2\/media?parent=1478"}],"wp:term":[{"taxonomy":"material","embeddable":true,"href":"https:\/\/www.bluelakechem.com\/vi\/wp-json\/wp\/v2\/material?post=1478"},{"taxonomy":"process","embeddable":true,"href":"https:\/\/www.bluelakechem.com\/vi\/wp-json\/wp\/v2\/process?post=1478"},{"taxonomy":"product_brand","embeddable":true,"href":"https:\/\/www.bluelakechem.com\/vi\/wp-json\/wp\/v2\/product_brand?post=1478"},{"taxonomy":"product_cat","embeddable":true,"href":"https:\/\/www.bluelakechem.com\/vi\/wp-json\/wp\/v2\/product_cat?post=1478"},{"taxonomy":"product_tag","embeddable":true,"href":"https:\/\/www.bluelakechem.com\/vi\/wp-json\/wp\/v2\/product_tag?post=1478"}],"curies":[{"name":"wp","href":"https:\/\/api.w.org\/{rel}","templated":true}]}}