{"id":1498,"date":"2025-01-22T01:26:25","date_gmt":"2025-01-22T01:26:25","guid":{"rendered":"https:\/\/www.bluelakechem.com\/?post_type=product&#038;p=1498"},"modified":"2025-10-28T09:19:25","modified_gmt":"2025-10-28T09:19:25","slug":"water-proofing-agent-without-fluorinated-textile-auxiliry","status":"publish","type":"product","link":"https:\/\/www.bluelakechem.com\/vi\/product\/water-proofing-agent-without-fluorinated-textile-auxiliry\/","title":{"rendered":"Ch\u1ea5t ch\u1ed1ng th\u1ea5m kh\u00f4ng ch\u1ee9a fluor C0, H\u00f3a ch\u1ea5t ho\u00e0n thi\u1ec7n v\u1ea3i"},"content":{"rendered":"<div class=\"wp-block-columns is-layout-flex wp-container-core-columns-is-layout-9d6595d7 wp-block-columns-is-layout-flex\">\n<div class=\"wp-block-column is-layout-flow wp-block-column-is-layout-flow\" style=\"flex-basis:50%\">\n<h2 class=\"wp-block-heading\">Water Proofing Agent Description:<\/h2>\n\n\n\n<ul class=\"wp-block-list\">\n<li>44204 waterproofing agent is mainly composed of organic ester derivatives.<\/li>\n\n\n\n<li>Sau khi t\u1ea1o th\u00e0nh l\u1edbp m\u00e0ng li\u00ean k\u1ebft ch\u00e9o tr\u00ean b\u1ec1 m\u1eb7t s\u1ee3i, n\u00f3 c\u00f3 th\u1ec3 l\u00e0m gi\u1ea3m s\u1ee9c c\u0103ng b\u1ec1 m\u1eb7t c\u1ee7a v\u1ea3i, mang l\u1ea1i hi\u1ec7u qu\u1ea3 ch\u1ed1ng th\u1ea5m n\u01b0\u1edbc cho nhi\u1ec1u lo\u1ea1i v\u1ea3i.<\/li>\n<\/ul>\n\n\n\n<h2 class=\"wp-block-heading\">Water Proofing Agent Features:<\/h2>\n\n\n\n<ol class=\"wp-block-list\">\n<li>T\u00ednh ch\u1ea5t gi\u1eb7t s\u1ea1ch tuy\u1ec7t v\u1eddi v\u00e0 kh\u1ea3 n\u0103ng ch\u1ed1ng gi\u1eb7t kh\u00f4.<\/li>\n\n\n\n<li>Imparts fabrics&#8217; water repellency&nbsp;and waterproofing ability.<\/li>\n\n\n\n<li>Gi\u1eef \u0111\u01b0\u1ee3c kh\u1ea3 n\u0103ng ch\u1ed1ng th\u1ea5m n\u01b0\u1edbc sau khi gi\u1eb7t v\u00e0 s\u1ea5y kh\u00f4 trong gia \u0111\u00ecnh.<\/li>\n<\/ol>\n\n\n\n<figure class=\"wp-block-image size-full\"><img decoding=\"async\" width=\"2256\" height=\"1181\" src=\"https:\/\/www.bluelakechem.com\/wp-content\/uploads\/2025\/01\/Water-Proofing-Agent-44204.webp\" alt=\"Water Proofing Agent\" class=\"wp-image-3202\" srcset=\"https:\/\/www.bluelakechem.com\/wp-content\/uploads\/2025\/01\/Water-Proofing-Agent-44204.webp 2256w, https:\/\/www.bluelakechem.com\/wp-content\/uploads\/2025\/01\/Water-Proofing-Agent-44204-300x157.webp 300w, https:\/\/www.bluelakechem.com\/wp-content\/uploads\/2025\/01\/Water-Proofing-Agent-44204-768x402.webp 768w, https:\/\/www.bluelakechem.com\/wp-content\/uploads\/2025\/01\/Water-Proofing-Agent-44204-18x9.webp 18w, https:\/\/www.bluelakechem.com\/wp-content\/uploads\/2025\/01\/Water-Proofing-Agent-44204-1200x628.webp 1200w, https:\/\/www.bluelakechem.com\/wp-content\/uploads\/2025\/01\/Water-Proofing-Agent-44204-600x314.webp 600w\" sizes=\"(max-width: 2256px) 100vw, 2256px\" \/><\/figure>\n<\/div>\n\n\n\n<div class=\"wp-block-column is-layout-flow wp-block-column-is-layout-flow\" style=\"flex-basis:50%\">\n<figure class=\"wp-block-embed is-type-video is-provider-youtube wp-block-embed-youtube wp-embed-aspect-16-9 wp-has-aspect-ratio\"><div class=\"wp-block-embed__wrapper\">\n<iframe title=\"From outdoor jackets to everyday fabrics, How to  want them to stay waterproof #textilechemicals\" width=\"500\" height=\"281\" src=\"https:\/\/www.youtube.com\/embed\/34LQ83vNE1Q?feature=oembed\" frameborder=\"0\" allow=\"accelerometer; autoplay; clipboard-write; encrypted-media; gyroscope; picture-in-picture; web-share\" referrerpolicy=\"strict-origin-when-cross-origin\" allowfullscreen><\/iframe>\n<\/div><\/figure>\n\n\n\n<h2 class=\"wp-block-heading\">Water Proofing Agent Properties:<\/h2>\n\n\n\n<figure class=\"wp-block-table\"><table class=\"has-fixed-layout\"><tbody><tr><td>V\u1ebb b\u1ec1 ngo\u00e0i:<\/td><td>Nh\u0169 t\u01b0\u01a1ng m\u00e0u tr\u1eafng s\u1eefa<\/td><\/tr><tr><td>T\u00ednh ion:<\/td><td>Cation<\/td><\/tr><tr><td>Gi\u00e1 tr\u1ecb pH:<\/td><td>6,5\u00b11,0 (dung d\u1ecbch n\u01b0\u1edbc 1%)<\/td><\/tr><tr><td>\u0110\u1ed9 h\u00f2a tan:<\/td><td>H\u00f2a tan trong n\u01b0\u1edbc<\/td><\/tr><\/tbody><\/table><\/figure>\n\n\n\n<h2 class=\"wp-block-heading\">Water Proofing Agent Instruction:<\/h2>\n\n\n\n<p>Nh\u00fang v\u00e0 \u0111\u1ec7m (Nh\u1eb7t: 60~70%) \u2192 S\u1ea5y v\u00e0 \u0111\u1ecbnh h\u00ecnh (130~150\u2103\u00d730~60 gi\u00e2y)<\/p>\n\n\n\n<p>Li\u1ec1u l\u01b0\u1ee3ng tham kh\u1ea3o: 20~50 g\/L<\/p>\n<\/div>\n<\/div>\n\n\n\n<p><\/p>","protected":false},"excerpt":{"rendered":"<p>Ch\u1ea5t ch\u1ed1ng th\u1ea5m kh\u00f4ng ch\u1ee9a florua, ph\u00f9 h\u1ee3p v\u1edbi nhi\u1ec1u lo\u1ea1i v\u1ea3i, c\u00f3 th\u1ec3 \u0111\u1ea1t \u0111\u01b0\u1ee3c hi\u1ec7u qu\u1ea3 ch\u1ed1ng th\u1ea5m t\u01b0\u01a1ng t\u1ef1 nh\u01b0 hi\u1ec7u \u1ee9ng hoa sen. V\u1edbi t\u01b0 c\u00e1ch l\u00e0 nh\u00e0 s\u1ea3n xu\u1ea5t ph\u1ee5 gia d\u1ec7t may, ch\u00fang t\u00f4i cung c\u1ea5p \u0111a d\u1ea1ng c\u00e1c lo\u1ea1i ph\u1ee5 gia ho\u00e0n thi\u1ec7n v\u1ea3i cao c\u1ea5p, bao g\u1ed3m ch\u1ed1ng th\u1ea5m, ch\u1ed1ng nh\u0103n, l\u00e0m m\u1ec1m, v.v. H\u00e3y li\u00ean h\u1ec7 v\u1edbi ch\u00fang t\u00f4i ngay h\u00f4m nay \u0111\u1ec3 t\u00ecm hi\u1ec3u th\u00eam v\u1ec1 c\u00e1c gi\u1ea3i ph\u00e1p ch\u1ed1ng th\u1ea5m v\u1ea3i ch\u1ea5t l\u01b0\u1ee3ng cao!<\/p>\n<p><strong>S\u1ed1 hi\u1ec7u m\u1eabu<\/strong>44204<\/p>","protected":false},"featured_media":3206,"comment_status":"closed","ping_status":"closed","template":"","meta":{"_acf_changed":false},"material":[26,27,28,29,30,31,32,33,34],"process":[23,25],"product_brand":[],"product_cat":[15],"product_tag":[],"class_list":{"0":"post-1498","1":"product","2":"type-product","3":"status-publish","4":"has-post-thumbnail","6":"material-cotton-agent","7":"material-polyester-chemicals","8":"material-nylon-agent","9":"material-acrylic-chemicals","10":"material-viscose-chemicals","11":"material-wool-auxiliary","12":"material-linen-chemicals","13":"material-silk-chemicals","14":"material-fabric-chemicals","15":"process-textile-finishing-chemicals","16":"process-textile-finishing-agent","17":"product_cat-uncategorized","19":"first","20":"instock","21":"shipping-taxable","22":"product-type-simple"},"acf":[],"_links":{"self":[{"href":"https:\/\/www.bluelakechem.com\/vi\/wp-json\/wp\/v2\/product\/1498","targetHints":{"allow":["GET"]}}],"collection":[{"href":"https:\/\/www.bluelakechem.com\/vi\/wp-json\/wp\/v2\/product"}],"about":[{"href":"https:\/\/www.bluelakechem.com\/vi\/wp-json\/wp\/v2\/types\/product"}],"replies":[{"embeddable":true,"href":"https:\/\/www.bluelakechem.com\/vi\/wp-json\/wp\/v2\/comments?post=1498"}],"wp:featuredmedia":[{"embeddable":true,"href":"https:\/\/www.bluelakechem.com\/vi\/wp-json\/wp\/v2\/media\/3206"}],"wp:attachment":[{"href":"https:\/\/www.bluelakechem.com\/vi\/wp-json\/wp\/v2\/media?parent=1498"}],"wp:term":[{"taxonomy":"material","embeddable":true,"href":"https:\/\/www.bluelakechem.com\/vi\/wp-json\/wp\/v2\/material?post=1498"},{"taxonomy":"process","embeddable":true,"href":"https:\/\/www.bluelakechem.com\/vi\/wp-json\/wp\/v2\/process?post=1498"},{"taxonomy":"product_brand","embeddable":true,"href":"https:\/\/www.bluelakechem.com\/vi\/wp-json\/wp\/v2\/product_brand?post=1498"},{"taxonomy":"product_cat","embeddable":true,"href":"https:\/\/www.bluelakechem.com\/vi\/wp-json\/wp\/v2\/product_cat?post=1498"},{"taxonomy":"product_tag","embeddable":true,"href":"https:\/\/www.bluelakechem.com\/vi\/wp-json\/wp\/v2\/product_tag?post=1498"}],"curies":[{"name":"wp","href":"https:\/\/api.w.org\/{rel}","templated":true}]}}