{"id":1500,"date":"2025-01-21T02:19:07","date_gmt":"2025-01-21T02:19:07","guid":{"rendered":"https:\/\/www.bluelakechem.com\/?post_type=product&#038;p=1500"},"modified":"2025-02-15T10:14:56","modified_gmt":"2025-02-15T10:14:56","slug":"water-repellent-polymer","status":"publish","type":"product","link":"https:\/\/www.bluelakechem.com\/vi\/product\/water-repellent-polymer\/","title":{"rendered":"H\u00f3a ch\u1ea5t ho\u00e0n thi\u1ec7n v\u1ea3i ch\u1ed1ng th\u1ea5m n\u01b0\u1edbc v\u00e0 ch\u1ed1ng th\u1ea5m d\u1ea7u"},"content":{"rendered":"<div class=\"wp-block-columns is-layout-flex wp-container-core-columns-is-layout-9d6595d7 wp-block-columns-is-layout-flex\">\n<div class=\"wp-block-column is-layout-flow wp-block-column-is-layout-flow\" style=\"flex-basis:50%\">\n<h2 class=\"wp-block-heading\">M\u00f4 t\u1ea3 polymer ch\u1ed1ng th\u1ea5m n\u01b0\u1edbc<\/h2>\n\n\n\n<ul class=\"wp-block-list\">\n<li>N\u00f3 ch\u1ee7 y\u1ebfu \u0111\u01b0\u1ee3c c\u1ea5u t\u1ea1o t\u1eeb c\u00e1c polymer g\u1ed1c n\u01b0\u1edbc ch\u1ee9a carbon 8 (C8), \u0111\u01b0\u1ee3c thi\u1ebft k\u1ebf \u0111\u1eb7c bi\u1ec7t cho vi\u1ec7c x\u1eed l\u00fd b\u1ec1 m\u1eb7t v\u1ea3i.<\/li>\n\n\n\n<li>C\u1ea5u tr\u00fac ph\u00e2n t\u1eed \u0111\u1ed9c \u0111\u00e1o c\u1ee7a n\u00f3 cho ph\u00e9p n\u00f3 b\u00e1m ch\u1eb7t v\u00e0o s\u1ee3i v\u1ea3i, t\u1ea1o th\u00e0nh m\u1ed9t l\u1edbp m\u00e0ng b\u1ea3o v\u1ec7 \u0111\u1ed3ng \u0111\u1ec1u v\u00e0 b\u1ec1n b\u1ec9.<\/li>\n\n\n\n<li>H\u00f3a ch\u1ea5t n\u00e0y ph\u00f9 h\u1ee3p v\u1edbi nhi\u1ec1u lo\u1ea1i v\u1ea3i kh\u00e1c nhau, bao g\u1ed3m v\u1ea3i cotton, polyester, nylon, v.v., v\u00e0 c\u00f3 th\u1ec3 c\u1ea3i thi\u1ec7n \u0111\u00e1ng k\u1ec3 c\u00e1c t\u00ednh n\u0103ng ch\u1ed1ng th\u1ea5m n\u01b0\u1edbc, ch\u1ed1ng d\u1ea7u v\u00e0 ch\u1ed1ng b\u00e1m b\u1ea9n c\u1ee7a v\u1ea3i.<\/li>\n<\/ul>\n\n\n\n<h2 class=\"wp-block-heading\">T\u00ednh n\u0103ng c\u1ee7a polymer ch\u1ed1ng th\u1ea5m n\u01b0\u1edbc<\/h2>\n\n\n\n<ol class=\"wp-block-list\">\n<li><strong>Ch\u1ed1ng th\u1ea5m n\u01b0\u1edbc tuy\u1ec7t v\u1eddi, <\/strong>Ch\u1ed1ng th\u1ea5m d\u1ea7u v\u00e0 ch\u1ed1ng b\u00e1m b\u1ea9n. Hi\u1ec7u qu\u1ea3 ng\u0103n ng\u1eeba th\u1ea5m n\u01b0\u1edbc, gi\u1eef cho v\u1ea3i kh\u00f4 r\u00e1o v\u00e0 d\u1ec5 d\u00e0ng v\u1ec7 sinh.<\/li>\n\n\n\n<li><strong>Ph\u00f9 h\u1ee3p v\u1edbi nhi\u1ec1u lo\u1ea1i v\u1ea3i kh\u00e1c nhau,<\/strong> ch\u1eb3ng h\u1ea1n nh\u01b0 s\u1ee3i t\u1ef1 nhi\u00ean v\u00e0 s\u1ee3i t\u1ed5ng h\u1ee3p<\/li>\n\n\n\n<li><strong>Hi\u1ec7u qu\u1ea3 b\u1ea3o v\u1ec7 l\u00e2u d\u00e0i, <\/strong>V\u1eabn c\u00f3 th\u1ec3 duy tr\u00ec kh\u1ea3 n\u0103ng ch\u1ed1ng th\u1ea5m n\u01b0\u1edbc v\u00e0 ch\u1ed1ng d\u1ea7u t\u1ed1t sau nhi\u1ec1u l\u1ea7n gi\u1eb7t.<\/li>\n\n\n\n<li><strong>Kh\u00f4ng \u1ea3nh h\u01b0\u1edfng \u0111\u1ebfn c\u1ea3m gi\u00e1c c\u1ee7a v\u1ea3i:<\/strong> V\u1ea3i \u0111\u00e3 qua x\u1eed l\u00fd v\u1eabn gi\u1eef \u0111\u01b0\u1ee3c \u0111\u1ed9 m\u1ec1m m\u1ea1i v\u00e0 tho\u00e1ng kh\u00ed ban \u0111\u1ea7u.<\/li>\n<\/ol>\n\n\n\n<h2 class=\"wp-block-heading\">H\u01b0\u1edbng d\u1eabn ch\u1ed1ng th\u1ea5m n\u01b0\u1edbc<\/h2>\n\n\n\n<ol class=\"wp-block-list\">\n<li><strong>\u0110\u1ed1i v\u1edbi quy tr\u00ecnh ho\u00e0n thi\u1ec7n ch\u1ed1ng th\u1ea5m chung<\/strong><br>Li\u1ec1u l\u01b0\u1ee3ng tham kh\u1ea3o: 10\u201320 g\/L.<\/li>\n\n\n\n<li><strong>\u0110\u1ec3 \u0111\u1ea1t \u0111\u01b0\u1ee3c kh\u1ea3 n\u0103ng ch\u1ed1ng th\u1ea5m n\u01b0\u1edbc, ch\u1ed1ng d\u1ea7u v\u00e0 ch\u1ed1ng b\u00e1m b\u1ea9n b\u1ec1n b\u1ec9 trong qu\u00e1 tr\u00ecnh ho\u00e0n thi\u1ec7n.<\/strong><br>Li\u1ec1u l\u01b0\u1ee3ng tham kh\u1ea3o c\u1ee7a 45506: 30~50 g\/L Li\u1ec1u l\u01b0\u1ee3ng tham kh\u1ea3o c\u1ee7a ch\u1ea5t li\u00ean k\u1ebft ch\u00e9o: 3~5 g\/L<br>Quy tr\u00ecnh tham kh\u1ea3o: Ng\u00e2m v\u00e0 ph\u1ee7 hai l\u1ea7n (L\u1ea5y m\u1eabu: 60~70%) \u2192 S\u1ea5y kh\u00f4 v\u00e0 c\u1ed1 \u0111\u1ecbnh (130~150\u2103\u00d730~60s)<\/li>\n<\/ol>\n<\/div>\n\n\n\n<div class=\"wp-block-column is-layout-flow wp-block-column-is-layout-flow\" style=\"flex-basis:50%\">\n<figure class=\"wp-block-embed is-type-video is-provider-youtube wp-block-embed-youtube wp-embed-aspect-16-9 wp-has-aspect-ratio\"><div class=\"wp-block-embed__wrapper\">\n<iframe title=\"C\u00e1ch n\u00e2ng cao kh\u1ea3 n\u0103ng ch\u1ed1ng th\u1ea5m c\u1ee7a v\u1ea3i trong nh\u00e0 m\u00e1y nhu\u1ed9m: N\u00e2ng c\u1ea5p l\u00ean c\u1ea5p \u0111\u1ed9 4-5 #waterproofing\" width=\"500\" height=\"281\" src=\"https:\/\/www.youtube.com\/embed\/YIKAAnK1AH4?feature=oembed\" frameborder=\"0\" allow=\"accelerometer; autoplay; clipboard-write; encrypted-media; gyroscope; picture-in-picture; web-share\" referrerpolicy=\"strict-origin-when-cross-origin\" allowfullscreen><\/iframe>\n<\/div><\/figure>\n\n\n\n<h2 class=\"wp-block-heading\">T\u00ednh ch\u1ea5t c\u1ee7a polymer ch\u1ed1ng th\u1ea5m n\u01b0\u1edbc<\/h2>\n\n\n\n<figure class=\"wp-block-table\"><table class=\"has-fixed-layout\"><tbody><tr><td>V\u1ebb b\u1ec1 ngo\u00e0i:<\/td><td>Nh\u0169 t\u01b0\u01a1ng m\u00e0u tr\u1eafng s\u1eefa<\/td><\/tr><tr><td>T\u00ednh ion:<\/td><td>Anion\/ Kh\u00f4ng ion<\/td><\/tr><tr><td>Gi\u00e1 tr\u1ecb pH:<\/td><td>6,5\u00b11,0 (dung d\u1ecbch n\u01b0\u1edbc 1%)<\/td><\/tr><tr><td>\u0110\u1ed9 h\u00f2a tan:<\/td><td>H\u00f2a tan trong n\u01b0\u1edbc<\/td><\/tr><\/tbody><\/table><\/figure>\n<\/div>\n<\/div>\n\n\n\n<p><\/p>","protected":false},"excerpt":{"rendered":"<p>Polymer ch\u1ed1ng th\u1ea5m n\u01b0\u1edbc (carbon eight) ph\u00f9 h\u1ee3p v\u1edbi t\u1ea5t c\u1ea3 c\u00e1c lo\u1ea1i v\u1ea3i v\u00e0 c\u00f3 th\u1ec3 \u0111\u1ea1t \u0111\u01b0\u1ee3c hi\u1ec7u qu\u1ea3 ho\u00e0n thi\u1ec7n ch\u1ed1ng th\u1ea5m n\u01b0\u1edbc, ch\u1ed1ng d\u1ea7u v\u00e0 ch\u1ed1ng b\u00e1m b\u1ea9n.<\/p>\n<p><strong>S\u1ed1 hi\u1ec7u m\u1eabu<\/strong>45506<\/p>","protected":false},"featured_media":1530,"comment_status":"closed","ping_status":"closed","template":"","meta":{"_acf_changed":false},"material":[26,27,28,29,30,31,32,33,34],"process":[23,25],"product_brand":[],"product_cat":[15],"product_tag":[],"class_list":{"0":"post-1500","1":"product","2":"type-product","3":"status-publish","4":"has-post-thumbnail","6":"material-cotton-agent","7":"material-polyester-chemicals","8":"material-nylon-agent","9":"material-acrylic-chemicals","10":"material-viscose-chemicals","11":"material-wool-auxiliary","12":"material-linen-chemicals","13":"material-silk-chemicals","14":"material-fabric-chemicals","15":"process-textile-finishing-chemicals","16":"process-textile-finishing-agent","17":"product_cat-uncategorized","19":"first","20":"instock","21":"shipping-taxable","22":"product-type-simple"},"acf":[],"_links":{"self":[{"href":"https:\/\/www.bluelakechem.com\/vi\/wp-json\/wp\/v2\/product\/1500","targetHints":{"allow":["GET"]}}],"collection":[{"href":"https:\/\/www.bluelakechem.com\/vi\/wp-json\/wp\/v2\/product"}],"about":[{"href":"https:\/\/www.bluelakechem.com\/vi\/wp-json\/wp\/v2\/types\/product"}],"replies":[{"embeddable":true,"href":"https:\/\/www.bluelakechem.com\/vi\/wp-json\/wp\/v2\/comments?post=1500"}],"wp:featuredmedia":[{"embeddable":true,"href":"https:\/\/www.bluelakechem.com\/vi\/wp-json\/wp\/v2\/media\/1530"}],"wp:attachment":[{"href":"https:\/\/www.bluelakechem.com\/vi\/wp-json\/wp\/v2\/media?parent=1500"}],"wp:term":[{"taxonomy":"material","embeddable":true,"href":"https:\/\/www.bluelakechem.com\/vi\/wp-json\/wp\/v2\/material?post=1500"},{"taxonomy":"process","embeddable":true,"href":"https:\/\/www.bluelakechem.com\/vi\/wp-json\/wp\/v2\/process?post=1500"},{"taxonomy":"product_brand","embeddable":true,"href":"https:\/\/www.bluelakechem.com\/vi\/wp-json\/wp\/v2\/product_brand?post=1500"},{"taxonomy":"product_cat","embeddable":true,"href":"https:\/\/www.bluelakechem.com\/vi\/wp-json\/wp\/v2\/product_cat?post=1500"},{"taxonomy":"product_tag","embeddable":true,"href":"https:\/\/www.bluelakechem.com\/vi\/wp-json\/wp\/v2\/product_tag?post=1500"}],"curies":[{"name":"wp","href":"https:\/\/api.w.org\/{rel}","templated":true}]}}