{"id":1505,"date":"2025-01-22T01:27:27","date_gmt":"2025-01-22T01:27:27","guid":{"rendered":"https:\/\/www.bluelakechem.com\/?post_type=product&#038;p=1505"},"modified":"2025-05-15T05:58:16","modified_gmt":"2025-05-15T05:58:16","slug":"leveling-agent-in-textile","status":"publish","type":"product","link":"https:\/\/www.bluelakechem.com\/vi\/product\/leveling-agent-in-textile\/","title":{"rendered":"Ch\u1ea5t l\u00e0m \u0111\u1ec1u nhi\u1ec7t \u0111\u1ed9 cao Polyester trong nhu\u1ed9m v\u1ea3i"},"content":{"rendered":"<div class=\"wp-block-columns is-layout-flex wp-container-core-columns-is-layout-9d6595d7 wp-block-columns-is-layout-flex\">\n<div class=\"wp-block-column is-layout-flow wp-block-column-is-layout-flow\">\n<h2 class=\"wp-block-heading\">M\u00f4 t\u1ea3 v\u1ec1 ch\u1ea5t l\u00e0m ph\u1eb3ng trong ng\u00e0nh d\u1ec7t may<\/h2>\n\n\n\n<ul class=\"wp-block-list\">\n<li>22119 ch\u1ee7 y\u1ebfu \u0111\u01b0\u1ee3c c\u1ea5u th\u00e0nh t\u1eeb c\u00e1c d\u1eabn xu\u1ea5t este oleat.<\/li>\n\n\n\n<li>C\u00e1c d\u1eabn xu\u1ea5t este oleat c\u00f3 kh\u1ea3 n\u0103ng t\u01b0\u01a1ng th\u00edch v\u1edbi s\u1ee3i polyester, c\u00f3 th\u1ec3 k\u1ebft h\u1ee3p v\u1edbi s\u1ee3i polyester \u0111\u1ec3 l\u00e0m ch\u1eadm qu\u00e1 tr\u00ecnh nhu\u1ed9m m\u00e0u v\u00e0 gi\u00fap s\u1ee3i \u0111\u01b0\u1ee3c nhu\u1ed9m \u0111\u1ec1u, t\u1eeb \u0111\u00f3 \u0111\u1ea1t \u0111\u01b0\u1ee3c m\u1ee5c \u0111\u00edch nhu\u1ed9m \u0111\u1ec1u m\u00e0u.<\/li>\n\n\n\n<li>N\u00f3 ch\u1ee7 y\u1ebfu \u0111\u01b0\u1ee3c \u00e1p d\u1ee5ng trong qu\u00e1 tr\u00ecnh nhu\u1ed9m nhanh \u1edf nhi\u1ec7t \u0111\u1ed9 cao v\u00e0 \u00e1p su\u1ea5t cao cho c\u00e1c lo\u1ea1i v\u1ea3i l\u00e0m t\u1eeb s\u1ee3i polyester v\u00e0 h\u1ed7n h\u1ee3p polyester, v.v.<\/li>\n<\/ul>\n\n\n\n<h2 class=\"wp-block-heading\">C\u00e1c \u0111\u1eb7c t\u00ednh c\u1ee7a ch\u1ea5t l\u00e0m ph\u1eb3ng trong ng\u00e0nh d\u1ec7t may<\/h2>\n\n\n\n<ol class=\"wp-block-list\">\n<li>Kh\u00f4ng ch\u1ee9a APEO ho\u1eb7c PAH, v.v. \u0110\u00e1p \u1ee9ng c\u00e1c y\u00eau c\u1ea7u v\u1ec1 b\u1ea3o v\u1ec7 m\u00f4i tr\u01b0\u1eddng.<\/li>\n\n\n\n<li>Hi\u1ec7u su\u1ea5t l\u00e0m ph\u1eb3ng xu\u1ea5t s\u1eafc. C\u00f3 th\u1ec3 r\u00fat ng\u1eafn th\u1eddi gian nhu\u1ed9m, n\u00e2ng cao hi\u1ec7u su\u1ea5t s\u1ea3n xu\u1ea5t v\u00e0 ti\u1ebft ki\u1ec7m n\u0103ng l\u01b0\u1ee3ng.<\/li>\n\n\n\n<li>Kh\u1ea3 n\u0103ng \u1ee9c ch\u1ebf m\u1ea1nh m\u1ebd. C\u00f3 th\u1ec3 gi\u1ea3m hi\u1ec7u qu\u1ea3 t\u1ed1c \u0111\u1ed9 nhu\u1ed9m ban \u0111\u1ea7u v\u00e0 gi\u1ea3i quy\u1ebft c\u00e1c v\u1ea5n \u0111\u1ec1 v\u1ec1 khuy\u1ebft t\u1eadt nhu\u1ed9m do qu\u00e1 tr\u00ecnh nhu\u1ed9m \u0111\u1ed3ng th\u1eddi c\u00e1c lo\u1ea1i thu\u1ed1c nhu\u1ed9m h\u1ed7n h\u1ee3p g\u00e2y ra.<\/li>\n\n\n\n<li>B\u1ecdt c\u1ef1c k\u1ef3 \u00edt. Kh\u00f4ng c\u1ea7n th\u00eam ch\u1ea5t kh\u1eed b\u1ecdt. Gi\u1ea3m v\u1ebft silicone tr\u00ean v\u1ea3i v\u00e0 \u00f4 nhi\u1ec5m cho thi\u1ebft b\u1ecb.<\/li>\n\n\n\n<li>C\u1ea3i thi\u1ec7n hi\u1ec7u su\u1ea5t \u1ee9ng d\u1ee5ng c\u1ee7a c\u00e1c lo\u1ea1i thu\u1ed1c nhu\u1ed9m ph\u00e2n t\u00e1n, \u0111\u1eb7c bi\u1ec7t l\u00e0 hi\u1ec7u qu\u1ea3 s\u1eed d\u1ee5ng c\u1ee7a c\u00e1c lo\u1ea1i thu\u1ed1c nhu\u1ed9m c\u1ea5p th\u1ea5p.<\/li>\n<\/ol>\n<\/div>\n\n\n\n<div class=\"wp-block-column is-layout-flow wp-block-column-is-layout-flow\">\n<figure class=\"wp-block-embed is-type-video is-provider-youtube wp-block-embed-youtube wp-embed-aspect-16-9 wp-has-aspect-ratio\"><div class=\"wp-block-embed__wrapper\">\n<iframe title=\"Qu\u00e1 tr\u00ecnh nhu\u1ed9m v\u00e0 in tr\u00ean v\u1ea3i polyester tr\u1edf n\u00ean hi\u1ec7u qu\u1ea3 h\u01a1n v\u00e0 th\u00e2n thi\u1ec7n v\u1edbi m\u00f4i tr\u01b0\u1eddng h\u01a1n.\" width=\"500\" height=\"281\" src=\"https:\/\/www.youtube.com\/embed\/9C8CZhiEKrY?feature=oembed\" frameborder=\"0\" allow=\"accelerometer; autoplay; clipboard-write; encrypted-media; gyroscope; picture-in-picture; web-share\" referrerpolicy=\"strict-origin-when-cross-origin\" allowfullscreen><\/iframe>\n<\/div><\/figure>\n\n\n\n<h2 class=\"wp-block-heading\">C\u00e1c \u0111\u1eb7c t\u00ednh \u0111i\u1ec3n h\u00ecnh c\u1ee7a ch\u1ea5t l\u00e0m ph\u1eb3ng trong ng\u00e0nh d\u1ec7t may<\/h2>\n\n\n\n<figure class=\"wp-block-table\"><table class=\"has-fixed-layout\"><tbody><tr><td>V\u1ebb b\u1ec1 ngo\u00e0i:<\/td><td>Ch\u1ea5t l\u1ecfng m\u00e0u v\u00e0ng nh\u1ea1t<\/td><\/tr><tr><td>T\u00ednh ion:<\/td><td>Anion\/ Kh\u00f4ng ion<\/td><\/tr><tr><td>Gi\u00e1 tr\u1ecb pH:<\/td><td>6,0 \u00b1 1,0 (dung d\u1ecbch n\u01b0\u1edbc 1%)<\/td><\/tr><tr><td>\u0110\u1ed9 h\u00f2a tan:<\/td><td>H\u00f2a tan trong n\u01b0\u1edbc<\/td><\/tr><\/tbody><\/table><\/figure>\n\n\n\n<h2 class=\"wp-block-heading\">H\u01b0\u1edbng d\u1eabn s\u1eed d\u1ee5ng ch\u1ea5t l\u00e0m ph\u1eb3ng trong ng\u00e0nh d\u1ec7t may<\/h2>\n\n\n\n<p>\u0110\u00e2y l\u00e0 s\u1ea3n ph\u1ea9m c\u00f3 n\u1ed3ng \u0111\u1ed9 cao. Xin vui l\u00f2ng pha lo\u00e3ng s\u1ea3n ph\u1ea9m theo t\u1ef7 l\u1ec7 1:3 v\u1edbi n\u01b0\u1edbc m\u1ec1m tr\u01b0\u1edbc khi s\u1eed d\u1ee5ng.<\/p>\n\n\n\n<p>(L\u01b0u \u00fd: Sau khi th\u00eam n\u01b0\u1edbc, n\u00f3 s\u1ebd c\u00f3 m\u00e0u tr\u1eafng s\u1eefa.)<\/p>\n\n\n\n<p>Li\u1ec1u l\u01b0\u1ee3ng tham kh\u1ea3o c\u1ee7a dung d\u1ecbch pha lo\u00e3ng 22119: 0,5~1,01 TP3T (tr\u1ecdng l\u01b0\u1ee3ng tr\u00ean tr\u1ecdng l\u01b0\u1ee3ng)<\/p>\n<\/div>\n<\/div>","protected":false},"excerpt":{"rendered":"<p>Ch\u1ea5t l\u00e0m ph\u1eb3ng nhi\u1ec7t \u0111\u1ed9 cao v\u00e0 hi\u1ec7u su\u1ea5t cao cho v\u1ea3i polyester, c\u00f3 kh\u1ea3 n\u0103ng \u1ee9c ch\u1ebf m\u1ea1nh, c\u00f3 th\u1ec3 r\u00fat ng\u1eafn th\u1eddi gian nhu\u1ed9m v\u00e0 n\u00e2ng cao hi\u1ec7u su\u1ea5t s\u1ea3n xu\u1ea5t, c\u1ea3i thi\u1ec7n hi\u1ec7u qu\u1ea3 c\u1ee7a c\u00e1c lo\u1ea1i thu\u1ed1c nhu\u1ed9m c\u1ea5p th\u1ea5p v\u00e0 thu\u1ed1c nhu\u1ed9m h\u1ed7n h\u1ee3p.<\/p>\n<p><strong>S\u1ed1 hi\u1ec7u m\u1eabu<\/strong>22119<\/p>\n<p><img decoding=\"async\" class=\"alignnone size-medium wp-image-1619\" src=\"https:\/\/www.bluelakechem.com\/wp-content\/uploads\/2025\/01\/22119-300x300.jpg\" alt=\"\" width=\"300\" height=\"300\" srcset=\"https:\/\/www.bluelakechem.com\/wp-content\/uploads\/2025\/01\/22119-300x300.jpg 300w, https:\/\/www.bluelakechem.com\/wp-content\/uploads\/2025\/01\/22119-150x150.jpg 150w, https:\/\/www.bluelakechem.com\/wp-content\/uploads\/2025\/01\/22119-768x768.jpg 768w, https:\/\/www.bluelakechem.com\/wp-content\/uploads\/2025\/01\/22119-12x12.jpg 12w, https:\/\/www.bluelakechem.com\/wp-content\/uploads\/2025\/01\/22119-600x600.jpg 600w, https:\/\/www.bluelakechem.com\/wp-content\/uploads\/2025\/01\/22119-100x100.jpg 100w, https:\/\/www.bluelakechem.com\/wp-content\/uploads\/2025\/01\/22119.jpg 800w\" sizes=\"(max-width: 300px) 100vw, 300px\" \/><\/p>","protected":false},"featured_media":1789,"comment_status":"closed","ping_status":"closed","template":"","meta":{"_acf_changed":false},"material":[27],"process":[20,38],"product_brand":[],"product_cat":[15],"product_tag":[],"class_list":{"0":"post-1505","1":"product","2":"type-product","3":"status-publish","4":"has-post-thumbnail","6":"material-polyester-chemicals","7":"process-dyeing-auxiliaries","8":"process-disperse-leveling-agent","9":"product_cat-uncategorized","11":"first","12":"instock","13":"shipping-taxable","14":"product-type-simple"},"acf":[],"_links":{"self":[{"href":"https:\/\/www.bluelakechem.com\/vi\/wp-json\/wp\/v2\/product\/1505","targetHints":{"allow":["GET"]}}],"collection":[{"href":"https:\/\/www.bluelakechem.com\/vi\/wp-json\/wp\/v2\/product"}],"about":[{"href":"https:\/\/www.bluelakechem.com\/vi\/wp-json\/wp\/v2\/types\/product"}],"replies":[{"embeddable":true,"href":"https:\/\/www.bluelakechem.com\/vi\/wp-json\/wp\/v2\/comments?post=1505"}],"wp:featuredmedia":[{"embeddable":true,"href":"https:\/\/www.bluelakechem.com\/vi\/wp-json\/wp\/v2\/media\/1789"}],"wp:attachment":[{"href":"https:\/\/www.bluelakechem.com\/vi\/wp-json\/wp\/v2\/media?parent=1505"}],"wp:term":[{"taxonomy":"material","embeddable":true,"href":"https:\/\/www.bluelakechem.com\/vi\/wp-json\/wp\/v2\/material?post=1505"},{"taxonomy":"process","embeddable":true,"href":"https:\/\/www.bluelakechem.com\/vi\/wp-json\/wp\/v2\/process?post=1505"},{"taxonomy":"product_brand","embeddable":true,"href":"https:\/\/www.bluelakechem.com\/vi\/wp-json\/wp\/v2\/product_brand?post=1505"},{"taxonomy":"product_cat","embeddable":true,"href":"https:\/\/www.bluelakechem.com\/vi\/wp-json\/wp\/v2\/product_cat?post=1505"},{"taxonomy":"product_tag","embeddable":true,"href":"https:\/\/www.bluelakechem.com\/vi\/wp-json\/wp\/v2\/product_tag?post=1505"}],"curies":[{"name":"wp","href":"https:\/\/api.w.org\/{rel}","templated":true}]}}