{"id":1507,"date":"2025-01-22T01:26:59","date_gmt":"2025-01-22T01:26:59","guid":{"rendered":"https:\/\/www.bluelakechem.com\/?post_type=product&#038;p=1507"},"modified":"2025-03-27T03:04:03","modified_gmt":"2025-03-27T03:04:03","slug":"moisture-wicking-agent","status":"publish","type":"product","link":"https:\/\/www.bluelakechem.com\/vi\/product\/moisture-wicking-agent\/","title":{"rendered":"Ch\u1ea5t th\u1ea5m \u1ea9m Ch\u1ea5t ho\u00e0n thi\u1ec7n Polyester \u01b0a n\u01b0\u1edbc"},"content":{"rendered":"<div class=\"wp-block-columns is-layout-flex wp-container-core-columns-is-layout-9d6595d7 wp-block-columns-is-layout-flex\">\n<div class=\"wp-block-column is-layout-flow wp-block-column-is-layout-flow\" style=\"flex-basis:50%\">\n<h2 class=\"wp-block-heading\">M\u00f4 t\u1ea3 v\u1ec1 ch\u1ea5t h\u00fat \u1ea9m<\/h2>\n\n\n\n<ul class=\"wp-block-list\">\n<li>35072-10 ch\u1ee7 y\u1ebfu bao g\u1ed3m c\u00e1c h\u1ee3p ch\u1ea5t c\u00f3 tr\u1ecdng l\u01b0\u1ee3ng ph\u00e2n t\u1eed cao.<\/li>\n\n\n\n<li><strong>Hi\u1ec7u qu\u1ea3 s\u1ea5y kh\u00f4 \u0111\u01b0\u1ee3c c\u1ea3i thi\u1ec7n: <\/strong>Ch\u1ea5t h\u00fat \u1ea9m c\u00f3 th\u1ec3 c\u1ea3i thi\u1ec7n kh\u1ea3 n\u0103ng h\u1ea5p th\u1ee5 \u1ea9m v\u00e0 t\u0103ng hi\u1ec7u qu\u1ea3 l\u00e0m kh\u00f4 l\u00ean kho\u1ea3ng 2 c\u1ea5p \u0111\u1ed9. N\u00f3 c\u00f3 th\u1ec3 hi\u1ec7u qu\u1ea3 \u0111\u1ea9y nhanh qu\u00e1 tr\u00ecnh chuy\u1ec3n d\u1ecbch m\u1ed3 h\u00f4i t\u1eeb da l\u00ean b\u1ec1 m\u1eb7t v\u1ea3i v\u00e0 gi\u1eef cho ng\u01b0\u1eddi m\u1eb7c lu\u00f4n kh\u00f4 r\u00e1o.<\/li>\n\n\n\n<li><strong>Lo\u1ea1i b\u1ecf t\u0129nh \u0111i\u1ec7n: <\/strong>S\u1ea3n ph\u1ea9m c\u00f3 th\u1ec3 lo\u1ea1i b\u1ecf t\u0129nh \u0111i\u1ec7n v\u00e0 ng\u0103n ch\u1eb7n t\u00e1c \u0111\u1ed9ng c\u1ee7a t\u0129nh \u0111i\u1ec7n \u0111\u1ed1i v\u1edbi s\u1ef1 tho\u1ea3i m\u00e1i v\u00e0 v\u1ebb ngo\u00e0i. S\u1ea3n ph\u1ea9m \u0111\u1eb7c bi\u1ec7t ph\u00f9 h\u1ee3p v\u1edbi c\u00e1c lo\u1ea1i v\u1ea3i nh\u01b0 trang ph\u1ee5c th\u1ec3 thao v\u00e0 trang ph\u1ee5c casual, n\u01a1i y\u00eau c\u1ea7u s\u1ef1 tho\u1ea3i m\u00e1i v\u00e0 \u1ed5n \u0111\u1ecbnh cao.<\/li>\n\n\n\n<li><strong>\u00c1p d\u1ee5ng cho nhi\u1ec1u lo\u1ea1i v\u1ea3i:<\/strong> S\u1ea3n ph\u1ea9m n\u00e0y \u0111\u1eb7c bi\u1ec7t ph\u00f9 h\u1ee3p v\u1edbi c\u00e1c s\u1ee3i t\u1ed5ng h\u1ee3p nh\u01b0 polyester v\u00e0 nylon, v\u00e0 c\u00f3 th\u1ec3 ho\u1ea1t \u0111\u1ed9ng hi\u1ec7u qu\u1ea3 tr\u00ean c\u00e1c lo\u1ea1i v\u1ea3i n\u00e0y \u0111\u1ec3 n\u00e2ng cao hi\u1ec7u su\u1ea5t t\u1ed5ng th\u1ec3.<\/li>\n\n\n\n<li><strong>T\u0103ng c\u01b0\u1eddng kh\u1ea3 n\u0103ng th\u1ea5m h\u00fat \u0111\u1ed9 \u1ea9m v\u00e0 hi\u1ec7u qu\u1ea3 th\u1ea5m h\u00fat m\u1ed3 h\u00f4i c\u1ee7a v\u1ea3i:<\/strong> Sau khi s\u1eed d\u1ee5ng ch\u1ea5t h\u00fat \u1ea9m, v\u1ea3i c\u00f3 kh\u1ea3 n\u0103ng th\u1ea5m h\u00fat \u1ea9m v\u00e0 tho\u00e1t m\u1ed3 h\u00f4i t\u1ed1t h\u01a1n, mang l\u1ea1i tr\u1ea3i nghi\u1ec7m m\u1eb7c tho\u1ea3i m\u00e1i h\u01a1n cho kh\u00e1ch h\u00e0ng, \u0111\u1eb7c bi\u1ec7t l\u00e0 trong l\u0129nh v\u1ef1c th\u1eddi trang th\u1ec3 thao v\u00e0 thi\u1ebft b\u1ecb th\u1ec3 thao chuy\u00ean nghi\u1ec7p.<\/li>\n\n\n\n<li><strong>T\u0103ng c\u01b0\u1eddng s\u1ee9c h\u1ea5p d\u1eabn tr\u00ean th\u1ecb tr\u01b0\u1eddng: <\/strong>Nh\u1edd t\u00ednh n\u0103ng \u01b0u vi\u1ec7t, s\u1ea3n ph\u1ea9m n\u00e0y r\u1ea5t ph\u00f9 h\u1ee3p \u0111\u1ec3 thu h\u00fat th\u00eam kh\u00e1ch h\u00e0ng trong th\u1ecb tr\u01b0\u1eddng th\u1eddi trang th\u1ec3 thao, n\u00e2ng cao s\u1ef1 tho\u1ea3i m\u00e1i v\u00e0 t\u00ednh n\u0103ng c\u1ee7a v\u1ea3i, \u0111\u1ed3ng th\u1eddi \u0111\u00e1p \u1ee9ng c\u00e1c y\u00eau c\u1ea7u cao c\u1ee7a ng\u01b0\u1eddi ti\u00eau d\u00f9ng hi\u1ec7n \u0111\u1ea1i \u0111\u1ed1i v\u1edbi th\u1eddi trang th\u1ec3 thao.<\/li>\n<\/ul>\n<\/div>\n\n\n\n<div class=\"wp-block-column is-layout-flow wp-block-column-is-layout-flow\" style=\"flex-basis:50%\">\n<figure class=\"wp-block-embed is-type-video is-provider-youtube wp-block-embed-youtube wp-embed-aspect-16-9 wp-has-aspect-ratio\"><div class=\"wp-block-embed__wrapper\">\n<iframe title=\"C\u1ea3i ti\u1ebfn v\u1ea3i m\u00f9a h\u00e8! Kh\u1ea3 n\u0103ng th\u1ea5m h\u00fat \u1ea9m \u0111\u01b0\u1ee3c n\u00e2ng cao 2 c\u1ea5p \u0111\u1ed9, c\u1ea3i ti\u1ebfn ch\u1ed1ng t\u0129nh \u0111i\u1ec7n v\u1edbi h\u00f3a ch\u1ea5t d\u1ec7t may #.\" width=\"500\" height=\"281\" src=\"https:\/\/www.youtube.com\/embed\/HhawBdMRDwA?feature=oembed\" frameborder=\"0\" allow=\"accelerometer; autoplay; clipboard-write; encrypted-media; gyroscope; picture-in-picture; web-share\" referrerpolicy=\"strict-origin-when-cross-origin\" allowfullscreen><\/iframe>\n<\/div><\/figure>\n\n\n\n<h2 class=\"wp-block-heading\">C\u00e1c \u0111\u1eb7c t\u00ednh \u0111i\u1ec3n h\u00ecnh c\u1ee7a ch\u1ea5t h\u00fat \u1ea9m<\/h2>\n\n\n\n<figure class=\"wp-block-table\"><table class=\"has-fixed-layout\"><tbody><tr><td>V\u1ebb b\u1ec1 ngo\u00e0i:<\/td><td>Ch\u1ea5t l\u1ecfng m\u00e0u v\u00e0ng nh\u1ea1t, \u0111\u1ee5c.<\/td><\/tr><tr><td>T\u00ednh ion:<\/td><td>Kh\u00f4ng ion<\/td><\/tr><tr><td>Gi\u00e1 tr\u1ecb pH:<\/td><td>6,0 \u00b1 1,0 (dung d\u1ecbch n\u01b0\u1edbc 1%)<\/td><\/tr><tr><td>\u0110\u1ed9 h\u00f2a tan:<\/td><td>H\u00f2a tan trong n\u01b0\u1edbc<\/td><\/tr><\/tbody><\/table><\/figure>\n\n\n\n<h2 class=\"wp-block-heading\">H\u01b0\u1edbng d\u1eabn s\u1eed d\u1ee5ng ch\u1ea5t h\u00fat \u1ea9m<\/h2>\n\n\n\n<p>\u0110\u1ed1i v\u1edbi qu\u00e1 tr\u00ecnh nh\u00fang, li\u1ec1u l\u01b0\u1ee3ng tham kh\u1ea3o: 0,5~1% (tr\u1ecdng l\u01b0\u1ee3ng kh\u00f4).<\/p>\n\n\n\n<p>\u0110\u1ed1i v\u1edbi li\u1ec1u l\u01b0\u1ee3ng c\u1ee5 th\u1ec3, vui l\u00f2ng \u0111i\u1ec1u ch\u1ec9nh theo lo\u1ea1i v\u1ea3i v\u00e0 y\u00eau c\u1ea7u c\u1ee7a kh\u00e1ch h\u00e0ng.<\/p>\n<\/div>\n<\/div>\n\n\n\n<p><\/p>","protected":false},"excerpt":{"rendered":"<p>Ch\u1ea5t th\u1ea5m \u1ea9m l\u00e0m t\u0103ng hi\u1ec7u qu\u1ea3 h\u00fat \u1ea9m kho\u1ea3ng 2 c\u1ea5p, c\u00f3 th\u1ec3 lo\u1ea1i b\u1ecf t\u0129nh \u0111i\u1ec7n, ph\u00f9 h\u1ee3p v\u1edbi polyester v\u00e0 nylon. Sau khi s\u1eed d\u1ee5ng, hi\u1ec7u qu\u1ea3 th\u1ea5m \u1ea9m cao h\u01a1n, v\u1ea3i thu h\u00fat nhi\u1ec1u kh\u00e1ch h\u00e0ng \u0111\u1ed3 th\u1ec3 thao h\u01a1n.<\/p>\n<p><strong>S\u1ed1 hi\u1ec7u m\u1eabu<\/strong>35072<\/p>","protected":false},"featured_media":1791,"comment_status":"closed","ping_status":"closed","template":"","meta":{"_acf_changed":false},"material":[27],"process":[20,22,23,25],"product_brand":[],"product_cat":[15],"product_tag":[],"class_list":{"0":"post-1507","1":"product","2":"type-product","3":"status-publish","4":"has-post-thumbnail","6":"material-polyester-chemicals","7":"process-dyeing-auxiliaries","8":"process-anti-creasing-agent","9":"process-textile-finishing-chemicals","10":"process-textile-finishing-agent","11":"product_cat-uncategorized","13":"first","14":"instock","15":"shipping-taxable","16":"product-type-simple"},"acf":[],"_links":{"self":[{"href":"https:\/\/www.bluelakechem.com\/vi\/wp-json\/wp\/v2\/product\/1507","targetHints":{"allow":["GET"]}}],"collection":[{"href":"https:\/\/www.bluelakechem.com\/vi\/wp-json\/wp\/v2\/product"}],"about":[{"href":"https:\/\/www.bluelakechem.com\/vi\/wp-json\/wp\/v2\/types\/product"}],"replies":[{"embeddable":true,"href":"https:\/\/www.bluelakechem.com\/vi\/wp-json\/wp\/v2\/comments?post=1507"}],"wp:featuredmedia":[{"embeddable":true,"href":"https:\/\/www.bluelakechem.com\/vi\/wp-json\/wp\/v2\/media\/1791"}],"wp:attachment":[{"href":"https:\/\/www.bluelakechem.com\/vi\/wp-json\/wp\/v2\/media?parent=1507"}],"wp:term":[{"taxonomy":"material","embeddable":true,"href":"https:\/\/www.bluelakechem.com\/vi\/wp-json\/wp\/v2\/material?post=1507"},{"taxonomy":"process","embeddable":true,"href":"https:\/\/www.bluelakechem.com\/vi\/wp-json\/wp\/v2\/process?post=1507"},{"taxonomy":"product_brand","embeddable":true,"href":"https:\/\/www.bluelakechem.com\/vi\/wp-json\/wp\/v2\/product_brand?post=1507"},{"taxonomy":"product_cat","embeddable":true,"href":"https:\/\/www.bluelakechem.com\/vi\/wp-json\/wp\/v2\/product_cat?post=1507"},{"taxonomy":"product_tag","embeddable":true,"href":"https:\/\/www.bluelakechem.com\/vi\/wp-json\/wp\/v2\/product_tag?post=1507"}],"curies":[{"name":"wp","href":"https:\/\/api.w.org\/{rel}","templated":true}]}}