{"id":1558,"date":"2025-01-22T01:25:35","date_gmt":"2025-01-22T01:25:35","guid":{"rendered":"https:\/\/www.bluelakechem.com\/?post_type=product&#038;p=1558"},"modified":"2025-05-20T06:03:45","modified_gmt":"2025-05-20T06:03:45","slug":"block-silicone-oil-ultra-soft-fluffy-for-chemical-fibers-best-for-polyester-nylon","status":"publish","type":"product","link":"https:\/\/www.bluelakechem.com\/vi\/product\/block-silicone-oil-ultra-soft-fluffy-for-chemical-fibers-best-for-polyester-nylon\/","title":{"rendered":"D\u1ea7u silicone si\u00eau m\u1ec1m cho qu\u00e1 tr\u00ecnh ho\u00e0n thi\u1ec7n polyester v\u00e0 nylon"},"content":{"rendered":"<div class=\"wp-block-columns is-layout-flex wp-container-core-columns-is-layout-9d6595d7 wp-block-columns-is-layout-flex\">\n<div class=\"wp-block-column is-layout-flow wp-block-column-is-layout-flow\" style=\"flex-basis:50%\">\n<h2 class=\"wp-block-heading\">Block Silicone Oil Description:<\/h2>\n\n\n\n<ul class=\"wp-block-list\">\n<li>76388 Block Silicone Oil is the block silicone microemulsion with special branched chain structure.<\/li>\n\n\n\n<li>C\u00f3 th\u1ec3 \u00e1p d\u1ee5ng trong qu\u00e1 tr\u00ecnh ho\u00e0n thi\u1ec7n cho c\u00e1c lo\u1ea1i v\u1ea3i cotton, CVC, polyester\/cotton, nylon\/cotton, polyester v\u00e0 nylon, v.v., gi\u00fap v\u1ea3i m\u1ec1m m\u1ea1i, m\u1ecbn m\u00e0ng, m\u01b0\u1ee3t m\u00e0 v\u00e0 tinh t\u1ebf.<\/li>\n<\/ul>\n\n\n\n<h2 class=\"wp-block-heading\">Block Silicone Oil Features:<\/h2>\n\n\n\n<ol class=\"wp-block-list\">\n<li>Kh\u00f4ng ch\u1ee9a APEO ho\u1eb7c c\u00e1c ch\u1ea5t h\u00f3a h\u1ecdc b\u1ecb c\u1ea5m. Ph\u00f9 h\u1ee3p v\u1edbi c\u00e1c y\u00eau c\u1ea7u v\u1ec1 b\u1ea3o v\u1ec7 m\u00f4i tr\u01b0\u1eddng. Ph\u00f9 h\u1ee3p v\u1edbi ti\u00eau chu\u1ea9n Otex-100 c\u1ee7a Li\u00ean minh Ch\u00e2u \u00c2u.<\/li>\n\n\n\n<li>Imparts fabrics with excellent soft, smooth and fluffy&nbsp;hand feeling.<\/li>\n\n\n\n<li>\u00cdt ng\u1ea3 v\u00e0ng v\u00e0 \u00edt \u0111\u1ed5i m\u00e0u.<\/li>\n\n\n\n<li>\u0110\u1ed9 \u0111\u00e0n h\u1ed3i t\u1ed1t.<\/li>\n\n\n\n<li>\u0110\u1ed9 b\u00f3ng t\u1ed1t.<\/li>\n\n\n\n<li>\u0110\u1ed9 \u1ed5n \u0111\u1ecbnh cao.<\/li>\n\n\n\n<li>Has a good affinity for various kinds of textiles.<\/li>\n\n\n\n<li>Suitable for the dipping process.<\/li>\n\n\n\n<li>A&nbsp;very small dosage can achieve excellent effects.<\/li>\n<\/ol>\n\n\n\n<h2 class=\"wp-block-heading\">Block Silicone Oil Properties:<\/h2>\n\n\n\n<figure class=\"wp-block-table\"><table class=\"has-fixed-layout\"><tbody><tr><td>V\u1ebb b\u1ec1 ngo\u00e0i:<\/td><td>Ch\u1ea5t l\u1ecfng trong su\u1ed1t<\/td><\/tr><tr><td>T\u00ednh ion:<\/td><td>Cation y\u1ebfu<\/td><\/tr><tr><td>Gi\u00e1 tr\u1ecb pH:<\/td><td>5.0~7.0 (dung d\u1ecbch n\u01b0\u1edbc 1%)<\/td><\/tr><tr><td>\u0110\u1ed9 h\u00f2a tan:<\/td><td>H\u00f2a tan trong n\u01b0\u1edbc<\/td><\/tr><\/tbody><\/table><\/figure>\n\n\n\n<h2 class=\"wp-block-heading\">Block Silicone Oil Instruction\uff1a<\/h2>\n\n\n\n<p>Quy tr\u00ecnh nh\u00fang:<\/p>\n\n\n\n<ul class=\"wp-block-list\">\n<li>Li\u1ec1u l\u01b0\u1ee3ng tham kh\u1ea3o: 1.0~3.0% (owf)<strong><\/strong><\/li>\n\n\n\n<li>T\u1ef7 l\u1ec7 t\u1eafm: 1:20<strong><\/strong><\/li>\n\n\n\n<li>Quy tr\u00ecnh: 40~50\u2103\u00d710~20 ph\u00fat \u2192 T\u00e1ch n\u01b0\u1edbc \u2192 S\u1ea5y (100~120\u2103)<\/li>\n<\/ul>\n<\/div>\n\n\n\n<div class=\"wp-block-column is-layout-flow wp-block-column-is-layout-flow\" style=\"flex-basis:50%\">\n<figure class=\"wp-block-image size-full\"><img decoding=\"async\" width=\"1080\" height=\"1920\" src=\"https:\/\/www.bluelakechem.com\/wp-content\/uploads\/2025\/01\/Block-Silicone-Oil-76388.webp\" alt=\"D\u1ea7u silicone d\u1ea1ng kh\u1ed1i\" class=\"wp-image-2178\" srcset=\"https:\/\/www.bluelakechem.com\/wp-content\/uploads\/2025\/01\/Block-Silicone-Oil-76388.webp 1080w, https:\/\/www.bluelakechem.com\/wp-content\/uploads\/2025\/01\/Block-Silicone-Oil-76388-169x300.webp 169w, https:\/\/www.bluelakechem.com\/wp-content\/uploads\/2025\/01\/Block-Silicone-Oil-76388-768x1365.webp 768w, https:\/\/www.bluelakechem.com\/wp-content\/uploads\/2025\/01\/Block-Silicone-Oil-76388-7x12.webp 7w, https:\/\/www.bluelakechem.com\/wp-content\/uploads\/2025\/01\/Block-Silicone-Oil-76388-600x1067.webp 600w\" sizes=\"(max-width: 1080px) 100vw, 1080px\" \/><\/figure>\n\n\n\n<h2 class=\"wp-block-heading\"><\/h2>\n<\/div>\n<\/div>","protected":false},"excerpt":{"rendered":"<p>Block silicone oil, imparts chemical fibers with ultra soft and fluffy hand feeling, and has the most outstanding soft and fluffy effect on polyester and nylon by the same dosage compared with other silicone oil in the market.<\/p>\n<p><strong>S\u1ed1 hi\u1ec7u m\u1eabu<\/strong>76388<\/p>","protected":false},"featured_media":1793,"comment_status":"closed","ping_status":"closed","template":"","meta":{"_acf_changed":false},"material":[27,28],"process":[23,42,24],"product_brand":[],"product_cat":[15],"product_tag":[],"class_list":{"0":"post-1558","1":"product","2":"type-product","3":"status-publish","4":"has-post-thumbnail","6":"material-polyester-chemicals","7":"material-nylon-agent","8":"process-textile-finishing-chemicals","9":"process-softener","10":"process-silicone-oil","11":"product_cat-uncategorized","13":"first","14":"instock","15":"shipping-taxable","16":"product-type-simple"},"acf":[],"_links":{"self":[{"href":"https:\/\/www.bluelakechem.com\/vi\/wp-json\/wp\/v2\/product\/1558","targetHints":{"allow":["GET"]}}],"collection":[{"href":"https:\/\/www.bluelakechem.com\/vi\/wp-json\/wp\/v2\/product"}],"about":[{"href":"https:\/\/www.bluelakechem.com\/vi\/wp-json\/wp\/v2\/types\/product"}],"replies":[{"embeddable":true,"href":"https:\/\/www.bluelakechem.com\/vi\/wp-json\/wp\/v2\/comments?post=1558"}],"wp:featuredmedia":[{"embeddable":true,"href":"https:\/\/www.bluelakechem.com\/vi\/wp-json\/wp\/v2\/media\/1793"}],"wp:attachment":[{"href":"https:\/\/www.bluelakechem.com\/vi\/wp-json\/wp\/v2\/media?parent=1558"}],"wp:term":[{"taxonomy":"material","embeddable":true,"href":"https:\/\/www.bluelakechem.com\/vi\/wp-json\/wp\/v2\/material?post=1558"},{"taxonomy":"process","embeddable":true,"href":"https:\/\/www.bluelakechem.com\/vi\/wp-json\/wp\/v2\/process?post=1558"},{"taxonomy":"product_brand","embeddable":true,"href":"https:\/\/www.bluelakechem.com\/vi\/wp-json\/wp\/v2\/product_brand?post=1558"},{"taxonomy":"product_cat","embeddable":true,"href":"https:\/\/www.bluelakechem.com\/vi\/wp-json\/wp\/v2\/product_cat?post=1558"},{"taxonomy":"product_tag","embeddable":true,"href":"https:\/\/www.bluelakechem.com\/vi\/wp-json\/wp\/v2\/product_tag?post=1558"}],"curies":[{"name":"wp","href":"https:\/\/api.w.org\/{rel}","templated":true}]}}