{"id":1559,"date":"2025-01-22T01:25:11","date_gmt":"2025-01-22T01:25:11","guid":{"rendered":"https:\/\/www.bluelakechem.com\/?post_type=product&#038;p=1559"},"modified":"2025-03-27T03:07:49","modified_gmt":"2025-03-27T03:07:49","slug":"anti-uv-finishing-agent-upf-50-washable-for-outdoor-textiles","status":"publish","type":"product","link":"https:\/\/www.bluelakechem.com\/vi\/product\/anti-uv-finishing-agent-upf-50-washable-for-outdoor-textiles\/","title":{"rendered":"L\u1edbp ph\u1ee7 ch\u1ed1ng tia UV trong ng\u00e0nh d\u1ec7t may, H\u00f3a ch\u1ea5t ch\u1ed1ng tia UV cho v\u1ea3i"},"content":{"rendered":"<div class=\"wp-block-columns is-layout-flex wp-container-core-columns-is-layout-9d6595d7 wp-block-columns-is-layout-flex\">\n<div class=\"wp-block-column is-layout-flow wp-block-column-is-layout-flow\" style=\"flex-basis:50%\">\n<h2 class=\"wp-block-heading\">Description of UV Protection Finish in Textile:<\/h2>\n\n\n\n<ul class=\"wp-block-list\">\n<li>44509 UV Protection Finish Agent is mainly composed of special organic compounds.<\/li>\n\n\n\n<li>It can be applied in the anti-ultraviolet finishing process for fabrics of cotton, nylon and their blends, which can significantly\u00a0decrease the penetration rate of UV to fabric\u00a0and increase UPF to 50+.<\/li>\n<\/ul>\n\n\n\n<h2 class=\"wp-block-heading\">Features of UV Protection Finish in Textile:<\/h2>\n\n\n\n<ol class=\"wp-block-list\">\n<li>Has an excellent absorption capacity\u00a0of 280~320nm UV. Can decrease the penetrating\u00a0of UV\u00a0and improve the protective performance\u00a0of fabrics.<\/li>\n\n\n\n<li>Has certain washability. Has lasting anti-ultraviolet effects.<\/li>\n\n\n\n<li>It does not influence the handle of fabrics.<\/li>\n\n\n\n<li>R\u1ea5t \u00edt \u1ea3nh h\u01b0\u1edfng \u0111\u1ebfn s\u1eafc th\u00e1i m\u00e0u v\u00e0 \u0111\u1ed9 tr\u1eafng.<\/li>\n\n\n\n<li>Can be used separately\u00a0and used with reactive dyes or acid dyes in the same bath.<\/li>\n<\/ol>\n\n\n\n<h2 class=\"wp-block-heading\">Instruction of UV Protection Finish in Textile:<\/h2>\n\n\n\n<p><strong>1.For padding process<\/strong><\/p>\n\n\n\n<ul class=\"wp-block-list\">\n<li><strong>Li\u1ec1u l\u01b0\u1ee3ng tham kh\u1ea3o: <\/strong>20~50 g\/L<\/li>\n\n\n\n<li>Nh\u00fang v\u00e0 \u0111\u1ec7m \u2192 S\u1ea5y \u2192 \u0110\u1ecbnh h\u00ecnh<\/li>\n<\/ul>\n\n\n\n<p><strong>2.For dipping process<\/strong><\/p>\n\n\n\n<ul class=\"wp-block-list\">\n<li><strong>Li\u1ec1u l\u01b0\u1ee3ng tham kh\u1ea3o:<\/strong> 2.0~5.0% (o.w.f)<\/li>\n\n\n\n<li><strong>T\u1ef7 l\u1ec7 pha lo\u00e3ng: <\/strong>1:5~10<\/li>\n\n\n\n<li>40~50\u2103 \u00d7 20~30 ph\u00fat \u2192 T\u00e1ch n\u01b0\u1edbc \u2192 S\u1ea5y kh\u00f4 \u2192 \u0110\u00f4ng c\u1ee9ng<\/li>\n\n\n\n<li>In the dipping process, it has an excellent dye uptake and fixing rate.<\/li>\n<\/ul>\n<\/div>\n\n\n\n<div class=\"wp-block-column is-layout-flow wp-block-column-is-layout-flow\" style=\"flex-basis:50%\">\n<figure class=\"wp-block-embed is-type-video is-provider-youtube wp-block-embed-youtube wp-embed-aspect-16-9 wp-has-aspect-ratio\"><div class=\"wp-block-embed__wrapper\">\n<iframe title=\"Qu\u1ea7n \u00e1o ch\u1ed1ng n\u1eafng ho\u1ea1t \u0111\u1ed9ng nh\u01b0 th\u1ebf n\u00e0o?#sunprotection #clothes\" width=\"500\" height=\"281\" src=\"https:\/\/www.youtube.com\/embed\/87V3RfZPers?feature=oembed\" frameborder=\"0\" allow=\"accelerometer; autoplay; clipboard-write; encrypted-media; gyroscope; picture-in-picture; web-share\" referrerpolicy=\"strict-origin-when-cross-origin\" allowfullscreen><\/iframe>\n<\/div><\/figure>\n\n\n\n<h2 class=\"wp-block-heading\">Properties of UV Protection Finish in Textile:<\/h2>\n\n\n\n<figure class=\"wp-block-table\"><table class=\"has-fixed-layout\"><tbody><tr><td>V\u1ebb b\u1ec1 ngo\u00e0i:<\/td><td>Ch\u1ea5t l\u1ecfng m\u00e0u v\u00e0ng nh\u1ea1t \u0111\u1ebfn n\u00e2u<\/td><\/tr><tr><td>T\u00ednh ion:<\/td><td>Anion<\/td><\/tr><tr><td>Gi\u00e1 tr\u1ecb pH:<\/td><td>&#8212;&#8212;&#8211;<\/td><\/tr><tr><td>\u0110\u1ed9 h\u00f2a tan:<\/td><td>H\u00f2a tan trong n\u01b0\u1edbc<\/td><\/tr><\/tbody><\/table><\/figure>\n<\/div>\n<\/div>","protected":false},"excerpt":{"rendered":"<p>The UV Protection Finish in Textile enhances the UPF of specific fabrics up to 50+, offering durable protection that lasts through multiple washes\u2014maintaining its anti-ultraviolet properties even after 20 washes. This finish is ideal for a wide range of outdoor sun-protective textiles.<\/p>\n<p><strong>S\u1ed1 hi\u1ec7u m\u1eabu<\/strong>44509<\/p>","protected":false},"featured_media":1794,"comment_status":"closed","ping_status":"closed","template":"","meta":{"_acf_changed":false},"material":[26,27,28,29,30,31,32,33,34],"process":[23,25],"product_brand":[],"product_cat":[15],"product_tag":[],"class_list":{"0":"post-1559","1":"product","2":"type-product","3":"status-publish","4":"has-post-thumbnail","6":"material-cotton-agent","7":"material-polyester-chemicals","8":"material-nylon-agent","9":"material-acrylic-chemicals","10":"material-viscose-chemicals","11":"material-wool-auxiliary","12":"material-linen-chemicals","13":"material-silk-chemicals","14":"material-fabric-chemicals","15":"process-textile-finishing-chemicals","16":"process-textile-finishing-agent","17":"product_cat-uncategorized","19":"first","20":"instock","21":"shipping-taxable","22":"product-type-simple"},"acf":[],"_links":{"self":[{"href":"https:\/\/www.bluelakechem.com\/vi\/wp-json\/wp\/v2\/product\/1559","targetHints":{"allow":["GET"]}}],"collection":[{"href":"https:\/\/www.bluelakechem.com\/vi\/wp-json\/wp\/v2\/product"}],"about":[{"href":"https:\/\/www.bluelakechem.com\/vi\/wp-json\/wp\/v2\/types\/product"}],"replies":[{"embeddable":true,"href":"https:\/\/www.bluelakechem.com\/vi\/wp-json\/wp\/v2\/comments?post=1559"}],"wp:featuredmedia":[{"embeddable":true,"href":"https:\/\/www.bluelakechem.com\/vi\/wp-json\/wp\/v2\/media\/1794"}],"wp:attachment":[{"href":"https:\/\/www.bluelakechem.com\/vi\/wp-json\/wp\/v2\/media?parent=1559"}],"wp:term":[{"taxonomy":"material","embeddable":true,"href":"https:\/\/www.bluelakechem.com\/vi\/wp-json\/wp\/v2\/material?post=1559"},{"taxonomy":"process","embeddable":true,"href":"https:\/\/www.bluelakechem.com\/vi\/wp-json\/wp\/v2\/process?post=1559"},{"taxonomy":"product_brand","embeddable":true,"href":"https:\/\/www.bluelakechem.com\/vi\/wp-json\/wp\/v2\/product_brand?post=1559"},{"taxonomy":"product_cat","embeddable":true,"href":"https:\/\/www.bluelakechem.com\/vi\/wp-json\/wp\/v2\/product_cat?post=1559"},{"taxonomy":"product_tag","embeddable":true,"href":"https:\/\/www.bluelakechem.com\/vi\/wp-json\/wp\/v2\/product_tag?post=1559"}],"curies":[{"name":"wp","href":"https:\/\/api.w.org\/{rel}","templated":true}]}}