{"id":1565,"date":"2025-01-22T01:24:36","date_gmt":"2025-01-22T01:24:36","guid":{"rendered":"https:\/\/www.bluelakechem.com\/?post_type=product&#038;p=1565"},"modified":"2025-03-27T03:17:46","modified_gmt":"2025-03-27T03:17:46","slug":"coolcore-finishing-agent-boost-fabric-coolness-compat-with-perfume-mint","status":"publish","type":"product","link":"https:\/\/www.bluelakechem.com\/vi\/product\/coolcore-finishing-agent-boost-fabric-coolness-compat-with-perfume-mint\/","title":{"rendered":"H\u00f3a ch\u1ea5t ho\u00e0n thi\u1ec7n v\u1ea3i m\u00e1t m\u1ebb, Ch\u1ea5t ho\u00e0n thi\u1ec7n v\u1ea3i c\u00f3 h\u01b0\u01a1ng b\u1ea1c h\u00e0"},"content":{"rendered":"<div class=\"wp-block-columns is-layout-flex wp-container-core-columns-is-layout-9d6595d7 wp-block-columns-is-layout-flex\">\n<div class=\"wp-block-column is-layout-flow wp-block-column-is-layout-flow\" style=\"flex-basis:50%\">\n<h2 class=\"wp-block-heading\">Cool Fabric Finishing Chemicals Description:<\/h2>\n\n\n\n<ul class=\"wp-block-list\">\n<li>YK-700B Cool Fabric Finishing Chemicals is made from various kinds of natural coolcore essences.<\/li>\n\n\n\n<li>It can be applied in the cool finishing process for various kinds of fabrics of cotton, Rayon, polyester, nylon and their blends, which can impart fabrics excellent touch cool effect.<\/li>\n<\/ul>\n\n\n\n<h2 class=\"wp-block-heading\">Cool Fabric Finishing Chemicals Features:<\/h2>\n\n\n\n<ol class=\"wp-block-list\">\n<li>Excellent tough cool effect.<\/li>\n\n\n\n<li>Mang l\u1ea1i cho v\u1ea3i c\u1ea3m gi\u00e1c m\u1ec1m m\u1ea1i v\u00e0 kh\u1ea3 n\u0103ng th\u1ea5m h\u00fat n\u01b0\u1edbc t\u1ed1t.<\/li>\n\n\n\n<li>\u0110\u1ed9 ng\u1ea3 v\u00e0ng c\u1ef1c th\u1ea5p. \u0110\u1ed9 \u0111\u1ed5i m\u00e0u c\u1ef1c th\u1ea5p.<\/li>\n\n\n\n<li>Good compatibility with other auxiliaries. Can be used together with silicone oil in the same bath.<\/li>\n\n\n\n<li>Th\u00edch h\u1ee3p cho qu\u00e1 tr\u00ecnh \u0111\u1ec7m trong m\u00e1y \u0111\u1ecbnh h\u00ecnh.<\/li>\n<\/ol>\n<\/div>\n\n\n\n<div class=\"wp-block-column is-layout-flow wp-block-column-is-layout-flow\" style=\"flex-basis:50%\">\n<h2 class=\"wp-block-heading\">Cool Fabric Finishing Chemicals Properties:<\/h2>\n\n\n\n<figure class=\"wp-block-table\"><table class=\"has-fixed-layout\"><tbody><tr><td>V\u1ebb b\u1ec1 ngo\u00e0i:<\/td><td>Ch\u1ea5t l\u1ecfng trong su\u1ed1t kh\u00f4ng m\u00e0u \u0111\u1ebfn v\u00e0ng<\/td><\/tr><tr><td>T\u00ednh ion:<\/td><td>Kh\u00f4ng ion<\/td><\/tr><tr><td>Gi\u00e1 tr\u1ecb pH:<\/td><td>&#8212;&#8212;&#8211;<\/td><\/tr><tr><td>\u0110\u1ed9 h\u00f2a tan:<\/td><td>H\u00f2a tan trong n\u01b0\u1edbc<\/td><\/tr><\/tbody><\/table><\/figure>\n\n\n\n<h2 class=\"wp-block-heading\">Cool Fabric Finishing Chemicals Instruction:<\/h2>\n\n\n\n<p><strong>1.For padding process<\/strong><\/p>\n\n\n\n<ul class=\"wp-block-list\">\n<li><strong>Li\u1ec1u l\u01b0\u1ee3ng tham kh\u1ea3o: <\/strong>30~60 g\/L<\/li>\n\n\n\n<li>Nh\u00fang v\u00e0 \u0111\u1ec7m \u2192 S\u1ea5y \u2192 C\u1ed1 \u0111\u1ecbnh (140~160\u2103)<\/li>\n<\/ul>\n\n\n\n<p><strong>2.For dipping process<\/strong><\/p>\n\n\n\n<ul class=\"wp-block-list\">\n<li><strong>Li\u1ec1u l\u01b0\u1ee3ng tham kh\u1ea3o: <\/strong>3.0~6.0% (o.w.f)<\/li>\n\n\n\n<li><strong>T\u1ef7 l\u1ec7 pha lo\u00e3ng:<\/strong> 1:5~15<\/li>\n\n\n\n<li>25~40\u2103 \u00d7 20~30 ph\u00fat \u2192 T\u00e1ch n\u01b0\u1edbc \u2192 S\u1ea5y kh\u00f4 \u2192 \u0110\u00f4ng c\u1ee9ng<\/li>\n<\/ul>\n\n\n\n<p><strong>Ghi ch\u00fa:<\/strong><\/p>\n\n\n\n<ul class=\"wp-block-list\">\n<li>The cool effect is related to the dosage of Cool Finishing Agent YK-700B.<\/li>\n\n\n\n<li>Please determine the appropriate dosage according to the actual\u00a0requirements of\u00a0the cool effect.<\/li>\n\n\n\n<li>Drying (100~120\u2103)<\/li>\n<\/ul>\n<\/div>\n<\/div>\n\n\n\n<p><\/p>","protected":false},"excerpt":{"rendered":"<p>H\u00f3a ch\u1ea5t ho\u00e0n thi\u1ec7n v\u1ea3i l\u00e0m m\u00e1t c\u00f3 th\u1ec3 t\u0103ng hi\u1ec7u qu\u1ea3 l\u00e0m m\u00e1t b\u1ec1 m\u1eb7t c\u1ee7a v\u1ea3i. V\u1ea3i \u0111\u01b0\u1ee3c x\u1eed l\u00fd b\u1eb1ng h\u00f3a ch\u1ea5t n\u00e0y s\u1ebd m\u00e1t h\u01a1n khi ch\u1ea1m v\u00e0o so v\u1edbi v\u1ea3i th\u00f4ng th\u01b0\u1eddng v\u00e0 c\u00f3 th\u1ec3 s\u1eed d\u1ee5ng k\u1ebft h\u1ee3p v\u1edbi c\u00e1c ch\u1ea5t ho\u00e0n thi\u1ec7n c\u00f3 m\u00f9i th\u01a1m, nh\u01b0 ch\u1ea5t ho\u00e0n thi\u1ec7n h\u01b0\u01a1ng b\u1ea1c h\u00e0, v.v.<\/p>\n<p><strong>S\u1ed1 hi\u1ec7u m\u1eabu<\/strong>YK-700B<\/p>","protected":false},"featured_media":1801,"comment_status":"closed","ping_status":"closed","template":"","meta":{"_acf_changed":false},"material":[26,27,28,29,30,31,32,33,34],"process":[23,25],"product_brand":[],"product_cat":[15],"product_tag":[],"class_list":{"0":"post-1565","1":"product","2":"type-product","3":"status-publish","4":"has-post-thumbnail","6":"material-cotton-agent","7":"material-polyester-chemicals","8":"material-nylon-agent","9":"material-acrylic-chemicals","10":"material-viscose-chemicals","11":"material-wool-auxiliary","12":"material-linen-chemicals","13":"material-silk-chemicals","14":"material-fabric-chemicals","15":"process-textile-finishing-chemicals","16":"process-textile-finishing-agent","17":"product_cat-uncategorized","19":"first","20":"instock","21":"shipping-taxable","22":"product-type-simple"},"acf":[],"_links":{"self":[{"href":"https:\/\/www.bluelakechem.com\/vi\/wp-json\/wp\/v2\/product\/1565","targetHints":{"allow":["GET"]}}],"collection":[{"href":"https:\/\/www.bluelakechem.com\/vi\/wp-json\/wp\/v2\/product"}],"about":[{"href":"https:\/\/www.bluelakechem.com\/vi\/wp-json\/wp\/v2\/types\/product"}],"replies":[{"embeddable":true,"href":"https:\/\/www.bluelakechem.com\/vi\/wp-json\/wp\/v2\/comments?post=1565"}],"wp:featuredmedia":[{"embeddable":true,"href":"https:\/\/www.bluelakechem.com\/vi\/wp-json\/wp\/v2\/media\/1801"}],"wp:attachment":[{"href":"https:\/\/www.bluelakechem.com\/vi\/wp-json\/wp\/v2\/media?parent=1565"}],"wp:term":[{"taxonomy":"material","embeddable":true,"href":"https:\/\/www.bluelakechem.com\/vi\/wp-json\/wp\/v2\/material?post=1565"},{"taxonomy":"process","embeddable":true,"href":"https:\/\/www.bluelakechem.com\/vi\/wp-json\/wp\/v2\/process?post=1565"},{"taxonomy":"product_brand","embeddable":true,"href":"https:\/\/www.bluelakechem.com\/vi\/wp-json\/wp\/v2\/product_brand?post=1565"},{"taxonomy":"product_cat","embeddable":true,"href":"https:\/\/www.bluelakechem.com\/vi\/wp-json\/wp\/v2\/product_cat?post=1565"},{"taxonomy":"product_tag","embeddable":true,"href":"https:\/\/www.bluelakechem.com\/vi\/wp-json\/wp\/v2\/product_tag?post=1565"}],"curies":[{"name":"wp","href":"https:\/\/api.w.org\/{rel}","templated":true}]}}