{"id":1570,"date":"2025-01-22T01:23:12","date_gmt":"2025-01-22T01:23:12","guid":{"rendered":"https:\/\/www.bluelakechem.com\/?post_type=product&#038;p=1570"},"modified":"2025-04-10T06:59:20","modified_gmt":"2025-04-10T06:59:20","slug":"warming-finishing-agent-infrared-tech-for-underwear-thin-fabrics-warmth","status":"publish","type":"product","link":"https:\/\/www.bluelakechem.com\/vi\/product\/warming-finishing-agent-infrared-tech-for-underwear-thin-fabrics-warmth\/","title":{"rendered":"Ch\u1ea5t ho\u00e0n thi\u1ec7n v\u1ea3i \u1ea5m \u00e1p c\u00f4ng ngh\u1ec7 h\u1ed3ng ngo\u1ea1i cho \u0111\u1ed3 l\u00f3t \u1ea5m \u00e1p"},"content":{"rendered":"<figure class=\"wp-block-embed is-type-video is-provider-youtube wp-block-embed-youtube wp-embed-aspect-16-9 wp-has-aspect-ratio\"><div class=\"wp-block-embed__wrapper\">\n<iframe title=\"Ch\u1ea5t ho\u00e0n thi\u1ec7n h\u1ed3ng ngo\u1ea1i xa ho\u1ea1t \u0111\u1ed9ng nh\u01b0 th\u1ebf n\u00e0o \u0111\u1ec3 ng\u0103n qu\u1ea7n \u00e1o m\u1ea5t nhi\u1ec7t?\" width=\"500\" height=\"281\" src=\"https:\/\/www.youtube.com\/embed\/1BJMGfA01sk?feature=oembed\" frameborder=\"0\" allow=\"accelerometer; autoplay; clipboard-write; encrypted-media; gyroscope; picture-in-picture; web-share\" referrerpolicy=\"strict-origin-when-cross-origin\" allowfullscreen><\/iframe>\n<\/div><\/figure>\n\n\n\n<div class=\"wp-block-columns is-layout-flex wp-container-core-columns-is-layout-9d6595d7 wp-block-columns-is-layout-flex\">\n<div class=\"wp-block-column is-layout-flow wp-block-column-is-layout-flow\">\n<h2 class=\"wp-block-heading\">Ch\u1ea5t ho\u00e0n thi\u1ec7n v\u1ea3i \u1ea5m<\/h2>\n\n\n\n<ul class=\"wp-block-list\">\n<li>Ch\u1ea5t ho\u00e0n thi\u1ec7n v\u1ea3i \u1ea5m (Ch\u1ea5t ho\u00e0n thi\u1ec7n h\u1ed3ng ngo\u1ea1i xa) \u0111\u01b0\u1ee3c ch\u1ebf t\u1ea1o t\u1eeb c\u00e1c lo\u1ea1i kho\u00e1ng ch\u1ea5t t\u1ef1 nhi\u00ean kh\u00e1c nhau, \u0111\u01b0\u1ee3c k\u1ebft h\u1ee3p b\u1eb1ng c\u00f4ng ngh\u1ec7 nano \u0111\u1eb7c bi\u1ec7t.<\/li>\n\n\n\n<li>Sau khi v\u1ea3i \u0111\u01b0\u1ee3c x\u1eed l\u00fd, n\u00f3 c\u00f3 th\u1ec3 ph\u00e1t ra tia h\u1ed3ng ngo\u1ea1i xa, gi\u00fap c\u1ea3i thi\u1ec7n tu\u1ea7n ho\u00e0n m\u00e1u c\u1ee7a c\u01a1 th\u1ec3 con ng\u01b0\u1eddi v\u00e0 th\u00fac \u0111\u1ea9y tu\u1ea7n ho\u00e0n vi m\u1ea1ch.<\/li>\n\n\n\n<li>S\u1ea3n ph\u1ea9m n\u00e0y ph\u00f9 h\u1ee3p cho qu\u00e1 tr\u00ecnh ho\u00e0n thi\u1ec7n b\u1eb1ng tia h\u1ed3ng ngo\u1ea1i xa \u0111\u1ed1i v\u1edbi c\u00e1c lo\u1ea1i v\u1ea3i l\u00e0m t\u1eeb cotton, Rayon, polyester, nylon, s\u1ee3i acrylic v\u00e0 c\u00e1c h\u1ed7n h\u1ee3p c\u1ee7a ch\u00fang, v.v.<\/li>\n\n\n\n<li>N\u00f3 \u0111\u1eb7c bi\u1ec7t ph\u00f9 h\u1ee3p cho qu\u1ea7n \u00e1o m\u00f9a \u0111\u00f4ng v\u00e0 \u0111\u1ed3 l\u00f3t gi\u1eef nhi\u1ec7t, v.v.<\/li>\n<\/ul>\n\n\n\n<h2 class=\"wp-block-heading\">T\u00ednh n\u0103ng c\u1ee7a ch\u1ea5t ho\u00e0n thi\u1ec7n v\u1ea3i \u1ea5m<\/h2>\n\n\n\n<ol class=\"wp-block-list\">\n<li>Tia h\u1ed3ng ngo\u1ea1i xa c\u00f3 th\u1ec3 xuy\u00ean qua l\u1edbp m\u00f4 d\u01b0\u1edbi da v\u00e0 l\u00e0m t\u0103ng nhi\u1ec7t \u0111\u1ed9, k\u00edch ho\u1ea1t c\u00e1c t\u1ebf b\u00e0o v\u00e0 th\u00fac \u0111\u1ea9y qu\u00e1 tr\u00ecnh trao \u0111\u1ed5i ch\u1ea5t.<\/li>\n\n\n\n<li>Tia h\u1ed3ng ngo\u1ea1i xa c\u00f3 th\u1ec3 c\u1ea3i thi\u1ec7n tu\u1ea7n ho\u00e0n vi m\u1ea1ch c\u1ee7a m\u00f4 n\u00e3o, b\u1ea3o v\u1ec7 s\u1ee9c kh\u1ecfe c\u1ee7a h\u1ec7 th\u1ea7n kinh trung \u01b0\u01a1ng, gi\u00fap mang l\u1ea1i t\u00e1c d\u1ee5ng l\u00e0m d\u1ecbu v\u00e0 c\u1ea3i thi\u1ec7n ch\u1ea5t l\u01b0\u1ee3ng gi\u1ea5c ng\u1ee7.<\/li>\n\n\n\n<li>\u0110\u1ed1i v\u1edbi qu\u1ea7n \u00e1o m\u00f9a \u0111\u00f4ng, tia h\u1ed3ng ngo\u1ea1i xa \u0111\u01b0\u1ee3c ph\u00e1t ra c\u00f3 th\u1ec3 gi\u00fap t\u0103ng c\u01b0\u1eddng kh\u1ea3 n\u0103ng gi\u1eef nhi\u1ec7t c\u1ee7a v\u1ea3i v\u00e0 ph\u00e1t huy t\u00e1c d\u1ee5ng gi\u1eef \u1ea5m.<\/li>\n\n\n\n<li>Ch\u1ea5t kho\u00e1ng t\u1ef1 nhi\u00ean. An to\u00e0n v\u00e0 th\u00e2n thi\u1ec7n v\u1edbi m\u00f4i tr\u01b0\u1eddng. Kh\u00f4ng g\u00e2y k\u00edch \u1ee9ng da cho con ng\u01b0\u1eddi.<\/li>\n\n\n\n<li>T\u01b0\u01a1ng th\u00edch t\u1ed1t. C\u00f3 th\u1ec3 s\u1eed d\u1ee5ng c\u00f9ng v\u1edbi d\u1ea7u silicone v\u00e0 ch\u1ea5t c\u1ed1 \u0111\u1ecbnh trong c\u00f9ng m\u1ed9t b\u1ed3n t\u1eafm.<\/li>\n\n\n\n<li>Th\u00edch h\u1ee3p cho qu\u00e1 tr\u00ecnh \u0111\u1ec7m trong m\u00e1y \u0111\u1ecbnh h\u00ecnh.<\/li>\n<\/ol>\n<\/div>\n\n\n\n<div class=\"wp-block-column is-layout-flow wp-block-column-is-layout-flow\">\n<h2 class=\"wp-block-heading\">T\u00ednh ch\u1ea5t c\u1ee7a ch\u1ea5t ho\u00e0n thi\u1ec7n v\u1ea3i \u1ea5m<\/h2>\n\n\n\n<figure class=\"wp-block-table\"><table class=\"has-fixed-layout\"><tbody><tr><td>V\u1ebb b\u1ec1 ngo\u00e0i:<\/td><td>Ch\u1ea5t l\u1ecfng kh\u00f4ng m\u00e0u \u0111\u1ebfn m\u00e0u v\u00e0ng nh\u1ea1t<\/td><\/tr><tr><td>T\u00ednh ion:<\/td><td>Kh\u00f4ng ion<\/td><\/tr><tr><td>Gi\u00e1 tr\u1ecb pH:<\/td><td>&#8212;&#8212;&#8212;-<\/td><\/tr><tr><td>\u0110\u1ed9 h\u00f2a tan:<\/td><td>H\u00f2a tan trong n\u01b0\u1edbc<\/td><\/tr><\/tbody><\/table><\/figure>\n\n\n\n<h2 class=\"wp-block-heading\">H\u01b0\u1edbng d\u1eabn s\u1eed d\u1ee5ng ch\u1ea5t ho\u00e0n thi\u1ec7n v\u1ea3i \u1ea5m<\/h2>\n\n\n\n<p><strong>Cho qu\u00e1 tr\u00ecnh \u0111\u1ec7m<\/strong><\/p>\n\n\n\n<ul class=\"wp-block-list\">\n<li>Li\u1ec1u l\u01b0\u1ee3ng tham kh\u1ea3o: 40~80 g\/L.<\/li>\n\n\n\n<li>L\u00e0m ph\u1ed3ng \u2192 S\u1ea5y kh\u00f4 \u2192 \u0110\u1ecbnh h\u00ecnh (130~160\u2103)<\/li>\n<\/ul>\n\n\n\n<p><strong>Ghi ch\u00fa:<\/strong><\/p>\n\n\n\n<ol class=\"wp-block-list\">\n<li>Ch\u1ea5t ho\u00e0n thi\u1ec7n v\u1ea3i \u1ea5m (Ch\u1ea5t ho\u00e0n thi\u1ec7n h\u1ed3ng ngo\u1ea1i xa) l\u00e0 ch\u1ea5t kh\u00f4ng ion. N\u00f3 c\u00f3 th\u1ec3 \u0111\u01b0\u1ee3c s\u1eed d\u1ee5ng c\u00f9ng v\u1edbi c\u00e1c ch\u1ea5t ph\u1ee5 gia kh\u00f4ng ion, cation ho\u1eb7c anion trong c\u00f9ng m\u1ed9t b\u1ec3.<\/li>\n\n\n\n<li>\u0110\u1ec1 xu\u1ea5t: T\u1ef7 l\u1ec7 mang ch\u1ea5t l\u1ecfng &gt;75%. \u0110i\u1ec1u n\u00e0y gi\u00fap v\u1ea3i h\u1ea5p th\u1ee5 \u0111\u1ea7y \u0111\u1ee7 v\u00e0 \u0111\u1ee7 l\u01b0\u1ee3ng Ch\u1ea5t ho\u00e0n thi\u1ec7n tia h\u1ed3ng ngo\u1ea1i xa \u0111\u1ec3 \u0111\u1ea3m b\u1ea3o hi\u1ec7u qu\u1ea3 ho\u00e0n thi\u1ec7n.<\/li>\n<\/ol>\n<\/div>\n<\/div>\n\n\n\n<p><\/p>","protected":false},"excerpt":{"rendered":"<p>Ch\u1ea5t ho\u00e0n thi\u1ec7n v\u1ea3i \u1ea5m \u00e1p s\u1eed d\u1ee5ng v\u1eadt li\u1ec7u h\u1ed3ng ngo\u1ea1i xa gi\u1ea3i ph\u00f3ng ch\u1eadm \u0111\u1ec3 t\u0103ng c\u01b0\u1eddng kh\u1ea3 n\u0103ng c\u00e1ch nhi\u1ec7t c\u1ee7a \u0111\u1ed3 l\u00f3t, gi\u00fap c\u00e1c lo\u1ea1i v\u1ea3i nh\u1eb9 v\u00e0 m\u1ecfng tr\u1edf n\u00ean \u1ea5m \u00e1p.<\/p>\n<p><strong>S\u1ed1 hi\u1ec7u m\u1eabu<\/strong>2130<\/p>","protected":false},"featured_media":1795,"comment_status":"closed","ping_status":"closed","template":"","meta":{"_acf_changed":false},"material":[26,27,28,29,30,31,32,33,34],"process":[23,25],"product_brand":[],"product_cat":[15],"product_tag":[],"class_list":{"0":"post-1570","1":"product","2":"type-product","3":"status-publish","4":"has-post-thumbnail","6":"material-cotton-agent","7":"material-polyester-chemicals","8":"material-nylon-agent","9":"material-acrylic-chemicals","10":"material-viscose-chemicals","11":"material-wool-auxiliary","12":"material-linen-chemicals","13":"material-silk-chemicals","14":"material-fabric-chemicals","15":"process-textile-finishing-chemicals","16":"process-textile-finishing-agent","17":"product_cat-uncategorized","19":"first","20":"instock","21":"shipping-taxable","22":"product-type-simple"},"acf":[],"_links":{"self":[{"href":"https:\/\/www.bluelakechem.com\/vi\/wp-json\/wp\/v2\/product\/1570","targetHints":{"allow":["GET"]}}],"collection":[{"href":"https:\/\/www.bluelakechem.com\/vi\/wp-json\/wp\/v2\/product"}],"about":[{"href":"https:\/\/www.bluelakechem.com\/vi\/wp-json\/wp\/v2\/types\/product"}],"replies":[{"embeddable":true,"href":"https:\/\/www.bluelakechem.com\/vi\/wp-json\/wp\/v2\/comments?post=1570"}],"wp:featuredmedia":[{"embeddable":true,"href":"https:\/\/www.bluelakechem.com\/vi\/wp-json\/wp\/v2\/media\/1795"}],"wp:attachment":[{"href":"https:\/\/www.bluelakechem.com\/vi\/wp-json\/wp\/v2\/media?parent=1570"}],"wp:term":[{"taxonomy":"material","embeddable":true,"href":"https:\/\/www.bluelakechem.com\/vi\/wp-json\/wp\/v2\/material?post=1570"},{"taxonomy":"process","embeddable":true,"href":"https:\/\/www.bluelakechem.com\/vi\/wp-json\/wp\/v2\/process?post=1570"},{"taxonomy":"product_brand","embeddable":true,"href":"https:\/\/www.bluelakechem.com\/vi\/wp-json\/wp\/v2\/product_brand?post=1570"},{"taxonomy":"product_cat","embeddable":true,"href":"https:\/\/www.bluelakechem.com\/vi\/wp-json\/wp\/v2\/product_cat?post=1570"},{"taxonomy":"product_tag","embeddable":true,"href":"https:\/\/www.bluelakechem.com\/vi\/wp-json\/wp\/v2\/product_tag?post=1570"}],"curies":[{"name":"wp","href":"https:\/\/api.w.org\/{rel}","templated":true}]}}