{"id":1571,"date":"2025-01-22T06:18:05","date_gmt":"2025-01-22T06:18:05","guid":{"rendered":"https:\/\/www.bluelakechem.com\/?post_type=product&#038;p=1571"},"modified":"2025-04-19T07:11:53","modified_gmt":"2025-04-19T07:11:53","slug":"cationic-dye-fixing-agent","status":"publish","type":"product","link":"https:\/\/www.bluelakechem.com\/vi\/product\/cationic-dye-fixing-agent\/","title":{"rendered":"Ch\u1ea5t c\u1ed1 \u0111\u1ecbnh thu\u1ed1c nhu\u1ed9m cationic H\u00f3a ch\u1ea5t d\u1ec7t cho b\u00f4ng viose"},"content":{"rendered":"<figure class=\"wp-block-embed is-type-video is-provider-youtube wp-block-embed-youtube wp-embed-aspect-16-9 wp-has-aspect-ratio\"><div class=\"wp-block-embed__wrapper\">\n<iframe title=\"Ch\u1ea5t \u0111i\u1ec1u ch\u1ec9nh \u0111\u1ed9 ph\u1eb3ng ti\u1ebft ki\u1ec7m n\u01b0\u1edbc. N\u00e2ng cao hi\u1ec7u su\u1ea5t nhu\u1ed9m 15~25% trong c\u00f9ng m\u1ed9t b\u1ec3 nhu\u1ed9m. 22107\" width=\"500\" height=\"281\" src=\"https:\/\/www.youtube.com\/embed\/zQ8RaZWtqaA?feature=oembed\" frameborder=\"0\" allow=\"accelerometer; autoplay; clipboard-write; encrypted-media; gyroscope; picture-in-picture; web-share\" referrerpolicy=\"strict-origin-when-cross-origin\" allowfullscreen><\/iframe>\n<\/div><\/figure>\n\n\n\n<div class=\"wp-block-columns is-layout-flex wp-container-core-columns-is-layout-9d6595d7 wp-block-columns-is-layout-flex\">\n<div class=\"wp-block-column is-layout-flow wp-block-column-is-layout-flow\">\n<div class=\"wp-block-columns is-layout-flex wp-container-core-columns-is-layout-9d6595d7 wp-block-columns-is-layout-flex\">\n<div class=\"wp-block-column is-layout-flow wp-block-column-is-layout-flow\">\n<h2 class=\"wp-block-heading\">M\u00f4 t\u1ea3 s\u1ea3n ph\u1ea9m c\u1ee7a ch\u1ea5t c\u1ed1 \u0111\u1ecbnh thu\u1ed1c nhu\u1ed9m cationic<\/h2>\n\n\n\n<ul class=\"wp-block-list\">\n<li>22107 ch\u1ee7 y\u1ebfu \u0111\u01b0\u1ee3c s\u1eed d\u1ee5ng trong qu\u00e1 tr\u00ecnh nhu\u1ed9m b\u00f4ng b\u1eb1ng thu\u1ed1c nhu\u1ed9m ph\u1ea3n \u1ee9ng v\u00e0 c\u00f3 th\u1ec3 \u0111\u01b0\u1ee3c s\u1eed d\u1ee5ng c\u00f9ng v\u1edbi qu\u00e1 tr\u00ecnh nhu\u1ed9m trong c\u00f9ng m\u1ed9t b\u1ec3 nhu\u1ed9m, \u0111i\u1ec1u n\u00e0y c\u00f3 th\u1ec3 c\u1ea3i thi\u1ec7n \u0111\u1ed9 b\u1ec1n m\u00e0u, n\u00e2ng cao hi\u1ec7u qu\u1ea3 gi\u1eb7t v\u00e0 gi\u1ea3m th\u1eddi gian gi\u1eb7t.<\/li>\n\n\n\n<li>N\u00f3 c\u00f3 th\u1ec3 t\u0103ng c\u01b0\u1eddng \u0111\u1ed9 \u1ed5n \u0111\u1ecbnh c\u1ee7a thu\u1ed1c nhu\u1ed9m v\u00e0 \u1ee9c ch\u1ebf qu\u00e1 tr\u00ecnh th\u1ee7y ph\u00e2n c\u1ee7a thu\u1ed1c nhu\u1ed9m ph\u1ea3n \u1ee9ng, t\u1eeb \u0111\u00f3 n\u00e2ng cao hi\u1ec7u qu\u1ea3 c\u1ee7a qu\u00e1 tr\u00ecnh gi\u1eb7t v\u00e0 t\u1ea9y r\u1eeda.<\/li>\n<\/ul>\n\n\n\n<h2 class=\"wp-block-heading\">\u0110\u1eb7c \u0111i\u1ec3m c\u1ee7a ch\u1ea5t c\u1ed1 \u0111\u1ecbnh thu\u1ed1c nhu\u1ed9m cationic<\/h2>\n\n\n\n<ol class=\"wp-block-list\">\n<li>Kh\u00f4ng ch\u1ee9a formaldehyde ho\u1eb7c ion kim lo\u1ea1i n\u1eb7ng, v.v. \u0110\u00e1p \u1ee9ng c\u00e1c y\u00eau c\u1ea7u v\u1ec1 b\u1ea3o v\u1ec7 m\u00f4i tr\u01b0\u1eddng.<\/li>\n\n\n\n<li>C\u1ea3i thi\u1ec7n \u0111\u1ed9 b\u1ec1n m\u00e0u khi gi\u1eb7t v\u00e0 \u0111\u1ed9 b\u1ec1n m\u00e0u khi ng\u00e2m c\u1ee7a thu\u1ed1c nhu\u1ed9m ph\u1ea3n \u1ee9ng.<\/li>\n\n\n\n<li>Ti\u1ebft ki\u1ec7m n\u01b0\u1edbc v\u00e0 n\u00e2ng cao hi\u1ec7u qu\u1ea3.<\/li>\n<\/ol>\n<\/div>\n\n\n\n<div class=\"wp-block-column is-layout-flow wp-block-column-is-layout-flow\">\n<h2 class=\"wp-block-heading\">C\u00e1c t\u00ednh ch\u1ea5t \u0111i\u1ec3n h\u00ecnh c\u1ee7a ch\u1ea5t c\u1ed1 \u0111\u1ecbnh thu\u1ed1c nhu\u1ed9m cationic<\/h2>\n\n\n\n<figure class=\"wp-block-table\"><table class=\"has-fixed-layout\"><tbody><tr><td>V\u1ebb b\u1ec1 ngo\u00e0i:<\/td><td>Ch\u1ea5t l\u1ecfng m\u00e0u v\u00e0ng n\u00e2u<\/td><\/tr><tr><td>T\u00ednh ion:<\/td><td>Anion<\/td><\/tr><tr><td>Gi\u00e1 tr\u1ecb pH:<\/td><td>7,0 \u00b1 0,5 (dung d\u1ecbch n\u01b0\u1edbc 1%)<\/td><\/tr><tr><td>\u0110\u1ed9 h\u00f2a tan:<\/td><td>H\u00f2a tan trong n\u01b0\u1edbc<\/td><\/tr><\/tbody><\/table><\/figure>\n\n\n\n<h2 class=\"wp-block-heading\">H\u01b0\u1edbng d\u1eabn s\u1eed d\u1ee5ng ch\u1ea5t c\u1ed1 \u0111\u1ecbnh thu\u1ed1c nhu\u1ed9m cationic<\/h2>\n\n\n\n<p>D\u00f9ng chung v\u1edbi qu\u00e1 tr\u00ecnh nhu\u1ed9m trong c\u00f9ng m\u1ed9t b\u1ec3 nhu\u1ed9m, li\u1ec1u l\u01b0\u1ee3ng tham kh\u1ea3o: 1.0~2.0% (tr\u1ecdng l\u01b0\u1ee3ng tr\u00ean tr\u1ecdng l\u01b0\u1ee3ng)<\/p>\n\n\n\n<p>Ghi ch\u00fa:<\/p>\n\n\n\n<p>Li\u1ec1u l\u01b0\u1ee3ng khuy\u1ebfn ngh\u1ecb l\u00e0 20~30% l\u01b0\u1ee3ng thu\u1ed1c nhu\u1ed9m. Vui l\u00f2ng h\u00f2a tan thu\u1ed1c nhu\u1ed9m v\u00e0 ti\u1ebfn h\u00e0nh nhu\u1ed9m theo quy tr\u00ecnh th\u00f4ng th\u01b0\u1eddng.<\/p>\n<\/div>\n<\/div>\n\n\n\n<figure class=\"wp-block-image size-full\"><img decoding=\"async\" width=\"2256\" height=\"1181\" src=\"https:\/\/www.bluelakechem.com\/wp-content\/uploads\/2025\/01\/leveling-agent.webp\" alt=\"ch\u1ea5t l\u00e0m ph\u1eb3ng\" class=\"wp-image-1913\" srcset=\"https:\/\/www.bluelakechem.com\/wp-content\/uploads\/2025\/01\/leveling-agent.webp 2256w, https:\/\/www.bluelakechem.com\/wp-content\/uploads\/2025\/01\/leveling-agent-300x157.webp 300w, https:\/\/www.bluelakechem.com\/wp-content\/uploads\/2025\/01\/leveling-agent-768x402.webp 768w, https:\/\/www.bluelakechem.com\/wp-content\/uploads\/2025\/01\/leveling-agent-18x9.webp 18w, https:\/\/www.bluelakechem.com\/wp-content\/uploads\/2025\/01\/leveling-agent-1200x628.webp 1200w, https:\/\/www.bluelakechem.com\/wp-content\/uploads\/2025\/01\/leveling-agent-600x314.webp 600w\" sizes=\"(max-width: 2256px) 100vw, 2256px\" \/><\/figure>\n<\/div>\n<\/div>","protected":false},"excerpt":{"rendered":"<p>Ch\u1ea5t c\u1ed1 \u0111\u1ecbnh thu\u1ed1c nhu\u1ed9m cationic cho v\u1ea3i b\u00f4ng nh\u1eb1m n\u00e2ng cao \u0111\u1ed9 b\u1ec1n m\u00e0u c\u1ee7a v\u1ea3i nhu\u1ed9m, c\u1ea3i thi\u1ec7n kh\u1ea3 n\u0103ng th\u1ea5m n\u01b0\u1edbc v\u00e0 hi\u1ec7u qu\u1ea3 gi\u1eb7t, \u0111\u1ed3ng th\u1eddi gi\u1ea3m s\u1ed1 l\u1ea7n gi\u1eb7t.<\/p>\n<p><strong>S\u1ed1 hi\u1ec7u m\u1eabu <\/strong>22107<\/p>\n<p><img decoding=\"async\" class=\"alignnone wp-image-1913 size-full\" src=\"https:\/\/www.bluelakechem.com\/wp-content\/uploads\/2025\/01\/leveling-agent.webp\" alt=\"ch\u1ea5t l\u00e0m ph\u1eb3ng\" width=\"2256\" height=\"1181\" srcset=\"https:\/\/www.bluelakechem.com\/wp-content\/uploads\/2025\/01\/leveling-agent.webp 2256w, https:\/\/www.bluelakechem.com\/wp-content\/uploads\/2025\/01\/leveling-agent-300x157.webp 300w, https:\/\/www.bluelakechem.com\/wp-content\/uploads\/2025\/01\/leveling-agent-768x402.webp 768w, https:\/\/www.bluelakechem.com\/wp-content\/uploads\/2025\/01\/leveling-agent-18x9.webp 18w, https:\/\/www.bluelakechem.com\/wp-content\/uploads\/2025\/01\/leveling-agent-1200x628.webp 1200w, https:\/\/www.bluelakechem.com\/wp-content\/uploads\/2025\/01\/leveling-agent-600x314.webp 600w\" sizes=\"(max-width: 2256px) 100vw, 2256px\" \/><\/p>","protected":false},"featured_media":1796,"comment_status":"closed","ping_status":"closed","template":"","meta":{"_acf_changed":false},"material":[26,30,32,34],"process":[20,38,39,41],"product_brand":[],"product_cat":[15],"product_tag":[],"class_list":{"0":"post-1571","1":"product","2":"type-product","3":"status-publish","4":"has-post-thumbnail","6":"material-cotton-agent","7":"material-viscose-chemicals","8":"material-linen-chemicals","9":"material-fabric-chemicals","10":"process-dyeing-auxiliaries","11":"process-disperse-leveling-agent","12":"process-dye-carrier","13":"process-fixing-agent","14":"product_cat-uncategorized","16":"first","17":"instock","18":"shipping-taxable","19":"product-type-simple"},"acf":[],"_links":{"self":[{"href":"https:\/\/www.bluelakechem.com\/vi\/wp-json\/wp\/v2\/product\/1571","targetHints":{"allow":["GET"]}}],"collection":[{"href":"https:\/\/www.bluelakechem.com\/vi\/wp-json\/wp\/v2\/product"}],"about":[{"href":"https:\/\/www.bluelakechem.com\/vi\/wp-json\/wp\/v2\/types\/product"}],"replies":[{"embeddable":true,"href":"https:\/\/www.bluelakechem.com\/vi\/wp-json\/wp\/v2\/comments?post=1571"}],"wp:featuredmedia":[{"embeddable":true,"href":"https:\/\/www.bluelakechem.com\/vi\/wp-json\/wp\/v2\/media\/1796"}],"wp:attachment":[{"href":"https:\/\/www.bluelakechem.com\/vi\/wp-json\/wp\/v2\/media?parent=1571"}],"wp:term":[{"taxonomy":"material","embeddable":true,"href":"https:\/\/www.bluelakechem.com\/vi\/wp-json\/wp\/v2\/material?post=1571"},{"taxonomy":"process","embeddable":true,"href":"https:\/\/www.bluelakechem.com\/vi\/wp-json\/wp\/v2\/process?post=1571"},{"taxonomy":"product_brand","embeddable":true,"href":"https:\/\/www.bluelakechem.com\/vi\/wp-json\/wp\/v2\/product_brand?post=1571"},{"taxonomy":"product_cat","embeddable":true,"href":"https:\/\/www.bluelakechem.com\/vi\/wp-json\/wp\/v2\/product_cat?post=1571"},{"taxonomy":"product_tag","embeddable":true,"href":"https:\/\/www.bluelakechem.com\/vi\/wp-json\/wp\/v2\/product_tag?post=1571"}],"curies":[{"name":"wp","href":"https:\/\/api.w.org\/{rel}","templated":true}]}}