{"id":1576,"date":"2025-01-22T06:52:54","date_gmt":"2025-01-22T06:52:54","guid":{"rendered":"https:\/\/www.bluelakechem.com\/?post_type=product&#038;p=1576"},"modified":"2025-03-27T03:11:18","modified_gmt":"2025-03-27T03:11:18","slug":"fiber-fixing-agent","status":"publish","type":"product","link":"https:\/\/www.bluelakechem.com\/vi\/product\/fiber-fixing-agent\/","title":{"rendered":"Ch\u1ea5t c\u1ed1 \u0111\u1ecbnh s\u1ee3i cho Polyester Nylon v\u00e0 h\u1ed7n h\u1ee3p"},"content":{"rendered":"<div class=\"wp-block-columns is-layout-flex wp-container-core-columns-is-layout-9d6595d7 wp-block-columns-is-layout-flex\">\n<div class=\"wp-block-column is-layout-flow wp-block-column-is-layout-flow\">\n<h2 class=\"wp-block-heading\">M\u00f4 t\u1ea3 ch\u1ea5t c\u1ed1 \u0111\u1ecbnh s\u1ee3i<\/h2>\n\n\n\n<ul class=\"wp-block-list\">\n<li>22307 ch\u1ee7 y\u1ebfu \u0111\u01b0\u1ee3c c\u1ea5u th\u00e0nh t\u1eeb polyme polyamine.<\/li>\n\n\n\n<li>Trong qu\u00e1 tr\u00ecnh x\u1eed l\u00fd v\u1ea3i polyester\/cotton, n\u00f3 c\u00f3 th\u1ec3 ph\u1ea3n \u1ee9ng v\u1edbi g\u1ed1c hydroxide tr\u00ean s\u1ee3i cotton v\u00e0 c\u00f3 ph\u1ea3n \u1ee9ng t\u1ef1 \u0111\u1ed9ng t\u1ea1o li\u00ean k\u1ebft ch\u00e9o \u0111\u1ec3 t\u1ea1o th\u00e0nh m\u00e0ng, c\u00f3 th\u1ec3 l\u00e0m gi\u1ea3m \u1ea3nh h\u01b0\u1edfng \u0111\u1ebfn \u0111\u1ed9 b\u1ec1n m\u00e0u do th\u0103ng hoa thu\u1ed1c nhu\u1ed9m ph\u00e2n t\u00e1n v\u00e0 c\u1ea3i thi\u1ec7n \u0111\u1ed9 b\u1ec1n m\u00e0u khi gi\u1eb7t b\u1eb1ng x\u00e0 ph\u00f2ng v\u00e0 \u0111\u1ed9 b\u1ec1n m\u00e0u khi \u1ee7i b\u1eb1ng h\u01a1i n\u01b0\u1edbc.<\/li>\n\n\n\n<li>Th\u00edch h\u1ee3p cho v\u1ea3i polyester\/cotton, c\u00f3 th\u1ec3 l\u00e0m gi\u1ea3m \u1ea3nh h\u01b0\u1edfng \u0111\u1ebfn \u0111\u1ed9 b\u1ec1n m\u00e0u sau khi nhu\u1ed9m.<\/li>\n<\/ul>\n\n\n\n<h2 class=\"wp-block-heading\">T\u00ednh n\u0103ng c\u1ee7a ch\u1ea5t c\u1ed1 \u0111\u1ecbnh s\u1ee3i<\/h2>\n\n\n\n<ol class=\"wp-block-list\">\n<li>Kh\u00f4ng ch\u1ee9a formaldehyde, APEO ho\u1eb7c c\u00e1c ion kim lo\u1ea1i n\u1eb7ng. Ph\u00f9 h\u1ee3p v\u1edbi c\u00e1c y\u00eau c\u1ea7u b\u1ea3o v\u1ec7 m\u00f4i tr\u01b0\u1eddng.<\/li>\n\n\n\n<li>C\u00f3 t\u00e1c d\u1ee5ng \u1ee9c ch\u1ebf nh\u1ea5t \u0111\u1ecbnh \u0111\u1ebfn s\u1ef1 th\u0103ng hoa c\u1ee7a thu\u1ed1c nhu\u1ed9m ph\u00e2n t\u00e1n trong qu\u00e1 tr\u00ecnh nhu\u1ed9m, \u0111\u1eb7c bi\u1ec7t l\u00e0 thu\u1ed1c nhu\u1ed9m m\u00e0u \u0111\u1ecf t\u01b0\u01a1i, \u0111en v\u00e0 xanh.<\/li>\n\n\n\n<li>Kh\u00f4ng \u1ea3nh h\u01b0\u1edfng \u0111\u1ebfn c\u1ea3m gi\u00e1c khi ch\u1ea1m v\u00e0o v\u1ea3i ho\u1eb7c m\u00e0u s\u1eafc c\u1ee7a v\u1ea3i.<\/li>\n\n\n\n<li>Gi\u1ea3m th\u1eddi gian c\u00e0i \u0111\u1eb7t gi\u1eefa m\u1ed9t l\u1ea7n. R\u00fat ng\u1eafn qu\u00e1 tr\u00ecnh.<\/li>\n\n\n\n<li>D\u1ec5 s\u1eed d\u1ee5ng. C\u00f3 th\u1ec3 s\u1eed d\u1ee5ng c\u00f9ng v\u1edbi d\u1ea7u silicon trong c\u00f9ng m\u1ed9t b\u1ed3n t\u1eafm trong m\u00e1y \u0111\u00f4ng c\u1ee9ng.<\/li>\n<\/ol>\n\n\n\n<h2 class=\"wp-block-heading\">Ch\u1ea5t c\u1ed1 \u0111\u1ecbnh s\u1ee3i c\u00f3 \u0111\u1eb7c t\u00ednh \u0111i\u1ec3n h\u00ecnh<\/h2>\n\n\n\n<figure class=\"wp-block-table\"><table class=\"has-fixed-layout\"><tbody><tr><td>V\u1ebb b\u1ec1 ngo\u00e0i:<\/td><td>Ch\u1ea5t l\u1ecfng m\u00e0u v\u00e0ng nh\u1ea1t<\/td><\/tr><tr><td>T\u00ednh ion:<\/td><td>Cation<\/td><\/tr><tr><td>Gi\u00e1 tr\u1ecb pH:<\/td><td>6,5\u00b11,0 (dung d\u1ecbch n\u01b0\u1edbc 1%)<\/td><\/tr><tr><td>\u0110\u1ed9 h\u00f2a tan:<\/td><td>H\u00f2a tan trong n\u01b0\u1edbc<\/td><\/tr><\/tbody><\/table><\/figure>\n<\/div>\n\n\n\n<div class=\"wp-block-column is-layout-flow wp-block-column-is-layout-flow\">\n<h2 class=\"wp-block-heading\">H\u01b0\u1edbng d\u1eabn s\u1eed d\u1ee5ng ch\u1ea5t c\u1ed1 \u0111\u1ecbnh s\u1ee3i<\/h2>\n\n\n\n<h3 class=\"wp-block-heading\">Quy tr\u00ecnh \u0111\u1ec7m:<\/h3>\n\n\n\n<ul class=\"wp-block-list\">\n<li>Li\u1ec1u l\u01b0\u1ee3ng tham kh\u1ea3o c\u1ee7a 22307: 10~40 g\/L<\/li>\n\n\n\n<li>Li\u1ec1u l\u01b0\u1ee3ng tham kh\u1ea3o c\u1ee7a ch\u1ea5t l\u00e0m m\u1ec1m: X g\/L<\/li>\n\n\n\n<li>Nh\u00fang v\u00e0 \u0111\u1ec7m (Nh\u1eb7t: 70~100%) \u2192 S\u1ea5y v\u00e0 \u0111\u1ecbnh h\u00ecnh (130~160\u2103)<\/li>\n<\/ul>\n\n\n\n<h3 class=\"wp-block-heading\">V\u00ed d\u1ee5 \u1ee9ng d\u1ee5ng<\/h3>\n\n\n\n<p>\u0110\u1ec3 c\u1ea3i thi\u1ec7n \u0111\u1ed9 b\u1ec1n c\u1ee7a v\u1ea3i hai m\u1eb7t l\u00e0m t\u1eeb polyester\/cotton 50\/50:<\/p>\n\n\n<div class=\"wp-block-image\">\n<figure class=\"alignleft size-full is-resized\"><img decoding=\"async\" width=\"639\" height=\"460\" src=\"https:\/\/www.bluelakechem.com\/wp-content\/uploads\/2025\/01\/Fixing-agent-4.png\" alt=\"\" class=\"wp-image-1577\" style=\"width:542px;height:auto\" srcset=\"https:\/\/www.bluelakechem.com\/wp-content\/uploads\/2025\/01\/Fixing-agent-4.png 639w, https:\/\/www.bluelakechem.com\/wp-content\/uploads\/2025\/01\/Fixing-agent-4-300x216.png 300w, https:\/\/www.bluelakechem.com\/wp-content\/uploads\/2025\/01\/Fixing-agent-4-18x12.png 18w, https:\/\/www.bluelakechem.com\/wp-content\/uploads\/2025\/01\/Fixing-agent-4-600x432.png 600w\" sizes=\"(max-width: 639px) 100vw, 639px\" \/><\/figure>\n<\/div>\n\n\n<div class=\"wp-block-columns is-layout-flex wp-container-core-columns-is-layout-9d6595d7 wp-block-columns-is-layout-flex\">\n<div class=\"wp-block-column is-layout-flow wp-block-column-is-layout-flow\" style=\"flex-basis:50%\"><\/div>\n<\/div>\n\n\n\n<div class=\"wp-block-columns is-layout-flex wp-container-core-columns-is-layout-9d6595d7 wp-block-columns-is-layout-flex\">\n<div class=\"wp-block-column is-layout-flow wp-block-column-is-layout-flow\"><\/div>\n<\/div>\n\n\n\n<p>\uff081\uff09<strong>Nhu\u1ed9m polyester: <\/strong><\/p>\n\n\n\n<ul class=\"wp-block-list\">\n<li>\u0110\u1ecf t\u01b0\u01a1i: Thu\u1ed1c nhu\u1ed9m ph\u00e2n t\u00e1n m\u00e0u \u0111\u1ecf t\u01b0\u01a1i GS: 1.5%, Ch\u1ea5t t\u1ea1o ph\u1eb3ng nhi\u1ec7t \u0111\u1ed9 cao: 1 g\/L, Axit axetic: 0,5 g\/L<\/li>\n\n\n\n<li>Xanh ng\u1ecdc lam: Thu\u1ed1c nhu\u1ed9m ph\u00e2n t\u00e1n m\u00e0u xanh ng\u1ecdc lam SGL: 1.5%, Ch\u1ea5t l\u00e0m \u0111\u1ec1u nhi\u1ec7t \u0111\u1ed9 cao: 1 g\/L, Axit axetic: 0,5 g\/L<\/li>\n\n\n\n<li>25\u2103 \u2192 130\u2103\u00d740 ph\u00fat (2\u2103\/ph\u00fat) \u2192 R\u1eeda b\u1eb1ng n\u01b0\u1edbc<\/li>\n<\/ul>\n\n\n\n<p>\uff082\uff09<strong>Gi\u1ea3m tr\u1eeb thanh to\u00e1n b\u00f9 tr\u1eeb:<\/strong><\/p>\n\n\n\n<ul class=\"wp-block-list\">\n<li>Natri hydrosunfit: 3 g\/L<\/li>\n\n\n\n<li>X\u00fat \u0103n da: 2 g\/L<\/li>\n\n\n\n<li>80\u2103\u00d715 ph\u00fat (2\u2103\/ph\u00fat) \u2192 R\u1eeda b\u1eb1ng n\u01b0\u1edbc<\/li>\n<\/ul>\n\n\n\n<p>\uff083\uff09<strong>Nhu\u1ed9m b\u00f4ng: <\/strong><\/p>\n\n\n\n<ul class=\"wp-block-list\">\n<li>Xanh ng\u1ecdc lam: Thu\u1ed1c nhu\u1ed9m ph\u1ea3n \u1ee9ng m\u00e0u xanh ng\u1ecdc lam BGFN: 1.5%, Thu\u1ed1c nhu\u1ed9m ph\u1ea3n \u1ee9ng m\u00e0u xanh s\u00e1ng KN-R: 1%,<\/li>\n\n\n\n<li>Natri sunfat khan: 60 g\/L, X\u00fat: 20 g\/L<\/li>\n\n\n\n<li>M\u00e0u \u0111\u1ecf t\u01b0\u01a1i: Thu\u1ed1c nhu\u1ed9m ph\u1ea3n \u1ee9ng m\u00e0u \u0111\u1ecf t\u01b0\u01a1i 3BS: 2%, Thu\u1ed1c nhu\u1ed9m ph\u1ea3n \u1ee9ng m\u00e0u v\u00e0ng 3RS: 1%,<\/li>\n\n\n\n<li>Natri sunfat khan: 60 g\/L, X\u00fat: 20 g\/L<\/li>\n\n\n\n<li>25\u2103 \u2192 60\u2103\u00d760 ph\u00fat (2\u2103\/ph\u00fat) \u2192 R\u1eeda b\u1eb1ng n\u01b0\u1edbc<\/li>\n<\/ul>\n\n\n\n<p>\uff084\uff09<strong>X\u00e0 ph\u00f2ng:<\/strong><\/p>\n\n\n\n<ul class=\"wp-block-list\">\n<li>Ch\u1ea5t x\u00e0 ph\u00f2ng kh\u00f4ng t\u1ea1o b\u1ecdt: 2 g\/L<\/li>\n\n\n\n<li>95\u2103\u00d720 ph\u00fat (2\u2103\/ ph\u00fat) \u2192 R\u1eeda b\u1eb1ng n\u01b0\u1edbc<\/li>\n<\/ul>\n\n\n\n<p>\uff085\uff09<strong>S\u1eeda l\u1ed7i:<\/strong><\/p>\n\n\n\n<ul class=\"wp-block-list\">\n<li>Ch\u1ea5t c\u1ed1 \u0111\u1ecbnh kh\u00f4ng ch\u1ee9a formaldehyde: 1%<\/li>\n\n\n\n<li>40\u2103\u00d720 ph\u00fat \u2192 S\u1ea5y kh\u00f4<\/li>\n<\/ul>\n\n\n\n<p>\uff086\uff09<strong>C\u00e0i \u0111\u1eb7t:<\/strong><\/p>\n\n\n\n<ul class=\"wp-block-list\">\n<li>Ch\u1ea5t c\u1ed1 \u0111\u1ecbnh 22307: 0, 20, 40 g\/L<\/li>\n\n\n\n<li>Nh\u00fang v\u00e0 \u0111\u1ec7m \u2192 C\u00e0i \u0111\u1eb7t (170\u2103\u00d7kho\u1ea3ng 90 gi\u00e2y)<\/li>\n<\/ul>\n<\/div>\n<\/div>","protected":false},"excerpt":{"rendered":"<p>Ch\u1ea5t c\u1ed1 \u0111\u1ecbnh s\u1ee3i, \u0111\u01b0\u1ee3c s\u1eed d\u1ee5ng cho v\u1ea3i cotton polyester, nylon, v\u1ea3i cotton nylon v\u00e0 c\u00e1c lo\u1ea1i s\u1ee3i h\u00f3a h\u1ecdc kh\u00e1c c\u0169ng nh\u01b0 v\u1ea3i pha tr\u1ed9n c\u1ee7a ch\u00fang, c\u00f3 t\u00e1c d\u1ee5ng tuy\u1ec7t v\u1eddi \u0111\u1ebfn \u0111\u1ed9 b\u1ec1n n\u01b0\u1edbc c\u1ee7a b\u1ecdt s\u1ee3i h\u00f3a h\u1ecdc.<\/p>\n<p><strong>S\u1ed1 hi\u1ec7u m\u1eabu <\/strong>22307<\/p>\n<p><img decoding=\"async\" class=\"alignnone size-medium wp-image-1658\" src=\"https:\/\/www.bluelakechem.com\/wp-content\/uploads\/2025\/01\/22307-\uff08\u53cclogo\uff09-1-300x300.jpg\" alt=\"\" width=\"300\" height=\"300\" srcset=\"https:\/\/www.bluelakechem.com\/wp-content\/uploads\/2025\/01\/22307-\uff08\u53cclogo\uff09-1-300x300.jpg 300w, https:\/\/www.bluelakechem.com\/wp-content\/uploads\/2025\/01\/22307-\uff08\u53cclogo\uff09-1-150x150.jpg 150w, https:\/\/www.bluelakechem.com\/wp-content\/uploads\/2025\/01\/22307-\uff08\u53cclogo\uff09-1-768x768.jpg 768w, https:\/\/www.bluelakechem.com\/wp-content\/uploads\/2025\/01\/22307-\uff08\u53cclogo\uff09-1-12x12.jpg 12w, https:\/\/www.bluelakechem.com\/wp-content\/uploads\/2025\/01\/22307-\uff08\u53cclogo\uff09-1-600x600.jpg 600w, https:\/\/www.bluelakechem.com\/wp-content\/uploads\/2025\/01\/22307-\uff08\u53cclogo\uff09-1-100x100.jpg 100w, https:\/\/www.bluelakechem.com\/wp-content\/uploads\/2025\/01\/22307-\uff08\u53cclogo\uff09-1.jpg 800w\" sizes=\"(max-width: 300px) 100vw, 300px\" \/><\/p>","protected":false},"featured_media":1797,"comment_status":"closed","ping_status":"closed","template":"","meta":{"_acf_changed":false},"material":[26,27,28,29,30,31,32,49,34],"process":[20,23,41],"product_brand":[],"product_cat":[15],"product_tag":[],"class_list":{"0":"post-1576","1":"product","2":"type-product","3":"status-publish","4":"has-post-thumbnail","6":"material-cotton-agent","7":"material-polyester-chemicals","8":"material-nylon-agent","9":"material-acrylic-chemicals","10":"material-viscose-chemicals","11":"material-wool-auxiliary","12":"material-linen-chemicals","13":"material-elastic","14":"material-fabric-chemicals","15":"process-dyeing-auxiliaries","16":"process-textile-finishing-chemicals","17":"process-fixing-agent","18":"product_cat-uncategorized","20":"first","21":"instock","22":"shipping-taxable","23":"product-type-simple"},"acf":[],"_links":{"self":[{"href":"https:\/\/www.bluelakechem.com\/vi\/wp-json\/wp\/v2\/product\/1576","targetHints":{"allow":["GET"]}}],"collection":[{"href":"https:\/\/www.bluelakechem.com\/vi\/wp-json\/wp\/v2\/product"}],"about":[{"href":"https:\/\/www.bluelakechem.com\/vi\/wp-json\/wp\/v2\/types\/product"}],"replies":[{"embeddable":true,"href":"https:\/\/www.bluelakechem.com\/vi\/wp-json\/wp\/v2\/comments?post=1576"}],"wp:featuredmedia":[{"embeddable":true,"href":"https:\/\/www.bluelakechem.com\/vi\/wp-json\/wp\/v2\/media\/1797"}],"wp:attachment":[{"href":"https:\/\/www.bluelakechem.com\/vi\/wp-json\/wp\/v2\/media?parent=1576"}],"wp:term":[{"taxonomy":"material","embeddable":true,"href":"https:\/\/www.bluelakechem.com\/vi\/wp-json\/wp\/v2\/material?post=1576"},{"taxonomy":"process","embeddable":true,"href":"https:\/\/www.bluelakechem.com\/vi\/wp-json\/wp\/v2\/process?post=1576"},{"taxonomy":"product_brand","embeddable":true,"href":"https:\/\/www.bluelakechem.com\/vi\/wp-json\/wp\/v2\/product_brand?post=1576"},{"taxonomy":"product_cat","embeddable":true,"href":"https:\/\/www.bluelakechem.com\/vi\/wp-json\/wp\/v2\/product_cat?post=1576"},{"taxonomy":"product_tag","embeddable":true,"href":"https:\/\/www.bluelakechem.com\/vi\/wp-json\/wp\/v2\/product_tag?post=1576"}],"curies":[{"name":"wp","href":"https:\/\/api.w.org\/{rel}","templated":true}]}}