{"id":1578,"date":"2025-01-22T06:48:21","date_gmt":"2025-01-22T06:48:21","guid":{"rendered":"https:\/\/www.bluelakechem.com\/?post_type=product&#038;p=1578"},"modified":"2025-11-21T11:04:26","modified_gmt":"2025-11-21T11:04:26","slug":"hydrophilic-agent","status":"publish","type":"product","link":"https:\/\/www.bluelakechem.com\/vi\/product\/hydrophilic-agent\/","title":{"rendered":"Ch\u1ea5t h\u00fat \u1ea9m th\u00e2n n\u01b0\u1edbc, th\u1ea5m h\u00fat m\u1ed3 h\u00f4i, c\u00f3 th\u1ec3 gi\u1eb7t \u0111\u01b0\u1ee3c v\u00e0 kh\u00f4 nhanh cho t\u1ea5t c\u1ea3 c\u00e1c lo\u1ea1i v\u1ea3i."},"content":{"rendered":"<div class=\"wp-block-columns is-layout-flex wp-container-core-columns-is-layout-9d6595d7 wp-block-columns-is-layout-flex\">\n<div class=\"wp-block-column is-layout-flow wp-block-column-is-layout-flow\">\n<h2 class=\"wp-block-heading\">M\u00f4 t\u1ea3 s\u1ea3n ph\u1ea9m c\u1ee7a ch\u1ea5t \u01b0a n\u01b0\u1edbc<\/h2>\n\n\n\n<ul class=\"wp-block-list\">\n<li>66302 l\u00e0 nh\u1ef1a polyamine \u201cgi\u1ed1ng h\u00ecnh sao\u201d \u0111\u01b0\u1ee3c bi\u1ebfn t\u00ednh t\u1eeb imine \u01b0a n\u01b0\u1edbc.<\/li>\n\n\n\n<li>\u1ede nhi\u1ec7t \u0111\u1ed9 cao, n\u00f3 c\u00f3 th\u1ec3 t\u1ea1o th\u00e0nh m\u1ed9t c\u1ea5u tr\u00fac l\u01b0\u1edbi li\u00ean k\u1ebft ngang \u1ed5n \u0111\u1ecbnh, c\u00f3 th\u1ec3 t\u1ea1o th\u00e0nh m\u1ed9t l\u1edbp m\u00e0ng \u01b0a n\u01b0\u1edbc d\u1ea1ng keo \u0111\u1eb7c gi\u1ed1ng nh\u01b0 n\u01b0\u1edbc v\u1edbi v\u1ea3i. L\u1edbp m\u00e0ng c\u00f3 hi\u1ec7u su\u1ea5t b\u1ec1n v\u00e0 c\u00f3 th\u1ec3 gi\u1eb7t tuy\u1ec7t v\u1eddi, c\u00f3 th\u1ec3 mang l\u1ea1i cho v\u1ea3i hi\u1ec7u su\u1ea5t \u01b0a n\u01b0\u1edbc b\u1ec1n v\u00e0 l\u00e2u d\u00e0i.<\/li>\n\n\n\n<li>Ph\u00f9 h\u1ee3p v\u1edbi nhi\u1ec1u lo\u1ea1i v\u1ea3i kh\u00e1c nhau.<\/li>\n\n\n\n<li>S\u1ea3n ph\u1ea9m \u0111\u1eb7c bi\u1ec7t th\u00edch h\u1ee3p \u0111\u1ec3 th\u1ea5m h\u00fat \u0111\u1ed9 \u1ea9m l\u00e2u d\u00e0i v\u00e0 l\u00e0m kh\u00f4 nhanh cho c\u00e1c lo\u1ea1i v\u1ea3i nylon cao c\u1ea5p.<\/li>\n\n\n\n<li>C\u00f3 th\u1ec3 \u00e1p d\u1ee5ng trong qu\u00e1 tr\u00ecnh ho\u00e0n thi\u1ec7n l\u00f5i l\u1ea1nh \u01b0a n\u01b0\u1edbc cho nylon v\u1edbi li\u1ec1u l\u01b0\u1ee3ng l\u1edbn.<\/li>\n\n\n\n<li>S\u1ea3n ph\u1ea9m n\u00e0y c\u0169ng th\u00edch h\u1ee3p \u0111\u1ec3 l\u00e0m l\u1edbp ho\u00e0n thi\u1ec7n \u01b0a n\u01b0\u1edbc c\u00f3 th\u1ec3 gi\u1eb7t \u0111\u01b0\u1ee3c cho v\u1ea3i cotton v\u00e0 v\u1ea3i pha cotton, c\u0169ng nh\u01b0 l\u00e0m l\u1edbp ho\u00e0n thi\u1ec7n \u01b0a n\u01b0\u1edbc c\u00f3 th\u1ec3 gi\u1eb7t \u0111\u01b0\u1ee3c v\u00e0 kh\u00f4ng c\u1ea7n \u1ee7i cho \u00e1o s\u01a1 mi nam cao c\u1ea5p.<\/li>\n<\/ul>\n\n\n\n<h2 class=\"wp-block-heading\">\u0110\u1eb7c \u0111i\u1ec3m c\u1ee7a ch\u1ea5t \u01b0a n\u01b0\u1edbc<\/h2>\n\n\n\n<ol class=\"wp-block-list\">\n<li>Th\u00e2n thi\u1ec7n v\u1edbi m\u00f4i tr\u01b0\u1eddng. Kh\u00f4ng ch\u1ee9a c\u00e1c ch\u1ea5t b\u1ecb c\u1ea5m nh\u01b0 APEO ho\u1eb7c formaldehyde, v.v.<\/li>\n\n\n\n<li>Cung c\u1ea5p cho v\u1ea3i kh\u1ea3 n\u0103ng h\u1ea5p th\u1ee5 \u0111\u1ed9 \u1ea9m l\u00e2u d\u00e0i v\u00e0 hi\u1ec7u su\u1ea5t kh\u00f4 nhanh. C\u00f3 th\u1ec3 gi\u1eb7t h\u01a1n 20 l\u1ea7n.<\/li>\n\n\n\n<li>C\u00f3 th\u1ec3 gi\u1ea3i quy\u1ebft t\u00ecnh tr\u1ea1ng v\u1ea3i nylon t\u1ed1i m\u00e0u b\u1ecb y\u1ebfu \u0111i do b\u1ecb c\u1ed1 \u0111\u1ecbnh.<\/li>\n\n\n\n<li>C\u1ea3i thi\u1ec7n kh\u1ea3 n\u0103ng ch\u1ed1ng m\u00e0i m\u00f2n. C\u00f3 th\u1ec3 b\u1ea3o v\u1ec7 s\u1ee3i kh\u1ecfi h\u01b0 h\u1ecfng c\u01a1 h\u1ecdc v\u00e0 c\u1ea3i thi\u1ec7n hi\u1ec7u su\u1ea5t ch\u1ed1ng x\u00f9 l\u00f4ng.<\/li>\n\n\n\n<li>\u0110\u1ed9 \u1ed5n \u0111\u1ecbnh cao. Trong qu\u00e1 tr\u00ecnh nhu\u1ed9m nylon, c\u00f3 th\u1ec3 s\u1eed d\u1ee5ng tr\u1ef1c ti\u1ebfp trong b\u1ec3 nhu\u1ed9m. C\u0169ng c\u00f3 th\u1ec3 s\u1eed d\u1ee5ng trong qu\u00e1 tr\u00ecnh nh\u00fang sau khi c\u1ed1 \u0111\u1ecbnh.<\/li>\n\n\n\n<li>V\u1edbi li\u1ec1u l\u01b0\u1ee3ng l\u1edbn, c\u00f3 th\u1ec3 \u00e1p d\u1ee5ng trong qu\u00e1 tr\u00ecnh ho\u00e0n thi\u1ec7n l\u00f5i \u01b0a n\u01b0\u1edbc v\u00e0 m\u00e1t cho nylon.<\/li>\n\n\n\n<li>Kh\u1ea3 n\u0103ng t\u01b0\u01a1ng th\u00edch t\u1ed1t v\u1edbi d\u1ea7u silicon. C\u00f3 th\u1ec3 c\u1ea3i thi\u1ec7n t\u00ednh \u01b0a n\u01b0\u1edbc c\u1ee7a d\u1ea7u silicon.<\/li>\n<\/ol>\n<\/div>\n\n\n\n<div class=\"wp-block-column is-layout-flow wp-block-column-is-layout-flow\">\n<figure class=\"wp-block-embed is-type-video is-provider-youtube wp-block-embed-youtube wp-embed-aspect-16-9 wp-has-aspect-ratio\"><div class=\"wp-block-embed__wrapper\">\n<iframe title=\"Nh\u1ef1a c\u00f3 th\u1ec3 gi\u1eb7t \u0111\u01b0\u1ee3c, h\u00fat \u1ea9m v\u00e0 kh\u00f4 nhanh: Kh\u1ea3 n\u0103ng h\u00fat \u1ea9m \u2265200% # h\u00f3a ch\u1ea5t d\u1ec7t may\" width=\"500\" height=\"281\" src=\"https:\/\/www.youtube.com\/embed\/oxP-eU9BYZs?feature=oembed\" frameborder=\"0\" allow=\"accelerometer; autoplay; clipboard-write; encrypted-media; gyroscope; picture-in-picture; web-share\" referrerpolicy=\"strict-origin-when-cross-origin\" allowfullscreen><\/iframe>\n<\/div><\/figure>\n\n\n\n<h2 class=\"wp-block-heading\">T\u00ednh ch\u1ea5t \u0111i\u1ec3n h\u00ecnh c\u1ee7a t\u00e1c nh\u00e2n \u01b0a n\u01b0\u1edbc<\/h2>\n\n\n\n<figure class=\"wp-block-table\"><table class=\"has-fixed-layout\"><tbody><tr><td>V\u1ebb b\u1ec1 ngo\u00e0i:<\/td><td>Ch\u1ea5t l\u1ecfng trong su\u1ed1t kh\u00f4ng m\u00e0u \u0111\u1ebfn v\u00e0ng<\/td><\/tr><tr><td>T\u00ednh ion:<\/td><td>Cation<\/td><\/tr><tr><td>Gi\u00e1 tr\u1ecb pH:<\/td><td>6.0~7.0 (dung d\u1ecbch n\u01b0\u1edbc 1%)<\/td><\/tr><tr><td>\u0110\u1ed9 h\u00f2a tan:<\/td><td>H\u00f2a tan trong n\u01b0\u1edbc<\/td><\/tr><\/tbody><\/table><\/figure>\n\n\n\n<h2 class=\"wp-block-heading\">H\u01b0\u1edbng d\u1eabn s\u1eed d\u1ee5ng ch\u1ea5t \u01b0a n\u01b0\u1edbc<\/h2>\n\n\n\n<p><strong>1. Quy tr\u00ecnh \u0111\u1ec7m:<\/strong><\/p>\n\n\n\n<ul class=\"wp-block-list\">\n<li>Li\u1ec1u l\u01b0\u1ee3ng tham kh\u1ea3o: 5~20 g\/L<\/li>\n\n\n\n<li>C\u00e0i \u0111\u1eb7t: Nh\u00fang v\u00e0 \u0111\u1ec7m (Nh\u1eb7t: 70~90%) \u2192 160~170\u2103 \u00d7 60~90 gi\u00e2y<\/li>\n<\/ul>\n\n\n\n<p><strong>2. Quy tr\u00ecnh nh\u00fang:<\/strong><\/p>\n\n\n\n<ul class=\"wp-block-list\">\n<li>Li\u1ec1u tham kh\u1ea3o: 0,5~2,0% (owf)<\/li>\n\n\n\n<li>Quy tr\u00ecnh: Sau khi c\u1ed1 \u0111\u1ecbnh, 80\u2103 \u00d7 20~30 ph\u00fat \u2192 Kh\u00f4<\/li>\n<\/ul>\n<\/div>\n<\/div>","protected":false},"excerpt":{"rendered":"<p>Ch\u1ea5t ho\u00e0n thi\u1ec7n \u01b0a n\u01b0\u1edbc b\u1ec1n, th\u00edch h\u1ee3p cho qu\u00e1 tr\u00ecnh ho\u00e0n thi\u1ec7n b\u1ec1n, c\u00f3 th\u1ec3 gi\u1eb7t v\u00e0 \u01b0a n\u01b0\u1edbc c\u1ee7a nhi\u1ec1u lo\u1ea1i s\u1ee3i kh\u00e1c nhau, \u0111\u1eb7c bi\u1ec7t th\u00edch h\u1ee3p cho qu\u00e1 tr\u00ecnh h\u00fat \u1ea9m b\u1ec1n v\u00e0 ho\u00e0n thi\u1ec7n kh\u00f4 nhanh c\u1ee7a c\u00e1c lo\u1ea1i v\u1ea3i nylon cao c\u1ea5p, v\u00e0 c\u0169ng th\u00edch h\u1ee3p cho qu\u00e1 tr\u00ecnh ho\u00e0n thi\u1ec7n c\u1ee9ng, \u01b0a n\u01b0\u1edbc c\u00f3 th\u1ec3 gi\u1eb7t \u0111\u01b0\u1ee3c c\u1ee7a v\u1ea3i cotton v\u00e0 c\u00e1c lo\u1ea1i v\u1ea3i pha c\u1ee7a n\u00f3.<\/p>\n<p><strong>S\u1ed1 hi\u1ec7u m\u1eabu<\/strong>66302<\/p>","protected":false},"featured_media":1798,"comment_status":"closed","ping_status":"closed","template":"","meta":{"_acf_changed":false},"material":[26,27,28,29,30,49,34],"process":[23,25],"product_brand":[],"product_cat":[15],"product_tag":[],"class_list":{"0":"post-1578","1":"product","2":"type-product","3":"status-publish","4":"has-post-thumbnail","6":"material-cotton-agent","7":"material-polyester-chemicals","8":"material-nylon-agent","9":"material-acrylic-chemicals","10":"material-viscose-chemicals","11":"material-elastic","12":"material-fabric-chemicals","13":"process-textile-finishing-chemicals","14":"process-textile-finishing-agent","15":"product_cat-uncategorized","17":"first","18":"instock","19":"shipping-taxable","20":"product-type-simple"},"acf":[],"_links":{"self":[{"href":"https:\/\/www.bluelakechem.com\/vi\/wp-json\/wp\/v2\/product\/1578","targetHints":{"allow":["GET"]}}],"collection":[{"href":"https:\/\/www.bluelakechem.com\/vi\/wp-json\/wp\/v2\/product"}],"about":[{"href":"https:\/\/www.bluelakechem.com\/vi\/wp-json\/wp\/v2\/types\/product"}],"replies":[{"embeddable":true,"href":"https:\/\/www.bluelakechem.com\/vi\/wp-json\/wp\/v2\/comments?post=1578"}],"wp:featuredmedia":[{"embeddable":true,"href":"https:\/\/www.bluelakechem.com\/vi\/wp-json\/wp\/v2\/media\/1798"}],"wp:attachment":[{"href":"https:\/\/www.bluelakechem.com\/vi\/wp-json\/wp\/v2\/media?parent=1578"}],"wp:term":[{"taxonomy":"material","embeddable":true,"href":"https:\/\/www.bluelakechem.com\/vi\/wp-json\/wp\/v2\/material?post=1578"},{"taxonomy":"process","embeddable":true,"href":"https:\/\/www.bluelakechem.com\/vi\/wp-json\/wp\/v2\/process?post=1578"},{"taxonomy":"product_brand","embeddable":true,"href":"https:\/\/www.bluelakechem.com\/vi\/wp-json\/wp\/v2\/product_brand?post=1578"},{"taxonomy":"product_cat","embeddable":true,"href":"https:\/\/www.bluelakechem.com\/vi\/wp-json\/wp\/v2\/product_cat?post=1578"},{"taxonomy":"product_tag","embeddable":true,"href":"https:\/\/www.bluelakechem.com\/vi\/wp-json\/wp\/v2\/product_tag?post=1578"}],"curies":[{"name":"wp","href":"https:\/\/api.w.org\/{rel}","templated":true}]}}