{"id":1584,"date":"2025-01-22T07:00:35","date_gmt":"2025-01-22T07:00:35","guid":{"rendered":"https:\/\/www.bluelakechem.com\/?post_type=product&#038;p=1584"},"modified":"2025-03-27T03:13:40","modified_gmt":"2025-03-27T03:13:40","slug":"silicone-polymer","status":"publish","type":"product","link":"https:\/\/www.bluelakechem.com\/vi\/product\/silicone-polymer\/","title":{"rendered":"Ch\u1ea5t l\u00e0m m\u1ec1m silicone polymer \u01b0a n\u01b0\u1edbc b\u1ec1n b\u1ec9, th\u1ea5m \u1ea9m"},"content":{"rendered":"<div class=\"wp-block-columns is-layout-flex wp-container-core-columns-is-layout-9d6595d7 wp-block-columns-is-layout-flex\">\n<div class=\"wp-block-column is-layout-flow wp-block-column-is-layout-flow\">\n<div class=\"wp-block-columns is-layout-flex wp-container-core-columns-is-layout-9d6595d7 wp-block-columns-is-layout-flex\">\n<div class=\"wp-block-column is-layout-flow wp-block-column-is-layout-flow\">\n<h2 class=\"wp-block-heading\">Silicone Polymer Description:<\/h2>\n\n\n\n<ul class=\"wp-block-list\">\n<li>69204 Hydrophilic Silicone Softener is a silicone polymer with a self-crosslinked polyether amine ester structure.<\/li>\n\n\n\n<li>Polysiloxane links provide softness and weather resistance. Polyether amine ester links provide excellent hydrophilicity, reactivity and compatibility. They can combine with the active groups&nbsp;of the treated fabric&nbsp;to form a stable crosslinking&nbsp;net structure, which has excellent durability and washability.<\/li>\n\n\n\n<li>It is an innovative product both with moisture absorption and quick drying performance and handle.<\/li>\n\n\n\n<li>It is widely applied in the durable moisture absorption and quick drying finishing for nylon fabrics.<\/li>\n<\/ul>\n\n\n\n<h2 class=\"wp-block-heading\">Silicone Polymer Features<\/h2>\n\n\n\n<ol class=\"wp-block-list\">\n<li>Contains no APEO or prohibited chemical substances. Consistent with the European Union standard of Otex-100.<\/li>\n\n\n\n<li>Imparts fabrics&nbsp;durable and washable hydrophilicity.<\/li>\n\n\n\n<li>Extremely low yellowing&nbsp;and extremely low shade changing. Almost no influence on the original color shade of fabric.<\/li>\n\n\n\n<li>Little influence on color fastness.<\/li>\n\n\n\n<li>Excellent self-emulsifying property. Can be diluted with water at any proportion.<\/li>\n\n\n\n<li>More cost-effective than polyurethane moisture absorption and quick drying agent.<\/li>\n<\/ol>\n<\/div>\n\n\n\n<div class=\"wp-block-column is-layout-flow wp-block-column-is-layout-flow\">\n<h2 class=\"wp-block-heading\">Silicone Polymer Typical Properties:<\/h2>\n\n\n\n<figure class=\"wp-block-table\"><table class=\"has-fixed-layout\"><tbody><tr><td>V\u1ebb b\u1ec1 ngo\u00e0i:<\/td><td>Light yellow transparent emulsion<\/td><\/tr><tr><td>T\u00ednh ion:<\/td><td>Weak cationic\/ Nonionic<\/td><\/tr><tr><td>Gi\u00e1 tr\u1ecb pH:<\/td><td>8.0~9.0&nbsp;(1% aqueous solution)<\/td><\/tr><tr><td>\u0110\u1ed9 h\u00f2a tan:<\/td><td>H\u00f2a tan trong n\u01b0\u1edbc<\/td><\/tr><\/tbody><\/table><\/figure>\n\n\n\n<h2 class=\"wp-block-heading\">Silicone Polymer Instruction:<\/h2>\n\n\n\n<h3 class=\"wp-block-heading\">Quy tr\u00ecnh \u0111\u1ec7m: <\/h3>\n\n\n\n<ul class=\"wp-block-list\">\n<li>Reference dosage:\u00a05~20\u00a0g\/L<\/li>\n\n\n\n<li>Gi\u00e1 tr\u1ecb pH t\u1ed1i \u01b0u c\u1ee7a dung d\u1ecbch l\u00e0m vi\u1ec7c: 6.0~7.0<\/li>\n\n\n\n<li>C\u00e0i \u0111\u1eb7t: Nh\u00fang v\u00e0 \u0111\u1ec7m (Nh\u1eb7t: 70~90%) \u2192 160~170\u2103 \u00d7 60~90 gi\u00e2y<\/li>\n<\/ul>\n\n\n\n<h3 class=\"wp-block-heading\">Dipping process:<\/h3>\n\n\n\n<ul class=\"wp-block-list\">\n<li>Reference dosage: 0.5~1.5% (o.w.f)<\/li>\n\n\n\n<li>T\u1ef7 l\u1ec7 t\u1eafm: 1:20<\/li>\n\n\n\n<li>Process: 80\u2103 \u00d7 20~30 min \u2192 Dewater \u2192 Dry (100~120\u2103)<\/li>\n<\/ul>\n<\/div>\n<\/div>\n<\/div>\n<\/div>","protected":false},"excerpt":{"rendered":"<p>Polymer silicon c\u00f3 \u0111\u1eb7c t\u00ednh h\u00fat \u1ea9m, kh\u00f4 nhanh v\u00e0 b\u1ec1n, l\u00e0 ch\u1ea5t l\u00e0m m\u1ec1m silicon \u01b0a n\u01b0\u1edbc cho nhi\u1ec1u lo\u1ea1i s\u1ee3i. Mang l\u1ea1i hi\u1ec7u \u1ee9ng ho\u00e0n thi\u1ec7n m\u1ec1m m\u1ea1i v\u00e0 ch\u1ee9c n\u0103ng cho v\u1ea3i.<\/p>\n<p><strong>S\u1ed1 hi\u1ec7u m\u1eabu<\/strong>69204<\/p>","protected":false},"featured_media":1799,"comment_status":"closed","ping_status":"closed","template":"","meta":{"_acf_changed":false},"material":[26,27,28,29,30,49,34],"process":[23,24],"product_brand":[],"product_cat":[15],"product_tag":[],"class_list":{"0":"post-1584","1":"product","2":"type-product","3":"status-publish","4":"has-post-thumbnail","6":"material-cotton-agent","7":"material-polyester-chemicals","8":"material-nylon-agent","9":"material-acrylic-chemicals","10":"material-viscose-chemicals","11":"material-elastic","12":"material-fabric-chemicals","13":"process-textile-finishing-chemicals","14":"process-silicone-oil","15":"product_cat-uncategorized","17":"first","18":"instock","19":"shipping-taxable","20":"product-type-simple"},"acf":[],"_links":{"self":[{"href":"https:\/\/www.bluelakechem.com\/vi\/wp-json\/wp\/v2\/product\/1584","targetHints":{"allow":["GET"]}}],"collection":[{"href":"https:\/\/www.bluelakechem.com\/vi\/wp-json\/wp\/v2\/product"}],"about":[{"href":"https:\/\/www.bluelakechem.com\/vi\/wp-json\/wp\/v2\/types\/product"}],"replies":[{"embeddable":true,"href":"https:\/\/www.bluelakechem.com\/vi\/wp-json\/wp\/v2\/comments?post=1584"}],"wp:featuredmedia":[{"embeddable":true,"href":"https:\/\/www.bluelakechem.com\/vi\/wp-json\/wp\/v2\/media\/1799"}],"wp:attachment":[{"href":"https:\/\/www.bluelakechem.com\/vi\/wp-json\/wp\/v2\/media?parent=1584"}],"wp:term":[{"taxonomy":"material","embeddable":true,"href":"https:\/\/www.bluelakechem.com\/vi\/wp-json\/wp\/v2\/material?post=1584"},{"taxonomy":"process","embeddable":true,"href":"https:\/\/www.bluelakechem.com\/vi\/wp-json\/wp\/v2\/process?post=1584"},{"taxonomy":"product_brand","embeddable":true,"href":"https:\/\/www.bluelakechem.com\/vi\/wp-json\/wp\/v2\/product_brand?post=1584"},{"taxonomy":"product_cat","embeddable":true,"href":"https:\/\/www.bluelakechem.com\/vi\/wp-json\/wp\/v2\/product_cat?post=1584"},{"taxonomy":"product_tag","embeddable":true,"href":"https:\/\/www.bluelakechem.com\/vi\/wp-json\/wp\/v2\/product_tag?post=1584"}],"curies":[{"name":"wp","href":"https:\/\/api.w.org\/{rel}","templated":true}]}}