{"id":1585,"date":"2025-01-22T07:14:45","date_gmt":"2025-01-22T07:14:45","guid":{"rendered":"https:\/\/www.bluelakechem.com\/?post_type=product&#038;p=1585"},"modified":"2025-03-27T03:14:39","modified_gmt":"2025-03-27T03:14:39","slug":"softening-agent","status":"publish","type":"product","link":"https:\/\/www.bluelakechem.com\/vi\/product\/softening-agent\/","title":{"rendered":"Ch\u1ea5t l\u00e0m m\u1ec1m Ch\u1ea5t l\u00e0m m\u1ec1m axit b\u00e9o cho v\u1ea3i cotton polyester Ch\u1ea5t ho\u00e0n thi\u1ec7n"},"content":{"rendered":"<div class=\"wp-block-columns is-layout-flex wp-container-core-columns-is-layout-9d6595d7 wp-block-columns-is-layout-flex\">\n<div class=\"wp-block-column is-layout-flow wp-block-column-is-layout-flow\" style=\"flex-basis:50%\">\n<h2 class=\"wp-block-heading\">M\u00f4 t\u1ea3 ch\u1ea5t l\u00e0m m\u1ec1m:<\/h2>\n\n\n\n<ul class=\"wp-block-list\">\n<li>39004 Ch\u1ea5t l\u00e0m m\u1ec1m \u0111\u01b0\u1ee3c \u0111i\u1ec1u ch\u1ebf \u0111\u1eb7c bi\u1ec7t t\u1eeb c\u00e1c axit b\u00e9o th\u1ef1c v\u1eadt t\u1ef1 nhi\u00ean.<\/li>\n\n\n\n<li>N\u1ebfu kh\u00f4ng qua qu\u00e1 tr\u00ecnh hydroprocessing, n\u00f3 c\u00f3 h\u00e0m l\u01b0\u1ee3ng axit b\u00e9o kh\u00f4ng b\u00e3o h\u00f2a cao.<\/li>\n\n\n\n<li>N\u00f3 c\u00f3 th\u1ec3 \u0111\u01b0\u1ee3c \u00e1p d\u1ee5ng trong quy tr\u00ecnh th\u00e2n n\u01b0\u1edbc, m\u1ec1m m\u1ea1i v\u00e0 m\u1ecbn m\u00e0ng cho c\u00e1c lo\u1ea1i v\u1ea3i l\u00e0m t\u1eeb b\u00f4ng, Rayon, Modal, s\u1ee3i t\u1ed5ng h\u1ee3p v\u00e0 c\u00e1c h\u1ed7n h\u1ee3p c\u1ee7a ch\u00fang.<\/li>\n\n\n\n<li>N\u00f3 \u0111\u1eb7c bi\u1ec7t ph\u00f9 h\u1ee3p v\u1edbi v\u1ea3i polyester\/cotton, gi\u00fap c\u1ea3i thi\u1ec7n \u0111\u1ed9 d\u00e0y, \u0111\u1ed9 m\u1ec1m m\u1ea1i v\u00e0 \u0111\u1ed9 \u0111\u00e0n h\u1ed3i khi c\u1ea7m n\u1eafm c\u1ee7a v\u1ea3i.<\/li>\n\n\n\n<li>N\u00f3 ph\u00f9 h\u1ee3p h\u01a1n cho qu\u00e1 tr\u00ecnh ho\u00e0n thi\u1ec7n c\u1ee7a tay c\u1ea7m l\u00e0m t\u1eeb \u201cb\u00f4ng t\u1ef1 nhi\u00ean\u201d.<\/li>\n<\/ul>\n\n\n\n<h2 class=\"wp-block-heading\">T\u00ednh n\u0103ng c\u1ee7a ch\u1ea5t l\u00e0m m\u1ec1m:<\/h2>\n\n\n\n<ol class=\"wp-block-list\">\n<li>\u0110\u1ed9 \u01b0a n\u01b0\u1edbc t\u1ed1t.<\/li>\n\n\n\n<li>T\u1ea1o cho v\u1ea3i c\u1ea3m gi\u00e1c m\u1ec1m m\u1ea1i, m\u1ecbn m\u00e0ng, kh\u00f4 r\u00e1o v\u00e0 tinh t\u1ebf khi ch\u1ea1m v\u00e0o.<\/li>\n\n\n\n<li>So v\u1edbi vi\u00ean l\u00e0m m\u1ec1m, c\u00f3 th\u1ec3 pha lo\u00e3ng b\u1eb1ng n\u01b0\u1edbc l\u1ea1nh. Thu\u1eadn ti\u1ec7n cho vi\u1ec7c s\u1eed d\u1ee5ng.<\/li>\n<\/ol>\n<\/div>\n\n\n\n<div class=\"wp-block-column is-layout-flow wp-block-column-is-layout-flow\" style=\"flex-basis:50%\">\n<h2 class=\"wp-block-heading\">Ch\u1ea5t l\u00e0m m\u1ec1m - T\u00ednh ch\u1ea5t \u0111i\u1ec3n h\u00ecnh:<\/h2>\n\n\n\n<figure class=\"wp-block-table\"><table class=\"has-fixed-layout\"><tbody><tr><td>V\u1ebb b\u1ec1 ngo\u00e0i:<\/td><td>M\u00e0u v\u00e0ng nh\u1ea1t \u0111\u1ebfn v\u00e0ng, d\u1ea1ng b\u00e1n \u0111\u1eb7c ho\u1eb7c \u0111\u1eb7c.<\/td><\/tr><tr><td>T\u00ednh ion:<\/td><td>Cation y\u1ebfu<\/td><\/tr><tr><td>Gi\u00e1 tr\u1ecb pH:<\/td><td>&#8212;&#8212;&#8211;<\/td><\/tr><tr><td>\u0110\u1ed9 h\u00f2a tan:<\/td><td>H\u00f2a tan trong n\u01b0\u1edbc<\/td><\/tr><\/tbody><\/table><\/figure>\n\n\n\n<h2 class=\"wp-block-heading\">H\u01b0\u1edbng d\u1eabn s\u1eed d\u1ee5ng ch\u1ea5t l\u00e0m m\u1ec1m<\/h2>\n\n\n\n<ol class=\"wp-block-list\">\n<li>39004 Ch\u1ea5t l\u00e0m m\u1ec1m l\u00e0 s\u1ea3n ph\u1ea9m c\u00f3 n\u1ed3ng \u0111\u1ed9 cao. K\u00ednh \u0111\u1ec1 ngh\u1ecb pha lo\u00e3ng s\u1ea3n ph\u1ea9m v\u1edbi t\u1ef7 l\u1ec7 1:9 v\u1edbi n\u01b0\u1edbc v\u00e0 sau \u0111\u00f3 s\u1eed d\u1ee5ng.<\/li>\n\n\n\n<li>Pha lo\u00e3ng: Vui l\u00f2ng cho 450kg n\u01b0\u1edbc l\u00e0m m\u1ec1m v\u00e0o th\u00f9ng ch\u1ee9a, t\u1eeb t\u1eeb th\u00eam 50kg ch\u1ea5t l\u00e0m m\u1ec1m 39004, sau \u0111\u00f3 khu\u1ea5y \u0111\u1ec1u trong 20 ph\u00fat. L\u1ecdc v\u00e0 s\u1eed d\u1ee5ng.<\/li>\n\n\n\n<li>Quy tr\u00ecnh ng\u00e2m t\u1ea9m (Nhu\u1ed9m v\u00e0 l\u00e0m m\u1ec1m trong c\u00f9ng m\u1ed9t b\u1ec3): Li\u1ec1u l\u01b0\u1ee3ng tham kh\u1ea3o c\u1ee7a dung d\u1ecbch pha lo\u00e3ng 39004: 5~15% (tr\u1ecdng l\u01b0\u1ee3ng tr\u00ean tr\u1ecdng l\u01b0\u1ee3ng)<\/li>\n\n\n\n<li>T\u1ef7 l\u1ec7 pha lo\u00e3ng: 1:5 \u0111\u1ebfn 1:10<\/li>\n\n\n\n<li>45~50\u2103 \u00d7 20~30 ph\u00fat \u2192 L\u00f3t \u2192 \u0110\u1ecbnh h\u00ecnh<\/li>\n\n\n\n<li>Quy tr\u00ecnh b\u00f4i tr\u01a1n (trong m\u00e1y \u0111\u1ecbnh h\u00ecnh): Li\u1ec1u l\u01b0\u1ee3ng tham kh\u1ea3o c\u1ee7a dung d\u1ecbch pha lo\u00e3ng 39004: 50~300 g\/L<\/li>\n\n\n\n<li>L\u00e0m ph\u1ed3ng \u2192 S\u1ea5y kh\u00f4 \u2192 \u0110\u1ecbnh h\u00ecnh<\/li>\n<\/ol>\n<\/div>\n\n\n\n<div class=\"wp-block-column is-layout-flow wp-block-column-is-layout-flow\"><\/div>\n<\/div>\n\n\n\n<p><\/p>","protected":false},"excerpt":{"rendered":"<p>Ch\u1ea5t l\u00e0m m\u1ec1m \u0111a n\u0103ng, c\u00f3 th\u1ec3 \u0111\u01b0\u1ee3c s\u1eed d\u1ee5ng trong quy tr\u00ecnh ho\u00e0n thi\u1ec7n m\u1ec1m cho nhi\u1ec1u lo\u1ea1i v\u1ea3i, kh\u0103n t\u1eafm, qu\u1ea7n \u00e1o v\u00e0 h\u00e0ng d\u1ec7t may, c\u1ea3i thi\u1ec7n \u0111\u1ed9 \u01b0a n\u01b0\u1edbc v\u00e0 t\u1ea1o c\u1ea3m gi\u00e1c m\u1ec1m m\u1ea1i v\u00e0 m\u1ecbn m\u00e0ng.<\/p>\n<p><strong>S\u1ed1 hi\u1ec7u m\u1eabu<\/strong>39004<\/p>","protected":false},"featured_media":1800,"comment_status":"closed","ping_status":"closed","template":"","meta":{"_acf_changed":false},"material":[26,27,28,29,30,31,32,33,49,34],"process":[23,42],"product_brand":[],"product_cat":[15],"product_tag":[],"class_list":{"0":"post-1585","1":"product","2":"type-product","3":"status-publish","4":"has-post-thumbnail","6":"material-cotton-agent","7":"material-polyester-chemicals","8":"material-nylon-agent","9":"material-acrylic-chemicals","10":"material-viscose-chemicals","11":"material-wool-auxiliary","12":"material-linen-chemicals","13":"material-silk-chemicals","14":"material-elastic","15":"material-fabric-chemicals","16":"process-textile-finishing-chemicals","17":"process-softener","18":"product_cat-uncategorized","20":"first","21":"instock","22":"shipping-taxable","23":"product-type-simple"},"acf":[],"_links":{"self":[{"href":"https:\/\/www.bluelakechem.com\/vi\/wp-json\/wp\/v2\/product\/1585","targetHints":{"allow":["GET"]}}],"collection":[{"href":"https:\/\/www.bluelakechem.com\/vi\/wp-json\/wp\/v2\/product"}],"about":[{"href":"https:\/\/www.bluelakechem.com\/vi\/wp-json\/wp\/v2\/types\/product"}],"replies":[{"embeddable":true,"href":"https:\/\/www.bluelakechem.com\/vi\/wp-json\/wp\/v2\/comments?post=1585"}],"wp:featuredmedia":[{"embeddable":true,"href":"https:\/\/www.bluelakechem.com\/vi\/wp-json\/wp\/v2\/media\/1800"}],"wp:attachment":[{"href":"https:\/\/www.bluelakechem.com\/vi\/wp-json\/wp\/v2\/media?parent=1585"}],"wp:term":[{"taxonomy":"material","embeddable":true,"href":"https:\/\/www.bluelakechem.com\/vi\/wp-json\/wp\/v2\/material?post=1585"},{"taxonomy":"process","embeddable":true,"href":"https:\/\/www.bluelakechem.com\/vi\/wp-json\/wp\/v2\/process?post=1585"},{"taxonomy":"product_brand","embeddable":true,"href":"https:\/\/www.bluelakechem.com\/vi\/wp-json\/wp\/v2\/product_brand?post=1585"},{"taxonomy":"product_cat","embeddable":true,"href":"https:\/\/www.bluelakechem.com\/vi\/wp-json\/wp\/v2\/product_cat?post=1585"},{"taxonomy":"product_tag","embeddable":true,"href":"https:\/\/www.bluelakechem.com\/vi\/wp-json\/wp\/v2\/product_tag?post=1585"}],"curies":[{"name":"wp","href":"https:\/\/api.w.org\/{rel}","templated":true}]}}