{"id":1669,"date":"2025-03-07T02:07:05","date_gmt":"2025-03-07T02:07:05","guid":{"rendered":"https:\/\/www.bluelakechem.com\/?post_type=product&#038;p=1669"},"modified":"2025-08-06T09:04:22","modified_gmt":"2025-08-06T09:04:22","slug":"hydrophilic-silicone","status":"publish","type":"product","link":"https:\/\/www.bluelakechem.com\/vi\/product\/hydrophilic-silicone\/","title":{"rendered":"Silicone th\u00e2n n\u01b0\u1edbc, D\u1ea7u silicone amin cho v\u1ea3i cotton m\u1ec1m m\u1ecbn"},"content":{"rendered":"<div class=\"wp-block-columns is-layout-flex wp-container-core-columns-is-layout-9d6595d7 wp-block-columns-is-layout-flex\">\n<div class=\"wp-block-column is-layout-flow wp-block-column-is-layout-flow\" style=\"flex-basis:50%\">\n<h2 class=\"wp-block-heading\">T\u00ednh n\u0103ng c\u1ee7a silicone th\u00e2n n\u01b0\u1edbc:<\/h2>\n\n\n\n<p><strong>\u0110\u1ed9 \u01b0a n\u01b0\u1edbc xu\u1ea5t s\u1eafc: <\/strong>T\u0103ng c\u01b0\u1eddng kh\u1ea3 n\u0103ng th\u1ea5m h\u00fat n\u01b0\u1edbc c\u1ee7a v\u1ea3i, \u0111\u1ea3m b\u1ea3o s\u1ef1 tho\u1ea3i m\u00e1i v\u00e0 tho\u00e1ng kh\u00ed.<\/p>\n\n\n\n<p><strong>C\u1ea3m gi\u00e1c m\u1ec1m m\u1ea1i v\u00e0 m\u01b0\u1ee3t m\u00e0 khi ch\u1ea1m v\u00e0o: <\/strong>Cung c\u1ea5p cho v\u1ea3i m\u1ed9t k\u1ebft c\u1ea5u m\u1ec1m m\u1ea1i, m\u1ecbn m\u00e0ng, m\u01b0\u1ee3t m\u00e0 v\u00e0 \u0111\u00e0n h\u1ed3i.<\/p>\n\n\n\n<p><strong>\u0110\u1ed9 \u0111\u00e0n h\u1ed3i c\u1ee7a s\u1ee3i v\u00e0 kh\u1ea3 n\u0103ng ph\u1ee5c h\u1ed3i h\u00ecnh d\u1ea1ng:<\/strong>S\u1ea3n ph\u1ea9m c\u00f3 \u0111\u1ed9 \u0111\u00e0n h\u1ed3i s\u1ee3i xu\u1ea5t s\u1eafc v\u00e0 kh\u1ea3 n\u0103ng ph\u1ee5c h\u1ed3i h\u00ecnh d\u1ea1ng v\u01b0\u1ee3t tr\u1ed9i.<\/p>\n\n\n\n<p><strong>Th\u00e2n thi\u1ec7n v\u1edbi m\u00f4i tr\u01b0\u1eddng v\u00e0 an to\u00e0n: <\/strong>S\u1ea3n ph\u1ea9m \u0111\u00e1p \u1ee9ng c\u00e1c ti\u00eau chu\u1ea9n m\u00f4i tr\u01b0\u1eddng nghi\u00eam ng\u1eb7t, kh\u00f4ng ch\u1ee9a c\u00e1c h\u00f3a ch\u1ea5t b\u1ecb c\u1ea5m v\u00e0 ho\u00e0n to\u00e0n tu\u00e2n th\u1ee7 Ti\u00eau chu\u1ea9n OEKO-TEX 100 c\u1ee7a Li\u00ean minh Ch\u00e2u \u00c2u (EU).<\/p>\n\n\n\n<p><strong>Kh\u1ea3 n\u0103ng ch\u1ed1ng ki\u1ec1m xu\u1ea5t s\u1eafc: <\/strong>\u0110\u1ea3m b\u1ea3o t\u00ednh \u1ed5n \u0111\u1ecbnh trong qu\u00e1 tr\u00ecnh x\u1eed l\u00fd, ph\u00f9 h\u1ee3p cho nhi\u1ec1u \u1ee9ng d\u1ee5ng ho\u00e0n thi\u1ec7n kh\u00e1c nhau.<\/p>\n<\/div>\n\n\n\n<div class=\"wp-block-column is-layout-flow wp-block-column-is-layout-flow\" style=\"flex-basis:50%\">\n<h2 class=\"wp-block-heading\">T\u00ednh ch\u1ea5t c\u1ee7a silicone \u01b0a n\u01b0\u1edbc:<\/h2>\n\n\n\n<figure class=\"wp-block-table\"><table class=\"has-fixed-layout\"><tbody><tr><td>V\u1ebb b\u1ec1 ngo\u00e0i:<\/td><td>Ch\u1ea5t l\u1ecfng trong su\u1ed1t, m\u00e0u v\u00e0ng nh\u1ea1t, c\u00f3 \u0111\u1ed9 nh\u1edbt cao.&nbsp;<\/td><\/tr><tr><td>T\u00ednh ion:<\/td><td>Cation y\u1ebfu<\/td><\/tr><tr><td>Gi\u00e1 tr\u1ecb pH:<\/td><td>6,5\u00b11,0 (dung d\u1ecbch n\u01b0\u1edbc 1%)<\/td><\/tr><tr><td>N\u1ed9i dung:<\/td><td>90~95%<\/td><\/tr><tr><td>\u1ee8ng d\u1ee5ng:<\/td><td>S\u1ee3i cellulose, v.v., \u0111\u1eb7c bi\u1ec7t l\u00e0 b\u00f4ng.<\/td><\/tr><\/tbody><\/table><\/figure>\n\n\n\n<h2 class=\"wp-block-heading\">\u1ee8ng d\u1ee5ng silicone th\u00e2n n\u01b0\u1edbc:<\/h2>\n\n\n\n<p><strong>V\u1ea3i b\u00f4ng: <\/strong>C\u1ea3i thi\u1ec7n \u0111\u1ed9 m\u1ec1m m\u1ea1i, \u0111\u1ed9 m\u1ecbn m\u00e0ng v\u00e0 \u0111\u1ed9 b\u1ec1n, \u0111\u1ed3ng th\u1eddi t\u0103ng c\u01b0\u1eddng t\u00ednh h\u00fat \u1ea9m.<\/p>\n\n\n\n<p><strong>V\u1ea3i pha tr\u1ed9n: <\/strong>Ph\u00f9 h\u1ee3p hi\u1ec7u qu\u1ea3 cho v\u1ea3i polyester-cotton v\u00e0 c\u00e1c lo\u1ea1i v\u1ea3i pha tr\u1ed9n kh\u00e1c.<\/p>\n\n\n\n<p><strong>Kh\u0103n t\u1eafm v\u00e0 \u0111\u1ed3 gia d\u1ee5ng: <\/strong>T\u0103ng c\u01b0\u1eddng kh\u1ea3 n\u0103ng th\u1ea5m n\u01b0\u1edbc, \u0111\u1ed9 m\u1ec1m m\u1ea1i v\u00e0 kh\u1ea3 n\u0103ng ch\u1ed1ng co r\u00fat.<\/p>\n\n\n\n<p><strong>Ho\u00e0n thi\u1ec7n s\u1ea3n ph\u1ea9m may m\u1eb7c:<\/strong> \u0110\u1ea3m b\u1ea3o \u0111\u1ed9 m\u1ec1m m\u1ea1i, \u0111\u00e0n h\u1ed3i v\u00e0 kh\u1ea3 n\u0103ng ch\u1ed1ng co r\u00fat l\u00e2u d\u00e0i.<\/p>\n<\/div>\n\n\n\n<div class=\"wp-block-column is-layout-flow wp-block-column-is-layout-flow\"><\/div>\n<\/div>","protected":false},"excerpt":{"rendered":"<p>S\u1ea3n ph\u1ea9m 72003 c\u1ee7a ch\u00fang t\u00f4i l\u00e0 m\u1ed9t ch\u1ea5t l\u00e0m m\u1ec1m v\u1ea3i ti\u00ean ti\u1ebfn, c\u00f3 th\u1ec3 mang l\u1ea1i cho h\u1ea7u h\u1ebft c\u00e1c lo\u1ea1i v\u1ea3i c\u1ea3m gi\u00e1c m\u1ec1m m\u1ea1i, m\u1ecbn m\u00e0ng v\u00e0 t\u00ednh h\u00fat \u1ea9m. S\u1ea3n ph\u1ea9m l\u00e0 m\u1ed9t h\u1ee3p ch\u1ea5t \u0111a polymer bao g\u1ed3m polysiloxane, polyether v\u00e0 polyamine, c\u00f3 kh\u1ea3 n\u0103ng th\u1ea5m s\u00e2u \u0111\u1ec1u v\u00e0o ph\u1ea7n b\u00ean trong c\u1ee7a s\u1ee3i v\u1ea3i v\u00e0 t\u00e1c \u0111\u1ed9ng l\u00ean t\u1eebng s\u1ee3i \u0111\u1ec3 n\u00e2ng cao hi\u1ec7u su\u1ea5t t\u1ed5ng th\u1ec3 c\u1ee7a v\u1ea3i. S\u1ea3n ph\u1ea9m c\u00f3 c\u1ea5u tr\u00fac copolymer kh\u1ed1i tuy\u1ebfn t\u00ednh, mang l\u1ea1i kh\u1ea3 n\u0103ng ph\u00e2n t\u00e1n, khu\u1ebfch t\u00e1n v\u00e0 th\u1ea5m s\u00e2u t\u1ed1t tr\u00ean s\u1ee3i v\u1ea3i, \u0111\u1ed3ng th\u1eddi \u0111\u00e1p \u1ee9ng c\u00e1c ti\u00eau chu\u1ea9n m\u00f4i tr\u01b0\u1eddng. H\u00e3y li\u00ean h\u1ec7 v\u1edbi ch\u00fang t\u00f4i \u0111\u1ec3 bi\u1ebft th\u00eam c\u00e1c gi\u1ea3i ph\u00e1p!<\/p>\n<p><strong>S\u1ed1 model 72003<\/strong><\/p>","protected":false},"featured_media":1670,"comment_status":"closed","ping_status":"closed","template":"","meta":{"_acf_changed":false},"material":[26],"process":[23,24],"product_brand":[],"product_cat":[15],"product_tag":[],"class_list":{"0":"post-1669","1":"product","2":"type-product","3":"status-publish","4":"has-post-thumbnail","6":"material-cotton-agent","7":"process-textile-finishing-chemicals","8":"process-silicone-oil","9":"product_cat-uncategorized","11":"first","12":"instock","13":"shipping-taxable","14":"product-type-simple"},"acf":[],"_links":{"self":[{"href":"https:\/\/www.bluelakechem.com\/vi\/wp-json\/wp\/v2\/product\/1669","targetHints":{"allow":["GET"]}}],"collection":[{"href":"https:\/\/www.bluelakechem.com\/vi\/wp-json\/wp\/v2\/product"}],"about":[{"href":"https:\/\/www.bluelakechem.com\/vi\/wp-json\/wp\/v2\/types\/product"}],"replies":[{"embeddable":true,"href":"https:\/\/www.bluelakechem.com\/vi\/wp-json\/wp\/v2\/comments?post=1669"}],"wp:featuredmedia":[{"embeddable":true,"href":"https:\/\/www.bluelakechem.com\/vi\/wp-json\/wp\/v2\/media\/1670"}],"wp:attachment":[{"href":"https:\/\/www.bluelakechem.com\/vi\/wp-json\/wp\/v2\/media?parent=1669"}],"wp:term":[{"taxonomy":"material","embeddable":true,"href":"https:\/\/www.bluelakechem.com\/vi\/wp-json\/wp\/v2\/material?post=1669"},{"taxonomy":"process","embeddable":true,"href":"https:\/\/www.bluelakechem.com\/vi\/wp-json\/wp\/v2\/process?post=1669"},{"taxonomy":"product_brand","embeddable":true,"href":"https:\/\/www.bluelakechem.com\/vi\/wp-json\/wp\/v2\/product_brand?post=1669"},{"taxonomy":"product_cat","embeddable":true,"href":"https:\/\/www.bluelakechem.com\/vi\/wp-json\/wp\/v2\/product_cat?post=1669"},{"taxonomy":"product_tag","embeddable":true,"href":"https:\/\/www.bluelakechem.com\/vi\/wp-json\/wp\/v2\/product_tag?post=1669"}],"curies":[{"name":"wp","href":"https:\/\/api.w.org\/{rel}","templated":true}]}}