{"id":1910,"date":"2025-04-15T06:41:34","date_gmt":"2025-04-15T06:41:34","guid":{"rendered":"https:\/\/www.bluelakechem.com\/?post_type=product&#038;p=1910"},"modified":"2025-04-15T06:42:26","modified_gmt":"2025-04-15T06:42:26","slug":"dispersing-leveling-agent","status":"publish","type":"product","link":"https:\/\/www.bluelakechem.com\/vi\/product\/dispersing-leveling-agent\/","title":{"rendered":"Ch\u1ea5t ph\u00e2n t\u00e1n v\u00e0 l\u00e0m ph\u1eb3ng hi\u1ec7u qu\u1ea3 cho qu\u00e1 tr\u00ecnh nhu\u1ed9m v\u1ea3i"},"content":{"rendered":"<div class=\"wp-block-columns is-layout-flex wp-container-core-columns-is-layout-9d6595d7 wp-block-columns-is-layout-flex\">\n<div class=\"wp-block-column is-layout-flow wp-block-column-is-layout-flow\">\n<h2 class=\"wp-block-heading\">T\u00ednh n\u0103ng c\u1ee7a ch\u1ea5t ph\u00e2n t\u00e1n l\u00e0m ph\u1eb3ng:<\/h2>\n\n\n\n<p>22115 ch\u1ee7 y\u1ebfu \u0111\u01b0\u1ee3c \u00e1p d\u1ee5ng trong c\u00e1c quy tr\u00ecnh nhu\u1ed9m nhanh \u1edf nhi\u1ec7t \u0111\u1ed9 cao v\u00e0 \u00e1p su\u1ea5t cao cho c\u00e1c lo\u1ea1i v\u1ea3i s\u1ee3i polyester v\u00e0 h\u1ed7n h\u1ee3p polyester, v.v. N\u00f3 \u0111\u1ea1t \u0111\u01b0\u1ee3c m\u1ee5c \u0111\u00edch nhu\u1ed9m \u0111\u1ec1u v\u00e0 ti\u1ebft ki\u1ec7m th\u1eddi gian nhu\u1ed9m.<\/p>\n\n\n\n<ol class=\"wp-block-list\">\n<li>T\u0103ng nhi\u1ec7t \u0111\u1ed9 nhanh trong qu\u00e1 tr\u00ecnh nhu\u1ed9m polyester, gi\u00fap gi\u1ea3m th\u1eddi gian nhu\u1ed9m kho\u1ea3ng 30 ph\u00fat.<\/li>\n\n\n\n<li>S\u1ea3n ph\u1ea9m kh\u00f4ng ch\u1ee9a APEO ho\u1eb7c PAH, v.v. \u0110\u00e1p \u1ee9ng c\u00e1c y\u00eau c\u1ea7u v\u1ec1 b\u1ea3o v\u1ec7 m\u00f4i tr\u01b0\u1eddng.<\/li>\n\n\n\n<li>Hi\u1ec7u su\u1ea5t l\u00e0m ph\u1eb3ng xu\u1ea5t s\u1eafc, r\u00fat ng\u1eafn th\u1eddi gian nhu\u1ed9m, n\u00e2ng cao hi\u1ec7u qu\u1ea3 s\u1ea3n xu\u1ea5t v\u00e0 ti\u1ebft ki\u1ec7m n\u0103ng l\u01b0\u1ee3ng.<\/li>\n\n\n\n<li>Kh\u1ea3 n\u0103ng \u1ee9c ch\u1ebf m\u1ea1nh m\u1ebd. C\u00f3 th\u1ec3 gi\u1ea3m hi\u1ec7u qu\u1ea3 t\u1ed1c \u0111\u1ed9 nhu\u1ed9m ban \u0111\u1ea7u v\u00e0 gi\u1ea3i quy\u1ebft c\u00e1c v\u1ea5n \u0111\u1ec1 v\u1ec1 khuy\u1ebft t\u1eadt nhu\u1ed9m do qu\u00e1 tr\u00ecnh nhu\u1ed9m \u0111\u1ed3ng th\u1eddi c\u00e1c lo\u1ea1i thu\u1ed1c nhu\u1ed9m h\u1ed7n h\u1ee3p g\u00e2y ra.<\/li>\n\n\n\n<li>B\u1ecdt c\u1ef1c k\u1ef3 \u00edt. Kh\u00f4ng c\u1ea7n th\u00eam ch\u1ea5t kh\u1eed b\u1ecdt.<\/li>\n\n\n\n<li>C\u1ea3i thi\u1ec7n hi\u1ec7u su\u1ea5t \u1ee9ng d\u1ee5ng c\u1ee7a c\u00e1c lo\u1ea1i thu\u1ed1c nhu\u1ed9m ph\u00e2n t\u00e1n, \u0111\u1eb7c bi\u1ec7t l\u00e0 hi\u1ec7u qu\u1ea3 s\u1eed d\u1ee5ng c\u1ee7a c\u00e1c lo\u1ea1i thu\u1ed1c nhu\u1ed9m c\u1ea5p th\u1ea5p.<\/li>\n<\/ol>\n<\/div>\n\n\n\n<div class=\"wp-block-column is-layout-flow wp-block-column-is-layout-flow\">\n<h2 class=\"wp-block-heading\">Ch\u1ea5t ph\u00e2n t\u00e1n l\u00e0m ph\u1eb3ng - C\u00e1c t\u00ednh ch\u1ea5t \u0111i\u1ec3n h\u00ecnh:<\/h2>\n\n\n\n<figure class=\"wp-block-table\"><table class=\"has-fixed-layout\"><tbody><tr><td><strong>V\u1ebb b\u1ec1 ngo\u00e0i:<\/strong><\/td><td>Ch\u1ea5t l\u1ecfng m\u00e0u v\u00e0ng<\/td><\/tr><tr><td><strong>T\u00ednh ion:<\/strong><\/td><td>Kh\u00f4ng ion\/Anion<\/td><\/tr><tr><td><strong>Gi\u00e1 tr\u1ecb pH:<\/strong><\/td><td>6,0 \u00b1 1,0 (dung d\u1ecbch n\u01b0\u1edbc 1%)<\/td><\/tr><tr><td><strong>\u0110\u1ed9 h\u00f2a tan:<\/strong><\/td><td>H\u00f2a tan trong n\u01b0\u1edbc<\/td><\/tr><\/tbody><\/table><\/figure>\n\n\n\n<h2 class=\"wp-block-heading\">H\u01b0\u1edbng d\u1eabn s\u1eed d\u1ee5ng ch\u1ea5t l\u00e0m ph\u1eb3ng ph\u00e2n t\u00e1n:<\/h2>\n\n\n\n<p>Li\u1ec1u l\u01b0\u1ee3ng tham kh\u1ea3o c\u1ee7a dung d\u1ecbch pha lo\u00e3ng 22115: 0,5 ~ 1,5 % (tr\u1ecdng l\u01b0\u1ee3ng theo th\u1ec3 t\u00edch)<\/p>\n\n\n\n<figure class=\"wp-block-image size-full\"><img decoding=\"async\" width=\"564\" height=\"229\" src=\"https:\/\/www.bluelakechem.com\/wp-content\/uploads\/2025\/04\/EfficientDispersing-Leveling-Agent.webp\" alt=\"Ch\u1ea5t ph\u00e2n t\u00e1n v\u00e0 l\u00e0m ph\u1eb3ng hi\u1ec7u qu\u1ea3\" class=\"wp-image-1914\" srcset=\"https:\/\/www.bluelakechem.com\/wp-content\/uploads\/2025\/04\/EfficientDispersing-Leveling-Agent.webp 564w, https:\/\/www.bluelakechem.com\/wp-content\/uploads\/2025\/04\/EfficientDispersing-Leveling-Agent-300x122.webp 300w, https:\/\/www.bluelakechem.com\/wp-content\/uploads\/2025\/04\/EfficientDispersing-Leveling-Agent-18x7.webp 18w\" sizes=\"(max-width: 564px) 100vw, 564px\" \/><\/figure>\n<\/div>\n<\/div>\n\n\n\n<div class=\"wp-block-columns is-layout-flex wp-container-core-columns-is-layout-9d6595d7 wp-block-columns-is-layout-flex\">\n<div class=\"wp-block-column is-layout-flow wp-block-column-is-layout-flow\">\n<figure class=\"wp-block-embed is-type-video is-provider-youtube wp-block-embed-youtube wp-embed-aspect-16-9 wp-has-aspect-ratio\"><div class=\"wp-block-embed__wrapper\">\n<iframe title=\"V\u1edbi c\u00f4ng ngh\u1ec7 n\u00e0y, hi\u1ec7u su\u1ea5t nhu\u1ed9m \u0111\u01b0\u1ee3c n\u00e2ng cao 30%.\" width=\"500\" height=\"281\" src=\"https:\/\/www.youtube.com\/embed\/p7h3MoS_ONY?feature=oembed\" frameborder=\"0\" allow=\"accelerometer; autoplay; clipboard-write; encrypted-media; gyroscope; picture-in-picture; web-share\" referrerpolicy=\"strict-origin-when-cross-origin\" allowfullscreen><\/iframe>\n<\/div><\/figure>\n<\/div>\n\n\n\n<div class=\"wp-block-column is-layout-flow wp-block-column-is-layout-flow\">\n<figure class=\"wp-block-embed is-type-video is-provider-youtube wp-block-embed-youtube wp-embed-aspect-16-9 wp-has-aspect-ratio\"><div class=\"wp-block-embed__wrapper\">\n<iframe title=\"T\u1ea1m bi\u1ec7t nh\u1eefng r\u1eafc r\u1ed1i v\u1ec1 s\u1ef1 kh\u00e1c bi\u1ec7t m\u00e0u s\u1eafc v\u00e0 v\u1ebft m\u00e0u - 22115\" width=\"500\" height=\"281\" src=\"https:\/\/www.youtube.com\/embed\/kzWUSXJxyCE?feature=oembed\" frameborder=\"0\" allow=\"accelerometer; autoplay; clipboard-write; encrypted-media; gyroscope; picture-in-picture; web-share\" referrerpolicy=\"strict-origin-when-cross-origin\" allowfullscreen><\/iframe>\n<\/div><\/figure>\n<\/div>\n<\/div>","protected":false},"excerpt":{"rendered":"<p>Ch\u1ea5t ph\u00e2n t\u00e1n v\u00e0 l\u00e0m \u0111\u1ec1u m\u00e0u hi\u1ec7u qu\u1ea3 22115 c\u1ee7a ch\u00fang t\u00f4i ch\u1ee7 y\u1ebfu \u0111\u01b0\u1ee3c s\u1eed d\u1ee5ng trong qu\u00e1 tr\u00ecnh nhu\u1ed9m nhanh \u1edf nhi\u1ec7t \u0111\u1ed9 cao v\u00e0 \u00e1p su\u1ea5t cao cho c\u00e1c lo\u1ea1i v\u1ea3i l\u00e0m t\u1eeb s\u1ee3i polyester v\u00e0 h\u1ed7n h\u1ee3p polyester, v.v. S\u1ea3n ph\u1ea9m n\u00e0y gi\u00fap \u0111\u1ea1t \u0111\u01b0\u1ee3c m\u1ee5c \u0111\u00edch nhu\u1ed9m \u0111\u1ec1u m\u00e0u v\u00e0 ti\u1ebft ki\u1ec7m th\u1eddi gian nhu\u1ed9m. N\u00f3 kh\u00f4ng ch\u1ee9a APEO ho\u1eb7c PAH, v.v. S\u1ea3n ph\u1ea9m \u0111\u00e1p \u1ee9ng c\u00e1c y\u00eau c\u1ea7u v\u1ec1 b\u1ea3o v\u1ec7 m\u00f4i tr\u01b0\u1eddng. H\u00e3y li\u00ean h\u1ec7 v\u1edbi ch\u00fang t\u00f4i \u0111\u1ec3 bi\u1ebft th\u00eam c\u00e1c gi\u1ea3i ph\u00e1p!<\/p>\n<p><strong>S\u1ed1 model 22115<\/strong><\/p>\n<p><img decoding=\"async\" class=\"alignnone wp-image-1915 size-full\" src=\"https:\/\/www.bluelakechem.com\/wp-content\/uploads\/2025\/04\/EfficientDispersing-Leveling-Agent-1.webp\" alt=\"\" width=\"2256\" height=\"1181\" srcset=\"https:\/\/www.bluelakechem.com\/wp-content\/uploads\/2025\/04\/EfficientDispersing-Leveling-Agent-1.webp 2256w, https:\/\/www.bluelakechem.com\/wp-content\/uploads\/2025\/04\/EfficientDispersing-Leveling-Agent-1-300x157.webp 300w, https:\/\/www.bluelakechem.com\/wp-content\/uploads\/2025\/04\/EfficientDispersing-Leveling-Agent-1-768x402.webp 768w, https:\/\/www.bluelakechem.com\/wp-content\/uploads\/2025\/04\/EfficientDispersing-Leveling-Agent-1-18x9.webp 18w, https:\/\/www.bluelakechem.com\/wp-content\/uploads\/2025\/04\/EfficientDispersing-Leveling-Agent-1-1200x628.webp 1200w, https:\/\/www.bluelakechem.com\/wp-content\/uploads\/2025\/04\/EfficientDispersing-Leveling-Agent-1-600x314.webp 600w\" sizes=\"(max-width: 2256px) 100vw, 2256px\" \/> <img decoding=\"async\" class=\"alignnone wp-image-1916 size-full\" src=\"https:\/\/www.bluelakechem.com\/wp-content\/uploads\/2025\/04\/EfficientDispersing-Leveling-Agent-2.webp\" alt=\"\" width=\"2256\" height=\"1181\" srcset=\"https:\/\/www.bluelakechem.com\/wp-content\/uploads\/2025\/04\/EfficientDispersing-Leveling-Agent-2.webp 2256w, https:\/\/www.bluelakechem.com\/wp-content\/uploads\/2025\/04\/EfficientDispersing-Leveling-Agent-2-300x157.webp 300w, https:\/\/www.bluelakechem.com\/wp-content\/uploads\/2025\/04\/EfficientDispersing-Leveling-Agent-2-768x402.webp 768w, https:\/\/www.bluelakechem.com\/wp-content\/uploads\/2025\/04\/EfficientDispersing-Leveling-Agent-2-18x9.webp 18w, https:\/\/www.bluelakechem.com\/wp-content\/uploads\/2025\/04\/EfficientDispersing-Leveling-Agent-2-1200x628.webp 1200w, https:\/\/www.bluelakechem.com\/wp-content\/uploads\/2025\/04\/EfficientDispersing-Leveling-Agent-2-600x314.webp 600w\" sizes=\"(max-width: 2256px) 100vw, 2256px\" \/><\/p>","protected":false},"featured_media":1919,"comment_status":"closed","ping_status":"closed","template":"","meta":{"_acf_changed":false},"material":[27,28,49],"process":[20,38],"product_brand":[],"product_cat":[15],"product_tag":[],"class_list":{"0":"post-1910","1":"product","2":"type-product","3":"status-publish","4":"has-post-thumbnail","6":"material-polyester-chemicals","7":"material-nylon-agent","8":"material-elastic","9":"process-dyeing-auxiliaries","10":"process-disperse-leveling-agent","11":"product_cat-uncategorized","13":"first","14":"instock","15":"shipping-taxable","16":"product-type-simple"},"acf":[],"_links":{"self":[{"href":"https:\/\/www.bluelakechem.com\/vi\/wp-json\/wp\/v2\/product\/1910","targetHints":{"allow":["GET"]}}],"collection":[{"href":"https:\/\/www.bluelakechem.com\/vi\/wp-json\/wp\/v2\/product"}],"about":[{"href":"https:\/\/www.bluelakechem.com\/vi\/wp-json\/wp\/v2\/types\/product"}],"replies":[{"embeddable":true,"href":"https:\/\/www.bluelakechem.com\/vi\/wp-json\/wp\/v2\/comments?post=1910"}],"wp:featuredmedia":[{"embeddable":true,"href":"https:\/\/www.bluelakechem.com\/vi\/wp-json\/wp\/v2\/media\/1919"}],"wp:attachment":[{"href":"https:\/\/www.bluelakechem.com\/vi\/wp-json\/wp\/v2\/media?parent=1910"}],"wp:term":[{"taxonomy":"material","embeddable":true,"href":"https:\/\/www.bluelakechem.com\/vi\/wp-json\/wp\/v2\/material?post=1910"},{"taxonomy":"process","embeddable":true,"href":"https:\/\/www.bluelakechem.com\/vi\/wp-json\/wp\/v2\/process?post=1910"},{"taxonomy":"product_brand","embeddable":true,"href":"https:\/\/www.bluelakechem.com\/vi\/wp-json\/wp\/v2\/product_brand?post=1910"},{"taxonomy":"product_cat","embeddable":true,"href":"https:\/\/www.bluelakechem.com\/vi\/wp-json\/wp\/v2\/product_cat?post=1910"},{"taxonomy":"product_tag","embeddable":true,"href":"https:\/\/www.bluelakechem.com\/vi\/wp-json\/wp\/v2\/product_tag?post=1910"}],"curies":[{"name":"wp","href":"https:\/\/api.w.org\/{rel}","templated":true}]}}