{"id":211,"date":"2024-11-26T16:32:50","date_gmt":"2024-11-26T16:32:50","guid":{"rendered":"https:\/\/www.bluelakechem.com\/?post_type=product&#038;p=211"},"modified":"2025-01-17T12:06:36","modified_gmt":"2025-01-17T12:06:36","slug":"scouring-agent","status":"publish","type":"product","link":"https:\/\/www.bluelakechem.com\/vi\/product\/scouring-agent\/","title":{"rendered":"Ch\u1ea5t t\u1ea9y r\u1eeda \u0111a ch\u1ee9c n\u0103ng v\u00e0 ch\u1ea5t t\u1ea9y nh\u1eddn cho v\u1ea3i x\u1eed l\u00fd tr\u01b0\u1edbc d\u1ec7t may"},"content":{"rendered":"<div class=\"wp-block-columns is-layout-flex wp-container-core-columns-is-layout-9d6595d7 wp-block-columns-is-layout-flex\">\n<div class=\"wp-block-column is-layout-flow wp-block-column-is-layout-flow\" style=\"flex-basis:50%\">\n<h2 class=\"wp-block-heading\">Scouring Agent Features:<\/h2>\n\n\n\n<p><strong>C\u00f4ng th\u1ee9c n\u1ed3ng \u0111\u1ed9 cao:<\/strong> Delivers superior scouring and degreasing performance with reduced application volumes.<\/p>\n\n\n\n<p><strong>Multifunctional Action: <\/strong>Works effectively on both cellulose (cotton, linen) and synthetic (polyester, nylon) fibers.<\/p>\n\n\n\n<p><strong>Improves Whiteness: <\/strong>Helps achieve cleaner, whiter fabrics for enhanced aesthetics and quality.<\/p>\n\n\n\n<p><strong>Enhances Capillary Effect:<\/strong> Improves fabric&#8217;s capillary action, ensuring better absorption during dyeing and printing.<\/p>\n\n\n\n<p><strong>Hi\u1ec7u qu\u1ea3 v\u1ec1 m\u1eb7t chi ph\u00ed: <\/strong>Provides a high-efficiency solution at a competitive cost, suitable for large-scale textile processing.<\/p>\n\n\n\n<p><strong>Th\u00e2n thi\u1ec7n v\u1edbi m\u00f4i tr\u01b0\u1eddng: <\/strong>Formulated to minimize environmental impact while delivering high performance.<\/p>\n<\/div>\n\n\n\n<div class=\"wp-block-column is-layout-flow wp-block-column-is-layout-flow\" style=\"flex-basis:50%\">\n<figure class=\"wp-block-embed is-type-video is-provider-youtube wp-block-embed-youtube wp-embed-aspect-16-9 wp-has-aspect-ratio\"><div class=\"wp-block-embed__wrapper\">\n<iframe title=\"Excellent Wetting and Emulsifying Performance #textilechemicals\" width=\"500\" height=\"281\" src=\"https:\/\/www.youtube.com\/embed\/55lFQ-PeQzA?feature=oembed\" frameborder=\"0\" allow=\"accelerometer; autoplay; clipboard-write; encrypted-media; gyroscope; picture-in-picture; web-share\" referrerpolicy=\"strict-origin-when-cross-origin\" allowfullscreen><\/iframe>\n<\/div><\/figure>\n<\/div>\n<\/div>\n\n\n\n<div class=\"wp-block-columns is-layout-flex wp-container-core-columns-is-layout-9d6595d7 wp-block-columns-is-layout-flex\">\n<div class=\"wp-block-column is-layout-flow wp-block-column-is-layout-flow\">\n<figure class=\"wp-block-image size-full\"><img decoding=\"async\" width=\"800\" height=\"600\" src=\"https:\/\/www.bluelakechem.com\/wp-content\/uploads\/2024\/11\/scouring-agent-wetting-agent.webp\" alt=\"scouring agent test &amp; wetting agent\" class=\"wp-image-393\" srcset=\"https:\/\/www.bluelakechem.com\/wp-content\/uploads\/2024\/11\/scouring-agent-wetting-agent.webp 800w, https:\/\/www.bluelakechem.com\/wp-content\/uploads\/2024\/11\/scouring-agent-wetting-agent-300x225.webp 300w, https:\/\/www.bluelakechem.com\/wp-content\/uploads\/2024\/11\/scouring-agent-wetting-agent-768x576.webp 768w, https:\/\/www.bluelakechem.com\/wp-content\/uploads\/2024\/11\/scouring-agent-wetting-agent-600x450.webp 600w\" sizes=\"(max-width: 800px) 100vw, 800px\" \/><\/figure>\n<\/div>\n\n\n\n<div class=\"wp-block-column is-vertically-aligned-center is-layout-flow wp-block-column-is-layout-flow\">\n<h3 class=\"wp-block-heading\">Applications of Scouring and Degreasing Agent:<\/h3>\n\n\n\n<p><strong>Pretreatment of cellulosic fibers: <\/strong>Effectively removes impurities such as natural oils, waxes and other contaminants, improving fabric whiteness and quality before dyeing.<\/p>\n\n\n\n<p><strong>Degreasing of synthetic fibers:<\/strong> Effectively removes oils and fats from synthetic fibers such as polyester, nylon and acrylic, optimizing their dyeability and printability.<\/p>\n\n\n\n<p><strong>Dyeing and printing processes: <\/strong>Used as an efficient wetting agent to enhance dye penetration, ensuring uniformity and brightness of prints and colors.<\/p>\n<\/div>\n<\/div>","protected":false},"excerpt":{"rendered":"<p>Ch\u1ea5t l\u00e0m \u01b0\u1edbt \u0111a ch\u1ee9c n\u0103ng v\u00e0 n\u1ed3ng \u0111\u1ed9 cao r\u00f5 r\u00e0ng th\u00fac \u0111\u1ea9y hi\u1ec7u \u1ee9ng t\u1ea9y r\u1eeda tr\u00ean s\u1ee3i xenlulo v\u00e0 hi\u1ec7u \u1ee9ng t\u1ea9y d\u1ea7u m\u1ee1 tr\u00ean s\u1ee3i t\u1ed5ng h\u1ee3p, c\u00f3 th\u1ec3 c\u1ea3i thi\u1ec7n \u0111\u1ed9 tr\u1eafng v\u00e0 hi\u1ec7u \u1ee9ng mao d\u1eabn c\u1ee7a s\u1ee3i v\u00e0 v\u1ea3i, \u0111\u1ed3ng th\u1eddi c\u00f3 th\u1ec3 \u0111\u01b0\u1ee3c s\u1eed d\u1ee5ng l\u00e0m ch\u1ea5t l\u00e0m \u01b0\u1edbt hi\u1ec7u qu\u1ea3 cao trong qu\u00e1 tr\u00ecnh in v\u00e0 nhu\u1ed9m, ti\u1ebft ki\u1ec7m chi ph\u00ed.<br \/><strong>S\u1ed1 hi\u1ec7u m\u1eabu <\/strong>11004<\/p>","protected":false},"featured_media":1438,"comment_status":"closed","ping_status":"closed","template":"","meta":{"_acf_changed":false},"material":[26,27,28,29,30,31,32,33,34],"process":[17,18,19,35,36],"product_brand":[],"product_cat":[],"product_tag":[],"class_list":{"0":"post-211","1":"product","2":"type-product","3":"status-publish","4":"has-post-thumbnail","6":"material-cotton-agent","7":"material-polyester-chemicals","8":"material-nylon-agent","9":"material-acrylic-chemicals","10":"material-viscose-chemicals","11":"material-wool-auxiliary","12":"material-linen-chemicals","13":"material-silk-chemicals","14":"material-fabric-chemicals","15":"process-pretreatment-auxiliaries","16":"process-textile-wetting-agent","17":"process-scouring-agent","18":"process-degreasing-agent","19":"process-bleaching-agent","21":"first","22":"instock","23":"shipping-taxable","24":"product-type-simple"},"acf":[],"_links":{"self":[{"href":"https:\/\/www.bluelakechem.com\/vi\/wp-json\/wp\/v2\/product\/211","targetHints":{"allow":["GET"]}}],"collection":[{"href":"https:\/\/www.bluelakechem.com\/vi\/wp-json\/wp\/v2\/product"}],"about":[{"href":"https:\/\/www.bluelakechem.com\/vi\/wp-json\/wp\/v2\/types\/product"}],"replies":[{"embeddable":true,"href":"https:\/\/www.bluelakechem.com\/vi\/wp-json\/wp\/v2\/comments?post=211"}],"wp:featuredmedia":[{"embeddable":true,"href":"https:\/\/www.bluelakechem.com\/vi\/wp-json\/wp\/v2\/media\/1438"}],"wp:attachment":[{"href":"https:\/\/www.bluelakechem.com\/vi\/wp-json\/wp\/v2\/media?parent=211"}],"wp:term":[{"taxonomy":"material","embeddable":true,"href":"https:\/\/www.bluelakechem.com\/vi\/wp-json\/wp\/v2\/material?post=211"},{"taxonomy":"process","embeddable":true,"href":"https:\/\/www.bluelakechem.com\/vi\/wp-json\/wp\/v2\/process?post=211"},{"taxonomy":"product_brand","embeddable":true,"href":"https:\/\/www.bluelakechem.com\/vi\/wp-json\/wp\/v2\/product_brand?post=211"},{"taxonomy":"product_cat","embeddable":true,"href":"https:\/\/www.bluelakechem.com\/vi\/wp-json\/wp\/v2\/product_cat?post=211"},{"taxonomy":"product_tag","embeddable":true,"href":"https:\/\/www.bluelakechem.com\/vi\/wp-json\/wp\/v2\/product_tag?post=211"}],"curies":[{"name":"wp","href":"https:\/\/api.w.org\/{rel}","templated":true}]}}