{"id":2162,"date":"2025-05-17T10:23:24","date_gmt":"2025-05-17T10:23:24","guid":{"rendered":"https:\/\/www.bluelakechem.com\/?post_type=product&#038;p=2162"},"modified":"2025-05-17T10:24:08","modified_gmt":"2025-05-17T10:24:08","slug":"cationic-leveling-agent","status":"publish","type":"product","link":"https:\/\/www.bluelakechem.com\/vi\/product\/cationic-leveling-agent\/","title":{"rendered":"Ch\u1ea5t \u0111i\u1ec1u ch\u1ec9nh \u0111\u1ed9 ph\u1eb3ng cationic cho qu\u00e1 tr\u00ecnh nhu\u1ed9m s\u1ee3i acrylic, ph\u1ee5 gia nhu\u1ed9m b\u00e1n bu\u00f4n"},"content":{"rendered":"<div class=\"wp-block-columns is-layout-flex wp-container-core-columns-is-layout-9d6595d7 wp-block-columns-is-layout-flex\">\n<div class=\"wp-block-column is-layout-flow wp-block-column-is-layout-flow\">\n<h2 class=\"wp-block-heading\">\u0110\u1eb7c \u0111i\u1ec3m c\u1ee7a ch\u1ea5t l\u00e0m ph\u1eb3ng cationic:<\/h2>\n\n\n\n<p>Kh\u00f4ng ch\u1ee9a clorua benzalkonium.<\/p>\n\n\n\n<p>C\u00f3 th\u1ec3 l\u00e0m cho thu\u1ed1c nhu\u1ed9m cationic nhu\u1ed9m d\u1ea7n d\u1ea7n \u1edf c\u00e1c nhi\u1ec7t \u0111\u1ed9 kh\u00e1c nhau v\u00e0 \u0111i\u1ec1u ch\u1ec9nh hi\u1ec7u qu\u1ea3 t\u1ed1c \u0111\u1ed9 nhu\u1ed9m.<\/p>\n\n\n\n<p>C\u00f3 c\u1ea3 t\u00ednh ch\u1ea5t l\u00e0m ch\u1eadm v\u00e0 t\u00ednh ch\u1ea5t truy\u1ec1n d\u1eabn.<\/p>\n\n\n\n<p>Hi\u1ec7u su\u1ea5t \u1ee9c ch\u1ebf nh\u1eb9 gi\u00fap thu\u1ed1c nhu\u1ed9m c\u00f3 kh\u1ea3 n\u0103ng h\u1ea5p th\u1ee5 cao v\u00e0 \u0111\u1ed9 b\u1ec1n m\u00e0u t\u1ed1t.<\/p>\n\n\n\n<h2 class=\"wp-block-heading\">T\u00ednh ch\u1ea5t c\u1ee7a ch\u1ea5t l\u00e0m ph\u1eb3ng cationic:<\/h2>\n\n\n\n<figure class=\"wp-block-table\"><table class=\"has-fixed-layout\"><tbody><tr><td>V\u1ebb b\u1ec1 ngo\u00e0i:<\/td><td>Ch\u1ea5t l\u1ecfng trong su\u1ed1t, kh\u00f4ng m\u00e0u \u0111\u1ebfn m\u00e0u v\u00e0ng nh\u1ea1t.<\/td><\/tr><tr><td>T\u00ednh ion:<\/td><td>Cation<\/td><\/tr><tr><td>Gi\u00e1 tr\u1ecb pH:<\/td><td>4,0 \u00b1 1,0 (dung d\u1ecbch n\u01b0\u1edbc 1%)<\/td><\/tr><tr><td>\u0110\u1ed9 h\u00f2a tan:<\/td><td>H\u00f2a tan trong n\u01b0\u1edbc<\/td><\/tr><\/tbody><\/table><\/figure>\n<\/div>\n\n\n\n<div class=\"wp-block-column is-layout-flow wp-block-column-is-layout-flow\">\n<figure class=\"wp-block-embed is-type-video is-provider-youtube wp-block-embed-youtube wp-embed-aspect-16-9 wp-has-aspect-ratio\"><div class=\"wp-block-embed__wrapper\">\n<iframe title=\"G\u1eb7p ph\u1ea3i v\u1ebft \u1ed1 m\u00e0u, \u0111\u1ed1m m\u00e0u ho\u1eb7c \u0111\u1ed1m silicone trong qu\u00e1 tr\u00ecnh nhu\u1ed9m s\u1ee3i acrylic? L\u00e0m th\u1ebf n\u00e0o \u0111\u1ec3 kh\u1eafc ph\u1ee5c?\" width=\"500\" height=\"281\" src=\"https:\/\/www.youtube.com\/embed\/5OXdIjqqCQI?feature=oembed\" frameborder=\"0\" allow=\"accelerometer; autoplay; clipboard-write; encrypted-media; gyroscope; picture-in-picture; web-share\" referrerpolicy=\"strict-origin-when-cross-origin\" allowfullscreen><\/iframe>\n<\/div><\/figure>\n\n\n\n<h2 class=\"wp-block-heading\">H\u01b0\u1edbng d\u1eabn s\u1eed d\u1ee5ng ch\u1ea5t l\u00e0m ph\u1eb3ng cationic:<\/h2>\n\n\n\n<ul class=\"wp-block-list\">\n<li>Li\u1ec1u l\u01b0\u1ee3ng tham kh\u1ea3o:<\/li>\n\n\n\n<li>M\u00e0u s\u00e1ng: 1,5~2% (o.w.f)<\/li>\n\n\n\n<li>M\u00e0u trung b\u00ecnh: 1~1.5% (o.w.f)<\/li>\n\n\n\n<li>M\u00e0u t\u1ed1i: 0,5~1% (o.w.f)<\/li>\n<\/ul>\n<\/div>\n<\/div>","protected":false},"excerpt":{"rendered":"<p>Ch\u1ea5t c\u00e2n b\u1eb1ng 22041-70 c\u1ee7a ch\u00fang t\u00f4i ch\u1ee7 y\u1ebfu \u0111\u01b0\u1ee3c c\u1ea5u th\u00e0nh t\u1eeb c\u00e1c ch\u1ea5t ho\u1ea1t \u0111\u1ed9ng b\u1ec1 m\u1eb7t cationic. S\u1ea3n ph\u1ea9m c\u00f3 t\u00ednh ch\u1ea5t cationic m\u1ea1nh m\u1ebd. N\u00f3 c\u00f3 kh\u1ea3 n\u0103ng t\u01b0\u01a1ng th\u00edch cao v\u1edbi s\u1ee3i acrylic, c\u00f3 th\u1ec3 k\u1ebft h\u1ee3p v\u1edbi s\u1ee3i acrylic tr\u01b0\u1edbc ti\u00ean \u0111\u1ec3 l\u00e0m ch\u1eadm qu\u00e1 tr\u00ecnh h\u1ea5p th\u1ee5 thu\u1ed1c nhu\u1ed9m, khi\u1ebfn n\u00f3 tr\u1edf th\u00e0nh l\u1ef1a ch\u1ecdn l\u00fd t\u01b0\u1edfng cho vi\u1ec7c nhu\u1ed9m v\u1ea3i acrylic b\u1eb1ng thu\u1ed1c nhu\u1ed9m cationic. S\u1ea3n ph\u1ea9m tu\u00e2n th\u1ee7 Ti\u00eau chu\u1ea9n Oeko-Tex 100 c\u1ee7a EU. H\u00e3y li\u00ean h\u1ec7 v\u1edbi ch\u00fang t\u00f4i \u0111\u1ec3 \u0111\u01b0\u1ee3c t\u01b0 v\u1ea5n gi\u1ea3i ph\u00e1p t\u00f9y ch\u1ec9nh!<\/p>\n<p><strong>S\u1ed1 model 22041-70<\/strong><\/p>","protected":false},"featured_media":2164,"comment_status":"closed","ping_status":"closed","template":"","meta":{"_acf_changed":false},"material":[29],"process":[20,38],"product_brand":[],"product_cat":[15],"product_tag":[48],"class_list":{"0":"post-2162","1":"product","2":"type-product","3":"status-publish","4":"has-post-thumbnail","6":"material-acrylic-chemicals","7":"process-dyeing-auxiliaries","8":"process-disperse-leveling-agent","9":"product_cat-uncategorized","10":"product_tag-new-textile-chemicals","12":"first","13":"instock","14":"shipping-taxable","15":"product-type-simple"},"acf":[],"_links":{"self":[{"href":"https:\/\/www.bluelakechem.com\/vi\/wp-json\/wp\/v2\/product\/2162","targetHints":{"allow":["GET"]}}],"collection":[{"href":"https:\/\/www.bluelakechem.com\/vi\/wp-json\/wp\/v2\/product"}],"about":[{"href":"https:\/\/www.bluelakechem.com\/vi\/wp-json\/wp\/v2\/types\/product"}],"replies":[{"embeddable":true,"href":"https:\/\/www.bluelakechem.com\/vi\/wp-json\/wp\/v2\/comments?post=2162"}],"wp:featuredmedia":[{"embeddable":true,"href":"https:\/\/www.bluelakechem.com\/vi\/wp-json\/wp\/v2\/media\/2164"}],"wp:attachment":[{"href":"https:\/\/www.bluelakechem.com\/vi\/wp-json\/wp\/v2\/media?parent=2162"}],"wp:term":[{"taxonomy":"material","embeddable":true,"href":"https:\/\/www.bluelakechem.com\/vi\/wp-json\/wp\/v2\/material?post=2162"},{"taxonomy":"process","embeddable":true,"href":"https:\/\/www.bluelakechem.com\/vi\/wp-json\/wp\/v2\/process?post=2162"},{"taxonomy":"product_brand","embeddable":true,"href":"https:\/\/www.bluelakechem.com\/vi\/wp-json\/wp\/v2\/product_brand?post=2162"},{"taxonomy":"product_cat","embeddable":true,"href":"https:\/\/www.bluelakechem.com\/vi\/wp-json\/wp\/v2\/product_cat?post=2162"},{"taxonomy":"product_tag","embeddable":true,"href":"https:\/\/www.bluelakechem.com\/vi\/wp-json\/wp\/v2\/product_tag?post=2162"}],"curies":[{"name":"wp","href":"https:\/\/api.w.org\/{rel}","templated":true}]}}