{"id":2188,"date":"2025-05-24T10:02:59","date_gmt":"2025-05-24T10:02:59","guid":{"rendered":"https:\/\/www.bluelakechem.com\/?post_type=product&#038;p=2188"},"modified":"2025-05-29T07:00:10","modified_gmt":"2025-05-29T07:00:10","slug":"polyester-resist-agent-wholesale","status":"publish","type":"product","link":"https:\/\/www.bluelakechem.com\/vi\/product\/polyester-resist-agent-wholesale\/","title":{"rendered":"Ch\u1ea5t ch\u1ed1ng th\u1ea5m polyester, ng\u0103n v\u1ea3i b\u1ecb nhu\u1ed9m b\u1edfi thu\u1ed1c nhu\u1ed9m h\u00f2a tan trong n\u01b0\u1edbc, ph\u1ee5 gia nhu\u1ed9m b\u00e1n bu\u00f4n"},"content":{"rendered":"<div class=\"wp-block-columns is-layout-flex wp-container-core-columns-is-layout-9d6595d7 wp-block-columns-is-layout-flex\">\n<div class=\"wp-block-column is-layout-flow wp-block-column-is-layout-flow\">\n<h2 class=\"wp-block-heading\">T\u00ednh n\u0103ng c\u1ee7a ch\u1ea5t ch\u1ed1ng th\u1ea5m polyester:<\/h2>\n\n\n\n<ul class=\"wp-block-list\">\n<li>Kh\u00f4ng ch\u1ee9a formaldehyde, APEO ho\u1eb7c ion kim lo\u1ea1i n\u1eb7ng, v.v. \u0110\u00e1p \u1ee9ng c\u00e1c y\u00eau c\u1ea7u v\u1ec1 b\u1ea3o v\u1ec7 m\u00f4i tr\u01b0\u1eddng.<\/li>\n\n\n\n<li>C\u00f3 kh\u1ea3 n\u0103ng t\u01b0\u01a1ng th\u00edch cao v\u1edbi s\u1ee3i polyester.<\/li>\n\n\n\n<li>N\u00f3 c\u00f3 th\u1ec3 ng\u0103n ch\u1eb7n vi\u1ec7c nhu\u1ed9m v\u1ea3i b\u1eb1ng c\u00e1c lo\u1ea1i thu\u1ed1c nhu\u1ed9m h\u00f2a tan trong n\u01b0\u1edbc.<\/li>\n\n\n\n<li>Kh\u00f4ng \u1ea3nh h\u01b0\u1edfng \u0111\u1ebfn m\u00e0u s\u1eafc, t\u00f4ng m\u00e0u ho\u1eb7c \u0111\u1ed9 s\u00e1ng.<\/li>\n<\/ul>\n\n\n\n<h2 class=\"wp-block-heading\">T\u00ednh ch\u1ea5t c\u1ee7a ch\u1ea5t ch\u1ed1ng th\u1ea5m polyester:<\/h2>\n\n\n\n<figure class=\"wp-block-table\"><table class=\"has-fixed-layout\"><tbody><tr><td>V\u1ebb b\u1ec1 ngo\u00e0i:<\/td><td>Ch\u1ea5t l\u1ecfng trong su\u1ed1t c\u00f3 m\u00e0u v\u00e0ng nh\u1ea1t \u0111\u1ebfn v\u00e0ng.<\/td><\/tr><tr><td>T\u00ednh ion:<\/td><td>Kh\u00f4ng ion<\/td><\/tr><tr><td>Gi\u00e1 tr\u1ecb pH:<\/td><td>6,5 \u00b1 1,0 (dung d\u1ecbch n\u01b0\u1edbc 1%)<\/td><\/tr><tr><td>\u0110\u1ed9 h\u00f2a tan:<\/td><td>H\u00f2a tan trong n\u01b0\u1edbc<\/td><\/tr><\/tbody><\/table><\/figure>\n<\/div>\n\n\n\n<div class=\"wp-block-column is-layout-flow wp-block-column-is-layout-flow\">\n<figure class=\"wp-block-embed is-type-video is-provider-youtube wp-block-embed-youtube wp-embed-aspect-16-9 wp-has-aspect-ratio\"><div class=\"wp-block-embed__wrapper\">\n<iframe title=\"\ud83c\udfa8 Nhu\u1ed9m polyester d\u1ec5 d\u00e0ng, \u0111\u1ed9 b\u1ec1n m\u00e0u \u0111\u01b0\u1ee3c c\u1ea3i thi\u1ec7n! # ch\u1ea5t ch\u1ed1ng nhu\u1ed9m # polyester # nh\u00e0 cung c\u1ea5p # ng\u00e0nh d\u1ec7t may\" width=\"500\" height=\"281\" src=\"https:\/\/www.youtube.com\/embed\/97latRhPXOs?feature=oembed\" frameborder=\"0\" allow=\"accelerometer; autoplay; clipboard-write; encrypted-media; gyroscope; picture-in-picture; web-share\" referrerpolicy=\"strict-origin-when-cross-origin\" allowfullscreen><\/iframe>\n<\/div><\/figure>\n\n\n\n<h2 class=\"wp-block-heading\">H\u01b0\u1edbng d\u1eabn s\u1eed d\u1ee5ng ch\u1ea5t ch\u1ed1ng th\u1ea5m polyester:<\/h2>\n\n\n\n<ul class=\"wp-block-list\">\n<li>Li\u1ec1u l\u01b0\u1ee3ng tham kh\u1ea3o: 1~3 g\/L<\/li>\n\n\n\n<li>Quy tr\u00ecnh: Th\u00eam 23717 v\u00e0 ch\u1ea1y trong 10~20 ph\u00fat \u2192 Quy tr\u00ecnh nhu\u1ed9m th\u00f4ng th\u01b0\u1eddng<\/li>\n<\/ul>\n<\/div>\n<\/div>\n\n\n\n<p><\/p>","protected":false},"excerpt":{"rendered":"<p>Ch\u1ea5t ch\u1ed1ng phai m\u00e0u c\u1ee7a ch\u00fang t\u00f4i l\u00e0 m\u1ed9t lo\u1ea1i ch\u1ea5t ho\u1ea1t \u0111\u1ed9ng b\u1ec1 m\u1eb7t polyester \u0111\u1eb7c bi\u1ec7t. S\u1ea3n ph\u1ea9m n\u00e0y ph\u00f9 h\u1ee3p cho c\u00e1c lo\u1ea1i v\u1ea3i polyester v\u00e0 polyester\/cotton \u0111\u01b0\u1ee3c nhu\u1ed9m b\u1eb1ng thu\u1ed1c nhu\u1ed9m ph\u1ea3n \u1ee9ng, c\u00f3 t\u00e1c d\u1ee5ng gi\u1eef m\u00e0u tr\u1eafng xu\u1ea5t s\u1eafc. S\u1ea3n ph\u1ea9m tu\u00e2n th\u1ee7 Ti\u00eau chu\u1ea9n Oeko-Tex 100 c\u1ee7a EU. H\u00e3y li\u00ean h\u1ec7 v\u1edbi ch\u00fang t\u00f4i \u0111\u1ec3 \u0111\u01b0\u1ee3c t\u01b0 v\u1ea5n gi\u1ea3i ph\u00e1p t\u00f9y ch\u1ec9nh!<\/p>\n<p><strong>S\u1ed1 model 23717<\/strong><\/p>","protected":false},"featured_media":2190,"comment_status":"closed","ping_status":"closed","template":"","meta":{"_acf_changed":false},"material":[27],"process":[20,38],"product_brand":[],"product_cat":[15],"product_tag":[48],"class_list":{"0":"post-2188","1":"product","2":"type-product","3":"status-publish","4":"has-post-thumbnail","6":"material-polyester-chemicals","7":"process-dyeing-auxiliaries","8":"process-disperse-leveling-agent","9":"product_cat-uncategorized","10":"product_tag-new-textile-chemicals","12":"first","13":"instock","14":"shipping-taxable","15":"product-type-simple"},"acf":[],"_links":{"self":[{"href":"https:\/\/www.bluelakechem.com\/vi\/wp-json\/wp\/v2\/product\/2188","targetHints":{"allow":["GET"]}}],"collection":[{"href":"https:\/\/www.bluelakechem.com\/vi\/wp-json\/wp\/v2\/product"}],"about":[{"href":"https:\/\/www.bluelakechem.com\/vi\/wp-json\/wp\/v2\/types\/product"}],"replies":[{"embeddable":true,"href":"https:\/\/www.bluelakechem.com\/vi\/wp-json\/wp\/v2\/comments?post=2188"}],"wp:featuredmedia":[{"embeddable":true,"href":"https:\/\/www.bluelakechem.com\/vi\/wp-json\/wp\/v2\/media\/2190"}],"wp:attachment":[{"href":"https:\/\/www.bluelakechem.com\/vi\/wp-json\/wp\/v2\/media?parent=2188"}],"wp:term":[{"taxonomy":"material","embeddable":true,"href":"https:\/\/www.bluelakechem.com\/vi\/wp-json\/wp\/v2\/material?post=2188"},{"taxonomy":"process","embeddable":true,"href":"https:\/\/www.bluelakechem.com\/vi\/wp-json\/wp\/v2\/process?post=2188"},{"taxonomy":"product_brand","embeddable":true,"href":"https:\/\/www.bluelakechem.com\/vi\/wp-json\/wp\/v2\/product_brand?post=2188"},{"taxonomy":"product_cat","embeddable":true,"href":"https:\/\/www.bluelakechem.com\/vi\/wp-json\/wp\/v2\/product_cat?post=2188"},{"taxonomy":"product_tag","embeddable":true,"href":"https:\/\/www.bluelakechem.com\/vi\/wp-json\/wp\/v2\/product_tag?post=2188"}],"curies":[{"name":"wp","href":"https:\/\/api.w.org\/{rel}","templated":true}]}}