{"id":2273,"date":"2025-06-02T08:16:23","date_gmt":"2025-06-02T08:16:23","guid":{"rendered":"https:\/\/www.bluelakechem.com\/?post_type=product&#038;p=2273"},"modified":"2025-06-05T03:29:46","modified_gmt":"2025-06-05T03:29:46","slug":"soaping-agent-in-textile","status":"publish","type":"product","link":"https:\/\/www.bluelakechem.com\/vi\/product\/soaping-agent-in-textile\/","title":{"rendered":"Ch\u1ea5t t\u1ea1o b\u1ecdt kh\u00f4ng ch\u1ee9a phosphate trong ng\u00e0nh d\u1ec7t may v\u1edbi kh\u1ea3 n\u0103ng ph\u00e2n t\u00e1n xu\u1ea5t s\u1eafc"},"content":{"rendered":"<div class=\"wp-block-columns is-layout-flex wp-container-core-columns-is-layout-9d6595d7 wp-block-columns-is-layout-flex\">\n<div class=\"wp-block-column is-layout-flow wp-block-column-is-layout-flow\">\n<h2 class=\"wp-block-heading\">C\u00e1c \u0111\u1eb7c t\u00ednh c\u1ee7a ch\u1ea5t t\u1ea1o b\u1ecdt trong ng\u00e0nh d\u1ec7t may:<\/h2>\n\n\n\n<p>Kh\u00f4ng ch\u1ee9a ph\u1ed1t pho ho\u1eb7c APEO, v.v. \u0110\u00e1p \u1ee9ng c\u00e1c y\u00eau c\u1ea7u v\u1ec1 b\u1ea3o v\u1ec7 m\u00f4i tr\u01b0\u1eddng.<\/p>\n\n\n\n<p>Ch\u1ee9c n\u0103ng ph\u00e2n t\u00e1n v\u00e0 gi\u1eb7t t\u1ea9y tuy\u1ec7t v\u1eddi. C\u00f3 th\u1ec3 lo\u1ea1i b\u1ecf hi\u1ec7u qu\u1ea3 c\u00e1c v\u1ebft nhu\u1ed9m b\u1ec1 m\u1eb7t tr\u00ean v\u1ea3i v\u00e0 c\u1ea3i thi\u1ec7n \u0111\u1ed9 b\u1ec1n m\u00e0u.<\/p>\n\n\n\n<p>T\u00ednh n\u0103ng ch\u1ed1ng \u1ed1 v\u00e0ng xu\u1ea5t s\u1eafc. Ng\u0103n ng\u1eeba hi\u1ec7n t\u01b0\u1ee3ng oxy h\u00f3a v\u00e0 c\u1ea3i thi\u1ec7n hi\u1ec7u qu\u1ea3 in \u1ea5n.<\/p>\n\n\n\n<p>\u1ea2nh h\u01b0\u1edfng r\u1ea5t \u00edt \u0111\u1ebfn t\u00f4ng m\u00e0u. C\u00f3 th\u1ec3 t\u0103ng \u0111\u1ed9 s\u00e1ng sau khi x\u00e0 ph\u00f2ng h\u00f3a v\u00e0 \u0111un s\u00f4i.<\/p>\n\n\n\n<h2 class=\"wp-block-heading\">T\u00ednh ch\u1ea5t c\u1ee7a ch\u1ea5t t\u1ea1o b\u1ecdt trong ng\u00e0nh d\u1ec7t may:<\/h2>\n\n\n\n<figure class=\"wp-block-table\"><table class=\"has-fixed-layout\"><tbody><tr><td>V\u1ebb b\u1ec1 ngo\u00e0i:<\/td><td>Ch\u1ea5t l\u1ecfng trong su\u1ed1t m\u00e0u v\u00e0ng<\/td><\/tr><tr><td>T\u00ednh ion:<\/td><td>Anion<\/td><\/tr><tr><td>Gi\u00e1 tr\u1ecb pH:<\/td><td>7,0 \u00b1 1,0 (dung d\u1ecbch n\u01b0\u1edbc 1%)<\/td><\/tr><tr><td>\u0110\u1ed9 h\u00f2a tan:<\/td><td>H\u00f2a tan trong n\u01b0\u1edbc<\/td><\/tr><\/tbody><\/table><\/figure>\n<\/div>\n\n\n\n<div class=\"wp-block-column is-layout-flow wp-block-column-is-layout-flow\">\n<figure class=\"wp-block-embed is-type-video is-provider-youtube wp-block-embed-youtube wp-embed-aspect-16-9 wp-has-aspect-ratio\"><div class=\"wp-block-embed__wrapper\">\n<iframe title=\"H\u00f3a ch\u1ea5t d\u1ec7t may | Ch\u1ea5t t\u1ea9y r\u1eeda kh\u00f4ng ch\u1ee9a ph\u1ed1t ph\u00e1t v\u00e0 kh\u00f4ng t\u1ea1o b\u1ecdt - 23224\" width=\"500\" height=\"281\" src=\"https:\/\/www.youtube.com\/embed\/x1MkO6aM4BY?feature=oembed\" frameborder=\"0\" allow=\"accelerometer; autoplay; clipboard-write; encrypted-media; gyroscope; picture-in-picture; web-share\" referrerpolicy=\"strict-origin-when-cross-origin\" allowfullscreen><\/iframe>\n<\/div><\/figure>\n\n\n\n<h2 class=\"wp-block-heading\">H\u01b0\u1edbng d\u1eabn:<\/h2>\n\n\n\n<p>Li\u1ec1u l\u01b0\u1ee3ng tham kh\u1ea3o:<\/p>\n\n\n\n<p><strong>M\u00e0u s\u00e1ng:<\/strong> 0,5~1 g\/L, 85~95\u00b0C \u00d7 10~15 ph\u00fat<\/p>\n\n\n\n<p><strong>M\u00e0u trung b\u00ecnh: <\/strong>1~1,5 g\/L, 85~95\u00b0C \u00d7 10~15 ph\u00fat<\/p>\n\n\n\n<p><strong>M\u00e0u t\u1ed1i:<\/strong> 1,5\u20132 g\/L, 85\u201395\u00b0C \u00d7 10\u201315 ph\u00fat<\/p>\n<\/div>\n<\/div>","protected":false},"excerpt":{"rendered":"<p>Ch\u1ea5t t\u1ea9y r\u1eeda 23224 l\u00e0 m\u1ed9t ch\u1ea5t t\u1ea9y r\u1eeda kh\u00f4ng ch\u1ee9a photphat, kh\u00f4ng ch\u1ee9a APEO v\u00e0 kh\u00f4ng t\u1ea1o b\u1ecdt, \u0111\u01b0\u1ee3c thi\u1ebft k\u1ebf d\u00e0nh cho c\u00e1c quy tr\u00ecnh sau khi nhu\u1ed9m v\u00e0 in tr\u00ean v\u1ea3i s\u1ee3i cellulose nh\u01b0 b\u00f4ng, viscose, lanh v\u00e0 c\u00e1c h\u1ed7n h\u1ee3p c\u1ee7a ch\u00fang.<\/p>\n<p>\u0110\u01b0\u1ee3c c\u1ea5u t\u1ea1o t\u1eeb c\u00e1c h\u1ee3p ch\u1ea5t ph\u00e2n t\u00e1n ph\u00e2n t\u1eed cao, s\u1ea3n ph\u1ea9m n\u00e0y lo\u1ea1i b\u1ecf hi\u1ec7u qu\u1ea3 c\u00e1c ch\u1ea5t nhu\u1ed9m ch\u01b0a c\u1ed1 \u0111\u1ecbnh th\u00f4ng qua t\u00e1c \u0111\u1ed9ng h\u00f3a h\u1ecdc v\u00e0 ph\u00e2n t\u00e1n, \u0111\u1ed3ng th\u1eddi ng\u0103n ng\u1eeba s\u1ef1 t\u00e1i l\u1eafng \u0111\u1ecdng. Ph\u00f9 h\u1ee3p cho c\u00e1c qu\u00e1 tr\u00ecnh t\u1ea9y r\u1eeda, n\u1ea5u ch\u00edn v\u00e0 nhu\u1ed9m ch\u1ec9nh s\u1eeda, s\u1ea3n ph\u1ea9m \u0111\u1ea3m b\u1ea3o \u0111\u1ed9 s\u00e1ng m\u00e0u v\u00e0 \u0111\u1ed9 b\u1ec1n m\u00e0u xu\u1ea5t s\u1eafc.<\/p>\n<p>S\u1ea3n ph\u1ea9m tu\u00e2n th\u1ee7 Ti\u00eau chu\u1ea9n Oeko-Tex 100, mang l\u1ea1i gi\u1ea3i ph\u00e1p b\u1ec1n v\u1eefng cho c\u00e1c nh\u00e0 s\u1ea3n xu\u1ea5t d\u1ec7t may quan t\u00e2m \u0111\u1ebfn m\u00f4i tr\u01b0\u1eddng.<\/p>\n<p><strong>S\u1ed1 model 23224<\/strong><\/p>","protected":false},"featured_media":2275,"comment_status":"closed","ping_status":"closed","template":"","meta":{"_acf_changed":false},"material":[26,27,28,29,30,31,32,33,49,34],"process":[20,40],"product_brand":[],"product_cat":[15],"product_tag":[48],"class_list":{"0":"post-2273","1":"product","2":"type-product","3":"status-publish","4":"has-post-thumbnail","6":"material-cotton-agent","7":"material-polyester-chemicals","8":"material-nylon-agent","9":"material-acrylic-chemicals","10":"material-viscose-chemicals","11":"material-wool-auxiliary","12":"material-linen-chemicals","13":"material-silk-chemicals","14":"material-elastic","15":"material-fabric-chemicals","16":"process-dyeing-auxiliaries","17":"process-soaping-agent","18":"product_cat-uncategorized","19":"product_tag-new-textile-chemicals","21":"first","22":"instock","23":"shipping-taxable","24":"product-type-simple"},"acf":[],"_links":{"self":[{"href":"https:\/\/www.bluelakechem.com\/vi\/wp-json\/wp\/v2\/product\/2273","targetHints":{"allow":["GET"]}}],"collection":[{"href":"https:\/\/www.bluelakechem.com\/vi\/wp-json\/wp\/v2\/product"}],"about":[{"href":"https:\/\/www.bluelakechem.com\/vi\/wp-json\/wp\/v2\/types\/product"}],"replies":[{"embeddable":true,"href":"https:\/\/www.bluelakechem.com\/vi\/wp-json\/wp\/v2\/comments?post=2273"}],"wp:featuredmedia":[{"embeddable":true,"href":"https:\/\/www.bluelakechem.com\/vi\/wp-json\/wp\/v2\/media\/2275"}],"wp:attachment":[{"href":"https:\/\/www.bluelakechem.com\/vi\/wp-json\/wp\/v2\/media?parent=2273"}],"wp:term":[{"taxonomy":"material","embeddable":true,"href":"https:\/\/www.bluelakechem.com\/vi\/wp-json\/wp\/v2\/material?post=2273"},{"taxonomy":"process","embeddable":true,"href":"https:\/\/www.bluelakechem.com\/vi\/wp-json\/wp\/v2\/process?post=2273"},{"taxonomy":"product_brand","embeddable":true,"href":"https:\/\/www.bluelakechem.com\/vi\/wp-json\/wp\/v2\/product_brand?post=2273"},{"taxonomy":"product_cat","embeddable":true,"href":"https:\/\/www.bluelakechem.com\/vi\/wp-json\/wp\/v2\/product_cat?post=2273"},{"taxonomy":"product_tag","embeddable":true,"href":"https:\/\/www.bluelakechem.com\/vi\/wp-json\/wp\/v2\/product_tag?post=2273"}],"curies":[{"name":"wp","href":"https:\/\/api.w.org\/{rel}","templated":true}]}}