{"id":2279,"date":"2025-06-02T09:08:22","date_gmt":"2025-06-02T09:08:22","guid":{"rendered":"https:\/\/www.bluelakechem.com\/?post_type=product&#038;p=2279"},"modified":"2025-11-18T03:20:43","modified_gmt":"2025-11-18T03:20:43","slug":"fixing-resin","status":"publish","type":"product","link":"https:\/\/www.bluelakechem.com\/vi\/product\/fixing-resin\/","title":{"rendered":"Ch\u1ea5t k\u1ebft d\u00ednh nh\u1ef1a, ch\u1ea5t l\u00e0m ph\u1eb3ng ti\u1ebft ki\u1ec7m n\u01b0\u1edbc cho qu\u00e1 tr\u00ecnh nhu\u1ed9m ph\u1ea3n \u1ee9ng m\u00e0u t\u1ed1i."},"content":{"rendered":"<div class=\"wp-block-columns is-layout-flex wp-container-core-columns-is-layout-9d6595d7 wp-block-columns-is-layout-flex\">\n<div class=\"wp-block-column is-layout-flow wp-block-column-is-layout-flow\">\n<h2 class=\"wp-block-heading\">C\u00e1c t\u00ednh n\u0103ng c\u1ee7a nh\u1ef1a epoxy:<\/h2>\n\n\n\n<p><strong>S\u1eeda ch\u1eefa + c\u00e2n b\u1eb1ng hai t\u00e1c d\u1ee5ng:<\/strong> C\u00f3 th\u1ec3 s\u1eed d\u1ee5ng chung trong c\u00f9ng m\u1ed9t qu\u00e1 tr\u00ecnh nhu\u1ed9m v\u1edbi thu\u1ed1c nhu\u1ed9m ph\u1ea3n \u1ee9ng, gi\u00fap c\u1ea3i thi\u1ec7n c\u1ea3 \u0111\u1ed9 b\u1ec1n m\u00e0u v\u00e0 \u0111\u1ed9 \u0111\u1ec1u m\u00e0u.<\/p>\n\n\n\n<p><strong>Ti\u1ebft ki\u1ec7m n\u01b0\u1edbc v\u00e0 n\u0103ng l\u01b0\u1ee3ng:<\/strong> Gi\u1ea3m thi\u1ec3u vi\u1ec7c gi\u1eb7t gi\u0169 l\u1eb7p \u0111i l\u1eb7p l\u1ea1i v\u00e0 h\u1ed7 tr\u1ee3 s\u1ea3n xu\u1ea5t b\u1ec1n v\u1eefng.<\/p>\n\n\n\n<p><strong>\u1ee8c ch\u1ebf qu\u00e1 tr\u00ecnh th\u1ee7y ph\u00e2n c\u1ee7a thu\u1ed1c nhu\u1ed9m:<\/strong> N\u00e2ng cao hi\u1ec7u qu\u1ea3 c\u1ed1 \u0111\u1ecbnh m\u00e0u, gi\u1ea3m phai m\u00e0u ho\u1eb7c nhu\u1ed9m l\u1ea1i.<\/p>\n\n\n\n<p><strong>T\u01b0\u01a1ng th\u00edch tuy\u1ec7t v\u1eddi: <\/strong>C\u00f3 th\u1ec3 s\u1eed d\u1ee5ng trong c\u00f9ng m\u1ed9t b\u1ed3n t\u1eafm v\u1edbi nhi\u1ec1u lo\u1ea1i thu\u1ed1c nhu\u1ed9m m\u00e0 kh\u00f4ng \u1ea3nh h\u01b0\u1edfng \u0111\u1ebfn hi\u1ec7u qu\u1ea3 nhu\u1ed9m.<\/p>\n\n\n\n<p><strong>Th\u00e2n thi\u1ec7n v\u1edbi m\u00f4i tr\u01b0\u1eddng v\u00e0 an to\u00e0n:<\/strong> Kh\u00f4ng ch\u1ee9a formaldehyde, APEO v\u00e0 kim lo\u1ea1i n\u1eb7ng, tu\u00e2n th\u1ee7 c\u00e1c ti\u00eau chu\u1ea9n d\u1ec7t may to\u00e0n c\u1ea7u.<\/p>\n\n\n\n<h2 class=\"wp-block-heading\">\u0110i\u1ec1u ch\u1ec9nh t\u00ednh ch\u1ea5t c\u1ee7a nh\u1ef1a:<\/h2>\n\n\n\n<figure class=\"wp-block-table\"><table class=\"has-fixed-layout\"><tbody><tr><td><strong>V\u1ebb b\u1ec1 ngo\u00e0i:<\/strong><\/td><td>Ch\u1ea5t l\u1ecfng m\u00e0u v\u00e0ng n\u00e2u<\/td><\/tr><tr><td><strong>T\u00ednh ion:<\/strong><\/td><td>Anion<\/td><\/tr><tr><td><strong>Gi\u00e1 tr\u1ecb pH:<\/strong><\/td><td>7,0 \u00b1 0,5 (dung d\u1ecbch n\u01b0\u1edbc 1%)<\/td><\/tr><tr><td><strong>\u0110\u1ed9 h\u00f2a tan:<\/strong><\/td><td>H\u00f2a tan trong n\u01b0\u1edbc<\/td><\/tr><\/tbody><\/table><\/figure>\n<\/div>\n\n\n\n<div class=\"wp-block-column is-layout-flow wp-block-column-is-layout-flow\">\n<figure class=\"wp-block-embed is-type-video is-provider-youtube wp-block-embed-youtube wp-embed-aspect-16-9 wp-has-aspect-ratio\"><div class=\"wp-block-embed__wrapper\">\n<iframe title=\"Ch\u1ea5t \u0111i\u1ec1u ch\u1ec9nh \u0111\u1ed9 ph\u1eb3ng ti\u1ebft ki\u1ec7m n\u01b0\u1edbc. N\u00e2ng cao hi\u1ec7u su\u1ea5t nhu\u1ed9m 15~25% trong c\u00f9ng m\u1ed9t b\u1ec3 nhu\u1ed9m. 22107\" width=\"500\" height=\"281\" src=\"https:\/\/www.youtube.com\/embed\/zQ8RaZWtqaA?feature=oembed\" frameborder=\"0\" allow=\"accelerometer; autoplay; clipboard-write; encrypted-media; gyroscope; picture-in-picture; web-share\" referrerpolicy=\"strict-origin-when-cross-origin\" allowfullscreen><\/iframe>\n<\/div><\/figure>\n\n\n\n<h2 class=\"wp-block-heading\">H\u01b0\u1edbng d\u1eabn s\u1eed d\u1ee5ng keo d\u00e1n:<\/h2>\n\n\n\n<p>D\u00f9ng chung v\u1edbi qu\u00e1 tr\u00ecnh nhu\u1ed9m trong c\u00f9ng m\u1ed9t b\u1ec3 nhu\u1ed9m, li\u1ec1u l\u01b0\u1ee3ng tham kh\u1ea3o: 1.0~2.0% (tr\u1ecdng l\u01b0\u1ee3ng tr\u00ean tr\u1ecdng l\u01b0\u1ee3ng)<\/p>\n\n\n\n<p><strong>Ghi ch\u00fa:<\/strong><\/p>\n\n\n\n<p>Li\u1ec1u l\u01b0\u1ee3ng khuy\u1ebfn ngh\u1ecb l\u00e0 20~30% l\u01b0\u1ee3ng thu\u1ed1c nhu\u1ed9m. Vui l\u00f2ng h\u00f2a tan thu\u1ed1c nhu\u1ed9m v\u00e0 ti\u1ebfn h\u00e0nh nhu\u1ed9m theo quy tr\u00ecnh th\u00f4ng th\u01b0\u1eddng.<\/p>\n<\/div>\n<\/div>","protected":false},"excerpt":{"rendered":"<p>Ch\u1ea5t c\u1ed1 \u0111\u1ecbnh nh\u1ef1a 22107 l\u00e0 m\u1ed9t ch\u1ea5t t\u00e1c \u0111\u1ed9ng k\u00e9p kh\u00f4ng ch\u1ee9a formaldehyde, k\u1ebft h\u1ee3p ch\u1ee9c n\u0103ng c\u1ee7a ch\u1ea5t c\u1ed1 \u0111\u1ecbnh nh\u1ef1a v\u00e0 ch\u1ea5t l\u00e0m ph\u1eb3ng, \u0111\u01b0\u1ee3c ph\u00e1t tri\u1ec3n \u0111\u1eb7c bi\u1ec7t cho v\u1ea3i cotton nhu\u1ed9m b\u1eb1ng thu\u1ed1c nhu\u1ed9m ph\u1ea3n \u1ee9ng. N\u00f3 c\u1ea3i thi\u1ec7n \u0111\u1ed9 b\u1ec1n m\u00e0u khi gi\u1eb7t v\u00e0 t\u1ea9y r\u1eeda, \u0111\u1ed3ng th\u1eddi c\u1ea3i thi\u1ec7n \u0111\u1ed9 ph\u1eb3ng khi s\u1eed d\u1ee5ng chung v\u1edbi thu\u1ed1c nhu\u1ed9m trong b\u1ec3 nhu\u1ed9m. Ph\u00f9 h\u1ee3p cho nhu\u1ed9m v\u1ea3i cu\u1ed9n, nhu\u1ed9m s\u1ee3i v\u00e0 c\u00e1c ph\u01b0\u01a1ng ph\u00e1p x\u1eed l\u00fd ch\u1ec9nh s\u1eeda, v\u00e0 tu\u00e2n th\u1ee7 Ti\u00eau chu\u1ea9n Oeko-Tex 100. H\u00e3y li\u00ean h\u1ec7 v\u1edbi ch\u00fang t\u00f4i \u0111\u1ec3 nh\u1eadn m\u1eabu mi\u1ec5n ph\u00ed ho\u1eb7c t\u01b0 v\u1ea5n c\u00f4ng th\u1ee9c chuy\u00ean nghi\u1ec7p!<\/p>\n<p><strong>S\u1ed1 model 22107<\/strong><\/p>\n<p><img decoding=\"async\" class=\"wp-image-2287 size-full alignnone\" src=\"https:\/\/www.bluelakechem.com\/wp-content\/uploads\/2025\/05\/Fixing-Resin-Leveling-Agent-for-Reactive-Dyes-Fastness-Water-Saving-1-1.webp\" alt=\"Ch\u1ea5t c\u1ed1 \u0111\u1ecbnh nh\u1ef1a v\u00e0 ch\u1ea5t l\u00e0m ph\u1eb3ng cho thu\u1ed1c nhu\u1ed9m ph\u1ea3n \u1ee9ng, \u0111\u1ed9 b\u1ec1n m\u00e0u v\u00e0 ti\u1ebft ki\u1ec7m n\u01b0\u1edbc (1)\" width=\"1250\" height=\"655\" srcset=\"https:\/\/www.bluelakechem.com\/wp-content\/uploads\/2025\/05\/Fixing-Resin-Leveling-Agent-for-Reactive-Dyes-Fastness-Water-Saving-1-1.webp 1250w, https:\/\/www.bluelakechem.com\/wp-content\/uploads\/2025\/05\/Fixing-Resin-Leveling-Agent-for-Reactive-Dyes-Fastness-Water-Saving-1-1-300x157.webp 300w, https:\/\/www.bluelakechem.com\/wp-content\/uploads\/2025\/05\/Fixing-Resin-Leveling-Agent-for-Reactive-Dyes-Fastness-Water-Saving-1-1-768x402.webp 768w, https:\/\/www.bluelakechem.com\/wp-content\/uploads\/2025\/05\/Fixing-Resin-Leveling-Agent-for-Reactive-Dyes-Fastness-Water-Saving-1-1-18x9.webp 18w, https:\/\/www.bluelakechem.com\/wp-content\/uploads\/2025\/05\/Fixing-Resin-Leveling-Agent-for-Reactive-Dyes-Fastness-Water-Saving-1-1-1200x629.webp 1200w, https:\/\/www.bluelakechem.com\/wp-content\/uploads\/2025\/05\/Fixing-Resin-Leveling-Agent-for-Reactive-Dyes-Fastness-Water-Saving-1-1-600x314.webp 600w\" sizes=\"(max-width: 1250px) 100vw, 1250px\" \/><\/p>","protected":false},"featured_media":2280,"comment_status":"closed","ping_status":"closed","template":"","meta":{"_acf_changed":false},"material":[26],"process":[23,41],"product_brand":[],"product_cat":[15],"product_tag":[48],"class_list":{"0":"post-2279","1":"product","2":"type-product","3":"status-publish","4":"has-post-thumbnail","6":"material-cotton-agent","7":"process-textile-finishing-chemicals","8":"process-fixing-agent","9":"product_cat-uncategorized","10":"product_tag-new-textile-chemicals","12":"first","13":"instock","14":"shipping-taxable","15":"product-type-simple"},"acf":[],"_links":{"self":[{"href":"https:\/\/www.bluelakechem.com\/vi\/wp-json\/wp\/v2\/product\/2279","targetHints":{"allow":["GET"]}}],"collection":[{"href":"https:\/\/www.bluelakechem.com\/vi\/wp-json\/wp\/v2\/product"}],"about":[{"href":"https:\/\/www.bluelakechem.com\/vi\/wp-json\/wp\/v2\/types\/product"}],"replies":[{"embeddable":true,"href":"https:\/\/www.bluelakechem.com\/vi\/wp-json\/wp\/v2\/comments?post=2279"}],"wp:featuredmedia":[{"embeddable":true,"href":"https:\/\/www.bluelakechem.com\/vi\/wp-json\/wp\/v2\/media\/2280"}],"wp:attachment":[{"href":"https:\/\/www.bluelakechem.com\/vi\/wp-json\/wp\/v2\/media?parent=2279"}],"wp:term":[{"taxonomy":"material","embeddable":true,"href":"https:\/\/www.bluelakechem.com\/vi\/wp-json\/wp\/v2\/material?post=2279"},{"taxonomy":"process","embeddable":true,"href":"https:\/\/www.bluelakechem.com\/vi\/wp-json\/wp\/v2\/process?post=2279"},{"taxonomy":"product_brand","embeddable":true,"href":"https:\/\/www.bluelakechem.com\/vi\/wp-json\/wp\/v2\/product_brand?post=2279"},{"taxonomy":"product_cat","embeddable":true,"href":"https:\/\/www.bluelakechem.com\/vi\/wp-json\/wp\/v2\/product_cat?post=2279"},{"taxonomy":"product_tag","embeddable":true,"href":"https:\/\/www.bluelakechem.com\/vi\/wp-json\/wp\/v2\/product_tag?post=2279"}],"curies":[{"name":"wp","href":"https:\/\/api.w.org\/{rel}","templated":true}]}}