{"id":2298,"date":"2025-06-10T03:25:23","date_gmt":"2025-06-10T03:25:23","guid":{"rendered":"https:\/\/www.bluelakechem.com\/?post_type=product&#038;p=2298"},"modified":"2025-06-10T03:25:25","modified_gmt":"2025-06-10T03:25:25","slug":"nylon-hydrophilic-finishing-agent","status":"publish","type":"product","link":"https:\/\/www.bluelakechem.com\/vi\/product\/nylon-hydrophilic-finishing-agent\/","title":{"rendered":"Ch\u1ea5t ho\u00e0n thi\u1ec7n nylon th\u00e2n n\u01b0\u1edbc, t\u0103ng c\u01b0\u1eddng kh\u1ea3 n\u0103ng gi\u1eb7t r\u1eeda v\u00e0 \u0111\u1ed9 \u1ea9m b\u1ec1 m\u1eb7t."},"content":{"rendered":"<div class=\"wp-block-columns is-layout-flex wp-container-core-columns-is-layout-9d6595d7 wp-block-columns-is-layout-flex\">\n<div class=\"wp-block-column is-layout-flow wp-block-column-is-layout-flow\">\n<h2 class=\"wp-block-heading\">Hydrophilic Finishing Agent Features:<\/h2>\n\n\n\n<p><strong>Th\u00e2n thi\u1ec7n v\u1edbi m\u00f4i tr\u01b0\u1eddng<\/strong>: Free from APEO, formaldehyde, and heavy metals; meets Oeko-Tex Standard 100.<\/p>\n\n\n\n<p><strong>Superior Hydrophilicity<\/strong>: Significantly improves the moisture absorption and quick-dry performance of nylon and nylon-blend fabrics.<\/p>\n\n\n\n<p><strong>Durable Washability<\/strong>: Provides excellent resistance to repeated washing cycles without losing hydrophilic effect.<\/p>\n\n\n\n<p><strong>Stable Shade Retention<\/strong>:  Low impact on fabric color, maintains original shade after finishing.<\/p>\n\n\n\n<p><strong>Soft Hand Feel Compatible<\/strong>:  Does not affect the softness or feel when used with hydrophilic silicone oil.<\/p>\n\n\n\n<p><strong>Easy Application<\/strong>: Can be applied in the same bath with hydrophilic softeners or silicone oils in setting machines, streamlining the finishing process.<\/p>\n\n\n\n<h2 class=\"wp-block-heading\">Hydrophilic Finishing Agent Properties:<\/h2>\n\n\n\n<figure class=\"wp-block-table\"><table class=\"has-fixed-layout\"><tbody><tr><td>V\u1ebb b\u1ec1 ngo\u00e0i:<\/td><td>Light yellow to light brown liquid<\/td><\/tr><tr><td>T\u00ednh ion:<\/td><td>Cation y\u1ebfu<\/td><\/tr><tr><td>Gi\u00e1 tr\u1ecb pH:<\/td><td>4,0 \u00b1 1,0 (dung d\u1ecbch n\u01b0\u1edbc 1%)<\/td><\/tr><tr><td>\u0110\u1ed9 h\u00f2a tan:<\/td><td>H\u00f2a tan trong n\u01b0\u1edbc<\/td><\/tr><\/tbody><\/table><\/figure>\n<\/div>\n\n\n\n<div class=\"wp-block-column is-layout-flow wp-block-column-is-layout-flow\">\n<figure class=\"wp-block-embed is-type-video is-provider-youtube wp-block-embed-youtube wp-embed-aspect-16-9 wp-has-aspect-ratio\"><div class=\"wp-block-embed__wrapper\">\n<iframe title=\"C\u00e1ch ch\u1ecdn ch\u1ea5t ho\u00e0n thi\u1ec7n th\u1ea5m n\u01b0\u1edbc c\u00f3 th\u1ec3 gi\u1eb7t \u0111\u01b0\u1ee3c cho v\u1ea3i nylon? #nylon #textilechemicals\" width=\"500\" height=\"281\" src=\"https:\/\/www.youtube.com\/embed\/m6TxQphysWM?feature=oembed\" frameborder=\"0\" allow=\"accelerometer; autoplay; clipboard-write; encrypted-media; gyroscope; picture-in-picture; web-share\" referrerpolicy=\"strict-origin-when-cross-origin\" allowfullscreen><\/iframe>\n<\/div><\/figure>\n\n\n\n<h2 class=\"wp-block-heading\">Hydrophilic Finishing Agent Instruction:<\/h2>\n\n\n\n<p><strong>Quy tr\u00ecnh \u0111\u1ec7m:<\/strong><\/p>\n\n\n\n<p>Reference dosage of 44507: 20~40 g\/L<\/p>\n\n\n\n<p>Reference dosage of Hydrophilic Silicone Oil: 10~20 g\/L<\/p>\n\n\n\n<p>Nh\u00fang v\u00e0 \u0111\u1ec7m (Nh\u1eb7t: 70~100%) \u2192 S\u1ea5y v\u00e0 \u0111\u1ecbnh h\u00ecnh (130~160\u2103)<\/p>\n<\/div>\n<\/div>","protected":false},"excerpt":{"rendered":"<p>Hydrophilic Finishing Agent 44507 is mainly composed of polyurethane-modified polyether. It can undergo a cross-linking reaction with nylon fiber at high temperatures, chemically modifying the nylon surface to enhance the hydrophilic properties of nylon fabrics. It can be applied in the hydrophilic finishing process for fabrics of nylon and nylon blends. and is compliant with Oeko-Tex Standard 100. Contact us for free samples or expert guidance on formulas!<\/p>\n<p><strong>Model No.44507<\/strong><\/p>","protected":false},"featured_media":2302,"comment_status":"closed","ping_status":"closed","template":"","meta":{"_acf_changed":false},"material":[28],"process":[23,25],"product_brand":[],"product_cat":[15],"product_tag":[48],"class_list":{"0":"post-2298","1":"product","2":"type-product","3":"status-publish","4":"has-post-thumbnail","6":"material-nylon-agent","7":"process-textile-finishing-chemicals","8":"process-textile-finishing-agent","9":"product_cat-uncategorized","10":"product_tag-new-textile-chemicals","12":"first","13":"instock","14":"shipping-taxable","15":"product-type-simple"},"acf":[],"_links":{"self":[{"href":"https:\/\/www.bluelakechem.com\/vi\/wp-json\/wp\/v2\/product\/2298","targetHints":{"allow":["GET"]}}],"collection":[{"href":"https:\/\/www.bluelakechem.com\/vi\/wp-json\/wp\/v2\/product"}],"about":[{"href":"https:\/\/www.bluelakechem.com\/vi\/wp-json\/wp\/v2\/types\/product"}],"replies":[{"embeddable":true,"href":"https:\/\/www.bluelakechem.com\/vi\/wp-json\/wp\/v2\/comments?post=2298"}],"wp:featuredmedia":[{"embeddable":true,"href":"https:\/\/www.bluelakechem.com\/vi\/wp-json\/wp\/v2\/media\/2302"}],"wp:attachment":[{"href":"https:\/\/www.bluelakechem.com\/vi\/wp-json\/wp\/v2\/media?parent=2298"}],"wp:term":[{"taxonomy":"material","embeddable":true,"href":"https:\/\/www.bluelakechem.com\/vi\/wp-json\/wp\/v2\/material?post=2298"},{"taxonomy":"process","embeddable":true,"href":"https:\/\/www.bluelakechem.com\/vi\/wp-json\/wp\/v2\/process?post=2298"},{"taxonomy":"product_brand","embeddable":true,"href":"https:\/\/www.bluelakechem.com\/vi\/wp-json\/wp\/v2\/product_brand?post=2298"},{"taxonomy":"product_cat","embeddable":true,"href":"https:\/\/www.bluelakechem.com\/vi\/wp-json\/wp\/v2\/product_cat?post=2298"},{"taxonomy":"product_tag","embeddable":true,"href":"https:\/\/www.bluelakechem.com\/vi\/wp-json\/wp\/v2\/product_tag?post=2298"}],"curies":[{"name":"wp","href":"https:\/\/api.w.org\/{rel}","templated":true}]}}