{"id":2303,"date":"2025-06-10T03:45:12","date_gmt":"2025-06-10T03:45:12","guid":{"rendered":"https:\/\/www.bluelakechem.com\/?post_type=product&#038;p=2303"},"modified":"2025-06-10T04:02:49","modified_gmt":"2025-06-10T04:02:49","slug":"low-temperature-soaping-powder","status":"publish","type":"product","link":"https:\/\/www.bluelakechem.com\/vi\/product\/low-temperature-soaping-powder\/","title":{"rendered":"B\u1ed9t x\u00e0 ph\u00f2ng nhi\u1ec7t \u0111\u1ed9 th\u1ea5p d\u00f9ng cho qu\u00e1 tr\u00ecnh n\u1ea5u x\u00e0 ph\u00f2ng sau khi in v\u00e0 nhu\u1ed9m v\u1ea3i."},"content":{"rendered":"<div class=\"wp-block-columns is-layout-flex wp-container-core-columns-is-layout-9d6595d7 wp-block-columns-is-layout-flex\">\n<div class=\"wp-block-column is-layout-flow wp-block-column-is-layout-flow\">\n<h2 class=\"wp-block-heading\">Low Temperature&nbsp;Soaping Powder Features:<\/h2>\n\n\n\n<p><strong>Eco-friendly and pollution-free: <\/strong>Contains no phosphorus\u00a0or APEO, etc. Fits environmental protection requirements.<\/p>\n\n\n\n<p><strong>Low temperature and high efficiency: <\/strong>suitable for low-temperature soaping and soap boiling processes, saving energy and time.<\/p>\n\n\n\n<p><strong>Excellent function of dispersing and detergent washing<\/strong>: effectively strips off unfixed dyes and improves color fastness.<\/p>\n\n\n\n<p><strong>Excellent anti-staining property<\/strong>: Prevents tarnishing\u00a0and improves printing effect.<\/p>\n\n\n\n<p><strong>No effect on color shade: <\/strong>Almost no effect on color shade, can increase the brightness of fabrics and enhance the quality of printing and dyeing.<\/p>\n\n\n\n<h2 class=\"wp-block-heading\">Low Temperature&nbsp;Soaping Powder Properties:<\/h2>\n\n\n\n<figure class=\"wp-block-table\"><table class=\"has-fixed-layout\"><tbody><tr><td>V\u1ebb b\u1ec1 ngo\u00e0i:<\/td><td>B\u1ed9t tr\u1eafng<\/td><\/tr><tr><td>T\u00ednh ion:<\/td><td>Kh\u00f4ng ion<\/td><\/tr><tr><td>Gi\u00e1 tr\u1ecb pH:<\/td><td>12,0 \u00b1 1,0 (dung d\u1ecbch n\u01b0\u1edbc 1%)<\/td><\/tr><tr><td>\u0110\u1ed9 h\u00f2a tan:<\/td><td>H\u00f2a tan trong n\u01b0\u1edbc<\/td><\/tr><\/tbody><\/table><\/figure>\n<\/div>\n\n\n\n<div class=\"wp-block-column is-layout-flow wp-block-column-is-layout-flow\">\n<figure class=\"wp-block-embed is-type-video is-provider-youtube wp-block-embed-youtube wp-embed-aspect-16-9 wp-has-aspect-ratio\"><div class=\"wp-block-embed__wrapper\">\n<iframe title=\"Save more than 40% steam in soaping process #textilechemicals #auxiliaries\" width=\"500\" height=\"281\" src=\"https:\/\/www.youtube.com\/embed\/OcThjC2_smA?feature=oembed\" frameborder=\"0\" allow=\"accelerometer; autoplay; clipboard-write; encrypted-media; gyroscope; picture-in-picture; web-share\" referrerpolicy=\"strict-origin-when-cross-origin\" allowfullscreen><\/iframe>\n<\/div><\/figure>\n\n\n\n<h2 class=\"wp-block-heading\">Low Temperature&nbsp;Soaping Powder Instruction:<\/h2>\n\n\n\n<p><strong>Li\u1ec1u l\u01b0\u1ee3ng tham kh\u1ea3o:<\/strong><\/p>\n\n\n\n<p>Light color: 0.3 g\/L<br>Medium color: 0.5 g\/L<br>Dark color: 1 g\/L<\/p>\n\n\n\n<p><strong>Reference process:<\/strong><\/p>\n\n\n\n<p>60~70\u2103\u00d720~30 min, then drain \u2192 Water washing \u2192 Pickling (0.2 g\/L acetic acid), then drain\u2192 Fixing and softening<\/p>\n<\/div>\n<\/div>","protected":false},"excerpt":{"rendered":"<p>B\u1ed9t x\u00e0 ph\u00f2ng nhi\u1ec7t \u0111\u1ed9 th\u1ea5p 22140 ch\u1ee7 y\u1ebfu bao g\u1ed3m c\u00e1c h\u1ee3p ch\u1ea5t polycarboxylate. Nh\u1edd t\u00e1c d\u1ee5ng h\u00f3a h\u1ecdc c\u1ee7a ch\u1ea5t t\u1ea1o x\u00e0 ph\u00f2ng v\u00e0 thu\u1ed1c nhu\u1ed9m, s\u1ea3n ph\u1ea9m c\u00f3 th\u1ec3 l\u00e0m tr\u00f4i c\u00e1c ch\u1ea5t nhu\u1ed9m tr\u00ean v\u1ea3i m\u00e0 ch\u01b0a li\u00ean k\u1ebft ch\u1eb7t ch\u1ebd v\u1edbi s\u1ee3i. Ngo\u00e0i ra, nh\u1edd hi\u1ec7u qu\u1ea3 ph\u00e2n t\u00e1n m\u1ea1nh m\u1ebd c\u1ee7a ch\u1ea5t t\u1ea1o x\u00e0 ph\u00f2ng, s\u1ea3n ph\u1ea9m c\u00f3 th\u1ec3 ng\u0103n ch\u1eb7n s\u1ef1 b\u00e1m d\u00ednh tr\u1edf l\u1ea1i c\u1ee7a c\u00e1c ch\u1ea5t nhu\u1ed9m \u0111\u00e3 b\u1ecb tr\u00f4i. S\u1ea3n ph\u1ea9m c\u00f3 th\u1ec3 \u0111\u01b0\u1ee3c s\u1eed d\u1ee5ng trong quy tr\u00ecnh t\u1ea9y x\u00e0 ph\u00f2ng v\u00e0 \u0111un s\u00f4i \u1edf nhi\u1ec7t \u0111\u1ed9 th\u1ea5p sau khi nhu\u1ed9m v\u00e0 in cho c\u00e1c lo\u1ea1i v\u1ea3i s\u1ee3i cellulose, ch\u1eb3ng h\u1ea1n nh\u01b0 cotton, s\u1ee3i viscose, lanh v\u00e0 c\u00e1c lo\u1ea1i v\u1ea3i pha s\u1ee3i cellulose, v.v., v\u00e0 tu\u00e2n th\u1ee7 Ti\u00eau chu\u1ea9n Oeko-Tex 100. H\u00e3y li\u00ean h\u1ec7 v\u1edbi ch\u00fang t\u00f4i \u0111\u1ec3 nh\u1eadn m\u1eabu mi\u1ec5n ph\u00ed ho\u1eb7c t\u01b0 v\u1ea5n chuy\u00ean m\u00f4n v\u1ec1 c\u00f4ng th\u1ee9c!<\/p>\n<p><strong>M\u00e3 s\u1ea3n ph\u1ea9m 22140<\/strong><\/p>\n<p>&nbsp;<\/p>","protected":false},"featured_media":2309,"comment_status":"closed","ping_status":"closed","template":"","meta":{"_acf_changed":false},"material":[26,27,28,29,30,31,32,33,49,34],"process":[20,40],"product_brand":[],"product_cat":[15],"product_tag":[48],"class_list":{"0":"post-2303","1":"product","2":"type-product","3":"status-publish","4":"has-post-thumbnail","6":"material-cotton-agent","7":"material-polyester-chemicals","8":"material-nylon-agent","9":"material-acrylic-chemicals","10":"material-viscose-chemicals","11":"material-wool-auxiliary","12":"material-linen-chemicals","13":"material-silk-chemicals","14":"material-elastic","15":"material-fabric-chemicals","16":"process-dyeing-auxiliaries","17":"process-soaping-agent","18":"product_cat-uncategorized","19":"product_tag-new-textile-chemicals","21":"first","22":"instock","23":"shipping-taxable","24":"product-type-simple"},"acf":[],"_links":{"self":[{"href":"https:\/\/www.bluelakechem.com\/vi\/wp-json\/wp\/v2\/product\/2303","targetHints":{"allow":["GET"]}}],"collection":[{"href":"https:\/\/www.bluelakechem.com\/vi\/wp-json\/wp\/v2\/product"}],"about":[{"href":"https:\/\/www.bluelakechem.com\/vi\/wp-json\/wp\/v2\/types\/product"}],"replies":[{"embeddable":true,"href":"https:\/\/www.bluelakechem.com\/vi\/wp-json\/wp\/v2\/comments?post=2303"}],"wp:featuredmedia":[{"embeddable":true,"href":"https:\/\/www.bluelakechem.com\/vi\/wp-json\/wp\/v2\/media\/2309"}],"wp:attachment":[{"href":"https:\/\/www.bluelakechem.com\/vi\/wp-json\/wp\/v2\/media?parent=2303"}],"wp:term":[{"taxonomy":"material","embeddable":true,"href":"https:\/\/www.bluelakechem.com\/vi\/wp-json\/wp\/v2\/material?post=2303"},{"taxonomy":"process","embeddable":true,"href":"https:\/\/www.bluelakechem.com\/vi\/wp-json\/wp\/v2\/process?post=2303"},{"taxonomy":"product_brand","embeddable":true,"href":"https:\/\/www.bluelakechem.com\/vi\/wp-json\/wp\/v2\/product_brand?post=2303"},{"taxonomy":"product_cat","embeddable":true,"href":"https:\/\/www.bluelakechem.com\/vi\/wp-json\/wp\/v2\/product_cat?post=2303"},{"taxonomy":"product_tag","embeddable":true,"href":"https:\/\/www.bluelakechem.com\/vi\/wp-json\/wp\/v2\/product_tag?post=2303"}],"curies":[{"name":"wp","href":"https:\/\/api.w.org\/{rel}","templated":true}]}}